{"id":1172,"date":"2024-05-28T09:43:57","date_gmt":"2024-05-28T09:43:57","guid":{"rendered":"https:\/\/dev.tcuido.es\/?page_id=1172"},"modified":"2024-09-05T14:18:40","modified_gmt":"2024-09-05T14:18:40","slug":"politica-de-cookies","status":"publish","type":"page","link":"https:\/\/www.tcuido.es\/en\/informacion-legal\/politica-de-cookies\/","title":{"rendered":"Cookies policy"},"content":{"rendered":"<div data-elementor-type=\"wp-page\" data-elementor-id=\"1172\" class=\"elementor elementor-1172\" data-elementor-post-type=\"page\">\n\t\t\t\t<div data-particle_enable=\"false\" data-particle-mobile-disabled=\"false\" class=\"elementor-element elementor-element-43ef49ca e-con-full e-flex e-con e-parent\" data-id=\"43ef49ca\" data-element_type=\"container\" data-e-type=\"container\" data-settings=\"{&quot;background_background&quot;:&quot;classic&quot;}\">\n\t\t<div data-particle_enable=\"false\" data-particle-mobile-disabled=\"false\" class=\"elementor-element elementor-element-e9fa530 e-flex e-con-boxed e-con e-child\" data-id=\"e9fa530\" data-element_type=\"container\" data-e-type=\"container\">\n\t\t\t\t\t<div class=\"e-con-inner\">\n\t\t\t\t<div class=\"elementor-element elementor-element-a3667f7 elementor-widget elementor-widget-heading\" data-id=\"a3667f7\" data-element_type=\"widget\" data-e-type=\"widget\" data-widget_type=\"heading.default\">\n\t\t\t\t<div class=\"elementor-widget-container\">\n\t\t\t\t\t<h1 class=\"elementor-heading-title elementor-size-default\">Cookies policy<\/h1>\t\t\t\t<\/div>\n\t\t\t\t<\/div>\n\t\t\t\t<div class=\"elementor-element elementor-element-ce5430e elementor-widget elementor-widget-heading\" data-id=\"ce5430e\" data-element_type=\"widget\" data-e-type=\"widget\" data-widget_type=\"heading.default\">\n\t\t\t\t<div class=\"elementor-widget-container\">\n\t\t\t\t\t<h2 class=\"elementor-heading-title elementor-size-default\">Tcuido Servicios Integrales a la Dependencia, SL<\/h2>\t\t\t\t<\/div>\n\t\t\t\t<\/div>\n\t\t\t\t\t<\/div>\n\t\t\t\t<\/div>\n\t\t\t\t<\/div>\n\t\t\t\t\t<script>\n\t\t\t\t(function($) {\n                    \"use strict\";\n\n                    var target = $('.elementor-element-43ef49ca');\n                    target.addClass('e-lazyloaded');\n\n                    \n                    var EaelParallaxElement = {\n\n\t\t\t\t\t\tinit: function() {\n\t\t\t\t\t\t\telementorFrontend.hooks.addAction('frontend\/element_ready\/global', EaelParallaxElement.initWidget);\n\t\t\t\t\t\t},\n                        responsiveParallax: function(){\n                            var android = 1,\n                                ios = 1;\n                            switch( true || 1 ){\n                                case android && ios:\n                                    return \/iPad|iPhone|iPod|Android\/;\n                                    break;\n                                case android && ! ios:\n                                    return \/Android\/;\n                                    break;\n                                case ! android && ios:\n                                    return \/iPad|iPhone|iPod\/;\n                                    break;\n                                case ( ! android && ! ios ):\n                                    return null;\n                            }\n                        },\n\t\t\t\t\t\tinitWidget: function( $scope ) {\n\n\t\t\t\t\t\t\ttarget.jarallax({\n\t\t\t\t\t\t\t\ttype: 'scroll',\n\t\t\t\t\t\t\t\tspeed: 0.5,\n\t\t\t\t\t\t\t\tkeepImg: true,\n                                disableParallax: EaelParallaxElement.responsiveParallax(),\n\t\t\t\t\t\t\t});\n\t\t\t\t\t\t}\n\n\t\t\t\t\t};\n\n\t\t\t\t\t$( window ).on('elementor\/frontend\/init', EaelParallaxElement.init);\n\n                    \t\t\t\t}( jQuery ) );\n\t\t\t<\/script>\n\t\t<div data-particle_enable=\"false\" data-particle-mobile-disabled=\"false\" class=\"elementor-element elementor-element-863030c e-flex e-con-boxed e-con e-parent\" data-id=\"863030c\" data-element_type=\"container\" data-e-type=\"container\" data-settings=\"{&quot;background_background&quot;:&quot;classic&quot;}\">\n\t\t\t\t\t<div class=\"e-con-inner\">\n\t\t\t\t<div class=\"elementor-element elementor-element-db9b502 elementor-widget elementor-widget-text-editor\" data-id=\"db9b502\" data-element_type=\"widget\" data-e-type=\"widget\" data-widget_type=\"text-editor.default\">\n\t\t\t\t<div class=\"elementor-widget-container\">\n\t\t\t\t\t\t\t\t\t<h4><span style=\"color: #00378b;\"><strong>Cookies policy<\/strong><\/span><\/h4><p><span style=\"color: #000000;\">In compliance with the duty of information included in section 2 of article 22 of Law 34\/2002, of July 11, on Information Society Services and Electronic Commerce, the purpose of this cookie policy is to inform you of clearly and precisely about the cookies used on the TCUIDO SERVICIOS INTEGRALES A LA DEPENDENCIA, SL website.<\/span><\/p><h4>\u00a0<\/h4><h4><span style=\"color: #00378b;\"><strong>What are cookies?<\/strong><\/span><\/h4><p><span style=\"color: #000000;\">A cookie is a small file that websites send to your browser and download to your computer. Cookies allow the website to store and retrieve information about your visit, such as your preferred language and other options, in order to improve the services offered and contribute to a better browsing experience for the user.<\/span><\/p><p>\u00a0<\/p><h4><span style=\"color: #00378b;\"><strong>Types of cookies<\/strong><\/span><\/h4><p><span style=\"color: #000000;\">Depending on who manages the domain from which the cookies are sent and the data is processed, a distinction will be made between own cookies and third-party cookies.<\/span><\/p><p><span style=\"color: #000000;\">Cookies can also be classified according to the length of time they remain stored in the user&#039;s browser, distinguishing between session cookies and persistent cookies.<\/span><\/p><p><span style=\"color: #000000;\">Finally, depending on the purpose for which the information collected is processed, cookies can be classified into the following categories:<\/span><\/p><ul><li><span style=\"color: #000000;\">Technical cookies: they allow the user to browse a website and use some of the services offered by it (such as, for example, those used to remember the elements that make up a shopping cart).<\/span><\/li><li><span style=\"color: #000000;\">Personalization cookies: they allow the user to access the website with certain characteristics, such as language.<\/span><\/li><li><span style=\"color: #000000;\">Security cookies: used to prevent or hinder attacks against the website.<\/span><\/li><li><span style=\"color: #000000;\">Plug-in cookies for exchanging social content: so-called plug-ins, which allow content to be shared on social networks.<\/span><\/li><li><span style=\"color: #000000;\">Analysis cookies: allow the controller to monitor user behavior.<\/span><\/li><li><span style=\"color: #000000;\">Advertising cookies: allow you to manage the advertising spaces on the website.<\/span><\/li><li><span style=\"color: #000000;\">Behavioral advertising cookies: like the previous ones, they serve to manage the advertising spaces on the website based on the information collected about the user&#039;s behavior and habits, adapting the advertising to the user&#039;s profile.<\/span><\/li><li><span style=\"color: #000000;\">Geolocation cookies: used to find out the country where the user is located.<\/span><\/li><\/ul><h4>\u00a0<\/h4><h4><span style=\"color: #00378b;\"><strong>Authorization for the use of cookies<\/strong><\/span><\/h4><p><span style=\"color: #000000;\">In accordance with the cookie notice that appears on the website, the user can consent<\/span><\/p><p><span style=\"color: #000000;\">expressly the use of cookies that require consent; However, the use of technical or necessary cookies does not require consent. Without prejudice to all this, the user can modify the settings of his browser to reject the use of cookies.<\/span><\/p><p>\u00a0<\/p><h4><span style=\"color: #00378b;\"><strong>How to modify cookie settings<\/strong><\/span><\/h4><p><span style=\"color: #000000;\">You can restrict, block or delete cookies from TCUIDO SERVICIOS INTEGRALES A LA DEPENDENCIA, SL or any other website using your browser. <\/span><\/p><p><span style=\"color: #000000;\">In each browser the operation is different, you can find how to do it in the help menu of your browser where the procedure for its elimination is established. For more information:<\/span><\/p><p><span style=\"text-decoration: underline;\"><span style=\"color: #000000;\"><strong>Google Chrome:<\/strong><\/span><\/span><\/p><p><span style=\"color: #000000;\"><a style=\"color: #000000;\" href=\"https:\/\/support.google.com\/chrome\/answer\/95647?co=GENIE.Platform%253DDesktop&amp;hl=es\">https:\/\/support.google.com\/chrome\/answer\/95647?co=GENIE.Platform%3DDesktop&amp;hl=es<\/a><\/span><\/p><p><span style=\"text-decoration: underline;\"><span style=\"color: #000000;\"><strong>Mozilla Firefox:<\/strong><\/span><\/span><\/p><p><span style=\"color: #000000;\"><a style=\"color: #000000;\" href=\"https:\/\/support.mozilla.org\/es\/kb\/habilitar-y-deshabilitar-cookies-sitios-web-rastrear-preferencias\">https:\/\/support.mozilla.org\/es\/kb\/habilitar-y-deshabilitar-cookies-sitios-web-rastrear-preferencias<\/a><\/span><\/p><p><span style=\"text-decoration: underline;\"><span style=\"color: #000000;\"><strong>Safari:<\/strong><\/span><\/span><\/p><p><span style=\"color: #000000;\"><a style=\"color: #000000;\" href=\"https:\/\/support.apple.com\/es-es\/guide\/safari\/sfri11471\/mac\">https:\/\/support.apple.com\/es-es\/guide\/safari\/sfri11471\/mac<\/a><\/span><\/p><p><span style=\"text-decoration: underline;\"><span style=\"color: #000000;\"><strong>Internet Explorer:<\/strong><\/span><\/span><\/p><p><span style=\"color: #000000;\"><a style=\"color: #000000;\" href=\"https:\/\/support.microsoft.com\/es-es\/help\/278835\/how-to-delete-cookie-files-in-internet-explorer\">https:\/\/support.microsoft.com\/es-es\/help\/278835\/how-to-delete-cookie-files-in-internet-explorer<\/a><\/span><\/p><p><span style=\"color: #000000;\">It is possible that by disabling cookies the website may not function correctly or you may not be able to access certain functions of the website.<\/span><\/p><h4>\u00a0<\/h4><h4><span style=\"color: #00378b;\"><strong>Cookies used on the website<\/strong><\/span><\/h4><p><span style=\"color: #000000;\">Different types of cookies are used on the web portal for different purposes. The cookies used are listed below:<\/span><\/p><p><span style=\"color: #000000;\"><script id=\"CookieDeclaration\" src=\"https:\/\/consent.cookiebot.com\/05378043-dedf-47cc-86a9-3724c303914c\/cd.js\" type=\"text\/javascript\" async><\/script><\/span><\/p><h4>\u00a0<\/h4><h4><span style=\"color: #00378b;\"><strong>Modification of conditions<\/strong><\/span><\/h4><p><span style=\"color: #000000;\">TCUIDO SERVICIOS INTEGRALES A LA DEPENDENCIA, SL expressly reserves the right to unilaterally modify, totally or partially, without prior notice, this Cookies Policy. The user acknowledges and accepts that it is their responsibility to review this Cookies Policy.<\/span><\/p>\t\t\t\t\t\t\t\t<\/div>\n\t\t\t\t<\/div>\n\t\t\t\t\t<\/div>\n\t\t\t\t<\/div>\n\t\t<div data-particle_enable=\"false\" data-particle-mobile-disabled=\"false\" class=\"elementor-element elementor-element-4dbfdeb e-flex e-con-boxed e-con e-parent\" data-id=\"4dbfdeb\" data-element_type=\"container\" data-e-type=\"container\" data-settings=\"{&quot;background_background&quot;:&quot;classic&quot;}\">\n\t\t\t\t\t<div class=\"e-con-inner\">\n\t\t\t\t<div class=\"elementor-element elementor-element-d8dbab6 elementor-widget elementor-widget-heading\" data-id=\"d8dbab6\" data-element_type=\"widget\" data-e-type=\"widget\" data-widget_type=\"heading.default\">\n\t\t\t\t<div class=\"elementor-widget-container\">\n\t\t\t\t\t<h3 class=\"elementor-heading-title elementor-size-default\">Revised and updated text dated May 27, 2024.<\/h3>\t\t\t\t<\/div>\n\t\t\t\t<\/div>\n\t\t\t\t\t<\/div>\n\t\t\t\t<\/div>\n\t\t\t\t<\/div>","protected":false},"excerpt":{"rendered":"<p>Pol\u00edtica de cookies Tcuido Servicios Integrales a la Dependencia, S.L. Pol\u00edtica de cookies En cumplimiento con el deber de informaci\u00f3n recogido en el apartado 2\u00ba del art\u00edculo 22 de la Ley 34\/2002, de 11 de Julio, de Servicios de la Sociedad de la Informaci\u00f3n y del Comercio Electr\u00f3nico, la presente pol\u00edtica de cookies tiene por [&hellip;]<\/p>\n","protected":false},"author":2,"featured_media":0,"parent":1060,"menu_order":0,"comment_status":"closed","ping_status":"closed","template":"","meta":{"inline_featured_image":false,"footnotes":""},"class_list":["post-1172","page","type-page","status-publish","hentry"],"yoast_head":"<!-- This site is optimized with the Yoast SEO Premium plugin v22.6 (Yoast SEO v27.1.1) - https:\/\/yoast.com\/product\/yoast-seo-premium-wordpress\/ -->\n<title>Pol\u00edtica de cookies - Tcuido<\/title>\n<meta name=\"robots\" content=\"index, follow, max-snippet:-1, max-image-preview:large, max-video-preview:-1\" \/>\n<link rel=\"canonical\" href=\"https:\/\/www.tcuido.es\/en\/informacion-legal\/politica-de-cookies\/\" \/>\n<meta property=\"og:locale\" content=\"en_GB\" \/>\n<meta property=\"og:type\" content=\"article\" \/>\n<meta property=\"og:title\" content=\"Pol\u00edtica de cookies\" \/>\n<meta property=\"og:description\" content=\"Pol\u00edtica de cookies Tcuido Servicios Integrales a la Dependencia, S.L. Pol\u00edtica de cookies En cumplimiento con el deber de informaci\u00f3n recogido en el apartado 2\u00ba del art\u00edculo 22 de la Ley 34\/2002, de 11 de Julio, de Servicios de la Sociedad de la Informaci\u00f3n y del Comercio Electr\u00f3nico, la presente pol\u00edtica de cookies tiene por [&hellip;]\" \/>\n<meta property=\"og:url\" content=\"https:\/\/www.tcuido.es\/en\/informacion-legal\/politica-de-cookies\/\" \/>\n<meta property=\"og:site_name\" content=\"Tcuido\" \/>\n<meta property=\"article:modified_time\" content=\"2024-09-05T14:18:40+00:00\" \/>\n<meta name=\"twitter:card\" content=\"summary_large_image\" \/>\n<meta name=\"twitter:label1\" content=\"Estimated reading time\" \/>\n\t<meta name=\"twitter:data1\" content=\"4 minutes\" \/>\n<script type=\"application\/ld+json\" class=\"yoast-schema-graph\">{\"@context\":\"https:\/\/schema.org\",\"@graph\":[{\"@type\":\"WebPage\",\"@id\":\"https:\/\/www.tcuido.es\/informacion-legal\/politica-de-cookies\/\",\"url\":\"https:\/\/www.tcuido.es\/informacion-legal\/politica-de-cookies\/\",\"name\":\"Pol\u00edtica de cookies - Tcuido\",\"isPartOf\":{\"@id\":\"https:\/\/www.tcuido.es\/#website\"},\"datePublished\":\"2024-05-28T09:43:57+00:00\",\"dateModified\":\"2024-09-05T14:18:40+00:00\",\"breadcrumb\":{\"@id\":\"https:\/\/www.tcuido.es\/informacion-legal\/politica-de-cookies\/#breadcrumb\"},\"inLanguage\":\"en-GB\",\"potentialAction\":[{\"@type\":\"ReadAction\",\"target\":[\"https:\/\/www.tcuido.es\/informacion-legal\/politica-de-cookies\/\"]}]},{\"@type\":\"BreadcrumbList\",\"@id\":\"https:\/\/www.tcuido.es\/informacion-legal\/politica-de-cookies\/#breadcrumb\",\"itemListElement\":[{\"@type\":\"ListItem\",\"position\":1,\"name\":\"Inicio\",\"item\":\"https:\/\/www.tcuido.es\/\"},{\"@type\":\"ListItem\",\"position\":2,\"name\":\"Informaci\u00f3n legal\",\"item\":\"https:\/\/www.tcuido.es\/informacion-legal\/\"},{\"@type\":\"ListItem\",\"position\":3,\"name\":\"Pol\u00edtica de cookies\"}]},{\"@type\":\"WebSite\",\"@id\":\"https:\/\/www.tcuido.es\/#website\",\"url\":\"https:\/\/www.tcuido.es\/\",\"name\":\"Tcuido\",\"description\":\"Servicios Integrales a la Dependencia\",\"publisher\":{\"@id\":\"https:\/\/www.tcuido.es\/#organization\"},\"potentialAction\":[{\"@type\":\"SearchAction\",\"target\":{\"@type\":\"EntryPoint\",\"urlTemplate\":\"https:\/\/www.tcuido.es\/?s={search_term_string}\"},\"query-input\":{\"@type\":\"PropertyValueSpecification\",\"valueRequired\":true,\"valueName\":\"search_term_string\"}}],\"inLanguage\":\"en-GB\"},{\"@type\":\"Organization\",\"@id\":\"https:\/\/www.tcuido.es\/#organization\",\"name\":\"Tcuido Servicios Integrales a la Dependencia\",\"url\":\"https:\/\/www.tcuido.es\/\",\"logo\":{\"@type\":\"ImageObject\",\"inLanguage\":\"en-GB\",\"@id\":\"https:\/\/www.tcuido.es\/#\/schema\/logo\/image\/\",\"url\":\"https:\/\/www.tcuido.es\/wp-content\/uploads\/2024\/03\/TCUIDO-facturas.png\",\"contentUrl\":\"https:\/\/www.tcuido.es\/wp-content\/uploads\/2024\/03\/TCUIDO-facturas.png\",\"width\":1600,\"height\":361,\"caption\":\"Tcuido Servicios Integrales a la Dependencia\"},\"image\":{\"@id\":\"https:\/\/www.tcuido.es\/#\/schema\/logo\/image\/\"}}]}<\/script>\n<!-- \/ Yoast SEO Premium plugin. -->","yoast_head_json":{"title":"Pol\u00edtica de cookies - Tcuido","robots":{"index":"index","follow":"follow","max-snippet":"max-snippet:-1","max-image-preview":"max-image-preview:large","max-video-preview":"max-video-preview:-1"},"canonical":"https:\/\/www.tcuido.es\/en\/informacion-legal\/politica-de-cookies\/","og_locale":"en_GB","og_type":"article","og_title":"Pol\u00edtica de cookies","og_description":"Pol\u00edtica de cookies Tcuido Servicios Integrales a la Dependencia, S.L. Pol\u00edtica de cookies En cumplimiento con el deber de informaci\u00f3n recogido en el apartado 2\u00ba del art\u00edculo 22 de la Ley 34\/2002, de 11 de Julio, de Servicios de la Sociedad de la Informaci\u00f3n y del Comercio Electr\u00f3nico, la presente pol\u00edtica de cookies tiene por [&hellip;]","og_url":"https:\/\/www.tcuido.es\/en\/informacion-legal\/politica-de-cookies\/","og_site_name":"Tcuido","article_modified_time":"2024-09-05T14:18:40+00:00","twitter_card":"summary_large_image","twitter_misc":{"Estimated reading time":"4 minutes"},"schema":{"@context":"https:\/\/schema.org","@graph":[{"@type":"WebPage","@id":"https:\/\/www.tcuido.es\/informacion-legal\/politica-de-cookies\/","url":"https:\/\/www.tcuido.es\/informacion-legal\/politica-de-cookies\/","name":"Pol\u00edtica de cookies - Tcuido","isPartOf":{"@id":"https:\/\/www.tcuido.es\/#website"},"datePublished":"2024-05-28T09:43:57+00:00","dateModified":"2024-09-05T14:18:40+00:00","breadcrumb":{"@id":"https:\/\/www.tcuido.es\/informacion-legal\/politica-de-cookies\/#breadcrumb"},"inLanguage":"en-GB","potentialAction":[{"@type":"ReadAction","target":["https:\/\/www.tcuido.es\/informacion-legal\/politica-de-cookies\/"]}]},{"@type":"BreadcrumbList","@id":"https:\/\/www.tcuido.es\/informacion-legal\/politica-de-cookies\/#breadcrumb","itemListElement":[{"@type":"ListItem","position":1,"name":"Inicio","item":"https:\/\/www.tcuido.es\/"},{"@type":"ListItem","position":2,"name":"Informaci\u00f3n legal","item":"https:\/\/www.tcuido.es\/informacion-legal\/"},{"@type":"ListItem","position":3,"name":"Pol\u00edtica de cookies"}]},{"@type":"WebSite","@id":"https:\/\/www.tcuido.es\/#website","url":"https:\/\/www.tcuido.es\/","name":"I take care","description":"Comprehensive Dependency Services","publisher":{"@id":"https:\/\/www.tcuido.es\/#organization"},"potentialAction":[{"@type":"SearchAction","target":{"@type":"EntryPoint","urlTemplate":"https:\/\/www.tcuido.es\/?s={search_term_string}"},"query-input":{"@type":"PropertyValueSpecification","valueRequired":true,"valueName":"search_term_string"}}],"inLanguage":"en-GB"},{"@type":"Organization","@id":"https:\/\/www.tcuido.es\/#organization","name":"Tcuido Comprehensive Dependency Services","url":"https:\/\/www.tcuido.es\/","logo":{"@type":"ImageObject","inLanguage":"en-GB","@id":"https:\/\/www.tcuido.es\/#\/schema\/logo\/image\/","url":"https:\/\/www.tcuido.es\/wp-content\/uploads\/2024\/03\/TCUIDO-facturas.png","contentUrl":"https:\/\/www.tcuido.es\/wp-content\/uploads\/2024\/03\/TCUIDO-facturas.png","width":1600,"height":361,"caption":"Tcuido Servicios Integrales a la Dependencia"},"image":{"@id":"https:\/\/www.tcuido.es\/#\/schema\/logo\/image\/"}}]}},"_links":{"self":[{"href":"https:\/\/www.tcuido.es\/en\/wp-json\/wp\/v2\/pages\/1172","targetHints":{"allow":["GET"]}}],"collection":[{"href":"https:\/\/www.tcuido.es\/en\/wp-json\/wp\/v2\/pages"}],"about":[{"href":"https:\/\/www.tcuido.es\/en\/wp-json\/wp\/v2\/types\/page"}],"author":[{"embeddable":true,"href":"https:\/\/www.tcuido.es\/en\/wp-json\/wp\/v2\/users\/2"}],"replies":[{"embeddable":true,"href":"https:\/\/www.tcuido.es\/en\/wp-json\/wp\/v2\/comments?post=1172"}],"version-history":[{"count":70,"href":"https:\/\/www.tcuido.es\/en\/wp-json\/wp\/v2\/pages\/1172\/revisions"}],"predecessor-version":[{"id":3191,"href":"https:\/\/www.tcuido.es\/en\/wp-json\/wp\/v2\/pages\/1172\/revisions\/3191"}],"up":[{"embeddable":true,"href":"https:\/\/www.tcuido.es\/en\/wp-json\/wp\/v2\/pages\/1060"}],"wp:attachment":[{"href":"https:\/\/www.tcuido.es\/en\/wp-json\/wp\/v2\/media?parent=1172"}],"curies":[{"name":"wp","href":"https:\/\/api.w.org\/{rel}","templated":true}]}}