{"id":1382,"date":"2024-05-30T10:44:52","date_gmt":"2024-05-30T10:44:52","guid":{"rendered":"https:\/\/dev.tcuido.es\/?page_id=1382"},"modified":"2024-06-02T17:09:28","modified_gmt":"2024-06-02T17:09:28","slug":"ayuda-web","status":"publish","type":"page","link":"https:\/\/www.tcuido.es\/en\/accesibilidad\/ayuda-web\/","title":{"rendered":"Web Help"},"content":{"rendered":"<div data-elementor-type=\"wp-page\" data-elementor-id=\"1382\" class=\"elementor elementor-1382\" data-elementor-post-type=\"page\">\n\t\t\t\t<div data-particle_enable=\"false\" data-particle-mobile-disabled=\"false\" class=\"elementor-element elementor-element-43ef49ca e-con-full e-flex e-con e-parent\" data-id=\"43ef49ca\" data-element_type=\"container\" data-e-type=\"container\" data-settings=\"{&quot;background_background&quot;:&quot;classic&quot;}\">\n\t\t<div data-particle_enable=\"false\" data-particle-mobile-disabled=\"false\" class=\"elementor-element elementor-element-e9fa530 e-flex e-con-boxed e-con e-child\" data-id=\"e9fa530\" data-element_type=\"container\" data-e-type=\"container\">\n\t\t\t\t\t<div class=\"e-con-inner\">\n\t\t\t\t<div class=\"elementor-element elementor-element-a3667f7 elementor-widget elementor-widget-heading\" data-id=\"a3667f7\" data-element_type=\"widget\" data-e-type=\"widget\" data-widget_type=\"heading.default\">\n\t\t\t\t<div class=\"elementor-widget-container\">\n\t\t\t\t\t<h1 class=\"elementor-heading-title elementor-size-default\">Web Help<\/h1>\t\t\t\t<\/div>\n\t\t\t\t<\/div>\n\t\t\t\t<div class=\"elementor-element elementor-element-ce5430e elementor-widget elementor-widget-heading\" data-id=\"ce5430e\" data-element_type=\"widget\" data-e-type=\"widget\" data-widget_type=\"heading.default\">\n\t\t\t\t<div class=\"elementor-widget-container\">\n\t\t\t\t\t<h2 class=\"elementor-heading-title elementor-size-default\">Tcuido Servicios Integrales a la Dependencia, SL<\/h2>\t\t\t\t<\/div>\n\t\t\t\t<\/div>\n\t\t\t\t\t<\/div>\n\t\t\t\t<\/div>\n\t\t\t\t<\/div>\n\t\t\t\t\t<script>\n\t\t\t\t(function($) {\n                    \"use strict\";\n\n                    var target = $('.elementor-element-43ef49ca');\n                    target.addClass('e-lazyloaded');\n\n                    \n                    var EaelParallaxElement = {\n\n\t\t\t\t\t\tinit: function() {\n\t\t\t\t\t\t\telementorFrontend.hooks.addAction('frontend\/element_ready\/global', EaelParallaxElement.initWidget);\n\t\t\t\t\t\t},\n                        responsiveParallax: function(){\n                            var android = 1,\n                                ios = 1;\n                            switch( true || 1 ){\n                                case android && ios:\n                                    return \/iPad|iPhone|iPod|Android\/;\n                                    break;\n                                case android && ! ios:\n                                    return \/Android\/;\n                                    break;\n                                case ! android && ios:\n                                    return \/iPad|iPhone|iPod\/;\n                                    break;\n                                case ( ! android && ! ios ):\n                                    return null;\n                            }\n                        },\n\t\t\t\t\t\tinitWidget: function( $scope ) {\n\n\t\t\t\t\t\t\ttarget.jarallax({\n\t\t\t\t\t\t\t\ttype: 'scroll',\n\t\t\t\t\t\t\t\tspeed: 0.5,\n\t\t\t\t\t\t\t\tkeepImg: true,\n                                disableParallax: EaelParallaxElement.responsiveParallax(),\n\t\t\t\t\t\t\t});\n\t\t\t\t\t\t}\n\n\t\t\t\t\t};\n\n\t\t\t\t\t$( window ).on('elementor\/frontend\/init', EaelParallaxElement.init);\n\n                    \t\t\t\t}( jQuery ) );\n\t\t\t<\/script>\n\t\t<div data-particle_enable=\"false\" data-particle-mobile-disabled=\"false\" class=\"elementor-element elementor-element-3065cf3 e-flex e-con-boxed e-con e-parent\" data-id=\"3065cf3\" data-element_type=\"container\" data-e-type=\"container\">\n\t\t\t\t\t<div class=\"e-con-inner\">\n\t\t\t\t<div class=\"elementor-element elementor-element-08a39d5 elementor-widget__width-inherit elementor-widget elementor-widget-heading\" data-id=\"08a39d5\" data-element_type=\"widget\" data-e-type=\"widget\" data-widget_type=\"heading.default\">\n\t\t\t\t<div class=\"elementor-widget-container\">\n\t\t\t\t\t<h2 class=\"elementor-heading-title elementor-size-default\">Aid<\/h2>\t\t\t\t<\/div>\n\t\t\t\t<\/div>\n\t\t\t\t<div class=\"elementor-element elementor-element-46747ed elementor-widget elementor-widget-text-editor\" data-id=\"46747ed\" data-element_type=\"widget\" data-e-type=\"widget\" data-widget_type=\"text-editor.default\">\n\t\t\t\t<div class=\"elementor-widget-container\">\n\t\t\t\t\t\t\t\t\t<p>This page contains information to help you get the most out of this website.<\/p><p>We have designed the website\u00a0<strong>Tcuido Comprehensive Dependency Services<\/strong>\u00a0to simplify its use as much as possible. However, some features, such as multimedia content, may be new to you. This page contains information to help you with those functions and to help you get the most out of this website.<\/p><ul><li><strong><span style=\"color: #97bf0d;\"><a style=\"color: #97bf0d;\" href=\"https:\/\/www.tcuido.es\/en\/ayuda\/#requisitos\">Website requirements<\/a><\/span><\/strong><\/li><li><strong><span style=\"color: #97bf0d;\"><a style=\"color: #97bf0d;\" href=\"https:\/\/www.tcuido.es\/en\/ayuda\/#pdf\">PDF documents<\/a><\/span><\/strong><\/li><li><strong><span style=\"color: #97bf0d;\"><a style=\"color: #97bf0d;\" href=\"https:\/\/www.tcuido.es\/en\/ayuda\/#buscar\">Search<\/a><\/span><\/strong><\/li><\/ul>\t\t\t\t\t\t\t\t<\/div>\n\t\t\t\t<\/div>\n\t\t\t\t<div class=\"elementor-element elementor-element-506a615 elementor-widget__width-inherit elementor-widget elementor-widget-heading\" data-id=\"506a615\" data-element_type=\"widget\" data-e-type=\"widget\" data-widget_type=\"heading.default\">\n\t\t\t\t<div class=\"elementor-widget-container\">\n\t\t\t\t\t<h2 class=\"elementor-heading-title elementor-size-default\">Website requirements<\/h2>\t\t\t\t<\/div>\n\t\t\t\t<\/div>\n\t\t\t\t<div class=\"elementor-element elementor-element-e931103 elementor-widget elementor-widget-text-editor\" data-id=\"e931103\" data-element_type=\"widget\" data-e-type=\"widget\" data-widget_type=\"text-editor.default\">\n\t\t\t\t<div class=\"elementor-widget-container\">\n\t\t\t\t\t\t\t\t\t<p>To view multimedia files on the website www.tcuido.es, the following software is required:<\/p><p><span style=\"text-decoration: underline;\"><em>Browser<\/em>\u00a0Web<\/span><\/p><p>We recommend using a current browser, such as:<\/p><ul><li>Microsoft Edge<\/li><li>Mozilla Firefox<\/li><li>Google Chrome<\/li><li>Safari<\/li><\/ul><p>\u00a0<\/p><p><span style=\"text-decoration: underline;\"><em>PDF documents<\/em><\/span><\/p><p>To read PDF documents, you may need the free program<span style=\"color: #97bf0d;\"><strong>\u00a0<a style=\"color: #97bf0d;\" href=\"http:\/\/get.adobe.com\/reader\">Adobe Reader<\/a>.<\/strong><\/span><\/p>\t\t\t\t\t\t\t\t<\/div>\n\t\t\t\t<\/div>\n\t\t\t\t<div class=\"elementor-element elementor-element-a4bd347 elementor-widget__width-inherit elementor-widget elementor-widget-heading\" data-id=\"a4bd347\" data-element_type=\"widget\" data-e-type=\"widget\" data-widget_type=\"heading.default\">\n\t\t\t\t<div class=\"elementor-widget-container\">\n\t\t\t\t\t<h2 class=\"elementor-heading-title elementor-size-default\">PDF documents<\/h2>\t\t\t\t<\/div>\n\t\t\t\t<\/div>\n\t\t\t\t<div class=\"elementor-element elementor-element-026a4a2 elementor-widget elementor-widget-text-editor\" data-id=\"026a4a2\" data-element_type=\"widget\" data-e-type=\"widget\" data-widget_type=\"text-editor.default\">\n\t\t\t\t<div class=\"elementor-widget-container\">\n\t\t\t\t\t\t\t\t\t<p>There may be PDF documents available on the Tcuido Servicios Integrales a la Dependencia website. They contain more information than can generally fit on a web page and have the added value of being formatted for easy printing.<\/p><p><span style=\"text-decoration: underline;\"><em>What are PDF files?<\/em><\/span><\/p><p>PDF (Portable Document Format) files allow documents to be read and shared in different types of applications and computer systems. They are much better suited for longer documents than a web page and have the added benefit of being easy to print. The PDF format was created by Adobe and to read documents in this format, you must install the Adobe Reader program. It&#039;s free, downloads quickly and is easy to install.<\/p><p><span style=\"text-decoration: underline;\"><em>How do I get Adobe Reader?<\/em><\/span><\/p><p><a href=\"http:\/\/get.adobe.com\/reader\"><strong><span style=\"color: #97bf0d;\">Download Adobe Reader<\/span><\/strong><\/a><\/p><p>Before starting the installation, we recommend closing the web browser as Adobe Reader may be integrated into it and the operation may not be successful if it is open. Follow the installation instructions until the process is complete.<\/p><p><span style=\"text-decoration: underline;\"><em>How do I get the most out of PDF documents?<\/em><\/span><\/p><p>By using the icons on the Adobe Reader taskbar, you can enlarge small text and images. You can move around the page to examine different parts of the page. You can also click the print icon to send the document to the network printer. Most PDF documents have been optimized for printing, meaning they can be easily transferred from the Tcuido website to paper to read at your leisure. Also, if you use the save icon, you can save the document to your computer to read or print it whenever you want without having to revisit the web page where you found the original link.<\/p>\t\t\t\t\t\t\t\t<\/div>\n\t\t\t\t<\/div>\n\t\t\t\t<div class=\"elementor-element elementor-element-561fe0b elementor-widget__width-inherit elementor-widget elementor-widget-heading\" data-id=\"561fe0b\" data-element_type=\"widget\" data-e-type=\"widget\" data-widget_type=\"heading.default\">\n\t\t\t\t<div class=\"elementor-widget-container\">\n\t\t\t\t\t<h2 class=\"elementor-heading-title elementor-size-default\">Search <\/h2>\t\t\t\t<\/div>\n\t\t\t\t<\/div>\n\t\t\t\t<div class=\"elementor-element elementor-element-a79339f elementor-widget elementor-widget-text-editor\" data-id=\"a79339f\" data-element_type=\"widget\" data-e-type=\"widget\" data-widget_type=\"text-editor.default\">\n\t\t\t\t<div class=\"elementor-widget-container\">\n\t\t\t\t\t\t\t\t\t<p>The Tcuido Servicio Integrales a la Dependencia website is constantly expanding with the incorporation of new content. The most important information is highlighted on our pages. However, there is also much additional material that can be located using the search function.<\/p><p><span style=\"text-decoration: underline;\"><em>How is information distributed on the Tcuido website?<\/em><\/span><\/p><p>The website is divided into sections, each connected to specific areas of our business. The sections are \u201cWho We Are\u201d, \u201cServices\u201d and \u201cContact\u201d. In turn, the information is classified within these sections. For example, in \u201cServices\u201d you will find \u201cHome help\u201d, \u201cHospital accompaniment\u201d and \u201cInternal domestic service\u201d, among others. As you navigate through these various parts of the website, you will find \u201chigh-level\u201d information, that is, the material we consider most important and timely.<\/p><p><span style=\"text-decoration: underline;\"><em>How do I search for specific information?<\/em><\/span><\/p><p>The Tcuido Servicios Integrales a la Dependencia website has an integrated search engine. In the upper right corner of each page you will find a search field. Enter the keywords and click the button to perform the search. If you are looking for a specific phrase, put it in quotes. For example, if you write <em>home help<\/em>, the engine will search for documents that contain any of those words anywhere in the text. However, if you write <em>\u201chome help\u201d<\/em> (in quotes), the search engine will only search for documents that contain the two words in that order.<\/p><p><span style=\"text-decoration: underline;\"><em>How do I choose search terms?<\/em><\/span><\/p><p>Select the words that are most relevant to the topic you are searching for. Try to be as specific as possible and use more than one word if you can. Search engines do not take case into account, so it is not necessary to enter them, for example, in the case of proper names; The results will be the same whether you use upper or lower case. Common words like \u201cand,\u201d \u201cwhere,\u201d \u201cas,\u201d and \u201cif\u201d are also overlooked. Therefore, instead of writing \u201chow can I find the latest news on European tax legislation\u201d, you only need to write \u201clatest news on European tax legislation\u201d. What&#039;s more, since the search results are sorted so that the most recent material appears first, you are likely to get the same result if you simply type \u201cEuropean tax law\u201d in the search field.<\/p>\t\t\t\t\t\t\t\t<\/div>\n\t\t\t\t<\/div>\n\t\t\t\t\t<\/div>\n\t\t\t\t<\/div>\n\t\t<div data-particle_enable=\"false\" data-particle-mobile-disabled=\"false\" class=\"elementor-element elementor-element-677cbf9 e-flex e-con-boxed e-con e-parent\" data-id=\"677cbf9\" data-element_type=\"container\" data-e-type=\"container\" data-settings=\"{&quot;background_background&quot;:&quot;classic&quot;}\">\n\t\t\t\t\t<div class=\"e-con-inner\">\n\t\t\t\t<div class=\"elementor-element elementor-element-bc4b2e0 elementor-widget elementor-widget-heading\" data-id=\"bc4b2e0\" data-element_type=\"widget\" data-e-type=\"widget\" data-widget_type=\"heading.default\">\n\t\t\t\t<div class=\"elementor-widget-container\">\n\t\t\t\t\t<h3 class=\"elementor-heading-title elementor-size-default\">Revised and updated text dated May 28, 2024<\/h3>\t\t\t\t<\/div>\n\t\t\t\t<\/div>\n\t\t\t\t\t<\/div>\n\t\t\t\t<\/div>\n\t\t\t\t<\/div>","protected":false},"excerpt":{"rendered":"<p>Ayuda web Tcuido Servicios Integrales a la Dependencia, S.L. Ayuda Esta p\u00e1gina contiene informaci\u00f3n para ayudarle a que aproveche al m\u00e1ximo este sitio web. Hemos dise\u00f1ado el sitio web de\u00a0Tcuido Servicios Integrales a la Dependencia\u00a0para simplificar su uso\u00a0en la medida de lo posible. Sin embargo, es posible que algunas funciones, como\u00a0el contenido multimedia, sean nuevas [&hellip;]<\/p>\n","protected":false},"author":2,"featured_media":0,"parent":1362,"menu_order":0,"comment_status":"closed","ping_status":"closed","template":"","meta":{"inline_featured_image":false,"footnotes":""},"class_list":["post-1382","page","type-page","status-publish","hentry"],"yoast_head":"<!-- This site is optimized with the Yoast SEO Premium plugin v22.6 (Yoast SEO v27.1.1) - https:\/\/yoast.com\/product\/yoast-seo-premium-wordpress\/ -->\n<title>Ayuda web - Tcuido<\/title>\n<meta name=\"robots\" content=\"index, follow, max-snippet:-1, max-image-preview:large, max-video-preview:-1\" \/>\n<link rel=\"canonical\" href=\"https:\/\/www.tcuido.es\/en\/accesibilidad\/ayuda-web\/\" \/>\n<meta property=\"og:locale\" content=\"en_GB\" \/>\n<meta property=\"og:type\" content=\"article\" \/>\n<meta property=\"og:title\" content=\"Ayuda web\" \/>\n<meta property=\"og:description\" content=\"Ayuda web Tcuido Servicios Integrales a la Dependencia, S.L. Ayuda Esta p\u00e1gina contiene informaci\u00f3n para ayudarle a que aproveche al m\u00e1ximo este sitio web. Hemos dise\u00f1ado el sitio web de\u00a0Tcuido Servicios Integrales a la Dependencia\u00a0para simplificar su uso\u00a0en la medida de lo posible. Sin embargo, es posible que algunas funciones, como\u00a0el contenido multimedia, sean nuevas [&hellip;]\" \/>\n<meta property=\"og:url\" content=\"https:\/\/www.tcuido.es\/en\/accesibilidad\/ayuda-web\/\" \/>\n<meta property=\"og:site_name\" content=\"Tcuido\" \/>\n<meta property=\"article:modified_time\" content=\"2024-06-02T17:09:28+00:00\" \/>\n<meta name=\"twitter:card\" content=\"summary_large_image\" \/>\n<meta name=\"twitter:label1\" content=\"Estimated reading time\" \/>\n\t<meta name=\"twitter:data1\" content=\"4 minutes\" \/>\n<script type=\"application\/ld+json\" class=\"yoast-schema-graph\">{\"@context\":\"https:\/\/schema.org\",\"@graph\":[{\"@type\":\"WebPage\",\"@id\":\"https:\/\/www.tcuido.es\/accesibilidad\/ayuda-web\/\",\"url\":\"https:\/\/www.tcuido.es\/accesibilidad\/ayuda-web\/\",\"name\":\"Ayuda web - Tcuido\",\"isPartOf\":{\"@id\":\"https:\/\/www.tcuido.es\/#website\"},\"datePublished\":\"2024-05-30T10:44:52+00:00\",\"dateModified\":\"2024-06-02T17:09:28+00:00\",\"breadcrumb\":{\"@id\":\"https:\/\/www.tcuido.es\/accesibilidad\/ayuda-web\/#breadcrumb\"},\"inLanguage\":\"en-GB\",\"potentialAction\":[{\"@type\":\"ReadAction\",\"target\":[\"https:\/\/www.tcuido.es\/accesibilidad\/ayuda-web\/\"]}]},{\"@type\":\"BreadcrumbList\",\"@id\":\"https:\/\/www.tcuido.es\/accesibilidad\/ayuda-web\/#breadcrumb\",\"itemListElement\":[{\"@type\":\"ListItem\",\"position\":1,\"name\":\"Inicio\",\"item\":\"https:\/\/www.tcuido.es\/\"},{\"@type\":\"ListItem\",\"position\":2,\"name\":\"Accesibilidad\",\"item\":\"https:\/\/www.tcuido.es\/accesibilidad\/\"},{\"@type\":\"ListItem\",\"position\":3,\"name\":\"Ayuda web\"}]},{\"@type\":\"WebSite\",\"@id\":\"https:\/\/www.tcuido.es\/#website\",\"url\":\"https:\/\/www.tcuido.es\/\",\"name\":\"Tcuido\",\"description\":\"Servicios Integrales a la Dependencia\",\"publisher\":{\"@id\":\"https:\/\/www.tcuido.es\/#organization\"},\"potentialAction\":[{\"@type\":\"SearchAction\",\"target\":{\"@type\":\"EntryPoint\",\"urlTemplate\":\"https:\/\/www.tcuido.es\/?s={search_term_string}\"},\"query-input\":{\"@type\":\"PropertyValueSpecification\",\"valueRequired\":true,\"valueName\":\"search_term_string\"}}],\"inLanguage\":\"en-GB\"},{\"@type\":\"Organization\",\"@id\":\"https:\/\/www.tcuido.es\/#organization\",\"name\":\"Tcuido Servicios Integrales a la Dependencia\",\"url\":\"https:\/\/www.tcuido.es\/\",\"logo\":{\"@type\":\"ImageObject\",\"inLanguage\":\"en-GB\",\"@id\":\"https:\/\/www.tcuido.es\/#\/schema\/logo\/image\/\",\"url\":\"https:\/\/www.tcuido.es\/wp-content\/uploads\/2024\/03\/TCUIDO-facturas.png\",\"contentUrl\":\"https:\/\/www.tcuido.es\/wp-content\/uploads\/2024\/03\/TCUIDO-facturas.png\",\"width\":1600,\"height\":361,\"caption\":\"Tcuido Servicios Integrales a la Dependencia\"},\"image\":{\"@id\":\"https:\/\/www.tcuido.es\/#\/schema\/logo\/image\/\"}}]}<\/script>\n<!-- \/ Yoast SEO Premium plugin. -->","yoast_head_json":{"title":"Ayuda web - Tcuido","robots":{"index":"index","follow":"follow","max-snippet":"max-snippet:-1","max-image-preview":"max-image-preview:large","max-video-preview":"max-video-preview:-1"},"canonical":"https:\/\/www.tcuido.es\/en\/accesibilidad\/ayuda-web\/","og_locale":"en_GB","og_type":"article","og_title":"Ayuda web","og_description":"Ayuda web Tcuido Servicios Integrales a la Dependencia, S.L. Ayuda Esta p\u00e1gina contiene informaci\u00f3n para ayudarle a que aproveche al m\u00e1ximo este sitio web. Hemos dise\u00f1ado el sitio web de\u00a0Tcuido Servicios Integrales a la Dependencia\u00a0para simplificar su uso\u00a0en la medida de lo posible. Sin embargo, es posible que algunas funciones, como\u00a0el contenido multimedia, sean nuevas [&hellip;]","og_url":"https:\/\/www.tcuido.es\/en\/accesibilidad\/ayuda-web\/","og_site_name":"Tcuido","article_modified_time":"2024-06-02T17:09:28+00:00","twitter_card":"summary_large_image","twitter_misc":{"Estimated reading time":"4 minutes"},"schema":{"@context":"https:\/\/schema.org","@graph":[{"@type":"WebPage","@id":"https:\/\/www.tcuido.es\/accesibilidad\/ayuda-web\/","url":"https:\/\/www.tcuido.es\/accesibilidad\/ayuda-web\/","name":"Ayuda web - Tcuido","isPartOf":{"@id":"https:\/\/www.tcuido.es\/#website"},"datePublished":"2024-05-30T10:44:52+00:00","dateModified":"2024-06-02T17:09:28+00:00","breadcrumb":{"@id":"https:\/\/www.tcuido.es\/accesibilidad\/ayuda-web\/#breadcrumb"},"inLanguage":"en-GB","potentialAction":[{"@type":"ReadAction","target":["https:\/\/www.tcuido.es\/accesibilidad\/ayuda-web\/"]}]},{"@type":"BreadcrumbList","@id":"https:\/\/www.tcuido.es\/accesibilidad\/ayuda-web\/#breadcrumb","itemListElement":[{"@type":"ListItem","position":1,"name":"Inicio","item":"https:\/\/www.tcuido.es\/"},{"@type":"ListItem","position":2,"name":"Accesibilidad","item":"https:\/\/www.tcuido.es\/accesibilidad\/"},{"@type":"ListItem","position":3,"name":"Ayuda web"}]},{"@type":"WebSite","@id":"https:\/\/www.tcuido.es\/#website","url":"https:\/\/www.tcuido.es\/","name":"I take care","description":"Comprehensive Dependency Services","publisher":{"@id":"https:\/\/www.tcuido.es\/#organization"},"potentialAction":[{"@type":"SearchAction","target":{"@type":"EntryPoint","urlTemplate":"https:\/\/www.tcuido.es\/?s={search_term_string}"},"query-input":{"@type":"PropertyValueSpecification","valueRequired":true,"valueName":"search_term_string"}}],"inLanguage":"en-GB"},{"@type":"Organization","@id":"https:\/\/www.tcuido.es\/#organization","name":"Tcuido Comprehensive Dependency Services","url":"https:\/\/www.tcuido.es\/","logo":{"@type":"ImageObject","inLanguage":"en-GB","@id":"https:\/\/www.tcuido.es\/#\/schema\/logo\/image\/","url":"https:\/\/www.tcuido.es\/wp-content\/uploads\/2024\/03\/TCUIDO-facturas.png","contentUrl":"https:\/\/www.tcuido.es\/wp-content\/uploads\/2024\/03\/TCUIDO-facturas.png","width":1600,"height":361,"caption":"Tcuido Servicios Integrales a la Dependencia"},"image":{"@id":"https:\/\/www.tcuido.es\/#\/schema\/logo\/image\/"}}]}},"_links":{"self":[{"href":"https:\/\/www.tcuido.es\/en\/wp-json\/wp\/v2\/pages\/1382","targetHints":{"allow":["GET"]}}],"collection":[{"href":"https:\/\/www.tcuido.es\/en\/wp-json\/wp\/v2\/pages"}],"about":[{"href":"https:\/\/www.tcuido.es\/en\/wp-json\/wp\/v2\/types\/page"}],"author":[{"embeddable":true,"href":"https:\/\/www.tcuido.es\/en\/wp-json\/wp\/v2\/users\/2"}],"replies":[{"embeddable":true,"href":"https:\/\/www.tcuido.es\/en\/wp-json\/wp\/v2\/comments?post=1382"}],"version-history":[{"count":37,"href":"https:\/\/www.tcuido.es\/en\/wp-json\/wp\/v2\/pages\/1382\/revisions"}],"predecessor-version":[{"id":1969,"href":"https:\/\/www.tcuido.es\/en\/wp-json\/wp\/v2\/pages\/1382\/revisions\/1969"}],"up":[{"embeddable":true,"href":"https:\/\/www.tcuido.es\/en\/wp-json\/wp\/v2\/pages\/1362"}],"wp:attachment":[{"href":"https:\/\/www.tcuido.es\/en\/wp-json\/wp\/v2\/media?parent=1382"}],"curies":[{"name":"wp","href":"https:\/\/api.w.org\/{rel}","templated":true}]}}