{"id":2474,"date":"2024-07-12T19:35:24","date_gmt":"2024-07-12T19:35:24","guid":{"rendered":"https:\/\/www.tcuido.es\/?post_type=product&#038;p=2474"},"modified":"2025-09-23T17:28:32","modified_gmt":"2025-09-23T17:28:32","slug":"muletas-adulto-x1-ud-izquierda-de-plataforma-ortopedicas-negras-con-apoyo-antebrazo-y-amortiguacion","status":"publish","type":"product","link":"https:\/\/www.tcuido.es\/en\/product\/muletas-adulto-x1-ud-izquierda-de-plataforma-ortopedicas-negras-con-apoyo-antebrazo-y-amortiguacion\/","title":{"rendered":"Adult crutches (x1 unit, left) black orthopedic platform with forearm support and cushioning"},"content":{"rendered":"<p><span style=\"color: #97bf0d;\"><strong>CHARACTERISTICS<\/strong><\/span><\/p>\n<ul>\n<li>AVOID HAND AND WRIST PAIN: Ergonomic crutches (0.996 kg) with forearm support system to distribute weight between the surface of the forearm and the hand, freeing up much of the load previously borne by the hands and wrists.<\/li>\n<li>IMPROVES BODY POSTURE: The feeling of stability and balance increases because the ergonomic crutch forces you to walk upright, with your shoulders straight and your arms close to your torso.<\/li>\n<li>REDUCES ENERGY EXPENDITURE: They allow you to move faster than with conventional crutches. With a larger walking perimeter, energy expenditure is lower.<\/li>\n<li>REDUCES SHOULDER PAIN: The load borne by the shoulders is less aggressive as the cushioning makes the impact when supporting less abrupt. Maximum weight: 100 kg.<\/li>\n<li>INCREASES AUTONOMY: The flexible strap allows us to use our hands without removing the crutches, for example, to open a door or use our mobile phone. It can be placed on both sides of the crutch, but we recommend using the crutch with the strap opening facing outwards for greater comfort and ease in removing and putting on the crutch. In addition, this helps us differentiate between left and right crutches. THE PRICE IS PER UNIT.<\/li>\n<\/ul>\n<p>&nbsp;<\/p>\n<p><strong><span style=\"color: #97bf0d;\">TECHNICAL DETAILS<\/span><\/strong><\/p>\n<ul>\n<li>Crutch Height: 96-121 cm<\/li>\n<li>Weight: 0.996 kg<\/li>\n<li>Regulations: 17<\/li>\n<li>Tube End Cap: 19 mm<\/li>\n<li>User Height: 150-185 cm<\/li>\n<li>Maximum User Weight: 100 kg<\/li>\n<\/ul>\n<p>&nbsp;<\/p>\n<p><span style=\"color: #97bf0d;\"><strong>ADDITIONAL INFORMATION<\/strong><\/span><\/p>\n<ul>\n<li>Material: Aluminum<\/li>\n<li>Grip: Padded<\/li>\n<li>Dimmable: Yes<\/li>\n<li>Foldable: No<\/li>\n<\/ul>","protected":false},"excerpt":{"rendered":"<p><span style=\"color: #97bf0d;\"><strong>LESS PAIN<\/strong><\/span><\/p>\n<p>The forearm support design allows the body weight to be distributed throughout the arm and not just on the hands and joints, as with ordinary crutches.<\/p>\n<p><strong><span style=\"color: #97bf0d;\">MORE COMFORT<\/span><\/strong><\/p>\n<p>The crutch&#039;s patented cushioning system helps reduce impact on the shoulders when walking.<\/p>\n<p><strong><span style=\"color: #97bf0d;\">MORE STABILITY<\/span><\/strong><\/p>\n<p>The tips of these crutches are wide and flexible, providing greater stability and better grip when walking.<\/p>","protected":false},"featured_media":2476,"template":"","meta":{"inline_featured_image":false},"product_brand":[],"product_cat":[21,22],"product_tag":[36],"class_list":{"0":"post-2474","1":"product","2":"type-product","3":"status-publish","4":"has-post-thumbnail","6":"product_cat-movilidad","7":"product_cat-muletas","8":"product_tag-kmina","10":"first","11":"instock","12":"taxable","13":"shipping-taxable","14":"purchasable","15":"product-type-simple"},"yoast_head":"<!-- This site is optimized with the Yoast SEO Premium plugin v22.6 (Yoast SEO v27.1.1) - https:\/\/yoast.com\/product\/yoast-seo-premium-wordpress\/ -->\n<title>Muletas adulto (x1 ud, izquierda) de plataforma ortop\u00e9dicas negras con apoyo antebrazo y amortiguaci\u00f3n - Tcuido<\/title>\n<meta name=\"robots\" content=\"index, follow, max-snippet:-1, max-image-preview:large, max-video-preview:-1\" \/>\n<link rel=\"canonical\" href=\"https:\/\/www.tcuido.es\/en\/product\/muletas-adulto-x1-ud-izquierda-de-plataforma-ortopedicas-negras-con-apoyo-antebrazo-y-amortiguacion\/\" \/>\n<meta property=\"og:locale\" content=\"en_GB\" \/>\n<meta property=\"og:type\" content=\"article\" \/>\n<meta property=\"og:title\" content=\"Muletas adulto (x1 ud, izquierda) de plataforma ortop\u00e9dicas negras con apoyo antebrazo y amortiguaci\u00f3n\" \/>\n<meta property=\"og:description\" content=\"MENOS DOLOR  El dise\u00f1o de apoyo de antebrazo permite que el peso del cuerpo se reparta por todo el brazo y no recaiga solo en las manos y las articulaciones, como en unas muletas comunes.  M\u00c1S COMODIDAD  El sistema de amortiguaci\u00f3n patentado de la muleta ayuda a reducir el impacto en los hombros al caminar.  M\u00c1S ESTABILIDAD  Las conteras de estas muletas son anchas y flexibles, aportando m\u00e1s estabilidad y mejor adherencia a la hora de caminar.\" \/>\n<meta property=\"og:url\" content=\"https:\/\/www.tcuido.es\/en\/product\/muletas-adulto-x1-ud-izquierda-de-plataforma-ortopedicas-negras-con-apoyo-antebrazo-y-amortiguacion\/\" \/>\n<meta property=\"og:site_name\" content=\"Tcuido\" \/>\n<meta property=\"article:modified_time\" content=\"2025-09-23T17:28:32+00:00\" \/>\n<meta property=\"og:image\" content=\"https:\/\/www.tcuido.es\/wp-content\/uploads\/2024\/07\/kmina_muleta-pro-k10001_01.webp\" \/>\n\t<meta property=\"og:image:width\" content=\"869\" \/>\n\t<meta property=\"og:image:height\" content=\"868\" \/>\n\t<meta property=\"og:image:type\" content=\"image\/webp\" \/>\n<meta name=\"twitter:card\" content=\"summary_large_image\" \/>\n<meta name=\"twitter:label1\" content=\"Estimated reading time\" \/>\n\t<meta name=\"twitter:data1\" content=\"2 minutes\" \/>\n<script type=\"application\/ld+json\" class=\"yoast-schema-graph\">{\"@context\":\"https:\/\/schema.org\",\"@graph\":[{\"@type\":\"WebPage\",\"@id\":\"https:\/\/www.tcuido.es\/producto\/muletas-adulto-x1-ud-izquierda-de-plataforma-ortopedicas-negras-con-apoyo-antebrazo-y-amortiguacion\/\",\"url\":\"https:\/\/www.tcuido.es\/producto\/muletas-adulto-x1-ud-izquierda-de-plataforma-ortopedicas-negras-con-apoyo-antebrazo-y-amortiguacion\/\",\"name\":\"Muletas adulto (x1 ud, izquierda) de plataforma ortop\u00e9dicas negras con apoyo antebrazo y amortiguaci\u00f3n - Tcuido\",\"isPartOf\":{\"@id\":\"https:\/\/www.tcuido.es\/#website\"},\"primaryImageOfPage\":{\"@id\":\"https:\/\/www.tcuido.es\/producto\/muletas-adulto-x1-ud-izquierda-de-plataforma-ortopedicas-negras-con-apoyo-antebrazo-y-amortiguacion\/#primaryimage\"},\"image\":{\"@id\":\"https:\/\/www.tcuido.es\/producto\/muletas-adulto-x1-ud-izquierda-de-plataforma-ortopedicas-negras-con-apoyo-antebrazo-y-amortiguacion\/#primaryimage\"},\"thumbnailUrl\":\"https:\/\/www.tcuido.es\/wp-content\/uploads\/2024\/07\/kmina_muleta-pro-k10001_01.webp\",\"datePublished\":\"2024-07-12T19:35:24+00:00\",\"dateModified\":\"2025-09-23T17:28:32+00:00\",\"breadcrumb\":{\"@id\":\"https:\/\/www.tcuido.es\/producto\/muletas-adulto-x1-ud-izquierda-de-plataforma-ortopedicas-negras-con-apoyo-antebrazo-y-amortiguacion\/#breadcrumb\"},\"inLanguage\":\"en-GB\",\"potentialAction\":[{\"@type\":\"ReadAction\",\"target\":[\"https:\/\/www.tcuido.es\/producto\/muletas-adulto-x1-ud-izquierda-de-plataforma-ortopedicas-negras-con-apoyo-antebrazo-y-amortiguacion\/\"]}]},{\"@type\":\"ImageObject\",\"inLanguage\":\"en-GB\",\"@id\":\"https:\/\/www.tcuido.es\/producto\/muletas-adulto-x1-ud-izquierda-de-plataforma-ortopedicas-negras-con-apoyo-antebrazo-y-amortiguacion\/#primaryimage\",\"url\":\"https:\/\/www.tcuido.es\/wp-content\/uploads\/2024\/07\/kmina_muleta-pro-k10001_01.webp\",\"contentUrl\":\"https:\/\/www.tcuido.es\/wp-content\/uploads\/2024\/07\/kmina_muleta-pro-k10001_01.webp\",\"width\":869,\"height\":868},{\"@type\":\"BreadcrumbList\",\"@id\":\"https:\/\/www.tcuido.es\/producto\/muletas-adulto-x1-ud-izquierda-de-plataforma-ortopedicas-negras-con-apoyo-antebrazo-y-amortiguacion\/#breadcrumb\",\"itemListElement\":[{\"@type\":\"ListItem\",\"position\":1,\"name\":\"Inicio\",\"item\":\"https:\/\/www.tcuido.es\/\"},{\"@type\":\"ListItem\",\"position\":2,\"name\":\"Tienda\",\"item\":\"https:\/\/www.tcuido.es\/tienda\/\"},{\"@type\":\"ListItem\",\"position\":3,\"name\":\"Muletas adulto (x1 ud, izquierda) de plataforma ortop\u00e9dicas negras con apoyo antebrazo y amortiguaci\u00f3n\"}]},{\"@type\":\"WebSite\",\"@id\":\"https:\/\/www.tcuido.es\/#website\",\"url\":\"https:\/\/www.tcuido.es\/\",\"name\":\"Tcuido\",\"description\":\"Servicios Integrales a la Dependencia\",\"publisher\":{\"@id\":\"https:\/\/www.tcuido.es\/#organization\"},\"potentialAction\":[{\"@type\":\"SearchAction\",\"target\":{\"@type\":\"EntryPoint\",\"urlTemplate\":\"https:\/\/www.tcuido.es\/?s={search_term_string}\"},\"query-input\":{\"@type\":\"PropertyValueSpecification\",\"valueRequired\":true,\"valueName\":\"search_term_string\"}}],\"inLanguage\":\"en-GB\"},{\"@type\":\"Organization\",\"@id\":\"https:\/\/www.tcuido.es\/#organization\",\"name\":\"Tcuido Servicios Integrales a la Dependencia\",\"url\":\"https:\/\/www.tcuido.es\/\",\"logo\":{\"@type\":\"ImageObject\",\"inLanguage\":\"en-GB\",\"@id\":\"https:\/\/www.tcuido.es\/#\/schema\/logo\/image\/\",\"url\":\"https:\/\/www.tcuido.es\/wp-content\/uploads\/2024\/03\/TCUIDO-facturas.png\",\"contentUrl\":\"https:\/\/www.tcuido.es\/wp-content\/uploads\/2024\/03\/TCUIDO-facturas.png\",\"width\":1600,\"height\":361,\"caption\":\"Tcuido Servicios Integrales a la Dependencia\"},\"image\":{\"@id\":\"https:\/\/www.tcuido.es\/#\/schema\/logo\/image\/\"}}]}<\/script>\n<!-- \/ Yoast SEO Premium plugin. -->","yoast_head_json":{"title":"Muletas adulto (x1 ud, izquierda) de plataforma ortop\u00e9dicas negras con apoyo antebrazo y amortiguaci\u00f3n - Tcuido","robots":{"index":"index","follow":"follow","max-snippet":"max-snippet:-1","max-image-preview":"max-image-preview:large","max-video-preview":"max-video-preview:-1"},"canonical":"https:\/\/www.tcuido.es\/en\/product\/muletas-adulto-x1-ud-izquierda-de-plataforma-ortopedicas-negras-con-apoyo-antebrazo-y-amortiguacion\/","og_locale":"en_GB","og_type":"article","og_title":"Muletas adulto (x1 ud, izquierda) de plataforma ortop\u00e9dicas negras con apoyo antebrazo y amortiguaci\u00f3n","og_description":"MENOS DOLOR  El dise\u00f1o de apoyo de antebrazo permite que el peso del cuerpo se reparta por todo el brazo y no recaiga solo en las manos y las articulaciones, como en unas muletas comunes.  M\u00c1S COMODIDAD  El sistema de amortiguaci\u00f3n patentado de la muleta ayuda a reducir el impacto en los hombros al caminar.  M\u00c1S ESTABILIDAD  Las conteras de estas muletas son anchas y flexibles, aportando m\u00e1s estabilidad y mejor adherencia a la hora de caminar.","og_url":"https:\/\/www.tcuido.es\/en\/product\/muletas-adulto-x1-ud-izquierda-de-plataforma-ortopedicas-negras-con-apoyo-antebrazo-y-amortiguacion\/","og_site_name":"Tcuido","article_modified_time":"2025-09-23T17:28:32+00:00","og_image":[{"width":869,"height":868,"url":"https:\/\/www.tcuido.es\/wp-content\/uploads\/2024\/07\/kmina_muleta-pro-k10001_01.webp","type":"image\/webp"}],"twitter_card":"summary_large_image","twitter_misc":{"Estimated reading time":"2 minutes"},"schema":{"@context":"https:\/\/schema.org","@graph":[{"@type":"WebPage","@id":"https:\/\/www.tcuido.es\/producto\/muletas-adulto-x1-ud-izquierda-de-plataforma-ortopedicas-negras-con-apoyo-antebrazo-y-amortiguacion\/","url":"https:\/\/www.tcuido.es\/producto\/muletas-adulto-x1-ud-izquierda-de-plataforma-ortopedicas-negras-con-apoyo-antebrazo-y-amortiguacion\/","name":"Muletas adulto (x1 ud, izquierda) de plataforma ortop\u00e9dicas negras con apoyo antebrazo y amortiguaci\u00f3n - Tcuido","isPartOf":{"@id":"https:\/\/www.tcuido.es\/#website"},"primaryImageOfPage":{"@id":"https:\/\/www.tcuido.es\/producto\/muletas-adulto-x1-ud-izquierda-de-plataforma-ortopedicas-negras-con-apoyo-antebrazo-y-amortiguacion\/#primaryimage"},"image":{"@id":"https:\/\/www.tcuido.es\/producto\/muletas-adulto-x1-ud-izquierda-de-plataforma-ortopedicas-negras-con-apoyo-antebrazo-y-amortiguacion\/#primaryimage"},"thumbnailUrl":"https:\/\/www.tcuido.es\/wp-content\/uploads\/2024\/07\/kmina_muleta-pro-k10001_01.webp","datePublished":"2024-07-12T19:35:24+00:00","dateModified":"2025-09-23T17:28:32+00:00","breadcrumb":{"@id":"https:\/\/www.tcuido.es\/producto\/muletas-adulto-x1-ud-izquierda-de-plataforma-ortopedicas-negras-con-apoyo-antebrazo-y-amortiguacion\/#breadcrumb"},"inLanguage":"en-GB","potentialAction":[{"@type":"ReadAction","target":["https:\/\/www.tcuido.es\/producto\/muletas-adulto-x1-ud-izquierda-de-plataforma-ortopedicas-negras-con-apoyo-antebrazo-y-amortiguacion\/"]}]},{"@type":"ImageObject","inLanguage":"en-GB","@id":"https:\/\/www.tcuido.es\/producto\/muletas-adulto-x1-ud-izquierda-de-plataforma-ortopedicas-negras-con-apoyo-antebrazo-y-amortiguacion\/#primaryimage","url":"https:\/\/www.tcuido.es\/wp-content\/uploads\/2024\/07\/kmina_muleta-pro-k10001_01.webp","contentUrl":"https:\/\/www.tcuido.es\/wp-content\/uploads\/2024\/07\/kmina_muleta-pro-k10001_01.webp","width":869,"height":868},{"@type":"BreadcrumbList","@id":"https:\/\/www.tcuido.es\/producto\/muletas-adulto-x1-ud-izquierda-de-plataforma-ortopedicas-negras-con-apoyo-antebrazo-y-amortiguacion\/#breadcrumb","itemListElement":[{"@type":"ListItem","position":1,"name":"Inicio","item":"https:\/\/www.tcuido.es\/"},{"@type":"ListItem","position":2,"name":"Tienda","item":"https:\/\/www.tcuido.es\/tienda\/"},{"@type":"ListItem","position":3,"name":"Muletas adulto (x1 ud, izquierda) de plataforma ortop\u00e9dicas negras con apoyo antebrazo y amortiguaci\u00f3n"}]},{"@type":"WebSite","@id":"https:\/\/www.tcuido.es\/#website","url":"https:\/\/www.tcuido.es\/","name":"I take care","description":"Comprehensive Dependency Services","publisher":{"@id":"https:\/\/www.tcuido.es\/#organization"},"potentialAction":[{"@type":"SearchAction","target":{"@type":"EntryPoint","urlTemplate":"https:\/\/www.tcuido.es\/?s={search_term_string}"},"query-input":{"@type":"PropertyValueSpecification","valueRequired":true,"valueName":"search_term_string"}}],"inLanguage":"en-GB"},{"@type":"Organization","@id":"https:\/\/www.tcuido.es\/#organization","name":"Tcuido Comprehensive Dependency Services","url":"https:\/\/www.tcuido.es\/","logo":{"@type":"ImageObject","inLanguage":"en-GB","@id":"https:\/\/www.tcuido.es\/#\/schema\/logo\/image\/","url":"https:\/\/www.tcuido.es\/wp-content\/uploads\/2024\/03\/TCUIDO-facturas.png","contentUrl":"https:\/\/www.tcuido.es\/wp-content\/uploads\/2024\/03\/TCUIDO-facturas.png","width":1600,"height":361,"caption":"Tcuido Servicios Integrales a la Dependencia"},"image":{"@id":"https:\/\/www.tcuido.es\/#\/schema\/logo\/image\/"}}]}},"_links":{"self":[{"href":"https:\/\/www.tcuido.es\/en\/wp-json\/wp\/v2\/product\/2474","targetHints":{"allow":["GET"]}}],"collection":[{"href":"https:\/\/www.tcuido.es\/en\/wp-json\/wp\/v2\/product"}],"about":[{"href":"https:\/\/www.tcuido.es\/en\/wp-json\/wp\/v2\/types\/product"}],"wp:featuredmedia":[{"embeddable":true,"href":"https:\/\/www.tcuido.es\/en\/wp-json\/wp\/v2\/media\/2476"}],"wp:attachment":[{"href":"https:\/\/www.tcuido.es\/en\/wp-json\/wp\/v2\/media?parent=2474"}],"wp:term":[{"taxonomy":"product_brand","embeddable":true,"href":"https:\/\/www.tcuido.es\/en\/wp-json\/wp\/v2\/product_brand?post=2474"},{"taxonomy":"product_cat","embeddable":true,"href":"https:\/\/www.tcuido.es\/en\/wp-json\/wp\/v2\/product_cat?post=2474"},{"taxonomy":"product_tag","embeddable":true,"href":"https:\/\/www.tcuido.es\/en\/wp-json\/wp\/v2\/product_tag?post=2474"}],"curies":[{"name":"wp","href":"https:\/\/api.w.org\/{rel}","templated":true}]}}