{"id":2636,"date":"2024-07-23T12:34:12","date_gmt":"2024-07-23T12:34:12","guid":{"rendered":"https:\/\/www.tcuido.es\/?post_type=product&#038;p=2636"},"modified":"2025-09-23T17:28:23","modified_gmt":"2025-09-23T17:28:23","slug":"baston-extensible-bariatrico-bastones-para-andar-personas-mayores-negro-aluminio","status":"publish","type":"product","link":"https:\/\/www.tcuido.es\/en\/product\/baston-extensible-bariatrico-bastones-para-andar-personas-mayores-negro-aluminio\/","title":{"rendered":"Bariatric extendable cane, walking sticks for elderly people, black aluminum"},"content":{"rendered":"<p><span style=\"color: #97bf0d;\"><strong>CHARACTERISTICS<\/strong><\/span><\/p>\n<ul>\n<li>AVOID PAIN IN HANDS AND WRISTS: Designed with an extra 10\u00ba inclination, adapting to the physiological angle of the wrist.<\/li>\n<li>PROMOTES COMPLETE DISCHARGE: The grip of this cane is more complete and adapts to the shape of the user&#039;s hand.<\/li>\n<li>STANDS: This cane is able to stand on its own thanks to its structure designed with the gravity point centered.<\/li>\n<li>INCREASES STABILITY AND SAFETY: The ferrule of this walking stick for the elderly adapts to all surfaces thanks to its wide base, thus providing greater safety and stability to the user.<\/li>\n<li>SECURE GRIP: Provides a secure grip and wide, stable support similar to a three-legged cane, but with improved accessibility.<\/li>\n<\/ul>\n<p>&nbsp;<\/p>\n<p><span style=\"color: #97bf0d;\"><strong>TECHNICAL DETAILS<\/strong><\/span><\/p>\n<ul>\n<li>Weight: 0.39 kg<\/li>\n<li>Regulations: 9<\/li>\n<li>Tube End: 17-19 mm<\/li>\n<li>User Height: 150-190 cm<\/li>\n<li>Maximum User Weight: 150 kg<\/li>\n<\/ul>\n<p>&nbsp;<\/p>\n<p><span style=\"color: #97bf0d;\"><strong>ADDITIONAL INFORMATION<\/strong><\/span><\/p>\n<ul>\n<li>Material: Aluminum<\/li>\n<li>Color: Black<\/li>\n<li>Grip: Soft<\/li>\n<li>Storage bag: No<\/li>\n<li>Hand Strap: Yes<\/li>\n<li>Dimmable: Yes<\/li>\n<li>Foldable: No<\/li>\n<li>Extensible: Yes<\/li>\n<\/ul>","protected":false},"excerpt":{"rendered":"<p><span style=\"color: #97bf0d;\"><strong>ERGONOMIC GRIP<\/strong><\/span><\/p>\n<p>The cane has been designed and patented with an extra 10\u00ba inclination so that it adapts to the physiological angle of the wrist and the grip is much more comfortable.<\/p>\n<p><strong><span style=\"color: #97bf0d;\">CENTERED POINT OF GRAVITY<\/span><\/strong><\/p>\n<p>The design of the structure of this cane allows it to stand on its own thanks to its centered point of gravity.<\/p>\n<p><strong><span style=\"color: #97bf0d;\">WIDE AND FLEXIBLE END<\/span><\/strong><\/p>\n<p>Made from 100% natural rubber, the wide tip of this cane offers greater adaptation and adherence to different surfaces.<\/p>","protected":false},"featured_media":2638,"template":"","meta":{"inline_featured_image":false},"product_brand":[],"product_cat":[24,21],"product_tag":[36],"class_list":{"0":"post-2636","1":"product","2":"type-product","3":"status-publish","4":"has-post-thumbnail","6":"product_cat-bastones","7":"product_cat-movilidad","8":"product_tag-kmina","10":"first","11":"instock","12":"taxable","13":"shipping-taxable","14":"purchasable","15":"product-type-simple"},"yoast_head":"<!-- This site is optimized with the Yoast SEO Premium plugin v22.6 (Yoast SEO v27.1.1) - https:\/\/yoast.com\/product\/yoast-seo-premium-wordpress\/ -->\n<title>Bast\u00f3n extensible bari\u00e1trico, bastones para andar personas mayores negro aluminio - Tcuido<\/title>\n<meta name=\"robots\" content=\"index, follow, max-snippet:-1, max-image-preview:large, max-video-preview:-1\" \/>\n<link rel=\"canonical\" href=\"https:\/\/www.tcuido.es\/en\/product\/baston-extensible-bariatrico-bastones-para-andar-personas-mayores-negro-aluminio\/\" \/>\n<meta property=\"og:locale\" content=\"en_GB\" \/>\n<meta property=\"og:type\" content=\"article\" \/>\n<meta property=\"og:title\" content=\"Bast\u00f3n extensible bari\u00e1trico, bastones para andar personas mayores negro aluminio\" \/>\n<meta property=\"og:description\" content=\"EMPU\u00d1ADURA ERGON\u00d3MICA  El bast\u00f3n ha sido dise\u00f1ado y patentado con 10\u00ba de inclinaci\u00f3n extra para que se adapte al \u00e1ngulo fisiol\u00f3gico de la mu\u00f1eca y el agarre resulte mucho m\u00e1s c\u00f3modo.  PUNTO DE GRAVEDAD CENTRADO  El dise\u00f1o de la estructura de este bast\u00f3n permite que se mantenga de pie solo gracias a su punto de gravedad centrado.  CONTERA ANCHA Y FLEXIBLE  Fabricada en caucho 100% natural, la contera ancha de este bast\u00f3n ofrece una mayor adaptaci\u00f3n y adherencia a distintas superficies.\" \/>\n<meta property=\"og:url\" content=\"https:\/\/www.tcuido.es\/en\/product\/baston-extensible-bariatrico-bastones-para-andar-personas-mayores-negro-aluminio\/\" \/>\n<meta property=\"og:site_name\" content=\"Tcuido\" \/>\n<meta property=\"article:modified_time\" content=\"2025-09-23T17:28:23+00:00\" \/>\n<meta property=\"og:image\" content=\"https:\/\/www.tcuido.es\/wp-content\/uploads\/2024\/07\/C01-P03_02_baston-exensible-bariatrico_1.webp\" \/>\n\t<meta property=\"og:image:width\" content=\"869\" \/>\n\t<meta property=\"og:image:height\" content=\"869\" \/>\n\t<meta property=\"og:image:type\" content=\"image\/webp\" \/>\n<meta name=\"twitter:card\" content=\"summary_large_image\" \/>\n<meta name=\"twitter:label1\" content=\"Estimated reading time\" \/>\n\t<meta name=\"twitter:data1\" content=\"1 minute\" \/>\n<script type=\"application\/ld+json\" class=\"yoast-schema-graph\">{\"@context\":\"https:\/\/schema.org\",\"@graph\":[{\"@type\":\"WebPage\",\"@id\":\"https:\/\/www.tcuido.es\/producto\/baston-extensible-bariatrico-bastones-para-andar-personas-mayores-negro-aluminio\/\",\"url\":\"https:\/\/www.tcuido.es\/producto\/baston-extensible-bariatrico-bastones-para-andar-personas-mayores-negro-aluminio\/\",\"name\":\"Bast\u00f3n extensible bari\u00e1trico, bastones para andar personas mayores negro aluminio - Tcuido\",\"isPartOf\":{\"@id\":\"https:\/\/www.tcuido.es\/#website\"},\"primaryImageOfPage\":{\"@id\":\"https:\/\/www.tcuido.es\/producto\/baston-extensible-bariatrico-bastones-para-andar-personas-mayores-negro-aluminio\/#primaryimage\"},\"image\":{\"@id\":\"https:\/\/www.tcuido.es\/producto\/baston-extensible-bariatrico-bastones-para-andar-personas-mayores-negro-aluminio\/#primaryimage\"},\"thumbnailUrl\":\"https:\/\/www.tcuido.es\/wp-content\/uploads\/2024\/07\/C01-P03_02_baston-exensible-bariatrico_1.webp\",\"datePublished\":\"2024-07-23T12:34:12+00:00\",\"dateModified\":\"2025-09-23T17:28:23+00:00\",\"breadcrumb\":{\"@id\":\"https:\/\/www.tcuido.es\/producto\/baston-extensible-bariatrico-bastones-para-andar-personas-mayores-negro-aluminio\/#breadcrumb\"},\"inLanguage\":\"en-GB\",\"potentialAction\":[{\"@type\":\"ReadAction\",\"target\":[\"https:\/\/www.tcuido.es\/producto\/baston-extensible-bariatrico-bastones-para-andar-personas-mayores-negro-aluminio\/\"]}]},{\"@type\":\"ImageObject\",\"inLanguage\":\"en-GB\",\"@id\":\"https:\/\/www.tcuido.es\/producto\/baston-extensible-bariatrico-bastones-para-andar-personas-mayores-negro-aluminio\/#primaryimage\",\"url\":\"https:\/\/www.tcuido.es\/wp-content\/uploads\/2024\/07\/C01-P03_02_baston-exensible-bariatrico_1.webp\",\"contentUrl\":\"https:\/\/www.tcuido.es\/wp-content\/uploads\/2024\/07\/C01-P03_02_baston-exensible-bariatrico_1.webp\",\"width\":869,\"height\":869},{\"@type\":\"BreadcrumbList\",\"@id\":\"https:\/\/www.tcuido.es\/producto\/baston-extensible-bariatrico-bastones-para-andar-personas-mayores-negro-aluminio\/#breadcrumb\",\"itemListElement\":[{\"@type\":\"ListItem\",\"position\":1,\"name\":\"Inicio\",\"item\":\"https:\/\/www.tcuido.es\/\"},{\"@type\":\"ListItem\",\"position\":2,\"name\":\"Tienda\",\"item\":\"https:\/\/www.tcuido.es\/tienda\/\"},{\"@type\":\"ListItem\",\"position\":3,\"name\":\"Bast\u00f3n extensible bari\u00e1trico, bastones para andar personas mayores negro aluminio\"}]},{\"@type\":\"WebSite\",\"@id\":\"https:\/\/www.tcuido.es\/#website\",\"url\":\"https:\/\/www.tcuido.es\/\",\"name\":\"Tcuido\",\"description\":\"Servicios Integrales a la Dependencia\",\"publisher\":{\"@id\":\"https:\/\/www.tcuido.es\/#organization\"},\"potentialAction\":[{\"@type\":\"SearchAction\",\"target\":{\"@type\":\"EntryPoint\",\"urlTemplate\":\"https:\/\/www.tcuido.es\/?s={search_term_string}\"},\"query-input\":{\"@type\":\"PropertyValueSpecification\",\"valueRequired\":true,\"valueName\":\"search_term_string\"}}],\"inLanguage\":\"en-GB\"},{\"@type\":\"Organization\",\"@id\":\"https:\/\/www.tcuido.es\/#organization\",\"name\":\"Tcuido Servicios Integrales a la Dependencia\",\"url\":\"https:\/\/www.tcuido.es\/\",\"logo\":{\"@type\":\"ImageObject\",\"inLanguage\":\"en-GB\",\"@id\":\"https:\/\/www.tcuido.es\/#\/schema\/logo\/image\/\",\"url\":\"https:\/\/www.tcuido.es\/wp-content\/uploads\/2024\/03\/TCUIDO-facturas.png\",\"contentUrl\":\"https:\/\/www.tcuido.es\/wp-content\/uploads\/2024\/03\/TCUIDO-facturas.png\",\"width\":1600,\"height\":361,\"caption\":\"Tcuido Servicios Integrales a la Dependencia\"},\"image\":{\"@id\":\"https:\/\/www.tcuido.es\/#\/schema\/logo\/image\/\"}}]}<\/script>\n<!-- \/ Yoast SEO Premium plugin. -->","yoast_head_json":{"title":"Bast\u00f3n extensible bari\u00e1trico, bastones para andar personas mayores negro aluminio - Tcuido","robots":{"index":"index","follow":"follow","max-snippet":"max-snippet:-1","max-image-preview":"max-image-preview:large","max-video-preview":"max-video-preview:-1"},"canonical":"https:\/\/www.tcuido.es\/en\/product\/baston-extensible-bariatrico-bastones-para-andar-personas-mayores-negro-aluminio\/","og_locale":"en_GB","og_type":"article","og_title":"Bast\u00f3n extensible bari\u00e1trico, bastones para andar personas mayores negro aluminio","og_description":"EMPU\u00d1ADURA ERGON\u00d3MICA  El bast\u00f3n ha sido dise\u00f1ado y patentado con 10\u00ba de inclinaci\u00f3n extra para que se adapte al \u00e1ngulo fisiol\u00f3gico de la mu\u00f1eca y el agarre resulte mucho m\u00e1s c\u00f3modo.  PUNTO DE GRAVEDAD CENTRADO  El dise\u00f1o de la estructura de este bast\u00f3n permite que se mantenga de pie solo gracias a su punto de gravedad centrado.  CONTERA ANCHA Y FLEXIBLE  Fabricada en caucho 100% natural, la contera ancha de este bast\u00f3n ofrece una mayor adaptaci\u00f3n y adherencia a distintas superficies.","og_url":"https:\/\/www.tcuido.es\/en\/product\/baston-extensible-bariatrico-bastones-para-andar-personas-mayores-negro-aluminio\/","og_site_name":"Tcuido","article_modified_time":"2025-09-23T17:28:23+00:00","og_image":[{"width":869,"height":869,"url":"https:\/\/www.tcuido.es\/wp-content\/uploads\/2024\/07\/C01-P03_02_baston-exensible-bariatrico_1.webp","type":"image\/webp"}],"twitter_card":"summary_large_image","twitter_misc":{"Estimated reading time":"1 minute"},"schema":{"@context":"https:\/\/schema.org","@graph":[{"@type":"WebPage","@id":"https:\/\/www.tcuido.es\/producto\/baston-extensible-bariatrico-bastones-para-andar-personas-mayores-negro-aluminio\/","url":"https:\/\/www.tcuido.es\/producto\/baston-extensible-bariatrico-bastones-para-andar-personas-mayores-negro-aluminio\/","name":"Bast\u00f3n extensible bari\u00e1trico, bastones para andar personas mayores negro aluminio - Tcuido","isPartOf":{"@id":"https:\/\/www.tcuido.es\/#website"},"primaryImageOfPage":{"@id":"https:\/\/www.tcuido.es\/producto\/baston-extensible-bariatrico-bastones-para-andar-personas-mayores-negro-aluminio\/#primaryimage"},"image":{"@id":"https:\/\/www.tcuido.es\/producto\/baston-extensible-bariatrico-bastones-para-andar-personas-mayores-negro-aluminio\/#primaryimage"},"thumbnailUrl":"https:\/\/www.tcuido.es\/wp-content\/uploads\/2024\/07\/C01-P03_02_baston-exensible-bariatrico_1.webp","datePublished":"2024-07-23T12:34:12+00:00","dateModified":"2025-09-23T17:28:23+00:00","breadcrumb":{"@id":"https:\/\/www.tcuido.es\/producto\/baston-extensible-bariatrico-bastones-para-andar-personas-mayores-negro-aluminio\/#breadcrumb"},"inLanguage":"en-GB","potentialAction":[{"@type":"ReadAction","target":["https:\/\/www.tcuido.es\/producto\/baston-extensible-bariatrico-bastones-para-andar-personas-mayores-negro-aluminio\/"]}]},{"@type":"ImageObject","inLanguage":"en-GB","@id":"https:\/\/www.tcuido.es\/producto\/baston-extensible-bariatrico-bastones-para-andar-personas-mayores-negro-aluminio\/#primaryimage","url":"https:\/\/www.tcuido.es\/wp-content\/uploads\/2024\/07\/C01-P03_02_baston-exensible-bariatrico_1.webp","contentUrl":"https:\/\/www.tcuido.es\/wp-content\/uploads\/2024\/07\/C01-P03_02_baston-exensible-bariatrico_1.webp","width":869,"height":869},{"@type":"BreadcrumbList","@id":"https:\/\/www.tcuido.es\/producto\/baston-extensible-bariatrico-bastones-para-andar-personas-mayores-negro-aluminio\/#breadcrumb","itemListElement":[{"@type":"ListItem","position":1,"name":"Inicio","item":"https:\/\/www.tcuido.es\/"},{"@type":"ListItem","position":2,"name":"Tienda","item":"https:\/\/www.tcuido.es\/tienda\/"},{"@type":"ListItem","position":3,"name":"Bast\u00f3n extensible bari\u00e1trico, bastones para andar personas mayores negro aluminio"}]},{"@type":"WebSite","@id":"https:\/\/www.tcuido.es\/#website","url":"https:\/\/www.tcuido.es\/","name":"I take care","description":"Comprehensive Dependency Services","publisher":{"@id":"https:\/\/www.tcuido.es\/#organization"},"potentialAction":[{"@type":"SearchAction","target":{"@type":"EntryPoint","urlTemplate":"https:\/\/www.tcuido.es\/?s={search_term_string}"},"query-input":{"@type":"PropertyValueSpecification","valueRequired":true,"valueName":"search_term_string"}}],"inLanguage":"en-GB"},{"@type":"Organization","@id":"https:\/\/www.tcuido.es\/#organization","name":"Tcuido Comprehensive Dependency Services","url":"https:\/\/www.tcuido.es\/","logo":{"@type":"ImageObject","inLanguage":"en-GB","@id":"https:\/\/www.tcuido.es\/#\/schema\/logo\/image\/","url":"https:\/\/www.tcuido.es\/wp-content\/uploads\/2024\/03\/TCUIDO-facturas.png","contentUrl":"https:\/\/www.tcuido.es\/wp-content\/uploads\/2024\/03\/TCUIDO-facturas.png","width":1600,"height":361,"caption":"Tcuido Servicios Integrales a la Dependencia"},"image":{"@id":"https:\/\/www.tcuido.es\/#\/schema\/logo\/image\/"}}]}},"_links":{"self":[{"href":"https:\/\/www.tcuido.es\/en\/wp-json\/wp\/v2\/product\/2636","targetHints":{"allow":["GET"]}}],"collection":[{"href":"https:\/\/www.tcuido.es\/en\/wp-json\/wp\/v2\/product"}],"about":[{"href":"https:\/\/www.tcuido.es\/en\/wp-json\/wp\/v2\/types\/product"}],"wp:featuredmedia":[{"embeddable":true,"href":"https:\/\/www.tcuido.es\/en\/wp-json\/wp\/v2\/media\/2638"}],"wp:attachment":[{"href":"https:\/\/www.tcuido.es\/en\/wp-json\/wp\/v2\/media?parent=2636"}],"wp:term":[{"taxonomy":"product_brand","embeddable":true,"href":"https:\/\/www.tcuido.es\/en\/wp-json\/wp\/v2\/product_brand?post=2636"},{"taxonomy":"product_cat","embeddable":true,"href":"https:\/\/www.tcuido.es\/en\/wp-json\/wp\/v2\/product_cat?post=2636"},{"taxonomy":"product_tag","embeddable":true,"href":"https:\/\/www.tcuido.es\/en\/wp-json\/wp\/v2\/product_tag?post=2636"}],"curies":[{"name":"wp","href":"https:\/\/api.w.org\/{rel}","templated":true}]}}