{"id":2645,"date":"2024-07-23T12:46:01","date_gmt":"2024-07-23T12:46:01","guid":{"rendered":"https:\/\/www.tcuido.es\/?post_type=product&#038;p=2645"},"modified":"2025-09-23T17:28:39","modified_gmt":"2025-09-23T17:28:39","slug":"silla-de-ruedas-plegable-y-ligera-para-ancianos-ancho-asiento-43-cm-sillas-de-ruedas-para-personas-mayores","status":"publish","type":"product","link":"https:\/\/www.tcuido.es\/en\/product\/silla-de-ruedas-plegable-y-ligera-para-ancianos-ancho-asiento-43-cm-sillas-de-ruedas-para-personas-mayores\/","title":{"rendered":"Lightweight folding wheelchair for elderly (seat width 43cm), wheelchairs for seniors"},"content":{"rendered":"<p><span style=\"color: #97bf0d;\"><strong>CHARACTERISTICS<\/strong><\/span><\/p>\n<ul>\n<li>LARGE WHEELS: Its solid polyurethane wheels stand out for their large size, as well as their rough design that allows for greater grip, avoiding possible slipping. With use, the front wheels can loosen, so the chair itself includes a fixed wrench that helps to tighten them again.<\/li>\n<li>FOLDABLE: In addition to its folding armrests that facilitate better transfer of the user, it has removable, height-adjustable footrests and a quick folding system. Thanks to its small dimensions once folded (27 x 70 x 91 cm), this wheelchair can be easily stored and transported.<\/li>\n<li>COMFORTABLE: In addition to its folding armrests that facilitate better transfer of the user, it has removable, height-adjustable footrests and a quick folding system. Thanks to its small dimensions once folded (29 x 80 x 92 cm), this wheelchair can be easily stored and transported.<\/li>\n<li>SAFE: The locking brake system activated by fully pushing the rear lever completely immobilizes the wheelchair. In addition, its structure is made of steel which makes it more resistant and it has a safety belt that offers greater support to the user. Maximum user weight: 113 kg.<\/li>\n<li>PRACTICAL: Helps transport people with mobility problems, elderly people or dependent people who have to use a wheelchair permanently or temporarily. It is designed so that the user can be transported by a third person with sufficient strength to be able to push the chair safely.<\/li>\n<\/ul>\n<p>&nbsp;<\/p>\n<p><strong><span style=\"color: #97bf0d;\">TECHNICAL DETAILS<\/span><\/strong><\/p>\n<ul>\n<li>Overall dimensions: 91 x 58.5 x 100 cm<\/li>\n<li>Folded dimensions: 91 x 27 x 70 cm<\/li>\n<li>Seat dimensions: 43 x 40 cm<\/li>\n<li>Wheelchair Weight: 15 kg<\/li>\n<li>Maximum User Weight: 113 kg<\/li>\n<li>Wheel diameter: Front: \u00d8 20 cm. Rear: \u00d8 30 cm<\/li>\n<\/ul>\n<p>&nbsp;<\/p>\n<p><strong><span style=\"color: #97bf0d;\">ADDITIONAL INFORMATION<\/span><\/strong><\/p>\n<ul>\n<li>Material: Steel<\/li>\n<li>Folding Armrest: Yes<\/li>\n<li>Folding Footrest: Yes<\/li>\n<li>Back pocket: Yes<\/li>\n<li>Seat belt: Yes<\/li>\n<\/ul>","protected":false},"excerpt":{"rendered":"<p><span style=\"color: #97bf0d;\"><strong>WIDE WHEELS<\/strong><\/span><\/p>\n<p>The transport wheelchair features wide front and rear wheels to overcome obstacles. The brakes are also easily accessible. For easier transport, there are two levers at the back so you can lift the chair effortlessly.<\/p>\n<p><strong><span style=\"color: #97bf0d;\">FOLDABLE ARMREST AND FOOTREST<\/span><\/strong><\/p>\n<p>For a better transfer, both the armrests and the footrests are foldable and facilitate the entry and exit of the user. The footrests have a strap to hold the foot by the heel and are adjustable in height. The key for adjustment is included.<\/p>\n<p><strong><span style=\"color: #97bf0d;\">SAFETY AND STORAGE CAPACITY<\/span><\/strong><\/p>\n<p>The features of this wheelchair include a belt for greater safety when holding the user and a pocket on the back to store small objects.<\/p>\n<p><strong><span style=\"color: #97bf0d;\">FOLDING<\/span><\/strong><\/p>\n<p>The wheelchair can be easily folded, reducing its dimensions (91 x 27 x 70 cm) for easy transport or storage when not in use.<\/p>","protected":false},"featured_media":2647,"template":"","meta":{"inline_featured_image":false},"product_brand":[],"product_cat":[21,25],"product_tag":[36],"class_list":{"0":"post-2645","1":"product","2":"type-product","3":"status-publish","4":"has-post-thumbnail","6":"product_cat-movilidad","7":"product_cat-sillas-de-ruedas","8":"product_tag-kmina","10":"first","11":"instock","12":"taxable","13":"shipping-taxable","14":"purchasable","15":"product-type-simple"},"yoast_head":"<!-- This site is optimized with the Yoast SEO Premium plugin v22.6 (Yoast SEO v27.1.1) - https:\/\/yoast.com\/product\/yoast-seo-premium-wordpress\/ -->\n<title>Silla de ruedas plegable y ligera para ancianos (ancho asiento 43 cm), sillas de ruedas para personas mayores - Tcuido<\/title>\n<meta name=\"robots\" content=\"index, follow, max-snippet:-1, max-image-preview:large, max-video-preview:-1\" \/>\n<link rel=\"canonical\" href=\"https:\/\/www.tcuido.es\/en\/product\/silla-de-ruedas-plegable-y-ligera-para-ancianos-ancho-asiento-43-cm-sillas-de-ruedas-para-personas-mayores\/\" \/>\n<meta property=\"og:locale\" content=\"en_GB\" \/>\n<meta property=\"og:type\" content=\"article\" \/>\n<meta property=\"og:title\" content=\"Silla de ruedas plegable y ligera para ancianos (ancho asiento 43 cm), sillas de ruedas para personas mayores\" \/>\n<meta property=\"og:description\" content=\"RUEDAS ANCHAS  La silla de ruedas de transporte cuenta con ruedas anchas delanteras y traseras para sortear obst\u00e1culos. Adem\u00e1s, los frenos son f\u00e1cilmente alcanzables. Para un mejor transporte, dispone de dos palancas en la parte trasera para poder levantar la silla sin esfuerzo.  REPOSABRAZOS Y REPOSAPI\u00c9S ABATIBLE  Para una mejor transferencia, tanto los reposabrazos como los reposapi\u00e9s son abatibles y facilitan la entrada y salida del usuario. Los reposapi\u00e9s cuentan con una cinta para sujetar el pie por el tal\u00f3n y son ajustables en altura. La llave para ajustar va incluida.  SEGURA Y CAPACIDAD DE ALMACENAJE  Entre las prestaciones de esta silla de ruedas se encuentran un cintur\u00f3n para mayor seguridad en la sujeci\u00f3n del usuario y un bolsillo en la parte trasera para poder almacenar peque\u00f1os objetos.  PLEGABLE  La silla de ruedas puede plegarse f\u00e1cilmente, reduciendo as\u00ed sus dimensiones (91 x 27 x 70 cm) para facilitar su transporte o almacenaje cuando no se est\u00e9 utilizando.\" \/>\n<meta property=\"og:url\" content=\"https:\/\/www.tcuido.es\/en\/product\/silla-de-ruedas-plegable-y-ligera-para-ancianos-ancho-asiento-43-cm-sillas-de-ruedas-para-personas-mayores\/\" \/>\n<meta property=\"og:site_name\" content=\"Tcuido\" \/>\n<meta property=\"article:modified_time\" content=\"2025-09-23T17:28:39+00:00\" \/>\n<meta property=\"og:image\" content=\"https:\/\/www.tcuido.es\/wp-content\/uploads\/2024\/07\/C01-P04_01_silla-ruedas-plegable_1.webp\" \/>\n\t<meta property=\"og:image:width\" content=\"869\" \/>\n\t<meta property=\"og:image:height\" content=\"869\" \/>\n\t<meta property=\"og:image:type\" content=\"image\/webp\" \/>\n<meta name=\"twitter:card\" content=\"summary_large_image\" \/>\n<meta name=\"twitter:label1\" content=\"Estimated reading time\" \/>\n\t<meta name=\"twitter:data1\" content=\"2 minutes\" \/>\n<script type=\"application\/ld+json\" class=\"yoast-schema-graph\">{\"@context\":\"https:\/\/schema.org\",\"@graph\":[{\"@type\":\"WebPage\",\"@id\":\"https:\/\/www.tcuido.es\/producto\/silla-de-ruedas-plegable-y-ligera-para-ancianos-ancho-asiento-43-cm-sillas-de-ruedas-para-personas-mayores\/\",\"url\":\"https:\/\/www.tcuido.es\/producto\/silla-de-ruedas-plegable-y-ligera-para-ancianos-ancho-asiento-43-cm-sillas-de-ruedas-para-personas-mayores\/\",\"name\":\"Silla de ruedas plegable y ligera para ancianos (ancho asiento 43 cm), sillas de ruedas para personas mayores - Tcuido\",\"isPartOf\":{\"@id\":\"https:\/\/www.tcuido.es\/#website\"},\"primaryImageOfPage\":{\"@id\":\"https:\/\/www.tcuido.es\/producto\/silla-de-ruedas-plegable-y-ligera-para-ancianos-ancho-asiento-43-cm-sillas-de-ruedas-para-personas-mayores\/#primaryimage\"},\"image\":{\"@id\":\"https:\/\/www.tcuido.es\/producto\/silla-de-ruedas-plegable-y-ligera-para-ancianos-ancho-asiento-43-cm-sillas-de-ruedas-para-personas-mayores\/#primaryimage\"},\"thumbnailUrl\":\"https:\/\/www.tcuido.es\/wp-content\/uploads\/2024\/07\/C01-P04_01_silla-ruedas-plegable_1.webp\",\"datePublished\":\"2024-07-23T12:46:01+00:00\",\"dateModified\":\"2025-09-23T17:28:39+00:00\",\"breadcrumb\":{\"@id\":\"https:\/\/www.tcuido.es\/producto\/silla-de-ruedas-plegable-y-ligera-para-ancianos-ancho-asiento-43-cm-sillas-de-ruedas-para-personas-mayores\/#breadcrumb\"},\"inLanguage\":\"en-GB\",\"potentialAction\":[{\"@type\":\"ReadAction\",\"target\":[\"https:\/\/www.tcuido.es\/producto\/silla-de-ruedas-plegable-y-ligera-para-ancianos-ancho-asiento-43-cm-sillas-de-ruedas-para-personas-mayores\/\"]}]},{\"@type\":\"ImageObject\",\"inLanguage\":\"en-GB\",\"@id\":\"https:\/\/www.tcuido.es\/producto\/silla-de-ruedas-plegable-y-ligera-para-ancianos-ancho-asiento-43-cm-sillas-de-ruedas-para-personas-mayores\/#primaryimage\",\"url\":\"https:\/\/www.tcuido.es\/wp-content\/uploads\/2024\/07\/C01-P04_01_silla-ruedas-plegable_1.webp\",\"contentUrl\":\"https:\/\/www.tcuido.es\/wp-content\/uploads\/2024\/07\/C01-P04_01_silla-ruedas-plegable_1.webp\",\"width\":869,\"height\":869},{\"@type\":\"BreadcrumbList\",\"@id\":\"https:\/\/www.tcuido.es\/producto\/silla-de-ruedas-plegable-y-ligera-para-ancianos-ancho-asiento-43-cm-sillas-de-ruedas-para-personas-mayores\/#breadcrumb\",\"itemListElement\":[{\"@type\":\"ListItem\",\"position\":1,\"name\":\"Inicio\",\"item\":\"https:\/\/www.tcuido.es\/\"},{\"@type\":\"ListItem\",\"position\":2,\"name\":\"Tienda\",\"item\":\"https:\/\/www.tcuido.es\/tienda\/\"},{\"@type\":\"ListItem\",\"position\":3,\"name\":\"Silla de ruedas plegable y ligera para ancianos (ancho asiento 43 cm), sillas de ruedas para personas mayores\"}]},{\"@type\":\"WebSite\",\"@id\":\"https:\/\/www.tcuido.es\/#website\",\"url\":\"https:\/\/www.tcuido.es\/\",\"name\":\"Tcuido\",\"description\":\"Servicios Integrales a la Dependencia\",\"publisher\":{\"@id\":\"https:\/\/www.tcuido.es\/#organization\"},\"potentialAction\":[{\"@type\":\"SearchAction\",\"target\":{\"@type\":\"EntryPoint\",\"urlTemplate\":\"https:\/\/www.tcuido.es\/?s={search_term_string}\"},\"query-input\":{\"@type\":\"PropertyValueSpecification\",\"valueRequired\":true,\"valueName\":\"search_term_string\"}}],\"inLanguage\":\"en-GB\"},{\"@type\":\"Organization\",\"@id\":\"https:\/\/www.tcuido.es\/#organization\",\"name\":\"Tcuido Servicios Integrales a la Dependencia\",\"url\":\"https:\/\/www.tcuido.es\/\",\"logo\":{\"@type\":\"ImageObject\",\"inLanguage\":\"en-GB\",\"@id\":\"https:\/\/www.tcuido.es\/#\/schema\/logo\/image\/\",\"url\":\"https:\/\/www.tcuido.es\/wp-content\/uploads\/2024\/03\/TCUIDO-facturas.png\",\"contentUrl\":\"https:\/\/www.tcuido.es\/wp-content\/uploads\/2024\/03\/TCUIDO-facturas.png\",\"width\":1600,\"height\":361,\"caption\":\"Tcuido Servicios Integrales a la Dependencia\"},\"image\":{\"@id\":\"https:\/\/www.tcuido.es\/#\/schema\/logo\/image\/\"}}]}<\/script>\n<!-- \/ Yoast SEO Premium plugin. -->","yoast_head_json":{"title":"Silla de ruedas plegable y ligera para ancianos (ancho asiento 43 cm), sillas de ruedas para personas mayores - Tcuido","robots":{"index":"index","follow":"follow","max-snippet":"max-snippet:-1","max-image-preview":"max-image-preview:large","max-video-preview":"max-video-preview:-1"},"canonical":"https:\/\/www.tcuido.es\/en\/product\/silla-de-ruedas-plegable-y-ligera-para-ancianos-ancho-asiento-43-cm-sillas-de-ruedas-para-personas-mayores\/","og_locale":"en_GB","og_type":"article","og_title":"Silla de ruedas plegable y ligera para ancianos (ancho asiento 43 cm), sillas de ruedas para personas mayores","og_description":"RUEDAS ANCHAS  La silla de ruedas de transporte cuenta con ruedas anchas delanteras y traseras para sortear obst\u00e1culos. Adem\u00e1s, los frenos son f\u00e1cilmente alcanzables. Para un mejor transporte, dispone de dos palancas en la parte trasera para poder levantar la silla sin esfuerzo.  REPOSABRAZOS Y REPOSAPI\u00c9S ABATIBLE  Para una mejor transferencia, tanto los reposabrazos como los reposapi\u00e9s son abatibles y facilitan la entrada y salida del usuario. Los reposapi\u00e9s cuentan con una cinta para sujetar el pie por el tal\u00f3n y son ajustables en altura. La llave para ajustar va incluida.  SEGURA Y CAPACIDAD DE ALMACENAJE  Entre las prestaciones de esta silla de ruedas se encuentran un cintur\u00f3n para mayor seguridad en la sujeci\u00f3n del usuario y un bolsillo en la parte trasera para poder almacenar peque\u00f1os objetos.  PLEGABLE  La silla de ruedas puede plegarse f\u00e1cilmente, reduciendo as\u00ed sus dimensiones (91 x 27 x 70 cm) para facilitar su transporte o almacenaje cuando no se est\u00e9 utilizando.","og_url":"https:\/\/www.tcuido.es\/en\/product\/silla-de-ruedas-plegable-y-ligera-para-ancianos-ancho-asiento-43-cm-sillas-de-ruedas-para-personas-mayores\/","og_site_name":"Tcuido","article_modified_time":"2025-09-23T17:28:39+00:00","og_image":[{"width":869,"height":869,"url":"https:\/\/www.tcuido.es\/wp-content\/uploads\/2024\/07\/C01-P04_01_silla-ruedas-plegable_1.webp","type":"image\/webp"}],"twitter_card":"summary_large_image","twitter_misc":{"Estimated reading time":"2 minutes"},"schema":{"@context":"https:\/\/schema.org","@graph":[{"@type":"WebPage","@id":"https:\/\/www.tcuido.es\/producto\/silla-de-ruedas-plegable-y-ligera-para-ancianos-ancho-asiento-43-cm-sillas-de-ruedas-para-personas-mayores\/","url":"https:\/\/www.tcuido.es\/producto\/silla-de-ruedas-plegable-y-ligera-para-ancianos-ancho-asiento-43-cm-sillas-de-ruedas-para-personas-mayores\/","name":"Silla de ruedas plegable y ligera para ancianos (ancho asiento 43 cm), sillas de ruedas para personas mayores - Tcuido","isPartOf":{"@id":"https:\/\/www.tcuido.es\/#website"},"primaryImageOfPage":{"@id":"https:\/\/www.tcuido.es\/producto\/silla-de-ruedas-plegable-y-ligera-para-ancianos-ancho-asiento-43-cm-sillas-de-ruedas-para-personas-mayores\/#primaryimage"},"image":{"@id":"https:\/\/www.tcuido.es\/producto\/silla-de-ruedas-plegable-y-ligera-para-ancianos-ancho-asiento-43-cm-sillas-de-ruedas-para-personas-mayores\/#primaryimage"},"thumbnailUrl":"https:\/\/www.tcuido.es\/wp-content\/uploads\/2024\/07\/C01-P04_01_silla-ruedas-plegable_1.webp","datePublished":"2024-07-23T12:46:01+00:00","dateModified":"2025-09-23T17:28:39+00:00","breadcrumb":{"@id":"https:\/\/www.tcuido.es\/producto\/silla-de-ruedas-plegable-y-ligera-para-ancianos-ancho-asiento-43-cm-sillas-de-ruedas-para-personas-mayores\/#breadcrumb"},"inLanguage":"en-GB","potentialAction":[{"@type":"ReadAction","target":["https:\/\/www.tcuido.es\/producto\/silla-de-ruedas-plegable-y-ligera-para-ancianos-ancho-asiento-43-cm-sillas-de-ruedas-para-personas-mayores\/"]}]},{"@type":"ImageObject","inLanguage":"en-GB","@id":"https:\/\/www.tcuido.es\/producto\/silla-de-ruedas-plegable-y-ligera-para-ancianos-ancho-asiento-43-cm-sillas-de-ruedas-para-personas-mayores\/#primaryimage","url":"https:\/\/www.tcuido.es\/wp-content\/uploads\/2024\/07\/C01-P04_01_silla-ruedas-plegable_1.webp","contentUrl":"https:\/\/www.tcuido.es\/wp-content\/uploads\/2024\/07\/C01-P04_01_silla-ruedas-plegable_1.webp","width":869,"height":869},{"@type":"BreadcrumbList","@id":"https:\/\/www.tcuido.es\/producto\/silla-de-ruedas-plegable-y-ligera-para-ancianos-ancho-asiento-43-cm-sillas-de-ruedas-para-personas-mayores\/#breadcrumb","itemListElement":[{"@type":"ListItem","position":1,"name":"Inicio","item":"https:\/\/www.tcuido.es\/"},{"@type":"ListItem","position":2,"name":"Tienda","item":"https:\/\/www.tcuido.es\/tienda\/"},{"@type":"ListItem","position":3,"name":"Silla de ruedas plegable y ligera para ancianos (ancho asiento 43 cm), sillas de ruedas para personas mayores"}]},{"@type":"WebSite","@id":"https:\/\/www.tcuido.es\/#website","url":"https:\/\/www.tcuido.es\/","name":"I take care","description":"Comprehensive Dependency Services","publisher":{"@id":"https:\/\/www.tcuido.es\/#organization"},"potentialAction":[{"@type":"SearchAction","target":{"@type":"EntryPoint","urlTemplate":"https:\/\/www.tcuido.es\/?s={search_term_string}"},"query-input":{"@type":"PropertyValueSpecification","valueRequired":true,"valueName":"search_term_string"}}],"inLanguage":"en-GB"},{"@type":"Organization","@id":"https:\/\/www.tcuido.es\/#organization","name":"Tcuido Comprehensive Dependency Services","url":"https:\/\/www.tcuido.es\/","logo":{"@type":"ImageObject","inLanguage":"en-GB","@id":"https:\/\/www.tcuido.es\/#\/schema\/logo\/image\/","url":"https:\/\/www.tcuido.es\/wp-content\/uploads\/2024\/03\/TCUIDO-facturas.png","contentUrl":"https:\/\/www.tcuido.es\/wp-content\/uploads\/2024\/03\/TCUIDO-facturas.png","width":1600,"height":361,"caption":"Tcuido Servicios Integrales a la Dependencia"},"image":{"@id":"https:\/\/www.tcuido.es\/#\/schema\/logo\/image\/"}}]}},"_links":{"self":[{"href":"https:\/\/www.tcuido.es\/en\/wp-json\/wp\/v2\/product\/2645","targetHints":{"allow":["GET"]}}],"collection":[{"href":"https:\/\/www.tcuido.es\/en\/wp-json\/wp\/v2\/product"}],"about":[{"href":"https:\/\/www.tcuido.es\/en\/wp-json\/wp\/v2\/types\/product"}],"wp:featuredmedia":[{"embeddable":true,"href":"https:\/\/www.tcuido.es\/en\/wp-json\/wp\/v2\/media\/2647"}],"wp:attachment":[{"href":"https:\/\/www.tcuido.es\/en\/wp-json\/wp\/v2\/media?parent=2645"}],"wp:term":[{"taxonomy":"product_brand","embeddable":true,"href":"https:\/\/www.tcuido.es\/en\/wp-json\/wp\/v2\/product_brand?post=2645"},{"taxonomy":"product_cat","embeddable":true,"href":"https:\/\/www.tcuido.es\/en\/wp-json\/wp\/v2\/product_cat?post=2645"},{"taxonomy":"product_tag","embeddable":true,"href":"https:\/\/www.tcuido.es\/en\/wp-json\/wp\/v2\/product_tag?post=2645"}],"curies":[{"name":"wp","href":"https:\/\/api.w.org\/{rel}","templated":true}]}}