{"id":2732,"date":"2024-07-23T14:56:19","date_gmt":"2024-07-23T14:56:19","guid":{"rendered":"https:\/\/www.tcuido.es\/?post_type=product&#038;p=2732"},"modified":"2025-09-23T17:28:31","modified_gmt":"2025-09-23T17:28:31","slug":"mesa-adaptada-para-silla-de-ruedas-mesa-auxiliar-geriatrica-para-silla-de-ruedas","status":"publish","type":"product","link":"https:\/\/www.tcuido.es\/en\/product\/mesa-adaptada-para-silla-de-ruedas-mesa-auxiliar-geriatrica-para-silla-de-ruedas\/","title":{"rendered":"Wheelchair accessible table, geriatric wheelchair side table"},"content":{"rendered":"<ul>\n<li><strong>DOUBLE FUNCTIONAL TABLE: <\/strong>The double side table is<strong>\u00a0Designed to make everyday life easier<\/strong>\u00a0for wheelchair users. It has two sturdy wooden boards 90 cm wide, ideal for reading and writing, using the computer or eating.<\/li>\n<li><strong>ADJUSTABLE HEIGHT:<\/strong>\u00a0The height of the wheelchair side table is\u00a0<strong>individually height adjustable<\/strong>\u00a0(61-85 cm) allowing the patient and their companion to adapt comfortably.<\/li>\n<li><strong>SAFE AND STABLE: <\/strong>The side table is\u00a0<strong>easy to move<\/strong>\u00a0and has locking brakes on all 4 wheels to provide greater safety and stability during use. In addition, its steel structure and wooden boards provide strength and durability to the table.\u00a0<strong>Maximum supported weight: 25 kg.<\/strong><\/li>\n<li><strong>EASY TO ASSEMBLE: <\/strong>The table for older people is\u00a0<strong>easy to assemble<\/strong>\u00a0thanks to its instruction manual that indicates each step to follow. In addition, all the tools necessary for assembly are included.<\/li>\n<li><strong>RECOMMENDED FOR: <\/strong>Elderly people, pregnant women and people with limited mobility or wheelchair users.<strong>\u00a0Perfect for both home use and for hospitals and medical clinics.<\/strong><\/li>\n<\/ul>","protected":false},"excerpt":{"rendered":"<p>DOBLE MESA FUNCIONAL: La mesa auxiliar doble est\u00e1\u00a0dise\u00f1ada para facilitar el d\u00eda a d\u00eda\u00a0de pacientes usuarios de silla de ruedas. Cuenta con dos tablas robustas de madera de 90 cm de ancho, ideales para leer y escribir, usar el ordenador o comer. REGULABLE EN ALTURA:\u00a0La altura de la mesa auxiliar para silla de ruedas es\u00a0regulable [&hellip;]<\/p>\n","protected":false},"featured_media":2737,"template":"","meta":{"inline_featured_image":false},"product_brand":[],"product_cat":[34,33],"product_tag":[36],"class_list":{"0":"post-2732","1":"product","2":"type-product","3":"status-publish","4":"has-post-thumbnail","6":"product_cat-mesas-auxiliares","7":"product_cat-vida-diaria","8":"product_tag-kmina","10":"first","11":"instock","12":"taxable","13":"shipping-taxable","14":"purchasable","15":"product-type-simple"},"yoast_head":"<!-- This site is optimized with the Yoast SEO Premium plugin v22.6 (Yoast SEO v27.1.1) - https:\/\/yoast.com\/product\/yoast-seo-premium-wordpress\/ -->\n<title>Mesa adaptada para silla de ruedas, mesa auxiliar geri\u00e1trica para silla de ruedas - Tcuido<\/title>\n<meta name=\"robots\" content=\"index, follow, max-snippet:-1, max-image-preview:large, max-video-preview:-1\" \/>\n<link rel=\"canonical\" href=\"https:\/\/www.tcuido.es\/en\/product\/mesa-adaptada-para-silla-de-ruedas-mesa-auxiliar-geriatrica-para-silla-de-ruedas\/\" \/>\n<meta property=\"og:locale\" content=\"en_GB\" \/>\n<meta property=\"og:type\" content=\"article\" \/>\n<meta property=\"og:title\" content=\"Mesa adaptada para silla de ruedas, mesa auxiliar geri\u00e1trica para silla de ruedas\" \/>\n<meta property=\"og:description\" content=\"DOBLE MESA FUNCIONAL: La mesa auxiliar doble est\u00e1\u00a0dise\u00f1ada para facilitar el d\u00eda a d\u00eda\u00a0de pacientes usuarios de silla de ruedas. Cuenta con dos tablas robustas de madera de 90 cm de ancho, ideales para leer y escribir, usar el ordenador o comer. REGULABLE EN ALTURA:\u00a0La altura de la mesa auxiliar para silla de ruedas es\u00a0regulable [&hellip;]\" \/>\n<meta property=\"og:url\" content=\"https:\/\/www.tcuido.es\/en\/product\/mesa-adaptada-para-silla-de-ruedas-mesa-auxiliar-geriatrica-para-silla-de-ruedas\/\" \/>\n<meta property=\"og:site_name\" content=\"Tcuido\" \/>\n<meta property=\"article:modified_time\" content=\"2025-09-23T17:28:31+00:00\" \/>\n<meta property=\"og:image\" content=\"https:\/\/www.tcuido.es\/wp-content\/uploads\/2024\/07\/C03-P01_01_mesa-adaptada-silla_1.webp\" \/>\n\t<meta property=\"og:image:width\" content=\"869\" \/>\n\t<meta property=\"og:image:height\" content=\"869\" \/>\n\t<meta property=\"og:image:type\" content=\"image\/webp\" \/>\n<meta name=\"twitter:card\" content=\"summary_large_image\" \/>\n<meta name=\"twitter:label1\" content=\"Estimated reading time\" \/>\n\t<meta name=\"twitter:data1\" content=\"2 minutes\" \/>\n<script type=\"application\/ld+json\" class=\"yoast-schema-graph\">{\"@context\":\"https:\/\/schema.org\",\"@graph\":[{\"@type\":\"WebPage\",\"@id\":\"https:\/\/www.tcuido.es\/producto\/mesa-adaptada-para-silla-de-ruedas-mesa-auxiliar-geriatrica-para-silla-de-ruedas\/\",\"url\":\"https:\/\/www.tcuido.es\/producto\/mesa-adaptada-para-silla-de-ruedas-mesa-auxiliar-geriatrica-para-silla-de-ruedas\/\",\"name\":\"Mesa adaptada para silla de ruedas, mesa auxiliar geri\u00e1trica para silla de ruedas - Tcuido\",\"isPartOf\":{\"@id\":\"https:\/\/www.tcuido.es\/#website\"},\"primaryImageOfPage\":{\"@id\":\"https:\/\/www.tcuido.es\/producto\/mesa-adaptada-para-silla-de-ruedas-mesa-auxiliar-geriatrica-para-silla-de-ruedas\/#primaryimage\"},\"image\":{\"@id\":\"https:\/\/www.tcuido.es\/producto\/mesa-adaptada-para-silla-de-ruedas-mesa-auxiliar-geriatrica-para-silla-de-ruedas\/#primaryimage\"},\"thumbnailUrl\":\"https:\/\/www.tcuido.es\/wp-content\/uploads\/2024\/07\/C03-P01_01_mesa-adaptada-silla_1.webp\",\"datePublished\":\"2024-07-23T14:56:19+00:00\",\"dateModified\":\"2025-09-23T17:28:31+00:00\",\"breadcrumb\":{\"@id\":\"https:\/\/www.tcuido.es\/producto\/mesa-adaptada-para-silla-de-ruedas-mesa-auxiliar-geriatrica-para-silla-de-ruedas\/#breadcrumb\"},\"inLanguage\":\"en-GB\",\"potentialAction\":[{\"@type\":\"ReadAction\",\"target\":[\"https:\/\/www.tcuido.es\/producto\/mesa-adaptada-para-silla-de-ruedas-mesa-auxiliar-geriatrica-para-silla-de-ruedas\/\"]}]},{\"@type\":\"ImageObject\",\"inLanguage\":\"en-GB\",\"@id\":\"https:\/\/www.tcuido.es\/producto\/mesa-adaptada-para-silla-de-ruedas-mesa-auxiliar-geriatrica-para-silla-de-ruedas\/#primaryimage\",\"url\":\"https:\/\/www.tcuido.es\/wp-content\/uploads\/2024\/07\/C03-P01_01_mesa-adaptada-silla_1.webp\",\"contentUrl\":\"https:\/\/www.tcuido.es\/wp-content\/uploads\/2024\/07\/C03-P01_01_mesa-adaptada-silla_1.webp\",\"width\":869,\"height\":869},{\"@type\":\"BreadcrumbList\",\"@id\":\"https:\/\/www.tcuido.es\/producto\/mesa-adaptada-para-silla-de-ruedas-mesa-auxiliar-geriatrica-para-silla-de-ruedas\/#breadcrumb\",\"itemListElement\":[{\"@type\":\"ListItem\",\"position\":1,\"name\":\"Inicio\",\"item\":\"https:\/\/www.tcuido.es\/\"},{\"@type\":\"ListItem\",\"position\":2,\"name\":\"Tienda\",\"item\":\"https:\/\/www.tcuido.es\/tienda\/\"},{\"@type\":\"ListItem\",\"position\":3,\"name\":\"Mesa adaptada para silla de ruedas, mesa auxiliar geri\u00e1trica para silla de ruedas\"}]},{\"@type\":\"WebSite\",\"@id\":\"https:\/\/www.tcuido.es\/#website\",\"url\":\"https:\/\/www.tcuido.es\/\",\"name\":\"Tcuido\",\"description\":\"Servicios Integrales a la Dependencia\",\"publisher\":{\"@id\":\"https:\/\/www.tcuido.es\/#organization\"},\"potentialAction\":[{\"@type\":\"SearchAction\",\"target\":{\"@type\":\"EntryPoint\",\"urlTemplate\":\"https:\/\/www.tcuido.es\/?s={search_term_string}\"},\"query-input\":{\"@type\":\"PropertyValueSpecification\",\"valueRequired\":true,\"valueName\":\"search_term_string\"}}],\"inLanguage\":\"en-GB\"},{\"@type\":\"Organization\",\"@id\":\"https:\/\/www.tcuido.es\/#organization\",\"name\":\"Tcuido Servicios Integrales a la Dependencia\",\"url\":\"https:\/\/www.tcuido.es\/\",\"logo\":{\"@type\":\"ImageObject\",\"inLanguage\":\"en-GB\",\"@id\":\"https:\/\/www.tcuido.es\/#\/schema\/logo\/image\/\",\"url\":\"https:\/\/www.tcuido.es\/wp-content\/uploads\/2024\/03\/TCUIDO-facturas.png\",\"contentUrl\":\"https:\/\/www.tcuido.es\/wp-content\/uploads\/2024\/03\/TCUIDO-facturas.png\",\"width\":1600,\"height\":361,\"caption\":\"Tcuido Servicios Integrales a la Dependencia\"},\"image\":{\"@id\":\"https:\/\/www.tcuido.es\/#\/schema\/logo\/image\/\"}}]}<\/script>\n<!-- \/ Yoast SEO Premium plugin. -->","yoast_head_json":{"title":"Mesa adaptada para silla de ruedas, mesa auxiliar geri\u00e1trica para silla de ruedas - Tcuido","robots":{"index":"index","follow":"follow","max-snippet":"max-snippet:-1","max-image-preview":"max-image-preview:large","max-video-preview":"max-video-preview:-1"},"canonical":"https:\/\/www.tcuido.es\/en\/product\/mesa-adaptada-para-silla-de-ruedas-mesa-auxiliar-geriatrica-para-silla-de-ruedas\/","og_locale":"en_GB","og_type":"article","og_title":"Mesa adaptada para silla de ruedas, mesa auxiliar geri\u00e1trica para silla de ruedas","og_description":"DOBLE MESA FUNCIONAL: La mesa auxiliar doble est\u00e1\u00a0dise\u00f1ada para facilitar el d\u00eda a d\u00eda\u00a0de pacientes usuarios de silla de ruedas. Cuenta con dos tablas robustas de madera de 90 cm de ancho, ideales para leer y escribir, usar el ordenador o comer. REGULABLE EN ALTURA:\u00a0La altura de la mesa auxiliar para silla de ruedas es\u00a0regulable [&hellip;]","og_url":"https:\/\/www.tcuido.es\/en\/product\/mesa-adaptada-para-silla-de-ruedas-mesa-auxiliar-geriatrica-para-silla-de-ruedas\/","og_site_name":"Tcuido","article_modified_time":"2025-09-23T17:28:31+00:00","og_image":[{"width":869,"height":869,"url":"https:\/\/www.tcuido.es\/wp-content\/uploads\/2024\/07\/C03-P01_01_mesa-adaptada-silla_1.webp","type":"image\/webp"}],"twitter_card":"summary_large_image","twitter_misc":{"Estimated reading time":"2 minutes"},"schema":{"@context":"https:\/\/schema.org","@graph":[{"@type":"WebPage","@id":"https:\/\/www.tcuido.es\/producto\/mesa-adaptada-para-silla-de-ruedas-mesa-auxiliar-geriatrica-para-silla-de-ruedas\/","url":"https:\/\/www.tcuido.es\/producto\/mesa-adaptada-para-silla-de-ruedas-mesa-auxiliar-geriatrica-para-silla-de-ruedas\/","name":"Mesa adaptada para silla de ruedas, mesa auxiliar geri\u00e1trica para silla de ruedas - Tcuido","isPartOf":{"@id":"https:\/\/www.tcuido.es\/#website"},"primaryImageOfPage":{"@id":"https:\/\/www.tcuido.es\/producto\/mesa-adaptada-para-silla-de-ruedas-mesa-auxiliar-geriatrica-para-silla-de-ruedas\/#primaryimage"},"image":{"@id":"https:\/\/www.tcuido.es\/producto\/mesa-adaptada-para-silla-de-ruedas-mesa-auxiliar-geriatrica-para-silla-de-ruedas\/#primaryimage"},"thumbnailUrl":"https:\/\/www.tcuido.es\/wp-content\/uploads\/2024\/07\/C03-P01_01_mesa-adaptada-silla_1.webp","datePublished":"2024-07-23T14:56:19+00:00","dateModified":"2025-09-23T17:28:31+00:00","breadcrumb":{"@id":"https:\/\/www.tcuido.es\/producto\/mesa-adaptada-para-silla-de-ruedas-mesa-auxiliar-geriatrica-para-silla-de-ruedas\/#breadcrumb"},"inLanguage":"en-GB","potentialAction":[{"@type":"ReadAction","target":["https:\/\/www.tcuido.es\/producto\/mesa-adaptada-para-silla-de-ruedas-mesa-auxiliar-geriatrica-para-silla-de-ruedas\/"]}]},{"@type":"ImageObject","inLanguage":"en-GB","@id":"https:\/\/www.tcuido.es\/producto\/mesa-adaptada-para-silla-de-ruedas-mesa-auxiliar-geriatrica-para-silla-de-ruedas\/#primaryimage","url":"https:\/\/www.tcuido.es\/wp-content\/uploads\/2024\/07\/C03-P01_01_mesa-adaptada-silla_1.webp","contentUrl":"https:\/\/www.tcuido.es\/wp-content\/uploads\/2024\/07\/C03-P01_01_mesa-adaptada-silla_1.webp","width":869,"height":869},{"@type":"BreadcrumbList","@id":"https:\/\/www.tcuido.es\/producto\/mesa-adaptada-para-silla-de-ruedas-mesa-auxiliar-geriatrica-para-silla-de-ruedas\/#breadcrumb","itemListElement":[{"@type":"ListItem","position":1,"name":"Inicio","item":"https:\/\/www.tcuido.es\/"},{"@type":"ListItem","position":2,"name":"Tienda","item":"https:\/\/www.tcuido.es\/tienda\/"},{"@type":"ListItem","position":3,"name":"Mesa adaptada para silla de ruedas, mesa auxiliar geri\u00e1trica para silla de ruedas"}]},{"@type":"WebSite","@id":"https:\/\/www.tcuido.es\/#website","url":"https:\/\/www.tcuido.es\/","name":"I take care","description":"Comprehensive Dependency Services","publisher":{"@id":"https:\/\/www.tcuido.es\/#organization"},"potentialAction":[{"@type":"SearchAction","target":{"@type":"EntryPoint","urlTemplate":"https:\/\/www.tcuido.es\/?s={search_term_string}"},"query-input":{"@type":"PropertyValueSpecification","valueRequired":true,"valueName":"search_term_string"}}],"inLanguage":"en-GB"},{"@type":"Organization","@id":"https:\/\/www.tcuido.es\/#organization","name":"Tcuido Comprehensive Dependency Services","url":"https:\/\/www.tcuido.es\/","logo":{"@type":"ImageObject","inLanguage":"en-GB","@id":"https:\/\/www.tcuido.es\/#\/schema\/logo\/image\/","url":"https:\/\/www.tcuido.es\/wp-content\/uploads\/2024\/03\/TCUIDO-facturas.png","contentUrl":"https:\/\/www.tcuido.es\/wp-content\/uploads\/2024\/03\/TCUIDO-facturas.png","width":1600,"height":361,"caption":"Tcuido Servicios Integrales a la Dependencia"},"image":{"@id":"https:\/\/www.tcuido.es\/#\/schema\/logo\/image\/"}}]}},"_links":{"self":[{"href":"https:\/\/www.tcuido.es\/en\/wp-json\/wp\/v2\/product\/2732","targetHints":{"allow":["GET"]}}],"collection":[{"href":"https:\/\/www.tcuido.es\/en\/wp-json\/wp\/v2\/product"}],"about":[{"href":"https:\/\/www.tcuido.es\/en\/wp-json\/wp\/v2\/types\/product"}],"wp:featuredmedia":[{"embeddable":true,"href":"https:\/\/www.tcuido.es\/en\/wp-json\/wp\/v2\/media\/2737"}],"wp:attachment":[{"href":"https:\/\/www.tcuido.es\/en\/wp-json\/wp\/v2\/media?parent=2732"}],"wp:term":[{"taxonomy":"product_brand","embeddable":true,"href":"https:\/\/www.tcuido.es\/en\/wp-json\/wp\/v2\/product_brand?post=2732"},{"taxonomy":"product_cat","embeddable":true,"href":"https:\/\/www.tcuido.es\/en\/wp-json\/wp\/v2\/product_cat?post=2732"},{"taxonomy":"product_tag","embeddable":true,"href":"https:\/\/www.tcuido.es\/en\/wp-json\/wp\/v2\/product_tag?post=2732"}],"curies":[{"name":"wp","href":"https:\/\/api.w.org\/{rel}","templated":true}]}}