{"id":2753,"date":"2024-07-23T14:58:05","date_gmt":"2024-07-23T14:58:05","guid":{"rendered":"https:\/\/www.tcuido.es\/?post_type=product&#038;p=2753"},"modified":"2025-09-23T17:28:31","modified_gmt":"2025-09-23T17:28:31","slug":"mesa-auxiliar-para-cama-con-ruedas-mesa-auxiliar-alta-hospital-negra","status":"publish","type":"product","link":"https:\/\/www.tcuido.es\/en\/product\/mesa-auxiliar-para-cama-con-ruedas-mesa-auxiliar-alta-hospital-negra\/","title":{"rendered":"Overbed table with wheels, black hospital tall side table"},"content":{"rendered":"<ul>\n<li><strong>FUNCTIONAL: <\/strong>The side table with wheels is\u00a0<strong>Designed to make everyday life easier<\/strong>\u00a0of bedridden or wheelchair-bound people and can be used in\u00a0<strong>beds, wheelchairs, armchairs or sofas.<\/strong>\u00a0It is adjustable and has a rim that prevents objects from falling and four wheels that make it easy to transport.<\/li>\n<li><strong>MULTIPLE SETTINGS:<\/strong>\u00a0The portable bed table\u00a0<strong>allows easy height adjustment<\/strong>\u00a0(70 \u2013 102 cm), the internal width (51 \u2013 68 cm) and the inclination of the large wooden board (90\u00ba in both directions) with a lever, adapting perfectly to the needs of each user.\u00a0<strong>The small fixed table<\/strong>\u00a0It is perfect for placing drinks, food or small electronic devices while in use.<strong>\u00a0the large table in an inclined manner.<\/strong><\/li>\n<li><strong>SAFE AND STABLE: <\/strong>The side table features\u00a0<strong>4-wheel locking brakes<\/strong>\u00a0to provide greater safety and stability during use. In addition, its steel structure and wooden boards provide strength and durability to the table.\u00a0<strong>Maximum supported weight: 10 kg.<\/strong><\/li>\n<li><strong>\u00a0EASY TO ASSEMBLE:\u00a0<\/strong>The help table for the elderly is<strong>\u00a0easy to assemble<\/strong>\u00a0thanks to its instruction manual that indicates each step to follow. In addition, all the tools necessary for assembly are included.\u00a0<strong>IMPORTANT<\/strong>:\u00a0<strong>Please follow the video instructions carefully when assembling.<\/strong><\/li>\n<li><strong>RECOMMENDED FOR:<\/strong>\u00a0Elderly people, pregnant women and people with limited mobility, bedridden or wheelchair users.<strong>\u00a0Perfect for both home use and for hospitals and medical clinics.<\/strong><\/li>\n<\/ul>","protected":false},"excerpt":{"rendered":"<p>FUNCIONAL: La mesa auxiliar con ruedas est\u00e1\u00a0dise\u00f1ada para facilitar el d\u00eda a d\u00eda\u00a0de personas encamadas o en silla de ruedas y se puede utilizar en\u00a0camas, sillas de ruedas, sillones o sof\u00e1s.\u00a0Es regulable y cuenta con un borde que previene la ca\u00edda de objetos y con cuatro ruedas que facilitan su transporte. M\u00daLTIPLES AJUSTES:\u00a0La mesa cama [&hellip;]<\/p>\n","protected":false},"featured_media":2745,"template":"","meta":{"inline_featured_image":false},"product_brand":[],"product_cat":[34,33],"product_tag":[36],"class_list":{"0":"post-2753","1":"product","2":"type-product","3":"status-publish","4":"has-post-thumbnail","6":"product_cat-mesas-auxiliares","7":"product_cat-vida-diaria","8":"product_tag-kmina","10":"first","11":"instock","12":"taxable","13":"shipping-taxable","14":"purchasable","15":"product-type-simple"},"yoast_head":"<!-- This site is optimized with the Yoast SEO Premium plugin v22.6 (Yoast SEO v27.6) - https:\/\/yoast.com\/product\/yoast-seo-premium-wordpress\/ -->\n<title>Mesa auxiliar para cama con ruedas, mesa auxiliar alta hospital negra - Tcuido<\/title>\n<meta name=\"robots\" content=\"index, follow, max-snippet:-1, max-image-preview:large, max-video-preview:-1\" \/>\n<link rel=\"canonical\" href=\"https:\/\/www.tcuido.es\/en\/product\/mesa-auxiliar-para-cama-con-ruedas-mesa-auxiliar-alta-hospital-negra\/\" \/>\n<meta property=\"og:locale\" content=\"en_GB\" \/>\n<meta property=\"og:type\" content=\"article\" \/>\n<meta property=\"og:title\" content=\"Mesa auxiliar para cama con ruedas, mesa auxiliar alta hospital negra\" \/>\n<meta property=\"og:description\" content=\"FUNCIONAL: La mesa auxiliar con ruedas est\u00e1\u00a0dise\u00f1ada para facilitar el d\u00eda a d\u00eda\u00a0de personas encamadas o en silla de ruedas y se puede utilizar en\u00a0camas, sillas de ruedas, sillones o sof\u00e1s.\u00a0Es regulable y cuenta con un borde que previene la ca\u00edda de objetos y con cuatro ruedas que facilitan su transporte. M\u00daLTIPLES AJUSTES:\u00a0La mesa cama [&hellip;]\" \/>\n<meta property=\"og:url\" content=\"https:\/\/www.tcuido.es\/en\/product\/mesa-auxiliar-para-cama-con-ruedas-mesa-auxiliar-alta-hospital-negra\/\" \/>\n<meta property=\"og:site_name\" content=\"Tcuido\" \/>\n<meta property=\"article:modified_time\" content=\"2025-09-23T17:28:31+00:00\" \/>\n<meta property=\"og:image\" content=\"https:\/\/www.tcuido.es\/wp-content\/uploads\/2024\/07\/C03-P01_02_mesa-cama_1.webp\" \/>\n\t<meta property=\"og:image:width\" content=\"869\" \/>\n\t<meta property=\"og:image:height\" content=\"869\" \/>\n\t<meta property=\"og:image:type\" content=\"image\/webp\" \/>\n<meta name=\"twitter:card\" content=\"summary_large_image\" \/>\n<meta name=\"twitter:label1\" content=\"Estimated reading time\" \/>\n\t<meta name=\"twitter:data1\" content=\"2 minutes\" \/>\n<script type=\"application\/ld+json\" class=\"yoast-schema-graph\">{\"@context\":\"https:\\\/\\\/schema.org\",\"@graph\":[{\"@type\":\"WebPage\",\"@id\":\"https:\\\/\\\/www.tcuido.es\\\/producto\\\/mesa-auxiliar-para-cama-con-ruedas-mesa-auxiliar-alta-hospital-negra\\\/\",\"url\":\"https:\\\/\\\/www.tcuido.es\\\/producto\\\/mesa-auxiliar-para-cama-con-ruedas-mesa-auxiliar-alta-hospital-negra\\\/\",\"name\":\"Mesa auxiliar para cama con ruedas, mesa auxiliar alta hospital negra - Tcuido\",\"isPartOf\":{\"@id\":\"https:\\\/\\\/www.tcuido.es\\\/#website\"},\"primaryImageOfPage\":{\"@id\":\"https:\\\/\\\/www.tcuido.es\\\/producto\\\/mesa-auxiliar-para-cama-con-ruedas-mesa-auxiliar-alta-hospital-negra\\\/#primaryimage\"},\"image\":{\"@id\":\"https:\\\/\\\/www.tcuido.es\\\/producto\\\/mesa-auxiliar-para-cama-con-ruedas-mesa-auxiliar-alta-hospital-negra\\\/#primaryimage\"},\"thumbnailUrl\":\"https:\\\/\\\/www.tcuido.es\\\/wp-content\\\/uploads\\\/2024\\\/07\\\/C03-P01_02_mesa-cama_1.webp\",\"datePublished\":\"2024-07-23T14:58:05+00:00\",\"dateModified\":\"2025-09-23T17:28:31+00:00\",\"breadcrumb\":{\"@id\":\"https:\\\/\\\/www.tcuido.es\\\/producto\\\/mesa-auxiliar-para-cama-con-ruedas-mesa-auxiliar-alta-hospital-negra\\\/#breadcrumb\"},\"inLanguage\":\"en-GB\",\"potentialAction\":[{\"@type\":\"ReadAction\",\"target\":[\"https:\\\/\\\/www.tcuido.es\\\/producto\\\/mesa-auxiliar-para-cama-con-ruedas-mesa-auxiliar-alta-hospital-negra\\\/\"]}]},{\"@type\":\"ImageObject\",\"inLanguage\":\"en-GB\",\"@id\":\"https:\\\/\\\/www.tcuido.es\\\/producto\\\/mesa-auxiliar-para-cama-con-ruedas-mesa-auxiliar-alta-hospital-negra\\\/#primaryimage\",\"url\":\"https:\\\/\\\/www.tcuido.es\\\/wp-content\\\/uploads\\\/2024\\\/07\\\/C03-P01_02_mesa-cama_1.webp\",\"contentUrl\":\"https:\\\/\\\/www.tcuido.es\\\/wp-content\\\/uploads\\\/2024\\\/07\\\/C03-P01_02_mesa-cama_1.webp\",\"width\":869,\"height\":869},{\"@type\":\"BreadcrumbList\",\"@id\":\"https:\\\/\\\/www.tcuido.es\\\/producto\\\/mesa-auxiliar-para-cama-con-ruedas-mesa-auxiliar-alta-hospital-negra\\\/#breadcrumb\",\"itemListElement\":[{\"@type\":\"ListItem\",\"position\":1,\"name\":\"Inicio\",\"item\":\"https:\\\/\\\/www.tcuido.es\\\/\"},{\"@type\":\"ListItem\",\"position\":2,\"name\":\"Tienda\",\"item\":\"https:\\\/\\\/www.tcuido.es\\\/tienda\\\/\"},{\"@type\":\"ListItem\",\"position\":3,\"name\":\"Mesa auxiliar para cama con ruedas, mesa auxiliar alta hospital negra\"}]},{\"@type\":\"WebSite\",\"@id\":\"https:\\\/\\\/www.tcuido.es\\\/#website\",\"url\":\"https:\\\/\\\/www.tcuido.es\\\/\",\"name\":\"Tcuido\",\"description\":\"Servicios Integrales a la Dependencia\",\"publisher\":{\"@id\":\"https:\\\/\\\/www.tcuido.es\\\/#organization\"},\"potentialAction\":[{\"@type\":\"SearchAction\",\"target\":{\"@type\":\"EntryPoint\",\"urlTemplate\":\"https:\\\/\\\/www.tcuido.es\\\/?s={search_term_string}\"},\"query-input\":{\"@type\":\"PropertyValueSpecification\",\"valueRequired\":true,\"valueName\":\"search_term_string\"}}],\"inLanguage\":\"en-GB\"},{\"@type\":\"Organization\",\"@id\":\"https:\\\/\\\/www.tcuido.es\\\/#organization\",\"name\":\"Tcuido Servicios Integrales a la Dependencia\",\"url\":\"https:\\\/\\\/www.tcuido.es\\\/\",\"logo\":{\"@type\":\"ImageObject\",\"inLanguage\":\"en-GB\",\"@id\":\"https:\\\/\\\/www.tcuido.es\\\/#\\\/schema\\\/logo\\\/image\\\/\",\"url\":\"https:\\\/\\\/www.tcuido.es\\\/wp-content\\\/uploads\\\/2024\\\/03\\\/TCUIDO-facturas.png\",\"contentUrl\":\"https:\\\/\\\/www.tcuido.es\\\/wp-content\\\/uploads\\\/2024\\\/03\\\/TCUIDO-facturas.png\",\"width\":1600,\"height\":361,\"caption\":\"Tcuido Servicios Integrales a la Dependencia\"},\"image\":{\"@id\":\"https:\\\/\\\/www.tcuido.es\\\/#\\\/schema\\\/logo\\\/image\\\/\"}}]}<\/script>\n<!-- \/ Yoast SEO Premium plugin. -->","yoast_head_json":{"title":"Overbed table with wheels, high hospital overbed table in black - Tcuido","robots":{"index":"index","follow":"follow","max-snippet":"max-snippet:-1","max-image-preview":"max-image-preview:large","max-video-preview":"max-video-preview:-1"},"canonical":"https:\/\/www.tcuido.es\/en\/product\/mesa-auxiliar-para-cama-con-ruedas-mesa-auxiliar-alta-hospital-negra\/","og_locale":"en_GB","og_type":"article","og_title":"Mesa auxiliar para cama con ruedas, mesa auxiliar alta hospital negra","og_description":"FUNCIONAL: La mesa auxiliar con ruedas est\u00e1\u00a0dise\u00f1ada para facilitar el d\u00eda a d\u00eda\u00a0de personas encamadas o en silla de ruedas y se puede utilizar en\u00a0camas, sillas de ruedas, sillones o sof\u00e1s.\u00a0Es regulable y cuenta con un borde que previene la ca\u00edda de objetos y con cuatro ruedas que facilitan su transporte. M\u00daLTIPLES AJUSTES:\u00a0La mesa cama [&hellip;]","og_url":"https:\/\/www.tcuido.es\/en\/product\/mesa-auxiliar-para-cama-con-ruedas-mesa-auxiliar-alta-hospital-negra\/","og_site_name":"Tcuido","article_modified_time":"2025-09-23T17:28:31+00:00","og_image":[{"width":869,"height":869,"url":"https:\/\/www.tcuido.es\/wp-content\/uploads\/2024\/07\/C03-P01_02_mesa-cama_1.webp","type":"image\/webp"}],"twitter_card":"summary_large_image","twitter_misc":{"Estimated reading time":"2 minutes"},"schema":{"@context":"https:\/\/schema.org","@graph":[{"@type":"WebPage","@id":"https:\/\/www.tcuido.es\/producto\/mesa-auxiliar-para-cama-con-ruedas-mesa-auxiliar-alta-hospital-negra\/","url":"https:\/\/www.tcuido.es\/producto\/mesa-auxiliar-para-cama-con-ruedas-mesa-auxiliar-alta-hospital-negra\/","name":"Overbed table with wheels, high hospital overbed table in black - Tcuido","isPartOf":{"@id":"https:\/\/www.tcuido.es\/#website"},"primaryImageOfPage":{"@id":"https:\/\/www.tcuido.es\/producto\/mesa-auxiliar-para-cama-con-ruedas-mesa-auxiliar-alta-hospital-negra\/#primaryimage"},"image":{"@id":"https:\/\/www.tcuido.es\/producto\/mesa-auxiliar-para-cama-con-ruedas-mesa-auxiliar-alta-hospital-negra\/#primaryimage"},"thumbnailUrl":"https:\/\/www.tcuido.es\/wp-content\/uploads\/2024\/07\/C03-P01_02_mesa-cama_1.webp","datePublished":"2024-07-23T14:58:05+00:00","dateModified":"2025-09-23T17:28:31+00:00","breadcrumb":{"@id":"https:\/\/www.tcuido.es\/producto\/mesa-auxiliar-para-cama-con-ruedas-mesa-auxiliar-alta-hospital-negra\/#breadcrumb"},"inLanguage":"en-GB","potentialAction":[{"@type":"ReadAction","target":["https:\/\/www.tcuido.es\/producto\/mesa-auxiliar-para-cama-con-ruedas-mesa-auxiliar-alta-hospital-negra\/"]}]},{"@type":"ImageObject","inLanguage":"en-GB","@id":"https:\/\/www.tcuido.es\/producto\/mesa-auxiliar-para-cama-con-ruedas-mesa-auxiliar-alta-hospital-negra\/#primaryimage","url":"https:\/\/www.tcuido.es\/wp-content\/uploads\/2024\/07\/C03-P01_02_mesa-cama_1.webp","contentUrl":"https:\/\/www.tcuido.es\/wp-content\/uploads\/2024\/07\/C03-P01_02_mesa-cama_1.webp","width":869,"height":869},{"@type":"BreadcrumbList","@id":"https:\/\/www.tcuido.es\/producto\/mesa-auxiliar-para-cama-con-ruedas-mesa-auxiliar-alta-hospital-negra\/#breadcrumb","itemListElement":[{"@type":"ListItem","position":1,"name":"Inicio","item":"https:\/\/www.tcuido.es\/"},{"@type":"ListItem","position":2,"name":"Tienda","item":"https:\/\/www.tcuido.es\/tienda\/"},{"@type":"ListItem","position":3,"name":"Mesa auxiliar para cama con ruedas, mesa auxiliar alta hospital negra"}]},{"@type":"WebSite","@id":"https:\/\/www.tcuido.es\/#website","url":"https:\/\/www.tcuido.es\/","name":"I take care","description":"Comprehensive Dependency Services","publisher":{"@id":"https:\/\/www.tcuido.es\/#organization"},"potentialAction":[{"@type":"SearchAction","target":{"@type":"EntryPoint","urlTemplate":"https:\/\/www.tcuido.es\/?s={search_term_string}"},"query-input":{"@type":"PropertyValueSpecification","valueRequired":true,"valueName":"search_term_string"}}],"inLanguage":"en-GB"},{"@type":"Organization","@id":"https:\/\/www.tcuido.es\/#organization","name":"Tcuido Comprehensive Dependency Services","url":"https:\/\/www.tcuido.es\/","logo":{"@type":"ImageObject","inLanguage":"en-GB","@id":"https:\/\/www.tcuido.es\/#\/schema\/logo\/image\/","url":"https:\/\/www.tcuido.es\/wp-content\/uploads\/2024\/03\/TCUIDO-facturas.png","contentUrl":"https:\/\/www.tcuido.es\/wp-content\/uploads\/2024\/03\/TCUIDO-facturas.png","width":1600,"height":361,"caption":"Tcuido Servicios Integrales a la Dependencia"},"image":{"@id":"https:\/\/www.tcuido.es\/#\/schema\/logo\/image\/"}}]}},"_links":{"self":[{"href":"https:\/\/www.tcuido.es\/en\/wp-json\/wp\/v2\/product\/2753","targetHints":{"allow":["GET"]}}],"collection":[{"href":"https:\/\/www.tcuido.es\/en\/wp-json\/wp\/v2\/product"}],"about":[{"href":"https:\/\/www.tcuido.es\/en\/wp-json\/wp\/v2\/types\/product"}],"wp:featuredmedia":[{"embeddable":true,"href":"https:\/\/www.tcuido.es\/en\/wp-json\/wp\/v2\/media\/2745"}],"wp:attachment":[{"href":"https:\/\/www.tcuido.es\/en\/wp-json\/wp\/v2\/media?parent=2753"}],"wp:term":[{"taxonomy":"product_brand","embeddable":true,"href":"https:\/\/www.tcuido.es\/en\/wp-json\/wp\/v2\/product_brand?post=2753"},{"taxonomy":"product_cat","embeddable":true,"href":"https:\/\/www.tcuido.es\/en\/wp-json\/wp\/v2\/product_cat?post=2753"},{"taxonomy":"product_tag","embeddable":true,"href":"https:\/\/www.tcuido.es\/en\/wp-json\/wp\/v2\/product_tag?post=2753"}],"curies":[{"name":"wp","href":"https:\/\/api.w.org\/{rel}","templated":true}]}}