{"id":3224,"date":"2024-12-02T18:10:00","date_gmt":"2024-12-02T18:10:00","guid":{"rendered":"https:\/\/www.tcuido.es\/?post_type=product&#038;p=3224"},"modified":"2025-09-23T17:28:32","modified_gmt":"2025-09-23T17:28:32","slug":"muleta-de-cuatro-patas-negra-muleta-para-personas-con-parkinson-fabricada-en-espana","status":"publish","type":"product","link":"https:\/\/www.tcuido.es\/en\/product\/muleta-de-cuatro-patas-negra-muleta-para-personas-con-parkinson-fabricada-en-espana\/","title":{"rendered":"Black Four-Legged Crutch, Crutch for People with Parkinson&#039;s, Made in Spain"},"content":{"rendered":"<p><strong><span style=\"color: #97bf0d;\">CHARACTERISTICS<\/span><\/strong><\/p>\n<ul>\n<li>SAFETY AND SUPPORT: Designed for those with Parkinson&#039;s or limited mobility who are looking for more stable support. The quadruple base offers stability and reduces the risk of falls for people who need extra support to move with confidence.<\/li>\n<li>ADJUSTABLE HEIGHT: The crutch allows height adjustment between 78 and 98 cm with nine positions and is versatile for use on both arms. Ideal for users of different heights looking for an ergonomic and comfortable fit.<\/li>\n<li>STURDY AND LIGHTWEIGHT: Made of high-quality steel and aluminum, it supports up to 160 kg. Weighing 1.5 kg, it is easy to maneuver and perfect for daily use without additional fatigue.<\/li>\n<li>NON-SLIP BASE: Rubber tips ensure a firm grip on slippery or uneven surfaces, crucial for those with balance issues resulting from Parkinson&#039;s.<\/li>\n<li>AWARD-WINNING AND PATENTED: The KMINA 4-Legged Crutch features a patented design that guarantees superior stability and support for its users. This innovative product has been awarded the CLAP award, standing out for its functionality and design in the field of mobility aids.<\/li>\n<\/ul>\n<p>&nbsp;<\/p>\n<p><strong><span style=\"color: #97bf0d;\">Technical details<\/span><\/strong><\/p>\n<ul>\n<li>Adjustable Height: 78 \u2013 98 cm<\/li>\n<li>End Tube: 22 mm<\/li>\n<li>Crutch Weight: 1.5 kg<\/li>\n<li>Maximum User Weight: 160 kg<\/li>\n<\/ul>\n<p>&nbsp;<\/p>\n<p><strong><span style=\"color: #97bf0d;\">Additional information<\/span><\/strong><\/p>\n<ul>\n<li>Material: PA6 Base + Aluminum<\/li>\n<li>End caps: 2 wide and 2 narrow<\/li>\n<li>Position: Ambidextrous<\/li>\n<\/ul>","protected":false},"excerpt":{"rendered":"<p><span style=\"color: #97bf0d;\"><strong>GREATER STABILITY AND BALANCE<\/strong><\/span><\/p>\n<p>The 4-leg base with 2 wide and 2 narrow tips ensures a secure footing with every step, providing balance and reducing the risk of slipping.<\/p>\n<p>Its heavy 1.5kg design increases user safety, providing greater stability.<\/p>\n<p><span style=\"color: #97bf0d;\"><strong>AMBIDEXTROUS USE<\/strong><\/span><\/p>\n<p>The 4-legged crutch fits either the left or right hand, providing the same comfort and support in either hand.<\/p>\n<p>IMPORTANT: This 4-legged crutch is designed to be used on one side of the body only.<\/p>\n<p><span style=\"color: #97bf0d;\"><strong>ADJUSTABLE HEIGHT<\/strong><\/span><\/p>\n<p>With its adjustable system, the 4-legged crutch easily adapts to the user&#039;s height, ensuring comfortable and personalized support.<\/p>\n<p>It has 9 adjustments and its height to the handle is 78 to 98 cm.<\/p>","protected":false},"featured_media":3226,"template":"","meta":{"inline_featured_image":false},"product_brand":[],"product_cat":[21,22],"product_tag":[36],"class_list":{"0":"post-3224","1":"product","2":"type-product","3":"status-publish","4":"has-post-thumbnail","6":"product_cat-movilidad","7":"product_cat-muletas","8":"product_tag-kmina","10":"first","11":"instock","12":"taxable","13":"shipping-taxable","14":"purchasable","15":"product-type-simple"},"yoast_head":"<!-- This site is optimized with the Yoast SEO Premium plugin v22.6 (Yoast SEO v27.1.1) - https:\/\/yoast.com\/product\/yoast-seo-premium-wordpress\/ -->\n<title>Muleta de Cuatro Patas Negra, Muleta para Personas con Parkinson, Fabricada en Espa\u00f1a - Tcuido<\/title>\n<meta name=\"robots\" content=\"index, follow, max-snippet:-1, max-image-preview:large, max-video-preview:-1\" \/>\n<link rel=\"canonical\" href=\"https:\/\/www.tcuido.es\/en\/product\/muleta-de-cuatro-patas-negra-muleta-para-personas-con-parkinson-fabricada-en-espana\/\" \/>\n<meta property=\"og:locale\" content=\"en_GB\" \/>\n<meta property=\"og:type\" content=\"article\" \/>\n<meta property=\"og:title\" content=\"Muleta de Cuatro Patas Negra, Muleta para Personas con Parkinson, Fabricada en Espa\u00f1a\" \/>\n<meta property=\"og:description\" content=\"MAYOR ESTABILIDAD Y EQUILIBRIO  La base de 4 patas con 2 conteras anchas y 2 estrechas aseguran un apoyo seguro en cada paso, proporcionando equilibrio y reduciendo el riesgo de deslizamientos.  Su dise\u00f1o pesado de 1,5 kg aumenta la seguridad del usuario, aportando mayor estabilidad.  USO AMBIDIESTRO  La muleta 4 patas se adapta tanto a la mano izquierda como a la derecha, proporcionando la misma comodidad y soporte en cualquiera de las dos manos.  IMPORTANTE: Esta muleta de 4 patas est\u00e1 dise\u00f1ada para ser usada \u00fanicamente en un solo lado del cuerpo.  REGULABLE EN ALTURA  Con su sistema regulable, la muleta 4 patas se adapta f\u00e1cilmente a la estatura del usuario, asegurando un soporte c\u00f3modo y personalizado.  Cuenta con 9 regulaciones y su altura hasta la empu\u00f1adura es de 78 a 98 cm.\" \/>\n<meta property=\"og:url\" content=\"https:\/\/www.tcuido.es\/en\/product\/muleta-de-cuatro-patas-negra-muleta-para-personas-con-parkinson-fabricada-en-espana\/\" \/>\n<meta property=\"og:site_name\" content=\"Tcuido\" \/>\n<meta property=\"article:modified_time\" content=\"2025-09-23T17:28:32+00:00\" \/>\n<meta property=\"og:image\" content=\"https:\/\/www.tcuido.es\/wp-content\/uploads\/2024\/12\/M01_C01-01_P06_ft-01.webp\" \/>\n\t<meta property=\"og:image:width\" content=\"1000\" \/>\n\t<meta property=\"og:image:height\" content=\"1000\" \/>\n\t<meta property=\"og:image:type\" content=\"image\/webp\" \/>\n<meta name=\"twitter:card\" content=\"summary_large_image\" \/>\n<meta name=\"twitter:label1\" content=\"Estimated reading time\" \/>\n\t<meta name=\"twitter:data1\" content=\"2 minutes\" \/>\n<script type=\"application\/ld+json\" class=\"yoast-schema-graph\">{\"@context\":\"https:\/\/schema.org\",\"@graph\":[{\"@type\":\"WebPage\",\"@id\":\"https:\/\/www.tcuido.es\/producto\/muleta-de-cuatro-patas-negra-muleta-para-personas-con-parkinson-fabricada-en-espana\/\",\"url\":\"https:\/\/www.tcuido.es\/producto\/muleta-de-cuatro-patas-negra-muleta-para-personas-con-parkinson-fabricada-en-espana\/\",\"name\":\"Muleta de Cuatro Patas Negra, Muleta para Personas con Parkinson, Fabricada en Espa\u00f1a - Tcuido\",\"isPartOf\":{\"@id\":\"https:\/\/www.tcuido.es\/#website\"},\"primaryImageOfPage\":{\"@id\":\"https:\/\/www.tcuido.es\/producto\/muleta-de-cuatro-patas-negra-muleta-para-personas-con-parkinson-fabricada-en-espana\/#primaryimage\"},\"image\":{\"@id\":\"https:\/\/www.tcuido.es\/producto\/muleta-de-cuatro-patas-negra-muleta-para-personas-con-parkinson-fabricada-en-espana\/#primaryimage\"},\"thumbnailUrl\":\"https:\/\/www.tcuido.es\/wp-content\/uploads\/2024\/12\/M01_C01-01_P06_ft-01.webp\",\"datePublished\":\"2024-12-02T18:10:00+00:00\",\"dateModified\":\"2025-09-23T17:28:32+00:00\",\"breadcrumb\":{\"@id\":\"https:\/\/www.tcuido.es\/producto\/muleta-de-cuatro-patas-negra-muleta-para-personas-con-parkinson-fabricada-en-espana\/#breadcrumb\"},\"inLanguage\":\"en-GB\",\"potentialAction\":[{\"@type\":\"ReadAction\",\"target\":[\"https:\/\/www.tcuido.es\/producto\/muleta-de-cuatro-patas-negra-muleta-para-personas-con-parkinson-fabricada-en-espana\/\"]}]},{\"@type\":\"ImageObject\",\"inLanguage\":\"en-GB\",\"@id\":\"https:\/\/www.tcuido.es\/producto\/muleta-de-cuatro-patas-negra-muleta-para-personas-con-parkinson-fabricada-en-espana\/#primaryimage\",\"url\":\"https:\/\/www.tcuido.es\/wp-content\/uploads\/2024\/12\/M01_C01-01_P06_ft-01.webp\",\"contentUrl\":\"https:\/\/www.tcuido.es\/wp-content\/uploads\/2024\/12\/M01_C01-01_P06_ft-01.webp\",\"width\":1000,\"height\":1000},{\"@type\":\"BreadcrumbList\",\"@id\":\"https:\/\/www.tcuido.es\/producto\/muleta-de-cuatro-patas-negra-muleta-para-personas-con-parkinson-fabricada-en-espana\/#breadcrumb\",\"itemListElement\":[{\"@type\":\"ListItem\",\"position\":1,\"name\":\"Inicio\",\"item\":\"https:\/\/www.tcuido.es\/\"},{\"@type\":\"ListItem\",\"position\":2,\"name\":\"Tienda\",\"item\":\"https:\/\/www.tcuido.es\/tienda\/\"},{\"@type\":\"ListItem\",\"position\":3,\"name\":\"Muleta de Cuatro Patas Negra, Muleta para Personas con Parkinson, Fabricada en Espa\u00f1a\"}]},{\"@type\":\"WebSite\",\"@id\":\"https:\/\/www.tcuido.es\/#website\",\"url\":\"https:\/\/www.tcuido.es\/\",\"name\":\"Tcuido\",\"description\":\"Servicios Integrales a la Dependencia\",\"publisher\":{\"@id\":\"https:\/\/www.tcuido.es\/#organization\"},\"potentialAction\":[{\"@type\":\"SearchAction\",\"target\":{\"@type\":\"EntryPoint\",\"urlTemplate\":\"https:\/\/www.tcuido.es\/?s={search_term_string}\"},\"query-input\":{\"@type\":\"PropertyValueSpecification\",\"valueRequired\":true,\"valueName\":\"search_term_string\"}}],\"inLanguage\":\"en-GB\"},{\"@type\":\"Organization\",\"@id\":\"https:\/\/www.tcuido.es\/#organization\",\"name\":\"Tcuido Servicios Integrales a la Dependencia\",\"url\":\"https:\/\/www.tcuido.es\/\",\"logo\":{\"@type\":\"ImageObject\",\"inLanguage\":\"en-GB\",\"@id\":\"https:\/\/www.tcuido.es\/#\/schema\/logo\/image\/\",\"url\":\"https:\/\/www.tcuido.es\/wp-content\/uploads\/2024\/03\/TCUIDO-facturas.png\",\"contentUrl\":\"https:\/\/www.tcuido.es\/wp-content\/uploads\/2024\/03\/TCUIDO-facturas.png\",\"width\":1600,\"height\":361,\"caption\":\"Tcuido Servicios Integrales a la Dependencia\"},\"image\":{\"@id\":\"https:\/\/www.tcuido.es\/#\/schema\/logo\/image\/\"}}]}<\/script>\n<!-- \/ Yoast SEO Premium plugin. -->","yoast_head_json":{"title":"Muleta de Cuatro Patas Negra, Muleta para Personas con Parkinson, Fabricada en Espa\u00f1a - Tcuido","robots":{"index":"index","follow":"follow","max-snippet":"max-snippet:-1","max-image-preview":"max-image-preview:large","max-video-preview":"max-video-preview:-1"},"canonical":"https:\/\/www.tcuido.es\/en\/product\/muleta-de-cuatro-patas-negra-muleta-para-personas-con-parkinson-fabricada-en-espana\/","og_locale":"en_GB","og_type":"article","og_title":"Muleta de Cuatro Patas Negra, Muleta para Personas con Parkinson, Fabricada en Espa\u00f1a","og_description":"MAYOR ESTABILIDAD Y EQUILIBRIO  La base de 4 patas con 2 conteras anchas y 2 estrechas aseguran un apoyo seguro en cada paso, proporcionando equilibrio y reduciendo el riesgo de deslizamientos.  Su dise\u00f1o pesado de 1,5 kg aumenta la seguridad del usuario, aportando mayor estabilidad.  USO AMBIDIESTRO  La muleta 4 patas se adapta tanto a la mano izquierda como a la derecha, proporcionando la misma comodidad y soporte en cualquiera de las dos manos.  IMPORTANTE: Esta muleta de 4 patas est\u00e1 dise\u00f1ada para ser usada \u00fanicamente en un solo lado del cuerpo.  REGULABLE EN ALTURA  Con su sistema regulable, la muleta 4 patas se adapta f\u00e1cilmente a la estatura del usuario, asegurando un soporte c\u00f3modo y personalizado.  Cuenta con 9 regulaciones y su altura hasta la empu\u00f1adura es de 78 a 98 cm.","og_url":"https:\/\/www.tcuido.es\/en\/product\/muleta-de-cuatro-patas-negra-muleta-para-personas-con-parkinson-fabricada-en-espana\/","og_site_name":"Tcuido","article_modified_time":"2025-09-23T17:28:32+00:00","og_image":[{"width":1000,"height":1000,"url":"https:\/\/www.tcuido.es\/wp-content\/uploads\/2024\/12\/M01_C01-01_P06_ft-01.webp","type":"image\/webp"}],"twitter_card":"summary_large_image","twitter_misc":{"Estimated reading time":"2 minutes"},"schema":{"@context":"https:\/\/schema.org","@graph":[{"@type":"WebPage","@id":"https:\/\/www.tcuido.es\/producto\/muleta-de-cuatro-patas-negra-muleta-para-personas-con-parkinson-fabricada-en-espana\/","url":"https:\/\/www.tcuido.es\/producto\/muleta-de-cuatro-patas-negra-muleta-para-personas-con-parkinson-fabricada-en-espana\/","name":"Muleta de Cuatro Patas Negra, Muleta para Personas con Parkinson, Fabricada en Espa\u00f1a - Tcuido","isPartOf":{"@id":"https:\/\/www.tcuido.es\/#website"},"primaryImageOfPage":{"@id":"https:\/\/www.tcuido.es\/producto\/muleta-de-cuatro-patas-negra-muleta-para-personas-con-parkinson-fabricada-en-espana\/#primaryimage"},"image":{"@id":"https:\/\/www.tcuido.es\/producto\/muleta-de-cuatro-patas-negra-muleta-para-personas-con-parkinson-fabricada-en-espana\/#primaryimage"},"thumbnailUrl":"https:\/\/www.tcuido.es\/wp-content\/uploads\/2024\/12\/M01_C01-01_P06_ft-01.webp","datePublished":"2024-12-02T18:10:00+00:00","dateModified":"2025-09-23T17:28:32+00:00","breadcrumb":{"@id":"https:\/\/www.tcuido.es\/producto\/muleta-de-cuatro-patas-negra-muleta-para-personas-con-parkinson-fabricada-en-espana\/#breadcrumb"},"inLanguage":"en-GB","potentialAction":[{"@type":"ReadAction","target":["https:\/\/www.tcuido.es\/producto\/muleta-de-cuatro-patas-negra-muleta-para-personas-con-parkinson-fabricada-en-espana\/"]}]},{"@type":"ImageObject","inLanguage":"en-GB","@id":"https:\/\/www.tcuido.es\/producto\/muleta-de-cuatro-patas-negra-muleta-para-personas-con-parkinson-fabricada-en-espana\/#primaryimage","url":"https:\/\/www.tcuido.es\/wp-content\/uploads\/2024\/12\/M01_C01-01_P06_ft-01.webp","contentUrl":"https:\/\/www.tcuido.es\/wp-content\/uploads\/2024\/12\/M01_C01-01_P06_ft-01.webp","width":1000,"height":1000},{"@type":"BreadcrumbList","@id":"https:\/\/www.tcuido.es\/producto\/muleta-de-cuatro-patas-negra-muleta-para-personas-con-parkinson-fabricada-en-espana\/#breadcrumb","itemListElement":[{"@type":"ListItem","position":1,"name":"Inicio","item":"https:\/\/www.tcuido.es\/"},{"@type":"ListItem","position":2,"name":"Tienda","item":"https:\/\/www.tcuido.es\/tienda\/"},{"@type":"ListItem","position":3,"name":"Muleta de Cuatro Patas Negra, Muleta para Personas con Parkinson, Fabricada en Espa\u00f1a"}]},{"@type":"WebSite","@id":"https:\/\/www.tcuido.es\/#website","url":"https:\/\/www.tcuido.es\/","name":"I take care","description":"Comprehensive Dependency Services","publisher":{"@id":"https:\/\/www.tcuido.es\/#organization"},"potentialAction":[{"@type":"SearchAction","target":{"@type":"EntryPoint","urlTemplate":"https:\/\/www.tcuido.es\/?s={search_term_string}"},"query-input":{"@type":"PropertyValueSpecification","valueRequired":true,"valueName":"search_term_string"}}],"inLanguage":"en-GB"},{"@type":"Organization","@id":"https:\/\/www.tcuido.es\/#organization","name":"Tcuido Comprehensive Dependency Services","url":"https:\/\/www.tcuido.es\/","logo":{"@type":"ImageObject","inLanguage":"en-GB","@id":"https:\/\/www.tcuido.es\/#\/schema\/logo\/image\/","url":"https:\/\/www.tcuido.es\/wp-content\/uploads\/2024\/03\/TCUIDO-facturas.png","contentUrl":"https:\/\/www.tcuido.es\/wp-content\/uploads\/2024\/03\/TCUIDO-facturas.png","width":1600,"height":361,"caption":"Tcuido Servicios Integrales a la Dependencia"},"image":{"@id":"https:\/\/www.tcuido.es\/#\/schema\/logo\/image\/"}}]}},"_links":{"self":[{"href":"https:\/\/www.tcuido.es\/en\/wp-json\/wp\/v2\/product\/3224","targetHints":{"allow":["GET"]}}],"collection":[{"href":"https:\/\/www.tcuido.es\/en\/wp-json\/wp\/v2\/product"}],"about":[{"href":"https:\/\/www.tcuido.es\/en\/wp-json\/wp\/v2\/types\/product"}],"wp:featuredmedia":[{"embeddable":true,"href":"https:\/\/www.tcuido.es\/en\/wp-json\/wp\/v2\/media\/3226"}],"wp:attachment":[{"href":"https:\/\/www.tcuido.es\/en\/wp-json\/wp\/v2\/media?parent=3224"}],"wp:term":[{"taxonomy":"product_brand","embeddable":true,"href":"https:\/\/www.tcuido.es\/en\/wp-json\/wp\/v2\/product_brand?post=3224"},{"taxonomy":"product_cat","embeddable":true,"href":"https:\/\/www.tcuido.es\/en\/wp-json\/wp\/v2\/product_cat?post=3224"},{"taxonomy":"product_tag","embeddable":true,"href":"https:\/\/www.tcuido.es\/en\/wp-json\/wp\/v2\/product_tag?post=3224"}],"curies":[{"name":"wp","href":"https:\/\/api.w.org\/{rel}","templated":true}]}}