{"id":3234,"date":"2024-12-02T18:13:33","date_gmt":"2024-12-02T18:13:33","guid":{"rendered":"https:\/\/www.tcuido.es\/?post_type=product&#038;p=3234"},"modified":"2025-09-23T17:28:35","modified_gmt":"2025-09-23T17:28:35","slug":"muletas-plegables-adulto-x2-uds-muletas-aluminio","status":"publish","type":"product","link":"https:\/\/www.tcuido.es\/en\/product\/muletas-plegables-adulto-x2-uds-muletas-aluminio\/","title":{"rendered":"Folding Crutches for Adults (x2 pcs), Aluminum Crutches"},"content":{"rendered":"<p><strong><span style=\"color: #97bf0d;\">CHARACTERISTICS<\/span><\/strong><\/p>\n<ul>\n<li>STURDY: Made of aluminum with a plastic and rubber grip, these folding crutches (580 g) provide stability to those who need additional support and balance, supporting a maximum load of up to 100 kg in complete safety.<\/li>\n<li>ADJUSTABLE: These crutches for adults have 7 adjustments that allow them to be adjusted in height and perfectly adapted to the user&#039;s height (approx. 165 cm - 190 cm), grip height (83-98 cm)<\/li>\n<li>FOLDABLE: The crutches are perfect for carrying and storing anywhere, thanks to their quick and easy two-part folding system and their small dimensions once folded (57 cm). Ideal for storing in the car or in a closet and carrying in a suitcase or even in a backpack.<\/li>\n<li>SAFE: The heel or tip of the crutches provide great grip and increase the confidence and stability of the users.<\/li>\n<li>RECOMMENDED: Adult crutches perfect for use during convalescence and rehabilitation from injuries. Maximum weight: 125 kg.<\/li>\n<\/ul>\n<p>&nbsp;<\/p>\n<p><strong><span style=\"color: #97bf0d;\">TECHNICAL DETAILS<\/span><\/strong><\/p>\n<ul>\n<li>Height to Handle: 103.5-118.5 cm<\/li>\n<li>Weight: 0.58 kg<\/li>\n<li>Regulations: 7<\/li>\n<li>Tube End Cap: 19 mm<\/li>\n<li>User Height: 165-190 cm<\/li>\n<li>Maximum User Weight: 100kg<\/li>\n<\/ul>\n<p>&nbsp;<\/p>\n<p><span style=\"color: #97bf0d;\"><strong>ADDITIONAL INFORMATION<\/strong><\/span><\/p>\n<ul>\n<li>Material: Aluminum<\/li>\n<li>Grip: Reflective<\/li>\n<li>Dimmable: Yes<\/li>\n<li>Foldable: Yes<\/li>\n<\/ul>","protected":false},"excerpt":{"rendered":"<p><strong><span style=\"color: #97bf0d;\">FOLDABLE AND TRANSPORTABLE<\/span><\/strong><\/p>\n<p>These folding crutches have an elastic band system for quick assembly when folding and unfolding, making them perfect for transporting on your trips or for easy storage.<\/p>\n<p><strong><span style=\"color: #97bf0d;\">ADJUSTABLE<\/span><\/strong><\/p>\n<p>The 7 adjustments of the folding crutches perfectly adjust to the user&#039;s needs.<\/p>\n<p><strong><span style=\"color: #97bf0d;\">REFLECTIVE GRIP<\/span><\/strong><\/p>\n<p>The handle of these folding crutches has a front reflector.<\/p>","protected":false},"featured_media":3236,"template":"","meta":{"inline_featured_image":false},"product_brand":[],"product_cat":[21,22],"product_tag":[36],"class_list":{"0":"post-3234","1":"product","2":"type-product","3":"status-publish","4":"has-post-thumbnail","6":"product_cat-movilidad","7":"product_cat-muletas","8":"product_tag-kmina","10":"first","11":"instock","12":"taxable","13":"shipping-taxable","14":"purchasable","15":"product-type-simple"},"yoast_head":"<!-- This site is optimized with the Yoast SEO Premium plugin v22.6 (Yoast SEO v27.1.1) - https:\/\/yoast.com\/product\/yoast-seo-premium-wordpress\/ -->\n<title>Muletas Plegables Adulto (x2 uds), Muletas Aluminio - Tcuido<\/title>\n<meta name=\"robots\" content=\"index, follow, max-snippet:-1, max-image-preview:large, max-video-preview:-1\" \/>\n<link rel=\"canonical\" href=\"https:\/\/www.tcuido.es\/en\/product\/muletas-plegables-adulto-x2-uds-muletas-aluminio\/\" \/>\n<meta property=\"og:locale\" content=\"en_GB\" \/>\n<meta property=\"og:type\" content=\"article\" \/>\n<meta property=\"og:title\" content=\"Muletas Plegables Adulto (x2 uds), Muletas Aluminio\" \/>\n<meta property=\"og:description\" content=\"PLEGABLE Y TRANSPORTABLE  Estas muletas plegables disponen de sistema con banda el\u00e1stica para un montaje r\u00e1pido a la hora de su plegado y desplegado, lo que las hace perfectas para transportar en tus viajes o guardar f\u00e1cilmente.  REGULABLE  Las 7 regulaciones de las muletas plegables se ajustan perfectamente a las necesidades del usuario.  EMPU\u00d1ADURA REFLECTANTE  La empu\u00f1adura de estas muletas plegables disponen de un reflector frontal.\" \/>\n<meta property=\"og:url\" content=\"https:\/\/www.tcuido.es\/en\/product\/muletas-plegables-adulto-x2-uds-muletas-aluminio\/\" \/>\n<meta property=\"og:site_name\" content=\"Tcuido\" \/>\n<meta property=\"article:modified_time\" content=\"2025-09-23T17:28:35+00:00\" \/>\n<meta property=\"og:image\" content=\"https:\/\/www.tcuido.es\/wp-content\/uploads\/2024\/12\/M01_C01-01_P07_ft-01.webp\" \/>\n\t<meta property=\"og:image:width\" content=\"1000\" \/>\n\t<meta property=\"og:image:height\" content=\"1000\" \/>\n\t<meta property=\"og:image:type\" content=\"image\/webp\" \/>\n<meta name=\"twitter:card\" content=\"summary_large_image\" \/>\n<meta name=\"twitter:label1\" content=\"Estimated reading time\" \/>\n\t<meta name=\"twitter:data1\" content=\"2 minutes\" \/>\n<script type=\"application\/ld+json\" class=\"yoast-schema-graph\">{\"@context\":\"https:\/\/schema.org\",\"@graph\":[{\"@type\":\"WebPage\",\"@id\":\"https:\/\/www.tcuido.es\/producto\/muletas-plegables-adulto-x2-uds-muletas-aluminio\/\",\"url\":\"https:\/\/www.tcuido.es\/producto\/muletas-plegables-adulto-x2-uds-muletas-aluminio\/\",\"name\":\"Muletas Plegables Adulto (x2 uds), Muletas Aluminio - Tcuido\",\"isPartOf\":{\"@id\":\"https:\/\/www.tcuido.es\/#website\"},\"primaryImageOfPage\":{\"@id\":\"https:\/\/www.tcuido.es\/producto\/muletas-plegables-adulto-x2-uds-muletas-aluminio\/#primaryimage\"},\"image\":{\"@id\":\"https:\/\/www.tcuido.es\/producto\/muletas-plegables-adulto-x2-uds-muletas-aluminio\/#primaryimage\"},\"thumbnailUrl\":\"https:\/\/www.tcuido.es\/wp-content\/uploads\/2024\/12\/M01_C01-01_P07_ft-01.webp\",\"datePublished\":\"2024-12-02T18:13:33+00:00\",\"dateModified\":\"2025-09-23T17:28:35+00:00\",\"breadcrumb\":{\"@id\":\"https:\/\/www.tcuido.es\/producto\/muletas-plegables-adulto-x2-uds-muletas-aluminio\/#breadcrumb\"},\"inLanguage\":\"en-GB\",\"potentialAction\":[{\"@type\":\"ReadAction\",\"target\":[\"https:\/\/www.tcuido.es\/producto\/muletas-plegables-adulto-x2-uds-muletas-aluminio\/\"]}]},{\"@type\":\"ImageObject\",\"inLanguage\":\"en-GB\",\"@id\":\"https:\/\/www.tcuido.es\/producto\/muletas-plegables-adulto-x2-uds-muletas-aluminio\/#primaryimage\",\"url\":\"https:\/\/www.tcuido.es\/wp-content\/uploads\/2024\/12\/M01_C01-01_P07_ft-01.webp\",\"contentUrl\":\"https:\/\/www.tcuido.es\/wp-content\/uploads\/2024\/12\/M01_C01-01_P07_ft-01.webp\",\"width\":1000,\"height\":1000},{\"@type\":\"BreadcrumbList\",\"@id\":\"https:\/\/www.tcuido.es\/producto\/muletas-plegables-adulto-x2-uds-muletas-aluminio\/#breadcrumb\",\"itemListElement\":[{\"@type\":\"ListItem\",\"position\":1,\"name\":\"Inicio\",\"item\":\"https:\/\/www.tcuido.es\/\"},{\"@type\":\"ListItem\",\"position\":2,\"name\":\"Tienda\",\"item\":\"https:\/\/www.tcuido.es\/tienda\/\"},{\"@type\":\"ListItem\",\"position\":3,\"name\":\"Muletas Plegables Adulto (x2 uds), Muletas Aluminio\"}]},{\"@type\":\"WebSite\",\"@id\":\"https:\/\/www.tcuido.es\/#website\",\"url\":\"https:\/\/www.tcuido.es\/\",\"name\":\"Tcuido\",\"description\":\"Servicios Integrales a la Dependencia\",\"publisher\":{\"@id\":\"https:\/\/www.tcuido.es\/#organization\"},\"potentialAction\":[{\"@type\":\"SearchAction\",\"target\":{\"@type\":\"EntryPoint\",\"urlTemplate\":\"https:\/\/www.tcuido.es\/?s={search_term_string}\"},\"query-input\":{\"@type\":\"PropertyValueSpecification\",\"valueRequired\":true,\"valueName\":\"search_term_string\"}}],\"inLanguage\":\"en-GB\"},{\"@type\":\"Organization\",\"@id\":\"https:\/\/www.tcuido.es\/#organization\",\"name\":\"Tcuido Servicios Integrales a la Dependencia\",\"url\":\"https:\/\/www.tcuido.es\/\",\"logo\":{\"@type\":\"ImageObject\",\"inLanguage\":\"en-GB\",\"@id\":\"https:\/\/www.tcuido.es\/#\/schema\/logo\/image\/\",\"url\":\"https:\/\/www.tcuido.es\/wp-content\/uploads\/2024\/03\/TCUIDO-facturas.png\",\"contentUrl\":\"https:\/\/www.tcuido.es\/wp-content\/uploads\/2024\/03\/TCUIDO-facturas.png\",\"width\":1600,\"height\":361,\"caption\":\"Tcuido Servicios Integrales a la Dependencia\"},\"image\":{\"@id\":\"https:\/\/www.tcuido.es\/#\/schema\/logo\/image\/\"}}]}<\/script>\n<!-- \/ Yoast SEO Premium plugin. -->","yoast_head_json":{"title":"Muletas Plegables Adulto (x2 uds), Muletas Aluminio - Tcuido","robots":{"index":"index","follow":"follow","max-snippet":"max-snippet:-1","max-image-preview":"max-image-preview:large","max-video-preview":"max-video-preview:-1"},"canonical":"https:\/\/www.tcuido.es\/en\/product\/muletas-plegables-adulto-x2-uds-muletas-aluminio\/","og_locale":"en_GB","og_type":"article","og_title":"Muletas Plegables Adulto (x2 uds), Muletas Aluminio","og_description":"PLEGABLE Y TRANSPORTABLE  Estas muletas plegables disponen de sistema con banda el\u00e1stica para un montaje r\u00e1pido a la hora de su plegado y desplegado, lo que las hace perfectas para transportar en tus viajes o guardar f\u00e1cilmente.  REGULABLE  Las 7 regulaciones de las muletas plegables se ajustan perfectamente a las necesidades del usuario.  EMPU\u00d1ADURA REFLECTANTE  La empu\u00f1adura de estas muletas plegables disponen de un reflector frontal.","og_url":"https:\/\/www.tcuido.es\/en\/product\/muletas-plegables-adulto-x2-uds-muletas-aluminio\/","og_site_name":"Tcuido","article_modified_time":"2025-09-23T17:28:35+00:00","og_image":[{"width":1000,"height":1000,"url":"https:\/\/www.tcuido.es\/wp-content\/uploads\/2024\/12\/M01_C01-01_P07_ft-01.webp","type":"image\/webp"}],"twitter_card":"summary_large_image","twitter_misc":{"Estimated reading time":"2 minutes"},"schema":{"@context":"https:\/\/schema.org","@graph":[{"@type":"WebPage","@id":"https:\/\/www.tcuido.es\/producto\/muletas-plegables-adulto-x2-uds-muletas-aluminio\/","url":"https:\/\/www.tcuido.es\/producto\/muletas-plegables-adulto-x2-uds-muletas-aluminio\/","name":"Muletas Plegables Adulto (x2 uds), Muletas Aluminio - Tcuido","isPartOf":{"@id":"https:\/\/www.tcuido.es\/#website"},"primaryImageOfPage":{"@id":"https:\/\/www.tcuido.es\/producto\/muletas-plegables-adulto-x2-uds-muletas-aluminio\/#primaryimage"},"image":{"@id":"https:\/\/www.tcuido.es\/producto\/muletas-plegables-adulto-x2-uds-muletas-aluminio\/#primaryimage"},"thumbnailUrl":"https:\/\/www.tcuido.es\/wp-content\/uploads\/2024\/12\/M01_C01-01_P07_ft-01.webp","datePublished":"2024-12-02T18:13:33+00:00","dateModified":"2025-09-23T17:28:35+00:00","breadcrumb":{"@id":"https:\/\/www.tcuido.es\/producto\/muletas-plegables-adulto-x2-uds-muletas-aluminio\/#breadcrumb"},"inLanguage":"en-GB","potentialAction":[{"@type":"ReadAction","target":["https:\/\/www.tcuido.es\/producto\/muletas-plegables-adulto-x2-uds-muletas-aluminio\/"]}]},{"@type":"ImageObject","inLanguage":"en-GB","@id":"https:\/\/www.tcuido.es\/producto\/muletas-plegables-adulto-x2-uds-muletas-aluminio\/#primaryimage","url":"https:\/\/www.tcuido.es\/wp-content\/uploads\/2024\/12\/M01_C01-01_P07_ft-01.webp","contentUrl":"https:\/\/www.tcuido.es\/wp-content\/uploads\/2024\/12\/M01_C01-01_P07_ft-01.webp","width":1000,"height":1000},{"@type":"BreadcrumbList","@id":"https:\/\/www.tcuido.es\/producto\/muletas-plegables-adulto-x2-uds-muletas-aluminio\/#breadcrumb","itemListElement":[{"@type":"ListItem","position":1,"name":"Inicio","item":"https:\/\/www.tcuido.es\/"},{"@type":"ListItem","position":2,"name":"Tienda","item":"https:\/\/www.tcuido.es\/tienda\/"},{"@type":"ListItem","position":3,"name":"Muletas Plegables Adulto (x2 uds), Muletas Aluminio"}]},{"@type":"WebSite","@id":"https:\/\/www.tcuido.es\/#website","url":"https:\/\/www.tcuido.es\/","name":"I take care","description":"Comprehensive Dependency Services","publisher":{"@id":"https:\/\/www.tcuido.es\/#organization"},"potentialAction":[{"@type":"SearchAction","target":{"@type":"EntryPoint","urlTemplate":"https:\/\/www.tcuido.es\/?s={search_term_string}"},"query-input":{"@type":"PropertyValueSpecification","valueRequired":true,"valueName":"search_term_string"}}],"inLanguage":"en-GB"},{"@type":"Organization","@id":"https:\/\/www.tcuido.es\/#organization","name":"Tcuido Comprehensive Dependency Services","url":"https:\/\/www.tcuido.es\/","logo":{"@type":"ImageObject","inLanguage":"en-GB","@id":"https:\/\/www.tcuido.es\/#\/schema\/logo\/image\/","url":"https:\/\/www.tcuido.es\/wp-content\/uploads\/2024\/03\/TCUIDO-facturas.png","contentUrl":"https:\/\/www.tcuido.es\/wp-content\/uploads\/2024\/03\/TCUIDO-facturas.png","width":1600,"height":361,"caption":"Tcuido Servicios Integrales a la Dependencia"},"image":{"@id":"https:\/\/www.tcuido.es\/#\/schema\/logo\/image\/"}}]}},"_links":{"self":[{"href":"https:\/\/www.tcuido.es\/en\/wp-json\/wp\/v2\/product\/3234","targetHints":{"allow":["GET"]}}],"collection":[{"href":"https:\/\/www.tcuido.es\/en\/wp-json\/wp\/v2\/product"}],"about":[{"href":"https:\/\/www.tcuido.es\/en\/wp-json\/wp\/v2\/types\/product"}],"wp:featuredmedia":[{"embeddable":true,"href":"https:\/\/www.tcuido.es\/en\/wp-json\/wp\/v2\/media\/3236"}],"wp:attachment":[{"href":"https:\/\/www.tcuido.es\/en\/wp-json\/wp\/v2\/media?parent=3234"}],"wp:term":[{"taxonomy":"product_brand","embeddable":true,"href":"https:\/\/www.tcuido.es\/en\/wp-json\/wp\/v2\/product_brand?post=3234"},{"taxonomy":"product_cat","embeddable":true,"href":"https:\/\/www.tcuido.es\/en\/wp-json\/wp\/v2\/product_cat?post=3234"},{"taxonomy":"product_tag","embeddable":true,"href":"https:\/\/www.tcuido.es\/en\/wp-json\/wp\/v2\/product_tag?post=3234"}],"curies":[{"name":"wp","href":"https:\/\/api.w.org\/{rel}","templated":true}]}}