{"id":3241,"date":"2024-12-02T18:17:25","date_gmt":"2024-12-02T18:17:25","guid":{"rendered":"https:\/\/www.tcuido.es\/?post_type=product&#038;p=3241"},"modified":"2025-09-23T17:28:33","modified_gmt":"2025-09-23T17:28:33","slug":"muletas-adulto-acolchadas-x2-uds-ortopedicas-aluminio-conteras-anchas-grises-negras","status":"publish","type":"product","link":"https:\/\/www.tcuido.es\/en\/product\/muletas-adulto-acolchadas-x2-uds-ortopedicas-aluminio-conteras-anchas-grises-negras\/","title":{"rendered":"Adult Padded Crutches (x2 pcs) Orthopedic Aluminum Wide End Caps Gray Black"},"content":{"rendered":"<p><strong><span style=\"color: #97bf0d;\">CHARACTERISTICS<\/span><\/strong><\/p>\n<ul>\n<li>SAFE: Pack of 2 adult crutches with wide and flexible ferrules. The 80 mm diameter of the ferrule makes these orthopedic crutches safe and comfortable to use thanks to their great grip on the ground.<\/li>\n<li>ADJUSTABLE: Height-adjustable crutches for adults. Their adjustments allow them to adapt perfectly to the user&#039;s height.<\/li>\n<li>STURDY: Made of aluminum, these padded crutches improve and increase the stability and balance of users when walking (0.61 kg).<\/li>\n<li>COMFORTABLE: Adjustable crutches with comfortable and hygienic covers on the handles that reduce pain in hands and wrists. These neoprene covers with internal silicone are washable and interchangeable.<\/li>\n<li>RECOMMENDED FOR: These lightweight aluminium crutches are recommended for use during convalescence and rehabilitation from injuries. Maximum weight: 125 kg.<\/li>\n<\/ul>\n<p>&nbsp;<\/p>\n<p><strong><span style=\"color: #97bf0d;\">TECHNICAL DETAILS<\/span><\/strong><\/p>\n<ul>\n<li>Height to Handle: 71-96 cm<\/li>\n<li>Weight: 0.61 kg<\/li>\n<li>Regulations: 11<\/li>\n<li>Tube End Cap: 17<\/li>\n<li>User Height: 150-190 cm<\/li>\n<li>Maximum User Weight: 125 kg<\/li>\n<\/ul>\n<p>&nbsp;<\/p>\n<p><span style=\"color: #97bf0d;\"><strong>ADDITIONAL INFORMATION<\/strong><\/span><\/p>\n<ul>\n<li>Material: Aluminum<\/li>\n<li>Grip: Padded<\/li>\n<li>Dimmable: Yes<\/li>\n<li>Foldable: No<\/li>\n<\/ul>","protected":false},"excerpt":{"rendered":"<p><span style=\"color: #97bf0d;\"><strong>PADDED GRIP<\/strong><\/span><\/p>\n<p>The grip cover has an internal silicone piece to cushion the impact on hands and wrists.<\/p>\n<p><strong><span style=\"color: #97bf0d;\">MORE HYGIENIC SUPPORT<\/span><\/strong><\/p>\n<p>The grip cover is made of neoprene, which allows for a more comfortable feel. It is also washable.<\/p>\n<p><span style=\"color: #97bf0d;\"><strong>WIDE AND FLEXIBLE END<\/strong><\/span><\/p>\n<p>Made of 100% natural rubber. It offers greater adaptation and adherence to different surfaces.<\/p>","protected":false},"featured_media":3243,"template":"","meta":{"inline_featured_image":false},"product_brand":[],"product_cat":[21,22],"product_tag":[36],"class_list":{"0":"post-3241","1":"product","2":"type-product","3":"status-publish","4":"has-post-thumbnail","6":"product_cat-movilidad","7":"product_cat-muletas","8":"product_tag-kmina","10":"first","11":"instock","12":"taxable","13":"shipping-taxable","14":"purchasable","15":"product-type-simple"},"yoast_head":"<!-- This site is optimized with the Yoast SEO Premium plugin v22.6 (Yoast SEO v27.1.1) - https:\/\/yoast.com\/product\/yoast-seo-premium-wordpress\/ -->\n<title>Muletas Adulto Acolchadas (x2 uds) Ortop\u00e9dicas Aluminio Conteras Anchas Grises Negras - Tcuido<\/title>\n<meta name=\"robots\" content=\"index, follow, max-snippet:-1, max-image-preview:large, max-video-preview:-1\" \/>\n<link rel=\"canonical\" href=\"https:\/\/www.tcuido.es\/en\/product\/muletas-adulto-acolchadas-x2-uds-ortopedicas-aluminio-conteras-anchas-grises-negras\/\" \/>\n<meta property=\"og:locale\" content=\"en_GB\" \/>\n<meta property=\"og:type\" content=\"article\" \/>\n<meta property=\"og:title\" content=\"Muletas Adulto Acolchadas (x2 uds) Ortop\u00e9dicas Aluminio Conteras Anchas Grises Negras\" \/>\n<meta property=\"og:description\" content=\"EMPU\u00d1ADURA ACOLCHADA  La funda de la empu\u00f1adura lleva una pieza de silicona interna para amortiguar el impacto en manos y mu\u00f1ecas.  APOYO M\u00c1S HIGI\u00c9NICO  La funda de la empu\u00f1adura es de neopreno, lo que permite un contacto m\u00e1s agradable. Adem\u00e1s, se puede lavar.  CONTERA ANCHA Y FLEXIBLE  Fabricada en caucho 100% natural. Ofrece mayor adaptaci\u00f3n y adherencia a distintas superficies .\" \/>\n<meta property=\"og:url\" content=\"https:\/\/www.tcuido.es\/en\/product\/muletas-adulto-acolchadas-x2-uds-ortopedicas-aluminio-conteras-anchas-grises-negras\/\" \/>\n<meta property=\"og:site_name\" content=\"Tcuido\" \/>\n<meta property=\"article:modified_time\" content=\"2025-09-23T17:28:33+00:00\" \/>\n<meta property=\"og:image\" content=\"https:\/\/www.tcuido.es\/wp-content\/uploads\/2024\/12\/M01_C01-01_P08_ft-01.webp\" \/>\n\t<meta property=\"og:image:width\" content=\"1075\" \/>\n\t<meta property=\"og:image:height\" content=\"1076\" \/>\n\t<meta property=\"og:image:type\" content=\"image\/webp\" \/>\n<meta name=\"twitter:card\" content=\"summary_large_image\" \/>\n<meta name=\"twitter:label1\" content=\"Estimated reading time\" \/>\n\t<meta name=\"twitter:data1\" content=\"1 minute\" \/>\n<script type=\"application\/ld+json\" class=\"yoast-schema-graph\">{\"@context\":\"https:\/\/schema.org\",\"@graph\":[{\"@type\":\"WebPage\",\"@id\":\"https:\/\/www.tcuido.es\/producto\/muletas-adulto-acolchadas-x2-uds-ortopedicas-aluminio-conteras-anchas-grises-negras\/\",\"url\":\"https:\/\/www.tcuido.es\/producto\/muletas-adulto-acolchadas-x2-uds-ortopedicas-aluminio-conteras-anchas-grises-negras\/\",\"name\":\"Muletas Adulto Acolchadas (x2 uds) Ortop\u00e9dicas Aluminio Conteras Anchas Grises Negras - Tcuido\",\"isPartOf\":{\"@id\":\"https:\/\/www.tcuido.es\/#website\"},\"primaryImageOfPage\":{\"@id\":\"https:\/\/www.tcuido.es\/producto\/muletas-adulto-acolchadas-x2-uds-ortopedicas-aluminio-conteras-anchas-grises-negras\/#primaryimage\"},\"image\":{\"@id\":\"https:\/\/www.tcuido.es\/producto\/muletas-adulto-acolchadas-x2-uds-ortopedicas-aluminio-conteras-anchas-grises-negras\/#primaryimage\"},\"thumbnailUrl\":\"https:\/\/www.tcuido.es\/wp-content\/uploads\/2024\/12\/M01_C01-01_P08_ft-01.webp\",\"datePublished\":\"2024-12-02T18:17:25+00:00\",\"dateModified\":\"2025-09-23T17:28:33+00:00\",\"breadcrumb\":{\"@id\":\"https:\/\/www.tcuido.es\/producto\/muletas-adulto-acolchadas-x2-uds-ortopedicas-aluminio-conteras-anchas-grises-negras\/#breadcrumb\"},\"inLanguage\":\"en-GB\",\"potentialAction\":[{\"@type\":\"ReadAction\",\"target\":[\"https:\/\/www.tcuido.es\/producto\/muletas-adulto-acolchadas-x2-uds-ortopedicas-aluminio-conteras-anchas-grises-negras\/\"]}]},{\"@type\":\"ImageObject\",\"inLanguage\":\"en-GB\",\"@id\":\"https:\/\/www.tcuido.es\/producto\/muletas-adulto-acolchadas-x2-uds-ortopedicas-aluminio-conteras-anchas-grises-negras\/#primaryimage\",\"url\":\"https:\/\/www.tcuido.es\/wp-content\/uploads\/2024\/12\/M01_C01-01_P08_ft-01.webp\",\"contentUrl\":\"https:\/\/www.tcuido.es\/wp-content\/uploads\/2024\/12\/M01_C01-01_P08_ft-01.webp\",\"width\":1075,\"height\":1076},{\"@type\":\"BreadcrumbList\",\"@id\":\"https:\/\/www.tcuido.es\/producto\/muletas-adulto-acolchadas-x2-uds-ortopedicas-aluminio-conteras-anchas-grises-negras\/#breadcrumb\",\"itemListElement\":[{\"@type\":\"ListItem\",\"position\":1,\"name\":\"Inicio\",\"item\":\"https:\/\/www.tcuido.es\/\"},{\"@type\":\"ListItem\",\"position\":2,\"name\":\"Tienda\",\"item\":\"https:\/\/www.tcuido.es\/tienda\/\"},{\"@type\":\"ListItem\",\"position\":3,\"name\":\"Muletas Adulto Acolchadas (x2 uds) Ortop\u00e9dicas Aluminio Conteras Anchas Grises Negras\"}]},{\"@type\":\"WebSite\",\"@id\":\"https:\/\/www.tcuido.es\/#website\",\"url\":\"https:\/\/www.tcuido.es\/\",\"name\":\"Tcuido\",\"description\":\"Servicios Integrales a la Dependencia\",\"publisher\":{\"@id\":\"https:\/\/www.tcuido.es\/#organization\"},\"potentialAction\":[{\"@type\":\"SearchAction\",\"target\":{\"@type\":\"EntryPoint\",\"urlTemplate\":\"https:\/\/www.tcuido.es\/?s={search_term_string}\"},\"query-input\":{\"@type\":\"PropertyValueSpecification\",\"valueRequired\":true,\"valueName\":\"search_term_string\"}}],\"inLanguage\":\"en-GB\"},{\"@type\":\"Organization\",\"@id\":\"https:\/\/www.tcuido.es\/#organization\",\"name\":\"Tcuido Servicios Integrales a la Dependencia\",\"url\":\"https:\/\/www.tcuido.es\/\",\"logo\":{\"@type\":\"ImageObject\",\"inLanguage\":\"en-GB\",\"@id\":\"https:\/\/www.tcuido.es\/#\/schema\/logo\/image\/\",\"url\":\"https:\/\/www.tcuido.es\/wp-content\/uploads\/2024\/03\/TCUIDO-facturas.png\",\"contentUrl\":\"https:\/\/www.tcuido.es\/wp-content\/uploads\/2024\/03\/TCUIDO-facturas.png\",\"width\":1600,\"height\":361,\"caption\":\"Tcuido Servicios Integrales a la Dependencia\"},\"image\":{\"@id\":\"https:\/\/www.tcuido.es\/#\/schema\/logo\/image\/\"}}]}<\/script>\n<!-- \/ Yoast SEO Premium plugin. -->","yoast_head_json":{"title":"Muletas Adulto Acolchadas (x2 uds) Ortop\u00e9dicas Aluminio Conteras Anchas Grises Negras - Tcuido","robots":{"index":"index","follow":"follow","max-snippet":"max-snippet:-1","max-image-preview":"max-image-preview:large","max-video-preview":"max-video-preview:-1"},"canonical":"https:\/\/www.tcuido.es\/en\/product\/muletas-adulto-acolchadas-x2-uds-ortopedicas-aluminio-conteras-anchas-grises-negras\/","og_locale":"en_GB","og_type":"article","og_title":"Muletas Adulto Acolchadas (x2 uds) Ortop\u00e9dicas Aluminio Conteras Anchas Grises Negras","og_description":"EMPU\u00d1ADURA ACOLCHADA  La funda de la empu\u00f1adura lleva una pieza de silicona interna para amortiguar el impacto en manos y mu\u00f1ecas.  APOYO M\u00c1S HIGI\u00c9NICO  La funda de la empu\u00f1adura es de neopreno, lo que permite un contacto m\u00e1s agradable. Adem\u00e1s, se puede lavar.  CONTERA ANCHA Y FLEXIBLE  Fabricada en caucho 100% natural. Ofrece mayor adaptaci\u00f3n y adherencia a distintas superficies .","og_url":"https:\/\/www.tcuido.es\/en\/product\/muletas-adulto-acolchadas-x2-uds-ortopedicas-aluminio-conteras-anchas-grises-negras\/","og_site_name":"Tcuido","article_modified_time":"2025-09-23T17:28:33+00:00","og_image":[{"width":1075,"height":1076,"url":"https:\/\/www.tcuido.es\/wp-content\/uploads\/2024\/12\/M01_C01-01_P08_ft-01.webp","type":"image\/webp"}],"twitter_card":"summary_large_image","twitter_misc":{"Estimated reading time":"1 minute"},"schema":{"@context":"https:\/\/schema.org","@graph":[{"@type":"WebPage","@id":"https:\/\/www.tcuido.es\/producto\/muletas-adulto-acolchadas-x2-uds-ortopedicas-aluminio-conteras-anchas-grises-negras\/","url":"https:\/\/www.tcuido.es\/producto\/muletas-adulto-acolchadas-x2-uds-ortopedicas-aluminio-conteras-anchas-grises-negras\/","name":"Muletas Adulto Acolchadas (x2 uds) Ortop\u00e9dicas Aluminio Conteras Anchas Grises Negras - Tcuido","isPartOf":{"@id":"https:\/\/www.tcuido.es\/#website"},"primaryImageOfPage":{"@id":"https:\/\/www.tcuido.es\/producto\/muletas-adulto-acolchadas-x2-uds-ortopedicas-aluminio-conteras-anchas-grises-negras\/#primaryimage"},"image":{"@id":"https:\/\/www.tcuido.es\/producto\/muletas-adulto-acolchadas-x2-uds-ortopedicas-aluminio-conteras-anchas-grises-negras\/#primaryimage"},"thumbnailUrl":"https:\/\/www.tcuido.es\/wp-content\/uploads\/2024\/12\/M01_C01-01_P08_ft-01.webp","datePublished":"2024-12-02T18:17:25+00:00","dateModified":"2025-09-23T17:28:33+00:00","breadcrumb":{"@id":"https:\/\/www.tcuido.es\/producto\/muletas-adulto-acolchadas-x2-uds-ortopedicas-aluminio-conteras-anchas-grises-negras\/#breadcrumb"},"inLanguage":"en-GB","potentialAction":[{"@type":"ReadAction","target":["https:\/\/www.tcuido.es\/producto\/muletas-adulto-acolchadas-x2-uds-ortopedicas-aluminio-conteras-anchas-grises-negras\/"]}]},{"@type":"ImageObject","inLanguage":"en-GB","@id":"https:\/\/www.tcuido.es\/producto\/muletas-adulto-acolchadas-x2-uds-ortopedicas-aluminio-conteras-anchas-grises-negras\/#primaryimage","url":"https:\/\/www.tcuido.es\/wp-content\/uploads\/2024\/12\/M01_C01-01_P08_ft-01.webp","contentUrl":"https:\/\/www.tcuido.es\/wp-content\/uploads\/2024\/12\/M01_C01-01_P08_ft-01.webp","width":1075,"height":1076},{"@type":"BreadcrumbList","@id":"https:\/\/www.tcuido.es\/producto\/muletas-adulto-acolchadas-x2-uds-ortopedicas-aluminio-conteras-anchas-grises-negras\/#breadcrumb","itemListElement":[{"@type":"ListItem","position":1,"name":"Inicio","item":"https:\/\/www.tcuido.es\/"},{"@type":"ListItem","position":2,"name":"Tienda","item":"https:\/\/www.tcuido.es\/tienda\/"},{"@type":"ListItem","position":3,"name":"Muletas Adulto Acolchadas (x2 uds) Ortop\u00e9dicas Aluminio Conteras Anchas Grises Negras"}]},{"@type":"WebSite","@id":"https:\/\/www.tcuido.es\/#website","url":"https:\/\/www.tcuido.es\/","name":"I take care","description":"Comprehensive Dependency Services","publisher":{"@id":"https:\/\/www.tcuido.es\/#organization"},"potentialAction":[{"@type":"SearchAction","target":{"@type":"EntryPoint","urlTemplate":"https:\/\/www.tcuido.es\/?s={search_term_string}"},"query-input":{"@type":"PropertyValueSpecification","valueRequired":true,"valueName":"search_term_string"}}],"inLanguage":"en-GB"},{"@type":"Organization","@id":"https:\/\/www.tcuido.es\/#organization","name":"Tcuido Comprehensive Dependency Services","url":"https:\/\/www.tcuido.es\/","logo":{"@type":"ImageObject","inLanguage":"en-GB","@id":"https:\/\/www.tcuido.es\/#\/schema\/logo\/image\/","url":"https:\/\/www.tcuido.es\/wp-content\/uploads\/2024\/03\/TCUIDO-facturas.png","contentUrl":"https:\/\/www.tcuido.es\/wp-content\/uploads\/2024\/03\/TCUIDO-facturas.png","width":1600,"height":361,"caption":"Tcuido Servicios Integrales a la Dependencia"},"image":{"@id":"https:\/\/www.tcuido.es\/#\/schema\/logo\/image\/"}}]}},"_links":{"self":[{"href":"https:\/\/www.tcuido.es\/en\/wp-json\/wp\/v2\/product\/3241","targetHints":{"allow":["GET"]}}],"collection":[{"href":"https:\/\/www.tcuido.es\/en\/wp-json\/wp\/v2\/product"}],"about":[{"href":"https:\/\/www.tcuido.es\/en\/wp-json\/wp\/v2\/types\/product"}],"wp:featuredmedia":[{"embeddable":true,"href":"https:\/\/www.tcuido.es\/en\/wp-json\/wp\/v2\/media\/3243"}],"wp:attachment":[{"href":"https:\/\/www.tcuido.es\/en\/wp-json\/wp\/v2\/media?parent=3241"}],"wp:term":[{"taxonomy":"product_brand","embeddable":true,"href":"https:\/\/www.tcuido.es\/en\/wp-json\/wp\/v2\/product_brand?post=3241"},{"taxonomy":"product_cat","embeddable":true,"href":"https:\/\/www.tcuido.es\/en\/wp-json\/wp\/v2\/product_cat?post=3241"},{"taxonomy":"product_tag","embeddable":true,"href":"https:\/\/www.tcuido.es\/en\/wp-json\/wp\/v2\/product_tag?post=3241"}],"curies":[{"name":"wp","href":"https:\/\/api.w.org\/{rel}","templated":true}]}}