{"id":3334,"date":"2024-12-07T10:14:46","date_gmt":"2024-12-07T10:14:46","guid":{"rendered":"https:\/\/www.tcuido.es\/?post_type=product&#038;p=3334"},"modified":"2025-09-23T17:28:14","modified_gmt":"2025-09-23T17:28:14","slug":"andadores-para-adultos-altos-170-a-200-m-aprox-andador-para-personas-mayores-alto-con-asiento","status":"publish","type":"product","link":"https:\/\/www.tcuido.es\/en\/product\/andadores-para-adultos-altos-170-a-200-m-aprox-andador-para-personas-mayores-alto-con-asiento\/","title":{"rendered":"Walkers for Tall Adults (1.70 to 2.00 m approx.), Walker for Tall Seniors with Seat"},"content":{"rendered":"<p><span style=\"color: #97bf0d;\"><strong>CHARACTERISTICS<\/strong><\/span><\/p>\n<ul>\n<li>STURDY AND VERSATILE: Thanks to its aluminum finish and four large, solid wheels, this adult walker is perfect for all types of surfaces. In addition, the fabric bag, with a capacity of 5kg, allows the user to store their belongings comfortably during their walks.<\/li>\n<li>MAXIMUM COMFORT: This walker guarantees great comfort thanks to its height adjustment system with 5 settings (89.5 cm - 103 cm) that allows it to adapt perfectly to tall people, as well as the seat with backrest (58 cm) that offers the possibility of resting at any time.<\/li>\n<li>SAFE: Walker for the elderly that increases safety by having a lever brake system that allows the walker to be completely immobilized. Its adjustable brake system also makes it possible to adjust the brake pressure to brake with less force.<\/li>\n<li>FOLDABLE: It can be folded quickly and easily, making it easy to store and transport. Thanks to its small dimensions once folded (89.5 x 70 x 24 cm), this walker can be stored anywhere without taking up much space.<\/li>\n<li>RECOMMENDED FOR: Users from 1.70 to 2.00 metres (approx.) and with a maximum weight of 136 kg. This walker has been designed for dependent people who need help to walk and do not want to lose their autonomy.<\/li>\n<\/ul>\n<p>&nbsp;<\/p>\n<p><span style=\"color: #97bf0d;\"><strong>TECHNICAL DETAILS<\/strong><\/span><\/p>\n<ul>\n<li>Product Reference: K10017<\/li>\n<li>Min. height \u2013 max.: 89.5 \u2013 103 cm<\/li>\n<li>Width: 65 cm<\/li>\n<li>Handle distance: 50 cm<\/li>\n<li>Folded Dimension (H x D x W): 89.5 x 24 x 70 cm<\/li>\n<li>Seat: Yes<\/li>\n<li>Seat Height: 58 cm<\/li>\n<li>Seat Dimensions (W x D): 46 x 21 cm<\/li>\n<li>\u00d8 Front wheels: 25 cm<\/li>\n<li>\u00d8 Rear wheels: 20 cm<\/li>\n<li>Walker Weight: 7 kg<\/li>\n<li>Maximum User Weight: 136 kg<\/li>\n<\/ul>\n<p>&nbsp;<\/p>\n<p><strong><span style=\"color: #97bf0d;\">ADDITIONAL INFORMATION<\/span><\/strong><\/p>\n<ul>\n<li>Material: Aluminum<\/li>\n<li>Backup: Yes<\/li>\n<li>Basket: Yes<\/li>\n<li>Basket capacity: 5 kg<\/li>\n<li>Brake Type: Cable Brake<\/li>\n<li>Height adjustable: Yes<\/li>\n<li>Regulations: 5<\/li>\n<li>Foldable: Yes<\/li>\n<li>Pole holder: No<\/li>\n<\/ul>","protected":false},"excerpt":{"rendered":"<p><strong><span style=\"color: #97bf0d;\">IDEAL FOR TALL PEOPLE<\/span><\/strong><\/p>\n<p>The walker has different adjustments and is designed for tall people between 1.70 and 2.00 metres. It has a seat height of 58 cm.<\/p>\n<p><strong><span style=\"color: #97bf0d;\">AUTONOMY AND ACCESSIBILITY<\/span><\/strong><\/p>\n<p>The walker is characterised by its large wheels (front \u00d8 25 cm \u2013 rear \u00d8 20 cm), which make it perfect for all types of surfaces. It also has a lever to help raise the front wheels to easily overcome obstacles such as stairs or curbs.<\/p>\n<p><strong><span style=\"color: #97bf0d;\">INNOVATIVE AND MULTIFUNCTIONAL<\/span><\/strong><\/p>\n<p>The modern design of the walker features a seat with a backrest perfect for resting comfortably and a folding system for easy storage or transport. The fabric basket is perfect for use outside and inside the home. It includes an exterior zip pocket. Maximum basket load: 5 kg.<\/p>","protected":false},"featured_media":3331,"template":"","meta":{"inline_featured_image":false},"product_brand":[],"product_cat":[23,21],"product_tag":[36],"class_list":{"0":"post-3334","1":"product","2":"type-product","3":"status-publish","4":"has-post-thumbnail","6":"product_cat-andadores","7":"product_cat-movilidad","8":"product_tag-kmina","10":"first","11":"instock","12":"taxable","13":"shipping-taxable","14":"purchasable","15":"product-type-simple"},"yoast_head":"<!-- This site is optimized with the Yoast SEO Premium plugin v22.6 (Yoast SEO v27.1.1) - https:\/\/yoast.com\/product\/yoast-seo-premium-wordpress\/ -->\n<title>Andadores para Adultos Altos (1,70 a 2,00 m aprox), Andador para Personas Mayores Alto con Asiento - Tcuido<\/title>\n<meta name=\"robots\" content=\"index, follow, max-snippet:-1, max-image-preview:large, max-video-preview:-1\" \/>\n<link rel=\"canonical\" href=\"https:\/\/www.tcuido.es\/en\/product\/andadores-para-adultos-altos-170-a-200-m-aprox-andador-para-personas-mayores-alto-con-asiento\/\" \/>\n<meta property=\"og:locale\" content=\"en_GB\" \/>\n<meta property=\"og:type\" content=\"article\" \/>\n<meta property=\"og:title\" content=\"Andadores para Adultos Altos (1,70 a 2,00 m aprox), Andador para Personas Mayores Alto con Asiento\" \/>\n<meta property=\"og:description\" content=\"IDEAL PARA PERSONAS ALTAS  El andador cuenta con distintas regulaciones y est\u00e1 dise\u00f1ado para personas altas de entre 1,70 y 2,00 metros. Dispone de un asiento de 58 cm de altura.  AUTONOM\u00cdA Y ACCESIBILIDAD  El andador se caracteriza por sus ruedas grandes (delanteras \u00d8 25 cm - traseras \u00d8 20 cm), que lo hacen perfecto para todo tipo de superficies. Adem\u00e1s cuenta con una palanca de ayuda para elevar las ruedas delanteras para sortear obst\u00e1culos como escaleras o bordillos f\u00e1cilmente.  INNOVADOR Y MULTIFUNCIONAL  El dise\u00f1o moderno del andador dispone de asiento con respaldo perfecto para descansar c\u00f3modamente y un sistema de plegado para guardarlo o transportarlo f\u00e1cilmente. La cesta de tela es perfecta para usar fuera y dentro de casa. Incluye un bolsillo exterior con cremallera. Carga m\u00e1xima de la cesta: 5 kg.\" \/>\n<meta property=\"og:url\" content=\"https:\/\/www.tcuido.es\/en\/product\/andadores-para-adultos-altos-170-a-200-m-aprox-andador-para-personas-mayores-alto-con-asiento\/\" \/>\n<meta property=\"og:site_name\" content=\"Tcuido\" \/>\n<meta property=\"article:modified_time\" content=\"2025-09-23T17:28:14+00:00\" \/>\n<meta property=\"og:image\" content=\"https:\/\/www.tcuido.es\/wp-content\/uploads\/2024\/12\/M01_C01-02_P03_ft-01.webp\" \/>\n\t<meta property=\"og:image:width\" content=\"1000\" \/>\n\t<meta property=\"og:image:height\" content=\"1000\" \/>\n\t<meta property=\"og:image:type\" content=\"image\/webp\" \/>\n<meta name=\"twitter:card\" content=\"summary_large_image\" \/>\n<meta name=\"twitter:label1\" content=\"Estimated reading time\" \/>\n\t<meta name=\"twitter:data1\" content=\"2 minutes\" \/>\n<script type=\"application\/ld+json\" class=\"yoast-schema-graph\">{\"@context\":\"https:\/\/schema.org\",\"@graph\":[{\"@type\":\"WebPage\",\"@id\":\"https:\/\/www.tcuido.es\/producto\/andadores-para-adultos-altos-170-a-200-m-aprox-andador-para-personas-mayores-alto-con-asiento\/\",\"url\":\"https:\/\/www.tcuido.es\/producto\/andadores-para-adultos-altos-170-a-200-m-aprox-andador-para-personas-mayores-alto-con-asiento\/\",\"name\":\"Andadores para Adultos Altos (1,70 a 2,00 m aprox), Andador para Personas Mayores Alto con Asiento - Tcuido\",\"isPartOf\":{\"@id\":\"https:\/\/www.tcuido.es\/#website\"},\"primaryImageOfPage\":{\"@id\":\"https:\/\/www.tcuido.es\/producto\/andadores-para-adultos-altos-170-a-200-m-aprox-andador-para-personas-mayores-alto-con-asiento\/#primaryimage\"},\"image\":{\"@id\":\"https:\/\/www.tcuido.es\/producto\/andadores-para-adultos-altos-170-a-200-m-aprox-andador-para-personas-mayores-alto-con-asiento\/#primaryimage\"},\"thumbnailUrl\":\"https:\/\/www.tcuido.es\/wp-content\/uploads\/2024\/12\/M01_C01-02_P03_ft-01.webp\",\"datePublished\":\"2024-12-07T10:14:46+00:00\",\"dateModified\":\"2025-09-23T17:28:14+00:00\",\"breadcrumb\":{\"@id\":\"https:\/\/www.tcuido.es\/producto\/andadores-para-adultos-altos-170-a-200-m-aprox-andador-para-personas-mayores-alto-con-asiento\/#breadcrumb\"},\"inLanguage\":\"en-GB\",\"potentialAction\":[{\"@type\":\"ReadAction\",\"target\":[\"https:\/\/www.tcuido.es\/producto\/andadores-para-adultos-altos-170-a-200-m-aprox-andador-para-personas-mayores-alto-con-asiento\/\"]}]},{\"@type\":\"ImageObject\",\"inLanguage\":\"en-GB\",\"@id\":\"https:\/\/www.tcuido.es\/producto\/andadores-para-adultos-altos-170-a-200-m-aprox-andador-para-personas-mayores-alto-con-asiento\/#primaryimage\",\"url\":\"https:\/\/www.tcuido.es\/wp-content\/uploads\/2024\/12\/M01_C01-02_P03_ft-01.webp\",\"contentUrl\":\"https:\/\/www.tcuido.es\/wp-content\/uploads\/2024\/12\/M01_C01-02_P03_ft-01.webp\",\"width\":1000,\"height\":1000},{\"@type\":\"BreadcrumbList\",\"@id\":\"https:\/\/www.tcuido.es\/producto\/andadores-para-adultos-altos-170-a-200-m-aprox-andador-para-personas-mayores-alto-con-asiento\/#breadcrumb\",\"itemListElement\":[{\"@type\":\"ListItem\",\"position\":1,\"name\":\"Inicio\",\"item\":\"https:\/\/www.tcuido.es\/\"},{\"@type\":\"ListItem\",\"position\":2,\"name\":\"Tienda\",\"item\":\"https:\/\/www.tcuido.es\/tienda\/\"},{\"@type\":\"ListItem\",\"position\":3,\"name\":\"Andadores para Adultos Altos (1,70 a 2,00 m aprox), Andador para Personas Mayores Alto con Asiento\"}]},{\"@type\":\"WebSite\",\"@id\":\"https:\/\/www.tcuido.es\/#website\",\"url\":\"https:\/\/www.tcuido.es\/\",\"name\":\"Tcuido\",\"description\":\"Servicios Integrales a la Dependencia\",\"publisher\":{\"@id\":\"https:\/\/www.tcuido.es\/#organization\"},\"potentialAction\":[{\"@type\":\"SearchAction\",\"target\":{\"@type\":\"EntryPoint\",\"urlTemplate\":\"https:\/\/www.tcuido.es\/?s={search_term_string}\"},\"query-input\":{\"@type\":\"PropertyValueSpecification\",\"valueRequired\":true,\"valueName\":\"search_term_string\"}}],\"inLanguage\":\"en-GB\"},{\"@type\":\"Organization\",\"@id\":\"https:\/\/www.tcuido.es\/#organization\",\"name\":\"Tcuido Servicios Integrales a la Dependencia\",\"url\":\"https:\/\/www.tcuido.es\/\",\"logo\":{\"@type\":\"ImageObject\",\"inLanguage\":\"en-GB\",\"@id\":\"https:\/\/www.tcuido.es\/#\/schema\/logo\/image\/\",\"url\":\"https:\/\/www.tcuido.es\/wp-content\/uploads\/2024\/03\/TCUIDO-facturas.png\",\"contentUrl\":\"https:\/\/www.tcuido.es\/wp-content\/uploads\/2024\/03\/TCUIDO-facturas.png\",\"width\":1600,\"height\":361,\"caption\":\"Tcuido Servicios Integrales a la Dependencia\"},\"image\":{\"@id\":\"https:\/\/www.tcuido.es\/#\/schema\/logo\/image\/\"}}]}<\/script>\n<!-- \/ Yoast SEO Premium plugin. -->","yoast_head_json":{"title":"Andadores para Adultos Altos (1,70 a 2,00 m aprox), Andador para Personas Mayores Alto con Asiento - Tcuido","robots":{"index":"index","follow":"follow","max-snippet":"max-snippet:-1","max-image-preview":"max-image-preview:large","max-video-preview":"max-video-preview:-1"},"canonical":"https:\/\/www.tcuido.es\/en\/product\/andadores-para-adultos-altos-170-a-200-m-aprox-andador-para-personas-mayores-alto-con-asiento\/","og_locale":"en_GB","og_type":"article","og_title":"Andadores para Adultos Altos (1,70 a 2,00 m aprox), Andador para Personas Mayores Alto con Asiento","og_description":"IDEAL PARA PERSONAS ALTAS  El andador cuenta con distintas regulaciones y est\u00e1 dise\u00f1ado para personas altas de entre 1,70 y 2,00 metros. Dispone de un asiento de 58 cm de altura.  AUTONOM\u00cdA Y ACCESIBILIDAD  El andador se caracteriza por sus ruedas grandes (delanteras \u00d8 25 cm - traseras \u00d8 20 cm), que lo hacen perfecto para todo tipo de superficies. Adem\u00e1s cuenta con una palanca de ayuda para elevar las ruedas delanteras para sortear obst\u00e1culos como escaleras o bordillos f\u00e1cilmente.  INNOVADOR Y MULTIFUNCIONAL  El dise\u00f1o moderno del andador dispone de asiento con respaldo perfecto para descansar c\u00f3modamente y un sistema de plegado para guardarlo o transportarlo f\u00e1cilmente. La cesta de tela es perfecta para usar fuera y dentro de casa. Incluye un bolsillo exterior con cremallera. Carga m\u00e1xima de la cesta: 5 kg.","og_url":"https:\/\/www.tcuido.es\/en\/product\/andadores-para-adultos-altos-170-a-200-m-aprox-andador-para-personas-mayores-alto-con-asiento\/","og_site_name":"Tcuido","article_modified_time":"2025-09-23T17:28:14+00:00","og_image":[{"width":1000,"height":1000,"url":"https:\/\/www.tcuido.es\/wp-content\/uploads\/2024\/12\/M01_C01-02_P03_ft-01.webp","type":"image\/webp"}],"twitter_card":"summary_large_image","twitter_misc":{"Estimated reading time":"2 minutes"},"schema":{"@context":"https:\/\/schema.org","@graph":[{"@type":"WebPage","@id":"https:\/\/www.tcuido.es\/producto\/andadores-para-adultos-altos-170-a-200-m-aprox-andador-para-personas-mayores-alto-con-asiento\/","url":"https:\/\/www.tcuido.es\/producto\/andadores-para-adultos-altos-170-a-200-m-aprox-andador-para-personas-mayores-alto-con-asiento\/","name":"Andadores para Adultos Altos (1,70 a 2,00 m aprox), Andador para Personas Mayores Alto con Asiento - Tcuido","isPartOf":{"@id":"https:\/\/www.tcuido.es\/#website"},"primaryImageOfPage":{"@id":"https:\/\/www.tcuido.es\/producto\/andadores-para-adultos-altos-170-a-200-m-aprox-andador-para-personas-mayores-alto-con-asiento\/#primaryimage"},"image":{"@id":"https:\/\/www.tcuido.es\/producto\/andadores-para-adultos-altos-170-a-200-m-aprox-andador-para-personas-mayores-alto-con-asiento\/#primaryimage"},"thumbnailUrl":"https:\/\/www.tcuido.es\/wp-content\/uploads\/2024\/12\/M01_C01-02_P03_ft-01.webp","datePublished":"2024-12-07T10:14:46+00:00","dateModified":"2025-09-23T17:28:14+00:00","breadcrumb":{"@id":"https:\/\/www.tcuido.es\/producto\/andadores-para-adultos-altos-170-a-200-m-aprox-andador-para-personas-mayores-alto-con-asiento\/#breadcrumb"},"inLanguage":"en-GB","potentialAction":[{"@type":"ReadAction","target":["https:\/\/www.tcuido.es\/producto\/andadores-para-adultos-altos-170-a-200-m-aprox-andador-para-personas-mayores-alto-con-asiento\/"]}]},{"@type":"ImageObject","inLanguage":"en-GB","@id":"https:\/\/www.tcuido.es\/producto\/andadores-para-adultos-altos-170-a-200-m-aprox-andador-para-personas-mayores-alto-con-asiento\/#primaryimage","url":"https:\/\/www.tcuido.es\/wp-content\/uploads\/2024\/12\/M01_C01-02_P03_ft-01.webp","contentUrl":"https:\/\/www.tcuido.es\/wp-content\/uploads\/2024\/12\/M01_C01-02_P03_ft-01.webp","width":1000,"height":1000},{"@type":"BreadcrumbList","@id":"https:\/\/www.tcuido.es\/producto\/andadores-para-adultos-altos-170-a-200-m-aprox-andador-para-personas-mayores-alto-con-asiento\/#breadcrumb","itemListElement":[{"@type":"ListItem","position":1,"name":"Inicio","item":"https:\/\/www.tcuido.es\/"},{"@type":"ListItem","position":2,"name":"Tienda","item":"https:\/\/www.tcuido.es\/tienda\/"},{"@type":"ListItem","position":3,"name":"Andadores para Adultos Altos (1,70 a 2,00 m aprox), Andador para Personas Mayores Alto con Asiento"}]},{"@type":"WebSite","@id":"https:\/\/www.tcuido.es\/#website","url":"https:\/\/www.tcuido.es\/","name":"I take care","description":"Comprehensive Dependency Services","publisher":{"@id":"https:\/\/www.tcuido.es\/#organization"},"potentialAction":[{"@type":"SearchAction","target":{"@type":"EntryPoint","urlTemplate":"https:\/\/www.tcuido.es\/?s={search_term_string}"},"query-input":{"@type":"PropertyValueSpecification","valueRequired":true,"valueName":"search_term_string"}}],"inLanguage":"en-GB"},{"@type":"Organization","@id":"https:\/\/www.tcuido.es\/#organization","name":"Tcuido Comprehensive Dependency Services","url":"https:\/\/www.tcuido.es\/","logo":{"@type":"ImageObject","inLanguage":"en-GB","@id":"https:\/\/www.tcuido.es\/#\/schema\/logo\/image\/","url":"https:\/\/www.tcuido.es\/wp-content\/uploads\/2024\/03\/TCUIDO-facturas.png","contentUrl":"https:\/\/www.tcuido.es\/wp-content\/uploads\/2024\/03\/TCUIDO-facturas.png","width":1600,"height":361,"caption":"Tcuido Servicios Integrales a la Dependencia"},"image":{"@id":"https:\/\/www.tcuido.es\/#\/schema\/logo\/image\/"}}]}},"_links":{"self":[{"href":"https:\/\/www.tcuido.es\/en\/wp-json\/wp\/v2\/product\/3334","targetHints":{"allow":["GET"]}}],"collection":[{"href":"https:\/\/www.tcuido.es\/en\/wp-json\/wp\/v2\/product"}],"about":[{"href":"https:\/\/www.tcuido.es\/en\/wp-json\/wp\/v2\/types\/product"}],"wp:featuredmedia":[{"embeddable":true,"href":"https:\/\/www.tcuido.es\/en\/wp-json\/wp\/v2\/media\/3331"}],"wp:attachment":[{"href":"https:\/\/www.tcuido.es\/en\/wp-json\/wp\/v2\/media?parent=3334"}],"wp:term":[{"taxonomy":"product_brand","embeddable":true,"href":"https:\/\/www.tcuido.es\/en\/wp-json\/wp\/v2\/product_brand?post=3334"},{"taxonomy":"product_cat","embeddable":true,"href":"https:\/\/www.tcuido.es\/en\/wp-json\/wp\/v2\/product_cat?post=3334"},{"taxonomy":"product_tag","embeddable":true,"href":"https:\/\/www.tcuido.es\/en\/wp-json\/wp\/v2\/product_tag?post=3334"}],"curies":[{"name":"wp","href":"https:\/\/api.w.org\/{rel}","templated":true}]}}