{"id":3350,"date":"2024-12-07T10:29:25","date_gmt":"2024-12-07T10:29:25","guid":{"rendered":"https:\/\/www.tcuido.es\/?post_type=product&#038;p=3350"},"modified":"2025-09-23T17:28:14","modified_gmt":"2025-09-23T17:28:14","slug":"andador-silla-de-ruedas-2-en-1-andadores-con-silla-para-personas-mayores-adultos-negro","status":"publish","type":"product","link":"https:\/\/www.tcuido.es\/en\/product\/andador-silla-de-ruedas-2-en-1-andadores-con-silla-para-personas-mayores-adultos-negro\/","title":{"rendered":"Walker Wheelchair (2 in 1), Walkers with Chair for Seniors Adults Black"},"content":{"rendered":"<p><strong><span style=\"color: #97bf0d;\">CHARACTERISTICS<\/span><\/strong><\/p>\n<ul>\n<li>2 IN 1: This walker allows the user to move around independently and occasionally sit down and be pushed like a wheelchair. The walker has been designed for dependent people who need help to walk and do not want to lose their autonomy.<\/li>\n<li>STURDY AND VERSATILE: Thanks to its aluminium finish and four large 20cm diameter wheels, this adult walker is perfect for both indoor and outdoor use. In addition, the fabric basket, with a zip closure and a capacity of 15kg, allows the user to store their belongings comfortably during their walks and to fold the walker without having to remove it.<\/li>\n<li>MAXIMUM COMFORT: It guarantees great comfort thanks to its height adjustment system with 6 settings (82.5 \u2013 95 cm) that allows it to adapt to users of different heights. This multi-function walker is the ideal solution for people with mobility problems to maintain an active life. Maximum user weight: 136 kg.<\/li>\n<li>SAFETY: Increases safety by having an adjustable brake lever system that allows you to adjust the brake pressure to brake with less force. In addition, it has a parking brake that can completely immobilize the walker.<\/li>\n<li>FOLDABLE: It can be folded quickly and easily, making it easy to store and transport. Thanks to its small dimensions once folded (97 x 56 x 47 cm), this walker can be stored anywhere without taking up too much space.<\/li>\n<\/ul>\n<p>&nbsp;<\/p>\n<p><strong><span style=\"color: #97bf0d;\">TECHNICAL DETAILS<\/span><\/strong><\/p>\n<ul>\n<li>Product Reference: K10047<\/li>\n<li>Min. height \u2013 max.: 82.5 \u2013 95 cm<\/li>\n<li>Width: 55 cm<\/li>\n<li>Handle distance: 45 cm<\/li>\n<li>Folded Dimension (H x D x W): 97 x 50 x 56 cm<\/li>\n<li>Seat: Yes<\/li>\n<li>Seat Height: 53 cm<\/li>\n<li>Seat Dimensions (W x D): 36 x 33 cm<\/li>\n<li>\u00d8 Wheels: 20 cm<\/li>\n<li>Walker Weight: 9.5 kg<\/li>\n<li>Maximum User Weight: 136 kg<\/li>\n<\/ul>\n<p>&nbsp;<\/p>\n<p><strong><span style=\"color: #97bf0d;\">ADDITIONAL INFORMATION<\/span><\/strong><\/p>\n<ul>\n<li>Material: Aluminum<\/li>\n<li>Backup: Yes<\/li>\n<li>Basket: Yes<\/li>\n<li>Basket capacity: 15 kg<\/li>\n<li>Brake Type: Cable Brake<\/li>\n<li>Height adjustable: Yes<\/li>\n<li>Regulations: 6<\/li>\n<li>Foldable: Yes<\/li>\n<li>Footrest: Yes<\/li>\n<\/ul>","protected":false},"excerpt":{"rendered":"<p><strong><span style=\"color: #97bf0d;\">VERSATILITY<\/span><\/strong><\/p>\n<p>This walker allows the user to move around independently and occasionally sit down and be pushed like a wheelchair on smooth terrain. IMPORTANT: For prolonged use as a seat or on unpaved terrain, we recommend the use of a traditional wheelchair.<\/p>\n<p><strong><span style=\"color: #97bf0d;\">COMFORT<\/span><\/strong><\/p>\n<p>This folding walker is very easy to transform into a wheelchair. It has a two-way backrest and an easy-to-unfold footrest that provides great comfort to the user, allowing for better rest by keeping the legs at rest.<\/p>\n<p><strong><span style=\"color: #97bf0d;\">SAFE BASKET<\/span><\/strong><\/p>\n<p>This walker and wheelchair features a secure basket with a capacity of 15 kg, perfect for use inside and outside the home, as it does not need to be removed when folding the walker. It also has a comfortable seat and padded backrest.<\/p>","protected":false},"featured_media":3354,"template":"","meta":{"inline_featured_image":false},"product_brand":[],"product_cat":[23,21],"product_tag":[36],"class_list":{"0":"post-3350","1":"product","2":"type-product","3":"status-publish","4":"has-post-thumbnail","6":"product_cat-andadores","7":"product_cat-movilidad","8":"product_tag-kmina","10":"first","11":"instock","12":"taxable","13":"shipping-taxable","14":"purchasable","15":"product-type-simple"},"yoast_head":"<!-- This site is optimized with the Yoast SEO Premium plugin v22.6 (Yoast SEO v27.1.1) - https:\/\/yoast.com\/product\/yoast-seo-premium-wordpress\/ -->\n<title>Andador Silla De Ruedas (2 en 1), Andadores con Silla para Personas Mayores Adultos Negro - Tcuido<\/title>\n<meta name=\"robots\" content=\"index, follow, max-snippet:-1, max-image-preview:large, max-video-preview:-1\" \/>\n<link rel=\"canonical\" href=\"https:\/\/www.tcuido.es\/en\/product\/andador-silla-de-ruedas-2-en-1-andadores-con-silla-para-personas-mayores-adultos-negro\/\" \/>\n<meta property=\"og:locale\" content=\"en_GB\" \/>\n<meta property=\"og:type\" content=\"article\" \/>\n<meta property=\"og:title\" content=\"Andador Silla De Ruedas (2 en 1), Andadores con Silla para Personas Mayores Adultos Negro\" \/>\n<meta property=\"og:description\" content=\"VERSATILIDAD  Este andador permite al usuario desplazarse de forma aut\u00f3noma y puntualmente sentarse y ser empujado como silla de ruedas por terrenos lisos. IMPORTANTE: Para un uso prolongado como asiento o en terrenos sin asfaltar, recomendamos el uso de una silla de ruedas tradicional.  COMODIDAD  Este andador plegable es muy f\u00e1cil de transformar en silla de ruedas. Cuenta con un respaldo bidireccional y un reposapi\u00e9s f\u00e1cil de desplegar que proporciona gran comodidad al usuario permitiendo un mejor descanso al mantener las piernas en reposo.  CESTA SEGURA  Este andador y silla de ruedas cuenta con una cesta segura con una capacidad de 15 kg, perfecta para usar dentro y fuera de casa, ya que no hace falta quitarla cuando pleguemos el andador. Adem\u00e1s cuenta con un asiento c\u00f3modo y respaldo acolchado.\" \/>\n<meta property=\"og:url\" content=\"https:\/\/www.tcuido.es\/en\/product\/andador-silla-de-ruedas-2-en-1-andadores-con-silla-para-personas-mayores-adultos-negro\/\" \/>\n<meta property=\"og:site_name\" content=\"Tcuido\" \/>\n<meta property=\"article:modified_time\" content=\"2025-09-23T17:28:14+00:00\" \/>\n<meta property=\"og:image\" content=\"https:\/\/www.tcuido.es\/wp-content\/uploads\/2024\/12\/M01_C01-02_P05_ft-01.webp\" \/>\n\t<meta property=\"og:image:width\" content=\"1000\" \/>\n\t<meta property=\"og:image:height\" content=\"1000\" \/>\n\t<meta property=\"og:image:type\" content=\"image\/webp\" \/>\n<meta name=\"twitter:card\" content=\"summary_large_image\" \/>\n<meta name=\"twitter:label1\" content=\"Estimated reading time\" \/>\n\t<meta name=\"twitter:data1\" content=\"2 minutes\" \/>\n<script type=\"application\/ld+json\" class=\"yoast-schema-graph\">{\"@context\":\"https:\/\/schema.org\",\"@graph\":[{\"@type\":\"WebPage\",\"@id\":\"https:\/\/www.tcuido.es\/producto\/andador-silla-de-ruedas-2-en-1-andadores-con-silla-para-personas-mayores-adultos-negro\/\",\"url\":\"https:\/\/www.tcuido.es\/producto\/andador-silla-de-ruedas-2-en-1-andadores-con-silla-para-personas-mayores-adultos-negro\/\",\"name\":\"Andador Silla De Ruedas (2 en 1), Andadores con Silla para Personas Mayores Adultos Negro - Tcuido\",\"isPartOf\":{\"@id\":\"https:\/\/www.tcuido.es\/#website\"},\"primaryImageOfPage\":{\"@id\":\"https:\/\/www.tcuido.es\/producto\/andador-silla-de-ruedas-2-en-1-andadores-con-silla-para-personas-mayores-adultos-negro\/#primaryimage\"},\"image\":{\"@id\":\"https:\/\/www.tcuido.es\/producto\/andador-silla-de-ruedas-2-en-1-andadores-con-silla-para-personas-mayores-adultos-negro\/#primaryimage\"},\"thumbnailUrl\":\"https:\/\/www.tcuido.es\/wp-content\/uploads\/2024\/12\/M01_C01-02_P05_ft-01.webp\",\"datePublished\":\"2024-12-07T10:29:25+00:00\",\"dateModified\":\"2025-09-23T17:28:14+00:00\",\"breadcrumb\":{\"@id\":\"https:\/\/www.tcuido.es\/producto\/andador-silla-de-ruedas-2-en-1-andadores-con-silla-para-personas-mayores-adultos-negro\/#breadcrumb\"},\"inLanguage\":\"en-GB\",\"potentialAction\":[{\"@type\":\"ReadAction\",\"target\":[\"https:\/\/www.tcuido.es\/producto\/andador-silla-de-ruedas-2-en-1-andadores-con-silla-para-personas-mayores-adultos-negro\/\"]}]},{\"@type\":\"ImageObject\",\"inLanguage\":\"en-GB\",\"@id\":\"https:\/\/www.tcuido.es\/producto\/andador-silla-de-ruedas-2-en-1-andadores-con-silla-para-personas-mayores-adultos-negro\/#primaryimage\",\"url\":\"https:\/\/www.tcuido.es\/wp-content\/uploads\/2024\/12\/M01_C01-02_P05_ft-01.webp\",\"contentUrl\":\"https:\/\/www.tcuido.es\/wp-content\/uploads\/2024\/12\/M01_C01-02_P05_ft-01.webp\",\"width\":1000,\"height\":1000},{\"@type\":\"BreadcrumbList\",\"@id\":\"https:\/\/www.tcuido.es\/producto\/andador-silla-de-ruedas-2-en-1-andadores-con-silla-para-personas-mayores-adultos-negro\/#breadcrumb\",\"itemListElement\":[{\"@type\":\"ListItem\",\"position\":1,\"name\":\"Inicio\",\"item\":\"https:\/\/www.tcuido.es\/\"},{\"@type\":\"ListItem\",\"position\":2,\"name\":\"Tienda\",\"item\":\"https:\/\/www.tcuido.es\/tienda\/\"},{\"@type\":\"ListItem\",\"position\":3,\"name\":\"Andador Silla De Ruedas (2 en 1), Andadores con Silla para Personas Mayores Adultos Negro\"}]},{\"@type\":\"WebSite\",\"@id\":\"https:\/\/www.tcuido.es\/#website\",\"url\":\"https:\/\/www.tcuido.es\/\",\"name\":\"Tcuido\",\"description\":\"Servicios Integrales a la Dependencia\",\"publisher\":{\"@id\":\"https:\/\/www.tcuido.es\/#organization\"},\"potentialAction\":[{\"@type\":\"SearchAction\",\"target\":{\"@type\":\"EntryPoint\",\"urlTemplate\":\"https:\/\/www.tcuido.es\/?s={search_term_string}\"},\"query-input\":{\"@type\":\"PropertyValueSpecification\",\"valueRequired\":true,\"valueName\":\"search_term_string\"}}],\"inLanguage\":\"en-GB\"},{\"@type\":\"Organization\",\"@id\":\"https:\/\/www.tcuido.es\/#organization\",\"name\":\"Tcuido Servicios Integrales a la Dependencia\",\"url\":\"https:\/\/www.tcuido.es\/\",\"logo\":{\"@type\":\"ImageObject\",\"inLanguage\":\"en-GB\",\"@id\":\"https:\/\/www.tcuido.es\/#\/schema\/logo\/image\/\",\"url\":\"https:\/\/www.tcuido.es\/wp-content\/uploads\/2024\/03\/TCUIDO-facturas.png\",\"contentUrl\":\"https:\/\/www.tcuido.es\/wp-content\/uploads\/2024\/03\/TCUIDO-facturas.png\",\"width\":1600,\"height\":361,\"caption\":\"Tcuido Servicios Integrales a la Dependencia\"},\"image\":{\"@id\":\"https:\/\/www.tcuido.es\/#\/schema\/logo\/image\/\"}}]}<\/script>\n<!-- \/ Yoast SEO Premium plugin. -->","yoast_head_json":{"title":"Andador Silla De Ruedas (2 en 1), Andadores con Silla para Personas Mayores Adultos Negro - Tcuido","robots":{"index":"index","follow":"follow","max-snippet":"max-snippet:-1","max-image-preview":"max-image-preview:large","max-video-preview":"max-video-preview:-1"},"canonical":"https:\/\/www.tcuido.es\/en\/product\/andador-silla-de-ruedas-2-en-1-andadores-con-silla-para-personas-mayores-adultos-negro\/","og_locale":"en_GB","og_type":"article","og_title":"Andador Silla De Ruedas (2 en 1), Andadores con Silla para Personas Mayores Adultos Negro","og_description":"VERSATILIDAD  Este andador permite al usuario desplazarse de forma aut\u00f3noma y puntualmente sentarse y ser empujado como silla de ruedas por terrenos lisos. IMPORTANTE: Para un uso prolongado como asiento o en terrenos sin asfaltar, recomendamos el uso de una silla de ruedas tradicional.  COMODIDAD  Este andador plegable es muy f\u00e1cil de transformar en silla de ruedas. Cuenta con un respaldo bidireccional y un reposapi\u00e9s f\u00e1cil de desplegar que proporciona gran comodidad al usuario permitiendo un mejor descanso al mantener las piernas en reposo.  CESTA SEGURA  Este andador y silla de ruedas cuenta con una cesta segura con una capacidad de 15 kg, perfecta para usar dentro y fuera de casa, ya que no hace falta quitarla cuando pleguemos el andador. Adem\u00e1s cuenta con un asiento c\u00f3modo y respaldo acolchado.","og_url":"https:\/\/www.tcuido.es\/en\/product\/andador-silla-de-ruedas-2-en-1-andadores-con-silla-para-personas-mayores-adultos-negro\/","og_site_name":"Tcuido","article_modified_time":"2025-09-23T17:28:14+00:00","og_image":[{"width":1000,"height":1000,"url":"https:\/\/www.tcuido.es\/wp-content\/uploads\/2024\/12\/M01_C01-02_P05_ft-01.webp","type":"image\/webp"}],"twitter_card":"summary_large_image","twitter_misc":{"Estimated reading time":"2 minutes"},"schema":{"@context":"https:\/\/schema.org","@graph":[{"@type":"WebPage","@id":"https:\/\/www.tcuido.es\/producto\/andador-silla-de-ruedas-2-en-1-andadores-con-silla-para-personas-mayores-adultos-negro\/","url":"https:\/\/www.tcuido.es\/producto\/andador-silla-de-ruedas-2-en-1-andadores-con-silla-para-personas-mayores-adultos-negro\/","name":"Andador Silla De Ruedas (2 en 1), Andadores con Silla para Personas Mayores Adultos Negro - Tcuido","isPartOf":{"@id":"https:\/\/www.tcuido.es\/#website"},"primaryImageOfPage":{"@id":"https:\/\/www.tcuido.es\/producto\/andador-silla-de-ruedas-2-en-1-andadores-con-silla-para-personas-mayores-adultos-negro\/#primaryimage"},"image":{"@id":"https:\/\/www.tcuido.es\/producto\/andador-silla-de-ruedas-2-en-1-andadores-con-silla-para-personas-mayores-adultos-negro\/#primaryimage"},"thumbnailUrl":"https:\/\/www.tcuido.es\/wp-content\/uploads\/2024\/12\/M01_C01-02_P05_ft-01.webp","datePublished":"2024-12-07T10:29:25+00:00","dateModified":"2025-09-23T17:28:14+00:00","breadcrumb":{"@id":"https:\/\/www.tcuido.es\/producto\/andador-silla-de-ruedas-2-en-1-andadores-con-silla-para-personas-mayores-adultos-negro\/#breadcrumb"},"inLanguage":"en-GB","potentialAction":[{"@type":"ReadAction","target":["https:\/\/www.tcuido.es\/producto\/andador-silla-de-ruedas-2-en-1-andadores-con-silla-para-personas-mayores-adultos-negro\/"]}]},{"@type":"ImageObject","inLanguage":"en-GB","@id":"https:\/\/www.tcuido.es\/producto\/andador-silla-de-ruedas-2-en-1-andadores-con-silla-para-personas-mayores-adultos-negro\/#primaryimage","url":"https:\/\/www.tcuido.es\/wp-content\/uploads\/2024\/12\/M01_C01-02_P05_ft-01.webp","contentUrl":"https:\/\/www.tcuido.es\/wp-content\/uploads\/2024\/12\/M01_C01-02_P05_ft-01.webp","width":1000,"height":1000},{"@type":"BreadcrumbList","@id":"https:\/\/www.tcuido.es\/producto\/andador-silla-de-ruedas-2-en-1-andadores-con-silla-para-personas-mayores-adultos-negro\/#breadcrumb","itemListElement":[{"@type":"ListItem","position":1,"name":"Inicio","item":"https:\/\/www.tcuido.es\/"},{"@type":"ListItem","position":2,"name":"Tienda","item":"https:\/\/www.tcuido.es\/tienda\/"},{"@type":"ListItem","position":3,"name":"Andador Silla De Ruedas (2 en 1), Andadores con Silla para Personas Mayores Adultos Negro"}]},{"@type":"WebSite","@id":"https:\/\/www.tcuido.es\/#website","url":"https:\/\/www.tcuido.es\/","name":"I take care","description":"Comprehensive Dependency Services","publisher":{"@id":"https:\/\/www.tcuido.es\/#organization"},"potentialAction":[{"@type":"SearchAction","target":{"@type":"EntryPoint","urlTemplate":"https:\/\/www.tcuido.es\/?s={search_term_string}"},"query-input":{"@type":"PropertyValueSpecification","valueRequired":true,"valueName":"search_term_string"}}],"inLanguage":"en-GB"},{"@type":"Organization","@id":"https:\/\/www.tcuido.es\/#organization","name":"Tcuido Comprehensive Dependency Services","url":"https:\/\/www.tcuido.es\/","logo":{"@type":"ImageObject","inLanguage":"en-GB","@id":"https:\/\/www.tcuido.es\/#\/schema\/logo\/image\/","url":"https:\/\/www.tcuido.es\/wp-content\/uploads\/2024\/03\/TCUIDO-facturas.png","contentUrl":"https:\/\/www.tcuido.es\/wp-content\/uploads\/2024\/03\/TCUIDO-facturas.png","width":1600,"height":361,"caption":"Tcuido Servicios Integrales a la Dependencia"},"image":{"@id":"https:\/\/www.tcuido.es\/#\/schema\/logo\/image\/"}}]}},"_links":{"self":[{"href":"https:\/\/www.tcuido.es\/en\/wp-json\/wp\/v2\/product\/3350","targetHints":{"allow":["GET"]}}],"collection":[{"href":"https:\/\/www.tcuido.es\/en\/wp-json\/wp\/v2\/product"}],"about":[{"href":"https:\/\/www.tcuido.es\/en\/wp-json\/wp\/v2\/types\/product"}],"wp:featuredmedia":[{"embeddable":true,"href":"https:\/\/www.tcuido.es\/en\/wp-json\/wp\/v2\/media\/3354"}],"wp:attachment":[{"href":"https:\/\/www.tcuido.es\/en\/wp-json\/wp\/v2\/media?parent=3350"}],"wp:term":[{"taxonomy":"product_brand","embeddable":true,"href":"https:\/\/www.tcuido.es\/en\/wp-json\/wp\/v2\/product_brand?post=3350"},{"taxonomy":"product_cat","embeddable":true,"href":"https:\/\/www.tcuido.es\/en\/wp-json\/wp\/v2\/product_cat?post=3350"},{"taxonomy":"product_tag","embeddable":true,"href":"https:\/\/www.tcuido.es\/en\/wp-json\/wp\/v2\/product_tag?post=3350"}],"curies":[{"name":"wp","href":"https:\/\/api.w.org\/{rel}","templated":true}]}}