{"id":3363,"date":"2024-12-07T10:38:04","date_gmt":"2024-12-07T10:38:04","guid":{"rendered":"https:\/\/www.tcuido.es\/?post_type=product&#038;p=3363"},"modified":"2025-09-23T17:28:14","modified_gmt":"2025-09-23T17:28:14","slug":"andadores-para-adultos-antebrazo-andador-vertical-con-apoyo-de-antebrazo","status":"publish","type":"product","link":"https:\/\/www.tcuido.es\/en\/product\/andadores-para-adultos-antebrazo-andador-vertical-con-apoyo-de-antebrazo\/","title":{"rendered":"Adult Forearm Walkers, Upright Walker with Forearm Support"},"content":{"rendered":"","protected":false},"excerpt":{"rendered":"<p><strong><span style=\"color: #97bf0d;\">FOREARM SUPPORT<\/span><\/strong><\/p>\n<p>This forearm walker allows people with balance problems or weak legs to maintain an upright posture while walking. The forearm support has a soft finish and allows weight to be distributed more evenly, reducing pressure on hands and wrists.<\/p>\n<p><strong><span style=\"color: #97bf0d;\">MAXIMUM COMFORT<\/span><\/strong><\/p>\n<p>Thanks to its seat with backrest (seat height 55 cm), the user can rest comfortably during walks or excursions. The walker also includes a fabric bag with a capacity of 5 kg and a removable cane holder that allows the cane to be kept close at hand.<\/p>\n<p><strong><span style=\"color: #97bf0d;\">VERSATILE AND FOLDABLE<\/span><\/strong><\/p>\n<p>This walker adapts perfectly to the user&#039;s height thanks to its 8 armrest height adjustments (95 \u2013 113 cm). Its simple folding system allows the walker to be easily stored and transported (67 x 109.5 x 25 cm). IMPORTANT: measure the height of your forearm from the floor with your elbows at a 90\u00ba position.<\/p>\n<p><strong><span style=\"color: #97bf0d;\">SAFE AND RESISTANT<\/span><\/strong><\/p>\n<p>Its lever brake system with adjustable pressure allows the walker to be completely immobilized, and its high-quality aluminum structure ensures great safety and durability. In addition, its four solid wheels and its lifting lever on the rear wheels allow it to be used both outdoors and indoors.<\/p>\n<p><strong><span style=\"color: #97bf0d;\">RECOMMENDED FOR<\/span><\/strong><\/p>\n<p>People with medium-low dependency who begin to need help to walk and do not want to lose their autonomy. Maximum user weight: 136 kg.<\/p>","protected":false},"featured_media":3365,"template":"","meta":{"inline_featured_image":false},"product_brand":[],"product_cat":[23,21],"product_tag":[36],"class_list":{"0":"post-3363","1":"product","2":"type-product","3":"status-publish","4":"has-post-thumbnail","6":"product_cat-andadores","7":"product_cat-movilidad","8":"product_tag-kmina","10":"first","11":"instock","12":"taxable","13":"shipping-taxable","14":"purchasable","15":"product-type-simple"},"yoast_head":"<!-- This site is optimized with the Yoast SEO Premium plugin v22.6 (Yoast SEO v27.1.1) - https:\/\/yoast.com\/product\/yoast-seo-premium-wordpress\/ -->\n<title>Andadores para Adultos Antebrazo, Andador Vertical con Apoyo de Antebrazo - Tcuido<\/title>\n<meta name=\"robots\" content=\"index, follow, max-snippet:-1, max-image-preview:large, max-video-preview:-1\" \/>\n<link rel=\"canonical\" href=\"https:\/\/www.tcuido.es\/en\/product\/andadores-para-adultos-antebrazo-andador-vertical-con-apoyo-de-antebrazo\/\" \/>\n<meta property=\"og:locale\" content=\"en_GB\" \/>\n<meta property=\"og:type\" content=\"article\" \/>\n<meta property=\"og:title\" content=\"Andadores para Adultos Antebrazo, Andador Vertical con Apoyo de Antebrazo\" \/>\n<meta property=\"og:description\" content=\"APOYO EN ANTEBRAZO  Este andador antebraquial permite a aquellas personas con problemas de equilibrio o debilidad en las piernas, mantener una postura erguida mientras caminan. El apoyo en antebrazos tiene acabado suave y permite distribuir el peso de manera m\u00e1s equilibrada, reduciendo la presi\u00f3n en manos y mu\u00f1ecas.  M\u00c1XIMO COMFORT  Gracias a su asiento con respaldo (55 cm altura asiento) el usuario puede descansar c\u00f3modamente durante sus paseos o excursiones. El andador tambi\u00e9n incluye una bolsa de tela con capacidad para 5 kg y un soporte para bast\u00f3n extra\u00edble que permite tenerlo a mano.  VERS\u00c1TIL Y PLEGABLE  Este andador se adapta perfectamente a la altura del usuario gracias a sus 8 regulaciones de altura de los reposabrazos (95 - 113 cm). Su sencillo sistema de plegado permite almacenar y transportar el andador f\u00e1cilmente (67 x 109,5 x 25 cm). IMPORTANTE: mide la altura de tu antebrazo al suelo con los codos en una posici\u00f3n de 90\u00ba.  SEGURO Y RESISTENTE  Su sistema de freno de maneta con presi\u00f3n ajustable, permite inmovilizar el andador completamente, y su estructura de aluminio de alta calidad asegura gran seguridad y durabilidad. Adem\u00e1s, sus cuatro s\u00f3lidas ruedas y su palanca de elevaci\u00f3n en las ruedas traseras permiten tanto su uso en exteriores como interiores.  RECOMENDADO PARA  Personas con dependencia media-baja que empiezan a necesitar una ayuda para caminar y no quieren perder su autonom\u00eda. Peso m\u00e1ximo de usuario: 136 kg.\" \/>\n<meta property=\"og:url\" content=\"https:\/\/www.tcuido.es\/en\/product\/andadores-para-adultos-antebrazo-andador-vertical-con-apoyo-de-antebrazo\/\" \/>\n<meta property=\"og:site_name\" content=\"Tcuido\" \/>\n<meta property=\"article:modified_time\" content=\"2025-09-23T17:28:14+00:00\" \/>\n<meta property=\"og:image\" content=\"https:\/\/www.tcuido.es\/wp-content\/uploads\/2024\/12\/M01_C01-02_P06_ft-01.webp\" \/>\n\t<meta property=\"og:image:width\" content=\"1000\" \/>\n\t<meta property=\"og:image:height\" content=\"1000\" \/>\n\t<meta property=\"og:image:type\" content=\"image\/webp\" \/>\n<meta name=\"twitter:card\" content=\"summary_large_image\" \/>\n<meta name=\"twitter:label1\" content=\"Estimated reading time\" \/>\n\t<meta name=\"twitter:data1\" content=\"1 minute\" \/>\n<script type=\"application\/ld+json\" class=\"yoast-schema-graph\">{\"@context\":\"https:\/\/schema.org\",\"@graph\":[{\"@type\":\"WebPage\",\"@id\":\"https:\/\/www.tcuido.es\/producto\/andadores-para-adultos-antebrazo-andador-vertical-con-apoyo-de-antebrazo\/\",\"url\":\"https:\/\/www.tcuido.es\/producto\/andadores-para-adultos-antebrazo-andador-vertical-con-apoyo-de-antebrazo\/\",\"name\":\"Andadores para Adultos Antebrazo, Andador Vertical con Apoyo de Antebrazo - Tcuido\",\"isPartOf\":{\"@id\":\"https:\/\/www.tcuido.es\/#website\"},\"primaryImageOfPage\":{\"@id\":\"https:\/\/www.tcuido.es\/producto\/andadores-para-adultos-antebrazo-andador-vertical-con-apoyo-de-antebrazo\/#primaryimage\"},\"image\":{\"@id\":\"https:\/\/www.tcuido.es\/producto\/andadores-para-adultos-antebrazo-andador-vertical-con-apoyo-de-antebrazo\/#primaryimage\"},\"thumbnailUrl\":\"https:\/\/www.tcuido.es\/wp-content\/uploads\/2024\/12\/M01_C01-02_P06_ft-01.webp\",\"datePublished\":\"2024-12-07T10:38:04+00:00\",\"dateModified\":\"2025-09-23T17:28:14+00:00\",\"breadcrumb\":{\"@id\":\"https:\/\/www.tcuido.es\/producto\/andadores-para-adultos-antebrazo-andador-vertical-con-apoyo-de-antebrazo\/#breadcrumb\"},\"inLanguage\":\"en-GB\",\"potentialAction\":[{\"@type\":\"ReadAction\",\"target\":[\"https:\/\/www.tcuido.es\/producto\/andadores-para-adultos-antebrazo-andador-vertical-con-apoyo-de-antebrazo\/\"]}]},{\"@type\":\"ImageObject\",\"inLanguage\":\"en-GB\",\"@id\":\"https:\/\/www.tcuido.es\/producto\/andadores-para-adultos-antebrazo-andador-vertical-con-apoyo-de-antebrazo\/#primaryimage\",\"url\":\"https:\/\/www.tcuido.es\/wp-content\/uploads\/2024\/12\/M01_C01-02_P06_ft-01.webp\",\"contentUrl\":\"https:\/\/www.tcuido.es\/wp-content\/uploads\/2024\/12\/M01_C01-02_P06_ft-01.webp\",\"width\":1000,\"height\":1000},{\"@type\":\"BreadcrumbList\",\"@id\":\"https:\/\/www.tcuido.es\/producto\/andadores-para-adultos-antebrazo-andador-vertical-con-apoyo-de-antebrazo\/#breadcrumb\",\"itemListElement\":[{\"@type\":\"ListItem\",\"position\":1,\"name\":\"Inicio\",\"item\":\"https:\/\/www.tcuido.es\/\"},{\"@type\":\"ListItem\",\"position\":2,\"name\":\"Tienda\",\"item\":\"https:\/\/www.tcuido.es\/tienda\/\"},{\"@type\":\"ListItem\",\"position\":3,\"name\":\"Andadores para Adultos Antebrazo, Andador Vertical con Apoyo de Antebrazo\"}]},{\"@type\":\"WebSite\",\"@id\":\"https:\/\/www.tcuido.es\/#website\",\"url\":\"https:\/\/www.tcuido.es\/\",\"name\":\"Tcuido\",\"description\":\"Servicios Integrales a la Dependencia\",\"publisher\":{\"@id\":\"https:\/\/www.tcuido.es\/#organization\"},\"potentialAction\":[{\"@type\":\"SearchAction\",\"target\":{\"@type\":\"EntryPoint\",\"urlTemplate\":\"https:\/\/www.tcuido.es\/?s={search_term_string}\"},\"query-input\":{\"@type\":\"PropertyValueSpecification\",\"valueRequired\":true,\"valueName\":\"search_term_string\"}}],\"inLanguage\":\"en-GB\"},{\"@type\":\"Organization\",\"@id\":\"https:\/\/www.tcuido.es\/#organization\",\"name\":\"Tcuido Servicios Integrales a la Dependencia\",\"url\":\"https:\/\/www.tcuido.es\/\",\"logo\":{\"@type\":\"ImageObject\",\"inLanguage\":\"en-GB\",\"@id\":\"https:\/\/www.tcuido.es\/#\/schema\/logo\/image\/\",\"url\":\"https:\/\/www.tcuido.es\/wp-content\/uploads\/2024\/03\/TCUIDO-facturas.png\",\"contentUrl\":\"https:\/\/www.tcuido.es\/wp-content\/uploads\/2024\/03\/TCUIDO-facturas.png\",\"width\":1600,\"height\":361,\"caption\":\"Tcuido Servicios Integrales a la Dependencia\"},\"image\":{\"@id\":\"https:\/\/www.tcuido.es\/#\/schema\/logo\/image\/\"}}]}<\/script>\n<!-- \/ Yoast SEO Premium plugin. -->","yoast_head_json":{"title":"Andadores para Adultos Antebrazo, Andador Vertical con Apoyo de Antebrazo - Tcuido","robots":{"index":"index","follow":"follow","max-snippet":"max-snippet:-1","max-image-preview":"max-image-preview:large","max-video-preview":"max-video-preview:-1"},"canonical":"https:\/\/www.tcuido.es\/en\/product\/andadores-para-adultos-antebrazo-andador-vertical-con-apoyo-de-antebrazo\/","og_locale":"en_GB","og_type":"article","og_title":"Andadores para Adultos Antebrazo, Andador Vertical con Apoyo de Antebrazo","og_description":"APOYO EN ANTEBRAZO  Este andador antebraquial permite a aquellas personas con problemas de equilibrio o debilidad en las piernas, mantener una postura erguida mientras caminan. El apoyo en antebrazos tiene acabado suave y permite distribuir el peso de manera m\u00e1s equilibrada, reduciendo la presi\u00f3n en manos y mu\u00f1ecas.  M\u00c1XIMO COMFORT  Gracias a su asiento con respaldo (55 cm altura asiento) el usuario puede descansar c\u00f3modamente durante sus paseos o excursiones. El andador tambi\u00e9n incluye una bolsa de tela con capacidad para 5 kg y un soporte para bast\u00f3n extra\u00edble que permite tenerlo a mano.  VERS\u00c1TIL Y PLEGABLE  Este andador se adapta perfectamente a la altura del usuario gracias a sus 8 regulaciones de altura de los reposabrazos (95 - 113 cm). Su sencillo sistema de plegado permite almacenar y transportar el andador f\u00e1cilmente (67 x 109,5 x 25 cm). IMPORTANTE: mide la altura de tu antebrazo al suelo con los codos en una posici\u00f3n de 90\u00ba.  SEGURO Y RESISTENTE  Su sistema de freno de maneta con presi\u00f3n ajustable, permite inmovilizar el andador completamente, y su estructura de aluminio de alta calidad asegura gran seguridad y durabilidad. Adem\u00e1s, sus cuatro s\u00f3lidas ruedas y su palanca de elevaci\u00f3n en las ruedas traseras permiten tanto su uso en exteriores como interiores.  RECOMENDADO PARA  Personas con dependencia media-baja que empiezan a necesitar una ayuda para caminar y no quieren perder su autonom\u00eda. Peso m\u00e1ximo de usuario: 136 kg.","og_url":"https:\/\/www.tcuido.es\/en\/product\/andadores-para-adultos-antebrazo-andador-vertical-con-apoyo-de-antebrazo\/","og_site_name":"Tcuido","article_modified_time":"2025-09-23T17:28:14+00:00","og_image":[{"width":1000,"height":1000,"url":"https:\/\/www.tcuido.es\/wp-content\/uploads\/2024\/12\/M01_C01-02_P06_ft-01.webp","type":"image\/webp"}],"twitter_card":"summary_large_image","twitter_misc":{"Estimated reading time":"1 minute"},"schema":{"@context":"https:\/\/schema.org","@graph":[{"@type":"WebPage","@id":"https:\/\/www.tcuido.es\/producto\/andadores-para-adultos-antebrazo-andador-vertical-con-apoyo-de-antebrazo\/","url":"https:\/\/www.tcuido.es\/producto\/andadores-para-adultos-antebrazo-andador-vertical-con-apoyo-de-antebrazo\/","name":"Andadores para Adultos Antebrazo, Andador Vertical con Apoyo de Antebrazo - Tcuido","isPartOf":{"@id":"https:\/\/www.tcuido.es\/#website"},"primaryImageOfPage":{"@id":"https:\/\/www.tcuido.es\/producto\/andadores-para-adultos-antebrazo-andador-vertical-con-apoyo-de-antebrazo\/#primaryimage"},"image":{"@id":"https:\/\/www.tcuido.es\/producto\/andadores-para-adultos-antebrazo-andador-vertical-con-apoyo-de-antebrazo\/#primaryimage"},"thumbnailUrl":"https:\/\/www.tcuido.es\/wp-content\/uploads\/2024\/12\/M01_C01-02_P06_ft-01.webp","datePublished":"2024-12-07T10:38:04+00:00","dateModified":"2025-09-23T17:28:14+00:00","breadcrumb":{"@id":"https:\/\/www.tcuido.es\/producto\/andadores-para-adultos-antebrazo-andador-vertical-con-apoyo-de-antebrazo\/#breadcrumb"},"inLanguage":"en-GB","potentialAction":[{"@type":"ReadAction","target":["https:\/\/www.tcuido.es\/producto\/andadores-para-adultos-antebrazo-andador-vertical-con-apoyo-de-antebrazo\/"]}]},{"@type":"ImageObject","inLanguage":"en-GB","@id":"https:\/\/www.tcuido.es\/producto\/andadores-para-adultos-antebrazo-andador-vertical-con-apoyo-de-antebrazo\/#primaryimage","url":"https:\/\/www.tcuido.es\/wp-content\/uploads\/2024\/12\/M01_C01-02_P06_ft-01.webp","contentUrl":"https:\/\/www.tcuido.es\/wp-content\/uploads\/2024\/12\/M01_C01-02_P06_ft-01.webp","width":1000,"height":1000},{"@type":"BreadcrumbList","@id":"https:\/\/www.tcuido.es\/producto\/andadores-para-adultos-antebrazo-andador-vertical-con-apoyo-de-antebrazo\/#breadcrumb","itemListElement":[{"@type":"ListItem","position":1,"name":"Inicio","item":"https:\/\/www.tcuido.es\/"},{"@type":"ListItem","position":2,"name":"Tienda","item":"https:\/\/www.tcuido.es\/tienda\/"},{"@type":"ListItem","position":3,"name":"Andadores para Adultos Antebrazo, Andador Vertical con Apoyo de Antebrazo"}]},{"@type":"WebSite","@id":"https:\/\/www.tcuido.es\/#website","url":"https:\/\/www.tcuido.es\/","name":"I take care","description":"Comprehensive Dependency Services","publisher":{"@id":"https:\/\/www.tcuido.es\/#organization"},"potentialAction":[{"@type":"SearchAction","target":{"@type":"EntryPoint","urlTemplate":"https:\/\/www.tcuido.es\/?s={search_term_string}"},"query-input":{"@type":"PropertyValueSpecification","valueRequired":true,"valueName":"search_term_string"}}],"inLanguage":"en-GB"},{"@type":"Organization","@id":"https:\/\/www.tcuido.es\/#organization","name":"Tcuido Comprehensive Dependency Services","url":"https:\/\/www.tcuido.es\/","logo":{"@type":"ImageObject","inLanguage":"en-GB","@id":"https:\/\/www.tcuido.es\/#\/schema\/logo\/image\/","url":"https:\/\/www.tcuido.es\/wp-content\/uploads\/2024\/03\/TCUIDO-facturas.png","contentUrl":"https:\/\/www.tcuido.es\/wp-content\/uploads\/2024\/03\/TCUIDO-facturas.png","width":1600,"height":361,"caption":"Tcuido Servicios Integrales a la Dependencia"},"image":{"@id":"https:\/\/www.tcuido.es\/#\/schema\/logo\/image\/"}}]}},"_links":{"self":[{"href":"https:\/\/www.tcuido.es\/en\/wp-json\/wp\/v2\/product\/3363","targetHints":{"allow":["GET"]}}],"collection":[{"href":"https:\/\/www.tcuido.es\/en\/wp-json\/wp\/v2\/product"}],"about":[{"href":"https:\/\/www.tcuido.es\/en\/wp-json\/wp\/v2\/types\/product"}],"wp:featuredmedia":[{"embeddable":true,"href":"https:\/\/www.tcuido.es\/en\/wp-json\/wp\/v2\/media\/3365"}],"wp:attachment":[{"href":"https:\/\/www.tcuido.es\/en\/wp-json\/wp\/v2\/media?parent=3363"}],"wp:term":[{"taxonomy":"product_brand","embeddable":true,"href":"https:\/\/www.tcuido.es\/en\/wp-json\/wp\/v2\/product_brand?post=3363"},{"taxonomy":"product_cat","embeddable":true,"href":"https:\/\/www.tcuido.es\/en\/wp-json\/wp\/v2\/product_cat?post=3363"},{"taxonomy":"product_tag","embeddable":true,"href":"https:\/\/www.tcuido.es\/en\/wp-json\/wp\/v2\/product_tag?post=3363"}],"curies":[{"name":"wp","href":"https:\/\/api.w.org\/{rel}","templated":true}]}}