{"id":3372,"date":"2024-12-07T10:45:03","date_gmt":"2024-12-07T10:45:03","guid":{"rendered":"https:\/\/www.tcuido.es\/?post_type=product&#038;p=3372"},"modified":"2025-09-23T17:28:13","modified_gmt":"2025-09-23T17:28:13","slug":"andador-estrecho-para-casa-y-exterior-andadores-para-personas-mayores-adultos-con-bandeja-blanco-azul","status":"publish","type":"product","link":"https:\/\/www.tcuido.es\/en\/product\/andador-estrecho-para-casa-y-exterior-andadores-para-personas-mayores-adultos-con-bandeja-blanco-azul\/","title":{"rendered":"Narrow Walker for Home and Outdoors, Walkers for Seniors Adults with Tray White Blue"},"content":{"rendered":"<p><strong><span style=\"color: #97bf0d;\">CHARACTERISTICS<\/span><\/strong><\/p>\n<ul>\n<li>FUNCTIONAL: This walker allows the user to move around independently and safely thanks to its robust structure and its 360\u00ba front wheels. Its basket with an exterior pocket and its tray are ideal for storing and transporting objects.<br \/>\nNARROW AND LIGHTWEIGHT: Thanks to its narrow design (54 cm) and light weight (6 kg), this walker multiplies the user&#039;s accessibility and is ideal for use inside the home, even in the narrowest hallways and doorways. In addition, its folding system allows it to be easily stored.<\/li>\n<li>COMFORTABLE AND SAFE: To offer the greatest adaptability and comfort, the walker has 5 height adjustments and a single-axis handlebar that allows it to be used with one hand. Its more sensitive braking system that requires less force increases user safety.<\/li>\n<li>HIGH QUALITY: The sturdy frame of the walker made of aluminum tubes and its solid 18 cm diameter wheels provide greater stability.<\/li>\n<li>RECOMMENDED FOR: People with medium-low dependency who begin to need help to walk and do not want to lose their autonomy. Maximum user weight: 100 kg.<\/li>\n<\/ul>\n<p>&nbsp;<\/p>\n<p><strong><span style=\"color: #97bf0d;\">TECHNICAL DETAILS<\/span><\/strong><\/p>\n<ul>\n<li>Product Reference: K10010<\/li>\n<li>Min. height \u2013 max.: 83.5-94.5 cm<\/li>\n<li>Width: 54 cm<\/li>\n<li>Folded Dimension (H x D x W): 94 x54 x28 cm<\/li>\n<li>Seat: No<\/li>\n<li>\u00d8 Wheels: 18 cm<\/li>\n<li>Walker Weight: 6 kg<\/li>\n<li>Maximum User Weight: 100 kg<\/li>\n<\/ul>\n<p>&nbsp;<\/p>\n<p><strong><span style=\"color: #97bf0d;\">ADDITIONAL INFORMATION<\/span><\/strong><\/p>\n<ul>\n<li>Material: Aluminum<\/li>\n<li>Distance Grips: Single Grip<\/li>\n<li>Basket: Yes<\/li>\n<li>Basket capacity: 5 kg<\/li>\n<li>Brake Type: Adjustable<\/li>\n<li>Height adjustable: Yes<\/li>\n<li>Regulations: 5<\/li>\n<li>Foldable: Yes<\/li>\n<li>Pole holder: No<\/li>\n<\/ul>","protected":false},"excerpt":{"rendered":"<p><strong><span style=\"color: #97bf0d;\">SAFER BRAKES<\/span><\/strong><\/p>\n<p>The brake on the KMINA PRO walker is adjustable and is easily activated by squeezing the cable with your fingers. It also has a parking brake.<\/p>\n<p><strong><span style=\"color: #97bf0d;\">LIGHTER AND NARROWER<\/span><\/strong><\/p>\n<p>The walker is very comfortable to handle even with one hand thanks to its light weight and single-axis handlebar. In addition, its narrow design is perfect for use inside the home, especially when passing through hallways and doorways.<\/p>\n<p><strong><span style=\"color: #97bf0d;\">BASKET WITH REMOVABLE TRAY<\/span><\/strong><\/p>\n<p>The fabric basket is perfect for use both indoors and outdoors. Maximum basket load: 5 kg. Furthermore, the tray is very useful for use indoors and can be easily removed.<\/p>\n<p><strong><span style=\"color: #97bf0d;\">BIG WHEELS<\/span><\/strong><\/p>\n<p>It has 18 cm diameter wheels that are very easy to handle and suitable for walking. The front wheels have 360\u00ba mobility to easily steer the walker.<\/p>\n<p><strong><span style=\"color: #97bf0d;\">ROBUST MATERIALS<\/span><\/strong><\/p>\n<p>The narrow walker for the elderly is made of high-quality materials that make it a reliable walker and a safe support.<\/p>\n<p><strong><span style=\"color: #97bf0d;\">EXTERIOR ZIP POCKET<\/span><\/strong><\/p>\n<p>The basket has a built-in exterior zipper pocket to store items in different compartments, improving storage.<\/p>","protected":false},"featured_media":3374,"template":"","meta":{"inline_featured_image":false},"product_brand":[],"product_cat":[23,21],"product_tag":[36],"class_list":{"0":"post-3372","1":"product","2":"type-product","3":"status-publish","4":"has-post-thumbnail","6":"product_cat-andadores","7":"product_cat-movilidad","8":"product_tag-kmina","10":"first","11":"instock","12":"taxable","13":"shipping-taxable","14":"purchasable","15":"product-type-simple"},"yoast_head":"<!-- This site is optimized with the Yoast SEO Premium plugin v22.6 (Yoast SEO v27.1.1) - https:\/\/yoast.com\/product\/yoast-seo-premium-wordpress\/ -->\n<title>Andador Estrecho para Casa y Exterior, Andadores para Personas Mayores Adultos con Bandeja Blanco Azul - Tcuido<\/title>\n<meta name=\"robots\" content=\"index, follow, max-snippet:-1, max-image-preview:large, max-video-preview:-1\" \/>\n<link rel=\"canonical\" href=\"https:\/\/www.tcuido.es\/en\/product\/andador-estrecho-para-casa-y-exterior-andadores-para-personas-mayores-adultos-con-bandeja-blanco-azul\/\" \/>\n<meta property=\"og:locale\" content=\"en_GB\" \/>\n<meta property=\"og:type\" content=\"article\" \/>\n<meta property=\"og:title\" content=\"Andador Estrecho para Casa y Exterior, Andadores para Personas Mayores Adultos con Bandeja Blanco Azul\" \/>\n<meta property=\"og:description\" content=\"FRENOS M\u00c1S SEGUROS  El freno del andador KMINA PRO es regulable y se acciona f\u00e1cilmente apretando el cable con los dedos. Adem\u00e1s, cuenta con freno de estacionamiento.  M\u00c1S LIGERO Y ESTRECHO  El andador es muy c\u00f3modo de manejar incluso con una sola mano gracias a su ligereza y al manillar de un solo eje. Adem\u00e1s, su dise\u00f1o estrecho es perfecto para poder utilizarlo dentro de casa, especialmente al pasar por pasillos y puertas.  CESTA CON BANDEJA EXTRA\u00cdBLE  La cesta de tela es perfecta para usar fuera y dentro de casa. Carga m\u00e1xima cesta: 5 kg. Por otra parte, la bandeja es muy \u00fatil para usar dentro de casa y se puede quitar f\u00e1cilmente.  RUEDAS GRANDES  Cuenta con unas ruedas de 18 cm de di\u00e1metro muy manejables y adecuadas para el paseo. Las ruedas delanteras tienen movilidad 360\u00ba para dirigir f\u00e1cilmente el andador.  MATERIALES ROBUSTOS  El andador para ancianos estrecho est\u00e1 fabricados con materiales de alta calidad que lo convierten en un andador fiable y un apoyo seguro.  BOLSILLO EXTERIOR CON CREMALLERA  La cesta lleva incorporado un bolsillo con cremallera exterior para poder guardar objetos en distintos compartimentos mejorando el almacenaje.\" \/>\n<meta property=\"og:url\" content=\"https:\/\/www.tcuido.es\/en\/product\/andador-estrecho-para-casa-y-exterior-andadores-para-personas-mayores-adultos-con-bandeja-blanco-azul\/\" \/>\n<meta property=\"og:site_name\" content=\"Tcuido\" \/>\n<meta property=\"article:modified_time\" content=\"2025-09-23T17:28:13+00:00\" \/>\n<meta property=\"og:image\" content=\"https:\/\/www.tcuido.es\/wp-content\/uploads\/2024\/12\/M01_C01-02_P07_ft-01.webp\" \/>\n\t<meta property=\"og:image:width\" content=\"1000\" \/>\n\t<meta property=\"og:image:height\" content=\"1000\" \/>\n\t<meta property=\"og:image:type\" content=\"image\/webp\" \/>\n<meta name=\"twitter:card\" content=\"summary_large_image\" \/>\n<meta name=\"twitter:label1\" content=\"Estimated reading time\" \/>\n\t<meta name=\"twitter:data1\" content=\"2 minutes\" \/>\n<script type=\"application\/ld+json\" class=\"yoast-schema-graph\">{\"@context\":\"https:\/\/schema.org\",\"@graph\":[{\"@type\":\"WebPage\",\"@id\":\"https:\/\/www.tcuido.es\/producto\/andador-estrecho-para-casa-y-exterior-andadores-para-personas-mayores-adultos-con-bandeja-blanco-azul\/\",\"url\":\"https:\/\/www.tcuido.es\/producto\/andador-estrecho-para-casa-y-exterior-andadores-para-personas-mayores-adultos-con-bandeja-blanco-azul\/\",\"name\":\"Andador Estrecho para Casa y Exterior, Andadores para Personas Mayores Adultos con Bandeja Blanco Azul - Tcuido\",\"isPartOf\":{\"@id\":\"https:\/\/www.tcuido.es\/#website\"},\"primaryImageOfPage\":{\"@id\":\"https:\/\/www.tcuido.es\/producto\/andador-estrecho-para-casa-y-exterior-andadores-para-personas-mayores-adultos-con-bandeja-blanco-azul\/#primaryimage\"},\"image\":{\"@id\":\"https:\/\/www.tcuido.es\/producto\/andador-estrecho-para-casa-y-exterior-andadores-para-personas-mayores-adultos-con-bandeja-blanco-azul\/#primaryimage\"},\"thumbnailUrl\":\"https:\/\/www.tcuido.es\/wp-content\/uploads\/2024\/12\/M01_C01-02_P07_ft-01.webp\",\"datePublished\":\"2024-12-07T10:45:03+00:00\",\"dateModified\":\"2025-09-23T17:28:13+00:00\",\"breadcrumb\":{\"@id\":\"https:\/\/www.tcuido.es\/producto\/andador-estrecho-para-casa-y-exterior-andadores-para-personas-mayores-adultos-con-bandeja-blanco-azul\/#breadcrumb\"},\"inLanguage\":\"en-GB\",\"potentialAction\":[{\"@type\":\"ReadAction\",\"target\":[\"https:\/\/www.tcuido.es\/producto\/andador-estrecho-para-casa-y-exterior-andadores-para-personas-mayores-adultos-con-bandeja-blanco-azul\/\"]}]},{\"@type\":\"ImageObject\",\"inLanguage\":\"en-GB\",\"@id\":\"https:\/\/www.tcuido.es\/producto\/andador-estrecho-para-casa-y-exterior-andadores-para-personas-mayores-adultos-con-bandeja-blanco-azul\/#primaryimage\",\"url\":\"https:\/\/www.tcuido.es\/wp-content\/uploads\/2024\/12\/M01_C01-02_P07_ft-01.webp\",\"contentUrl\":\"https:\/\/www.tcuido.es\/wp-content\/uploads\/2024\/12\/M01_C01-02_P07_ft-01.webp\",\"width\":1000,\"height\":1000},{\"@type\":\"BreadcrumbList\",\"@id\":\"https:\/\/www.tcuido.es\/producto\/andador-estrecho-para-casa-y-exterior-andadores-para-personas-mayores-adultos-con-bandeja-blanco-azul\/#breadcrumb\",\"itemListElement\":[{\"@type\":\"ListItem\",\"position\":1,\"name\":\"Inicio\",\"item\":\"https:\/\/www.tcuido.es\/\"},{\"@type\":\"ListItem\",\"position\":2,\"name\":\"Tienda\",\"item\":\"https:\/\/www.tcuido.es\/tienda\/\"},{\"@type\":\"ListItem\",\"position\":3,\"name\":\"Andador Estrecho para Casa y Exterior, Andadores para Personas Mayores Adultos con Bandeja Blanco Azul\"}]},{\"@type\":\"WebSite\",\"@id\":\"https:\/\/www.tcuido.es\/#website\",\"url\":\"https:\/\/www.tcuido.es\/\",\"name\":\"Tcuido\",\"description\":\"Servicios Integrales a la Dependencia\",\"publisher\":{\"@id\":\"https:\/\/www.tcuido.es\/#organization\"},\"potentialAction\":[{\"@type\":\"SearchAction\",\"target\":{\"@type\":\"EntryPoint\",\"urlTemplate\":\"https:\/\/www.tcuido.es\/?s={search_term_string}\"},\"query-input\":{\"@type\":\"PropertyValueSpecification\",\"valueRequired\":true,\"valueName\":\"search_term_string\"}}],\"inLanguage\":\"en-GB\"},{\"@type\":\"Organization\",\"@id\":\"https:\/\/www.tcuido.es\/#organization\",\"name\":\"Tcuido Servicios Integrales a la Dependencia\",\"url\":\"https:\/\/www.tcuido.es\/\",\"logo\":{\"@type\":\"ImageObject\",\"inLanguage\":\"en-GB\",\"@id\":\"https:\/\/www.tcuido.es\/#\/schema\/logo\/image\/\",\"url\":\"https:\/\/www.tcuido.es\/wp-content\/uploads\/2024\/03\/TCUIDO-facturas.png\",\"contentUrl\":\"https:\/\/www.tcuido.es\/wp-content\/uploads\/2024\/03\/TCUIDO-facturas.png\",\"width\":1600,\"height\":361,\"caption\":\"Tcuido Servicios Integrales a la Dependencia\"},\"image\":{\"@id\":\"https:\/\/www.tcuido.es\/#\/schema\/logo\/image\/\"}}]}<\/script>\n<!-- \/ Yoast SEO Premium plugin. -->","yoast_head_json":{"title":"Andador Estrecho para Casa y Exterior, Andadores para Personas Mayores Adultos con Bandeja Blanco Azul - Tcuido","robots":{"index":"index","follow":"follow","max-snippet":"max-snippet:-1","max-image-preview":"max-image-preview:large","max-video-preview":"max-video-preview:-1"},"canonical":"https:\/\/www.tcuido.es\/en\/product\/andador-estrecho-para-casa-y-exterior-andadores-para-personas-mayores-adultos-con-bandeja-blanco-azul\/","og_locale":"en_GB","og_type":"article","og_title":"Andador Estrecho para Casa y Exterior, Andadores para Personas Mayores Adultos con Bandeja Blanco Azul","og_description":"FRENOS M\u00c1S SEGUROS  El freno del andador KMINA PRO es regulable y se acciona f\u00e1cilmente apretando el cable con los dedos. Adem\u00e1s, cuenta con freno de estacionamiento.  M\u00c1S LIGERO Y ESTRECHO  El andador es muy c\u00f3modo de manejar incluso con una sola mano gracias a su ligereza y al manillar de un solo eje. Adem\u00e1s, su dise\u00f1o estrecho es perfecto para poder utilizarlo dentro de casa, especialmente al pasar por pasillos y puertas.  CESTA CON BANDEJA EXTRA\u00cdBLE  La cesta de tela es perfecta para usar fuera y dentro de casa. Carga m\u00e1xima cesta: 5 kg. Por otra parte, la bandeja es muy \u00fatil para usar dentro de casa y se puede quitar f\u00e1cilmente.  RUEDAS GRANDES  Cuenta con unas ruedas de 18 cm de di\u00e1metro muy manejables y adecuadas para el paseo. Las ruedas delanteras tienen movilidad 360\u00ba para dirigir f\u00e1cilmente el andador.  MATERIALES ROBUSTOS  El andador para ancianos estrecho est\u00e1 fabricados con materiales de alta calidad que lo convierten en un andador fiable y un apoyo seguro.  BOLSILLO EXTERIOR CON CREMALLERA  La cesta lleva incorporado un bolsillo con cremallera exterior para poder guardar objetos en distintos compartimentos mejorando el almacenaje.","og_url":"https:\/\/www.tcuido.es\/en\/product\/andador-estrecho-para-casa-y-exterior-andadores-para-personas-mayores-adultos-con-bandeja-blanco-azul\/","og_site_name":"Tcuido","article_modified_time":"2025-09-23T17:28:13+00:00","og_image":[{"width":1000,"height":1000,"url":"https:\/\/www.tcuido.es\/wp-content\/uploads\/2024\/12\/M01_C01-02_P07_ft-01.webp","type":"image\/webp"}],"twitter_card":"summary_large_image","twitter_misc":{"Estimated reading time":"2 minutes"},"schema":{"@context":"https:\/\/schema.org","@graph":[{"@type":"WebPage","@id":"https:\/\/www.tcuido.es\/producto\/andador-estrecho-para-casa-y-exterior-andadores-para-personas-mayores-adultos-con-bandeja-blanco-azul\/","url":"https:\/\/www.tcuido.es\/producto\/andador-estrecho-para-casa-y-exterior-andadores-para-personas-mayores-adultos-con-bandeja-blanco-azul\/","name":"Andador Estrecho para Casa y Exterior, Andadores para Personas Mayores Adultos con Bandeja Blanco Azul - Tcuido","isPartOf":{"@id":"https:\/\/www.tcuido.es\/#website"},"primaryImageOfPage":{"@id":"https:\/\/www.tcuido.es\/producto\/andador-estrecho-para-casa-y-exterior-andadores-para-personas-mayores-adultos-con-bandeja-blanco-azul\/#primaryimage"},"image":{"@id":"https:\/\/www.tcuido.es\/producto\/andador-estrecho-para-casa-y-exterior-andadores-para-personas-mayores-adultos-con-bandeja-blanco-azul\/#primaryimage"},"thumbnailUrl":"https:\/\/www.tcuido.es\/wp-content\/uploads\/2024\/12\/M01_C01-02_P07_ft-01.webp","datePublished":"2024-12-07T10:45:03+00:00","dateModified":"2025-09-23T17:28:13+00:00","breadcrumb":{"@id":"https:\/\/www.tcuido.es\/producto\/andador-estrecho-para-casa-y-exterior-andadores-para-personas-mayores-adultos-con-bandeja-blanco-azul\/#breadcrumb"},"inLanguage":"en-GB","potentialAction":[{"@type":"ReadAction","target":["https:\/\/www.tcuido.es\/producto\/andador-estrecho-para-casa-y-exterior-andadores-para-personas-mayores-adultos-con-bandeja-blanco-azul\/"]}]},{"@type":"ImageObject","inLanguage":"en-GB","@id":"https:\/\/www.tcuido.es\/producto\/andador-estrecho-para-casa-y-exterior-andadores-para-personas-mayores-adultos-con-bandeja-blanco-azul\/#primaryimage","url":"https:\/\/www.tcuido.es\/wp-content\/uploads\/2024\/12\/M01_C01-02_P07_ft-01.webp","contentUrl":"https:\/\/www.tcuido.es\/wp-content\/uploads\/2024\/12\/M01_C01-02_P07_ft-01.webp","width":1000,"height":1000},{"@type":"BreadcrumbList","@id":"https:\/\/www.tcuido.es\/producto\/andador-estrecho-para-casa-y-exterior-andadores-para-personas-mayores-adultos-con-bandeja-blanco-azul\/#breadcrumb","itemListElement":[{"@type":"ListItem","position":1,"name":"Inicio","item":"https:\/\/www.tcuido.es\/"},{"@type":"ListItem","position":2,"name":"Tienda","item":"https:\/\/www.tcuido.es\/tienda\/"},{"@type":"ListItem","position":3,"name":"Andador Estrecho para Casa y Exterior, Andadores para Personas Mayores Adultos con Bandeja Blanco Azul"}]},{"@type":"WebSite","@id":"https:\/\/www.tcuido.es\/#website","url":"https:\/\/www.tcuido.es\/","name":"I take care","description":"Comprehensive Dependency Services","publisher":{"@id":"https:\/\/www.tcuido.es\/#organization"},"potentialAction":[{"@type":"SearchAction","target":{"@type":"EntryPoint","urlTemplate":"https:\/\/www.tcuido.es\/?s={search_term_string}"},"query-input":{"@type":"PropertyValueSpecification","valueRequired":true,"valueName":"search_term_string"}}],"inLanguage":"en-GB"},{"@type":"Organization","@id":"https:\/\/www.tcuido.es\/#organization","name":"Tcuido Comprehensive Dependency Services","url":"https:\/\/www.tcuido.es\/","logo":{"@type":"ImageObject","inLanguage":"en-GB","@id":"https:\/\/www.tcuido.es\/#\/schema\/logo\/image\/","url":"https:\/\/www.tcuido.es\/wp-content\/uploads\/2024\/03\/TCUIDO-facturas.png","contentUrl":"https:\/\/www.tcuido.es\/wp-content\/uploads\/2024\/03\/TCUIDO-facturas.png","width":1600,"height":361,"caption":"Tcuido Servicios Integrales a la Dependencia"},"image":{"@id":"https:\/\/www.tcuido.es\/#\/schema\/logo\/image\/"}}]}},"_links":{"self":[{"href":"https:\/\/www.tcuido.es\/en\/wp-json\/wp\/v2\/product\/3372","targetHints":{"allow":["GET"]}}],"collection":[{"href":"https:\/\/www.tcuido.es\/en\/wp-json\/wp\/v2\/product"}],"about":[{"href":"https:\/\/www.tcuido.es\/en\/wp-json\/wp\/v2\/types\/product"}],"wp:featuredmedia":[{"embeddable":true,"href":"https:\/\/www.tcuido.es\/en\/wp-json\/wp\/v2\/media\/3374"}],"wp:attachment":[{"href":"https:\/\/www.tcuido.es\/en\/wp-json\/wp\/v2\/media?parent=3372"}],"wp:term":[{"taxonomy":"product_brand","embeddable":true,"href":"https:\/\/www.tcuido.es\/en\/wp-json\/wp\/v2\/product_brand?post=3372"},{"taxonomy":"product_cat","embeddable":true,"href":"https:\/\/www.tcuido.es\/en\/wp-json\/wp\/v2\/product_cat?post=3372"},{"taxonomy":"product_tag","embeddable":true,"href":"https:\/\/www.tcuido.es\/en\/wp-json\/wp\/v2\/product_tag?post=3372"}],"curies":[{"name":"wp","href":"https:\/\/api.w.org\/{rel}","templated":true}]}}