{"id":3382,"date":"2024-12-07T11:26:33","date_gmt":"2024-12-07T11:26:33","guid":{"rendered":"https:\/\/www.tcuido.es\/?post_type=product&#038;p=3382"},"modified":"2025-09-23T17:28:15","modified_gmt":"2025-09-23T17:28:15","slug":"andadores-para-adultos-andador-para-personas-mayores-con-asiento-4-ruedas-freno-maneta-gris-negro","status":"publish","type":"product","link":"https:\/\/www.tcuido.es\/en\/product\/andadores-para-adultos-andador-para-personas-mayores-con-asiento-4-ruedas-freno-maneta-gris-negro\/","title":{"rendered":"Walkers for Adults, Walker for Seniors with Seat 4 Wheels Brake Handle Gray Black"},"content":{"rendered":"<p><strong><span style=\"color: #97bf0d;\">CHARACTERISTICS<\/span><\/strong><\/p>\n<ul>\n<li>RESISTANT: Its aluminum finish and its viscoelastic cushion that prevents bedsores make this walker with seat resistant and comfortable at the same time.<\/li>\n<li>COMFORTABLE: This walker is perfect for everyday use as it has a washable and interchangeable cushion cover, a fabric basket with an exterior pocket and padded handles for more comfortable and safe support.<\/li>\n<li>ADJUSTABLE AND FOLDABLE: To offer the greatest adaptability, the walker has 8 settings that allow it to be adjusted depending on the user&#039;s height. In addition, thanks to its folding system and its light weight (6 kg) it takes up very little space and is easy to store.<\/li>\n<li>SAFE: It has a cable brake system and also a parking brake that prevents the walker from moving when the seat is used.<\/li>\n<li>RECOMMENDED FOR: This foldable walker for the elderly is recommended for people with limited mobility. Maximum user weight: 100 kg.<\/li>\n<\/ul>\n<p>&nbsp;<\/p>\n<p><strong><span style=\"color: #97bf0d;\">TECHNICAL DETAILS<\/span><\/strong><\/p>\n<ul>\n<li>Min. height \u2013 max.: 78 \u2013 93 cm<\/li>\n<li>Handle distance: 45 cm<\/li>\n<li>Width: 62 cm<\/li>\n<li>Folded Dimension (H x D x W): 90 x 32 x 62 cm<\/li>\n<li>Seat: Yes<\/li>\n<li>Seat Height: 55 cm<\/li>\n<li>Seat dimensions: 40 x 32 cm<\/li>\n<li>\u00d8 wheels: 15.25 cm<\/li>\n<li>Walker Weight: 6 kg<\/li>\n<li>Maximum User Weight: 100 kg<\/li>\n<\/ul>\n<p>&nbsp;<\/p>\n<p><strong><span style=\"color: #97bf0d;\">ADDITIONAL INFORMATION<\/span><\/strong><\/p>\n<ul>\n<li>Product Reference: K10012<\/li>\n<li>Material: Aluminum<\/li>\n<li>Grips: Padded<\/li>\n<li>Basket: Yes<\/li>\n<li>Basket capacity: 5 kg<\/li>\n<li>Brake Type: Cable Brake<\/li>\n<li>Height adjustable: Yes<\/li>\n<li>Regulations: 7<\/li>\n<li>Foldable: Yes<\/li>\n<li>Pole holder: No<\/li>\n<\/ul>","protected":false},"excerpt":{"rendered":"<p><strong><span style=\"color: #97bf0d;\">COMFORTABLE SEAT<\/span><\/strong><\/p>\n<p>The walker seat has a padded backrest and a memory foam cushion that helps prevent bedsores. The cushion cover can be removed and washed.<\/p>\n<p><strong><span style=\"color: #97bf0d;\">BASKET WITH POCKET<\/span><\/strong><\/p>\n<p>The seat can be easily lifted to access the basket for storing items. The basket is made of fabric, which makes the walker lighter. It also includes an exterior zip pocket. Maximum basket load: 5 kg.<\/p>\n<p><strong><span style=\"color: #97bf0d;\">BRAKE AND FOLDING SYSTEM<\/span><\/strong><\/p>\n<p>It folds easily for storage or transport. In addition, the walker has a cable brake system that is activated by squeezing the handles and also includes a parking brake that prevents the walker from moving when the seat is in use.<\/p>","protected":false},"featured_media":3384,"template":"","meta":{"inline_featured_image":false},"product_brand":[],"product_cat":[23,21],"product_tag":[36],"class_list":{"0":"post-3382","1":"product","2":"type-product","3":"status-publish","4":"has-post-thumbnail","6":"product_cat-andadores","7":"product_cat-movilidad","8":"product_tag-kmina","10":"first","11":"instock","12":"taxable","13":"shipping-taxable","14":"purchasable","15":"product-type-simple"},"yoast_head":"<!-- This site is optimized with the Yoast SEO Premium plugin v22.6 (Yoast SEO v27.1.1) - https:\/\/yoast.com\/product\/yoast-seo-premium-wordpress\/ -->\n<title>Andadores para Adultos, Andador para Personas Mayores con Asiento 4 Ruedas Freno Maneta Gris Negro - Tcuido<\/title>\n<meta name=\"robots\" content=\"index, follow, max-snippet:-1, max-image-preview:large, max-video-preview:-1\" \/>\n<link rel=\"canonical\" href=\"https:\/\/www.tcuido.es\/en\/product\/andadores-para-adultos-andador-para-personas-mayores-con-asiento-4-ruedas-freno-maneta-gris-negro\/\" \/>\n<meta property=\"og:locale\" content=\"en_GB\" \/>\n<meta property=\"og:type\" content=\"article\" \/>\n<meta property=\"og:title\" content=\"Andadores para Adultos, Andador para Personas Mayores con Asiento 4 Ruedas Freno Maneta Gris Negro\" \/>\n<meta property=\"og:description\" content=\"ASIENTO C\u00d3MODO  El asiento del andador tiene un respaldo acolchado y un coj\u00edn de espuma viscoel\u00e1stica que ayuda a prevenir las escaras. La funda del coj\u00edn se puede quitar y lavar.  CESTA CON BOLSILLO  El asiento se levanta f\u00e1cilmente para acceder a la cesta que nos permite guardar objetos. La cesta es de tela, lo que hace que el andador sea m\u00e1s ligero. Incluye, adem\u00e1s, un bolsillo exterior con cremallera. Carga m\u00e1xima de la cesta: 5 kg.  SISTEMA DE FRENO Y PLEGADO  Se pliega f\u00e1cilmente para guardarlo o transportarlo. Adem\u00e1s, el andador tiene un sistema de freno por cable que se acciona al apretar las manetas e incorpora a su vez un freno de estacionamiento que hace que el andador no se mueva cuando se utiliza el asiento.\" \/>\n<meta property=\"og:url\" content=\"https:\/\/www.tcuido.es\/en\/product\/andadores-para-adultos-andador-para-personas-mayores-con-asiento-4-ruedas-freno-maneta-gris-negro\/\" \/>\n<meta property=\"og:site_name\" content=\"Tcuido\" \/>\n<meta property=\"article:modified_time\" content=\"2025-09-23T17:28:15+00:00\" \/>\n<meta property=\"og:image\" content=\"https:\/\/www.tcuido.es\/wp-content\/uploads\/2024\/12\/M01_C01-02_P08_ft-01.webp\" \/>\n\t<meta property=\"og:image:width\" content=\"1000\" \/>\n\t<meta property=\"og:image:height\" content=\"1000\" \/>\n\t<meta property=\"og:image:type\" content=\"image\/webp\" \/>\n<meta name=\"twitter:card\" content=\"summary_large_image\" \/>\n<meta name=\"twitter:label1\" content=\"Estimated reading time\" \/>\n\t<meta name=\"twitter:data1\" content=\"2 minutes\" \/>\n<script type=\"application\/ld+json\" class=\"yoast-schema-graph\">{\"@context\":\"https:\/\/schema.org\",\"@graph\":[{\"@type\":\"WebPage\",\"@id\":\"https:\/\/www.tcuido.es\/producto\/andadores-para-adultos-andador-para-personas-mayores-con-asiento-4-ruedas-freno-maneta-gris-negro\/\",\"url\":\"https:\/\/www.tcuido.es\/producto\/andadores-para-adultos-andador-para-personas-mayores-con-asiento-4-ruedas-freno-maneta-gris-negro\/\",\"name\":\"Andadores para Adultos, Andador para Personas Mayores con Asiento 4 Ruedas Freno Maneta Gris Negro - Tcuido\",\"isPartOf\":{\"@id\":\"https:\/\/www.tcuido.es\/#website\"},\"primaryImageOfPage\":{\"@id\":\"https:\/\/www.tcuido.es\/producto\/andadores-para-adultos-andador-para-personas-mayores-con-asiento-4-ruedas-freno-maneta-gris-negro\/#primaryimage\"},\"image\":{\"@id\":\"https:\/\/www.tcuido.es\/producto\/andadores-para-adultos-andador-para-personas-mayores-con-asiento-4-ruedas-freno-maneta-gris-negro\/#primaryimage\"},\"thumbnailUrl\":\"https:\/\/www.tcuido.es\/wp-content\/uploads\/2024\/12\/M01_C01-02_P08_ft-01.webp\",\"datePublished\":\"2024-12-07T11:26:33+00:00\",\"dateModified\":\"2025-09-23T17:28:15+00:00\",\"breadcrumb\":{\"@id\":\"https:\/\/www.tcuido.es\/producto\/andadores-para-adultos-andador-para-personas-mayores-con-asiento-4-ruedas-freno-maneta-gris-negro\/#breadcrumb\"},\"inLanguage\":\"en-GB\",\"potentialAction\":[{\"@type\":\"ReadAction\",\"target\":[\"https:\/\/www.tcuido.es\/producto\/andadores-para-adultos-andador-para-personas-mayores-con-asiento-4-ruedas-freno-maneta-gris-negro\/\"]}]},{\"@type\":\"ImageObject\",\"inLanguage\":\"en-GB\",\"@id\":\"https:\/\/www.tcuido.es\/producto\/andadores-para-adultos-andador-para-personas-mayores-con-asiento-4-ruedas-freno-maneta-gris-negro\/#primaryimage\",\"url\":\"https:\/\/www.tcuido.es\/wp-content\/uploads\/2024\/12\/M01_C01-02_P08_ft-01.webp\",\"contentUrl\":\"https:\/\/www.tcuido.es\/wp-content\/uploads\/2024\/12\/M01_C01-02_P08_ft-01.webp\",\"width\":1000,\"height\":1000},{\"@type\":\"BreadcrumbList\",\"@id\":\"https:\/\/www.tcuido.es\/producto\/andadores-para-adultos-andador-para-personas-mayores-con-asiento-4-ruedas-freno-maneta-gris-negro\/#breadcrumb\",\"itemListElement\":[{\"@type\":\"ListItem\",\"position\":1,\"name\":\"Inicio\",\"item\":\"https:\/\/www.tcuido.es\/\"},{\"@type\":\"ListItem\",\"position\":2,\"name\":\"Tienda\",\"item\":\"https:\/\/www.tcuido.es\/tienda\/\"},{\"@type\":\"ListItem\",\"position\":3,\"name\":\"Andadores para Adultos, Andador para Personas Mayores con Asiento 4 Ruedas Freno Maneta Gris Negro\"}]},{\"@type\":\"WebSite\",\"@id\":\"https:\/\/www.tcuido.es\/#website\",\"url\":\"https:\/\/www.tcuido.es\/\",\"name\":\"Tcuido\",\"description\":\"Servicios Integrales a la Dependencia\",\"publisher\":{\"@id\":\"https:\/\/www.tcuido.es\/#organization\"},\"potentialAction\":[{\"@type\":\"SearchAction\",\"target\":{\"@type\":\"EntryPoint\",\"urlTemplate\":\"https:\/\/www.tcuido.es\/?s={search_term_string}\"},\"query-input\":{\"@type\":\"PropertyValueSpecification\",\"valueRequired\":true,\"valueName\":\"search_term_string\"}}],\"inLanguage\":\"en-GB\"},{\"@type\":\"Organization\",\"@id\":\"https:\/\/www.tcuido.es\/#organization\",\"name\":\"Tcuido Servicios Integrales a la Dependencia\",\"url\":\"https:\/\/www.tcuido.es\/\",\"logo\":{\"@type\":\"ImageObject\",\"inLanguage\":\"en-GB\",\"@id\":\"https:\/\/www.tcuido.es\/#\/schema\/logo\/image\/\",\"url\":\"https:\/\/www.tcuido.es\/wp-content\/uploads\/2024\/03\/TCUIDO-facturas.png\",\"contentUrl\":\"https:\/\/www.tcuido.es\/wp-content\/uploads\/2024\/03\/TCUIDO-facturas.png\",\"width\":1600,\"height\":361,\"caption\":\"Tcuido Servicios Integrales a la Dependencia\"},\"image\":{\"@id\":\"https:\/\/www.tcuido.es\/#\/schema\/logo\/image\/\"}}]}<\/script>\n<!-- \/ Yoast SEO Premium plugin. -->","yoast_head_json":{"title":"Andadores para Adultos, Andador para Personas Mayores con Asiento 4 Ruedas Freno Maneta Gris Negro - Tcuido","robots":{"index":"index","follow":"follow","max-snippet":"max-snippet:-1","max-image-preview":"max-image-preview:large","max-video-preview":"max-video-preview:-1"},"canonical":"https:\/\/www.tcuido.es\/en\/product\/andadores-para-adultos-andador-para-personas-mayores-con-asiento-4-ruedas-freno-maneta-gris-negro\/","og_locale":"en_GB","og_type":"article","og_title":"Andadores para Adultos, Andador para Personas Mayores con Asiento 4 Ruedas Freno Maneta Gris Negro","og_description":"ASIENTO C\u00d3MODO  El asiento del andador tiene un respaldo acolchado y un coj\u00edn de espuma viscoel\u00e1stica que ayuda a prevenir las escaras. La funda del coj\u00edn se puede quitar y lavar.  CESTA CON BOLSILLO  El asiento se levanta f\u00e1cilmente para acceder a la cesta que nos permite guardar objetos. La cesta es de tela, lo que hace que el andador sea m\u00e1s ligero. Incluye, adem\u00e1s, un bolsillo exterior con cremallera. Carga m\u00e1xima de la cesta: 5 kg.  SISTEMA DE FRENO Y PLEGADO  Se pliega f\u00e1cilmente para guardarlo o transportarlo. Adem\u00e1s, el andador tiene un sistema de freno por cable que se acciona al apretar las manetas e incorpora a su vez un freno de estacionamiento que hace que el andador no se mueva cuando se utiliza el asiento.","og_url":"https:\/\/www.tcuido.es\/en\/product\/andadores-para-adultos-andador-para-personas-mayores-con-asiento-4-ruedas-freno-maneta-gris-negro\/","og_site_name":"Tcuido","article_modified_time":"2025-09-23T17:28:15+00:00","og_image":[{"width":1000,"height":1000,"url":"https:\/\/www.tcuido.es\/wp-content\/uploads\/2024\/12\/M01_C01-02_P08_ft-01.webp","type":"image\/webp"}],"twitter_card":"summary_large_image","twitter_misc":{"Estimated reading time":"2 minutes"},"schema":{"@context":"https:\/\/schema.org","@graph":[{"@type":"WebPage","@id":"https:\/\/www.tcuido.es\/producto\/andadores-para-adultos-andador-para-personas-mayores-con-asiento-4-ruedas-freno-maneta-gris-negro\/","url":"https:\/\/www.tcuido.es\/producto\/andadores-para-adultos-andador-para-personas-mayores-con-asiento-4-ruedas-freno-maneta-gris-negro\/","name":"Andadores para Adultos, Andador para Personas Mayores con Asiento 4 Ruedas Freno Maneta Gris Negro - Tcuido","isPartOf":{"@id":"https:\/\/www.tcuido.es\/#website"},"primaryImageOfPage":{"@id":"https:\/\/www.tcuido.es\/producto\/andadores-para-adultos-andador-para-personas-mayores-con-asiento-4-ruedas-freno-maneta-gris-negro\/#primaryimage"},"image":{"@id":"https:\/\/www.tcuido.es\/producto\/andadores-para-adultos-andador-para-personas-mayores-con-asiento-4-ruedas-freno-maneta-gris-negro\/#primaryimage"},"thumbnailUrl":"https:\/\/www.tcuido.es\/wp-content\/uploads\/2024\/12\/M01_C01-02_P08_ft-01.webp","datePublished":"2024-12-07T11:26:33+00:00","dateModified":"2025-09-23T17:28:15+00:00","breadcrumb":{"@id":"https:\/\/www.tcuido.es\/producto\/andadores-para-adultos-andador-para-personas-mayores-con-asiento-4-ruedas-freno-maneta-gris-negro\/#breadcrumb"},"inLanguage":"en-GB","potentialAction":[{"@type":"ReadAction","target":["https:\/\/www.tcuido.es\/producto\/andadores-para-adultos-andador-para-personas-mayores-con-asiento-4-ruedas-freno-maneta-gris-negro\/"]}]},{"@type":"ImageObject","inLanguage":"en-GB","@id":"https:\/\/www.tcuido.es\/producto\/andadores-para-adultos-andador-para-personas-mayores-con-asiento-4-ruedas-freno-maneta-gris-negro\/#primaryimage","url":"https:\/\/www.tcuido.es\/wp-content\/uploads\/2024\/12\/M01_C01-02_P08_ft-01.webp","contentUrl":"https:\/\/www.tcuido.es\/wp-content\/uploads\/2024\/12\/M01_C01-02_P08_ft-01.webp","width":1000,"height":1000},{"@type":"BreadcrumbList","@id":"https:\/\/www.tcuido.es\/producto\/andadores-para-adultos-andador-para-personas-mayores-con-asiento-4-ruedas-freno-maneta-gris-negro\/#breadcrumb","itemListElement":[{"@type":"ListItem","position":1,"name":"Inicio","item":"https:\/\/www.tcuido.es\/"},{"@type":"ListItem","position":2,"name":"Tienda","item":"https:\/\/www.tcuido.es\/tienda\/"},{"@type":"ListItem","position":3,"name":"Andadores para Adultos, Andador para Personas Mayores con Asiento 4 Ruedas Freno Maneta Gris Negro"}]},{"@type":"WebSite","@id":"https:\/\/www.tcuido.es\/#website","url":"https:\/\/www.tcuido.es\/","name":"I take care","description":"Comprehensive Dependency Services","publisher":{"@id":"https:\/\/www.tcuido.es\/#organization"},"potentialAction":[{"@type":"SearchAction","target":{"@type":"EntryPoint","urlTemplate":"https:\/\/www.tcuido.es\/?s={search_term_string}"},"query-input":{"@type":"PropertyValueSpecification","valueRequired":true,"valueName":"search_term_string"}}],"inLanguage":"en-GB"},{"@type":"Organization","@id":"https:\/\/www.tcuido.es\/#organization","name":"Tcuido Comprehensive Dependency Services","url":"https:\/\/www.tcuido.es\/","logo":{"@type":"ImageObject","inLanguage":"en-GB","@id":"https:\/\/www.tcuido.es\/#\/schema\/logo\/image\/","url":"https:\/\/www.tcuido.es\/wp-content\/uploads\/2024\/03\/TCUIDO-facturas.png","contentUrl":"https:\/\/www.tcuido.es\/wp-content\/uploads\/2024\/03\/TCUIDO-facturas.png","width":1600,"height":361,"caption":"Tcuido Servicios Integrales a la Dependencia"},"image":{"@id":"https:\/\/www.tcuido.es\/#\/schema\/logo\/image\/"}}]}},"_links":{"self":[{"href":"https:\/\/www.tcuido.es\/en\/wp-json\/wp\/v2\/product\/3382","targetHints":{"allow":["GET"]}}],"collection":[{"href":"https:\/\/www.tcuido.es\/en\/wp-json\/wp\/v2\/product"}],"about":[{"href":"https:\/\/www.tcuido.es\/en\/wp-json\/wp\/v2\/types\/product"}],"wp:featuredmedia":[{"embeddable":true,"href":"https:\/\/www.tcuido.es\/en\/wp-json\/wp\/v2\/media\/3384"}],"wp:attachment":[{"href":"https:\/\/www.tcuido.es\/en\/wp-json\/wp\/v2\/media?parent=3382"}],"wp:term":[{"taxonomy":"product_brand","embeddable":true,"href":"https:\/\/www.tcuido.es\/en\/wp-json\/wp\/v2\/product_brand?post=3382"},{"taxonomy":"product_cat","embeddable":true,"href":"https:\/\/www.tcuido.es\/en\/wp-json\/wp\/v2\/product_cat?post=3382"},{"taxonomy":"product_tag","embeddable":true,"href":"https:\/\/www.tcuido.es\/en\/wp-json\/wp\/v2\/product_tag?post=3382"}],"curies":[{"name":"wp","href":"https:\/\/api.w.org\/{rel}","templated":true}]}}