{"id":3431,"date":"2024-12-07T11:43:44","date_gmt":"2024-12-07T11:43:44","guid":{"rendered":"https:\/\/www.tcuido.es\/?post_type=product&#038;p=3431"},"modified":"2025-09-23T17:28:13","modified_gmt":"2025-09-23T17:28:13","slug":"andador-de-rodilla-andador-ortopedico-para-rodilla","status":"publish","type":"product","link":"https:\/\/www.tcuido.es\/en\/product\/andador-de-rodilla-andador-ortopedico-para-rodilla\/","title":{"rendered":"Knee Walker, Orthopedic Knee Walker"},"content":{"rendered":"<p><strong><span style=\"color: #97bf0d;\">CHARACTERISTICS<\/span><\/strong><\/p>\n<ul>\n<li>FUNCTIONAL: This knee walker is an effective alternative to crutches and makes it easy for the user to move around independently and comfortably thanks to its handlebar with brakes and its four wheels that allow its use both indoors and outdoors. It also has a basket to store the user&#039;s belongings.<\/li>\n<li>COMFORTABLE: Thanks to the padded knee orthopedic scooter, users will be able to move comfortably avoiding hand or armpit pain caused by crutches. Unlike crutches, the walker does not require extra effort on the upper body to move and ensures greater stability.<\/li>\n<li>HEIGHT ADJUSTABLE: The walker can be adjusted in height (85.5 \u2013 106 cm) as well as the padded knee support (43 \u2013 53 cm), allowing it to adapt to the user&#039;s needs. In addition, it is easy to transport and store thanks to its folding system.<\/li>\n<li>SAFE AND STABLE: The knee walker has a double hand brake to lock the rear wheels and a wider front axle to provide greater stability for those with balance problems.<\/li>\n<li>RECOMMENDED FOR: People recovering from an injury or surgery to the foot, ankle or calf, as well as people who are missing a limb below the knee. Maximum user weight: 136 kg.<\/li>\n<\/ul>\n<p>&nbsp;<\/p>\n<p><span style=\"color: #97bf0d;\"><strong>TECHNICAL DETAILS<\/strong><\/span><\/p>\n<ul>\n<li>Product Reference: P10022<\/li>\n<li>Dimensions: 42.5 x 105.5 x 72.5 cm<\/li>\n<li>Height adjustment: 85.5 \u2013 105.5 cm<\/li>\n<li>Folded Dimensions: 72.5 x 59 x 42.2cm<\/li>\n<\/ul>\n<p>&nbsp;<\/p>\n<p><span style=\"color: #97bf0d;\"><strong>ADDITIONAL INFORMATION<\/strong><\/span><\/p>\n<ul>\n<li>Material: Steel and knee foam<\/li>\n<li>Padded: Yes<\/li>\n<li>Max weight: 136 kg<\/li>\n<\/ul>","protected":false},"excerpt":{"rendered":"<p><strong><span style=\"color: #97bf0d;\">KNEE SUPPORT<\/span><\/strong><\/p>\n<p>The knee walker is an ideal alternative to crutches for mobility problems in the lower part of the leg. It prevents overloading of the hands and arms, making it ideal for long journeys.<\/p>\n<p>Its wheels guarantee stability and safety on any terrain. Both the handlebar and the knee pad are adjustable in height to suit you, having 7 and 5 settings respectively.<\/p>\n<p><span style=\"color: #97bf0d;\"><strong>SAFE BASKET<\/strong><\/span><\/p>\n<p>This walker features a sturdy basket, safe for use both indoors and outdoors. The basket can carry objects up to a maximum load of 5 kg.<\/p>\n<p><strong><span style=\"color: #97bf0d;\">FOLDING SYSTEM AND DOUBLE BRAKE<\/span><\/strong><\/p>\n<p>The walker is easy to store thanks to its light weight and folding system. Folded dimensions: 72.5 x 59 x 42.2 cm.<\/p>\n<p>In addition, the walker has a double cable brake system located on the two handlebar grips, one for each hand.<\/p>","protected":false},"featured_media":3433,"template":"","meta":{"inline_featured_image":false},"product_brand":[],"product_cat":[23,21],"product_tag":[36],"class_list":{"0":"post-3431","1":"product","2":"type-product","3":"status-publish","4":"has-post-thumbnail","6":"product_cat-andadores","7":"product_cat-movilidad","8":"product_tag-kmina","10":"first","11":"instock","12":"taxable","13":"shipping-taxable","14":"purchasable","15":"product-type-simple"},"yoast_head":"<!-- This site is optimized with the Yoast SEO Premium plugin v22.6 (Yoast SEO v27.1.1) - https:\/\/yoast.com\/product\/yoast-seo-premium-wordpress\/ -->\n<title>Andador de Rodilla, Andador Ortop\u00e9dico para Rodilla - Tcuido<\/title>\n<meta name=\"robots\" content=\"index, follow, max-snippet:-1, max-image-preview:large, max-video-preview:-1\" \/>\n<link rel=\"canonical\" href=\"https:\/\/www.tcuido.es\/en\/product\/andador-de-rodilla-andador-ortopedico-para-rodilla\/\" \/>\n<meta property=\"og:locale\" content=\"en_GB\" \/>\n<meta property=\"og:type\" content=\"article\" \/>\n<meta property=\"og:title\" content=\"Andador de Rodilla, Andador Ortop\u00e9dico para Rodilla\" \/>\n<meta property=\"og:description\" content=\"SOPORTE PARA RODILLA  El andador rodilla es una alternativa ideal a las muletas para problemas de movilidad en la parte inferior de la pierna. Evita sobrecargas en manos y brazos siendo id\u00f3neo para trayectos largos.  Sus ruedas garantizan estabilidad y seguridad en cualquier terreno. Tanto el manillar como la rodillera son ajustables en altura para adaptarse, teniendo 7 y 5 regulaciones respectivamente.  CESTA SEGURA  Este andador cuenta con una cesta robusta, segura para usar fuera y dentro de casa. La cesta permite transportar objetos hasta una carga m\u00e1xima de 5 kg.  SISTEMA DE PLEGADO Y DOBLE FRENO  El andador es f\u00e1cil de guardar gracias a su peso ligero y a su sistema de plegado. Dimensiones de plegado: 72,5 x 59 x 42,2 cm.  Adem\u00e1s, el andador tiene un sistema de doble freno por cable situado en las dos empu\u00f1aduras del manillar, uno para cada mano.\" \/>\n<meta property=\"og:url\" content=\"https:\/\/www.tcuido.es\/en\/product\/andador-de-rodilla-andador-ortopedico-para-rodilla\/\" \/>\n<meta property=\"og:site_name\" content=\"Tcuido\" \/>\n<meta property=\"article:modified_time\" content=\"2025-09-23T17:28:13+00:00\" \/>\n<meta property=\"og:image\" content=\"https:\/\/www.tcuido.es\/wp-content\/uploads\/2024\/12\/M01_C01-02_P13_ft-01.webp\" \/>\n\t<meta property=\"og:image:width\" content=\"1000\" \/>\n\t<meta property=\"og:image:height\" content=\"1000\" \/>\n\t<meta property=\"og:image:type\" content=\"image\/webp\" \/>\n<meta name=\"twitter:card\" content=\"summary_large_image\" \/>\n<meta name=\"twitter:label1\" content=\"Estimated reading time\" \/>\n\t<meta name=\"twitter:data1\" content=\"2 minutes\" \/>\n<script type=\"application\/ld+json\" class=\"yoast-schema-graph\">{\"@context\":\"https:\/\/schema.org\",\"@graph\":[{\"@type\":\"WebPage\",\"@id\":\"https:\/\/www.tcuido.es\/producto\/andador-de-rodilla-andador-ortopedico-para-rodilla\/\",\"url\":\"https:\/\/www.tcuido.es\/producto\/andador-de-rodilla-andador-ortopedico-para-rodilla\/\",\"name\":\"Andador de Rodilla, Andador Ortop\u00e9dico para Rodilla - Tcuido\",\"isPartOf\":{\"@id\":\"https:\/\/www.tcuido.es\/#website\"},\"primaryImageOfPage\":{\"@id\":\"https:\/\/www.tcuido.es\/producto\/andador-de-rodilla-andador-ortopedico-para-rodilla\/#primaryimage\"},\"image\":{\"@id\":\"https:\/\/www.tcuido.es\/producto\/andador-de-rodilla-andador-ortopedico-para-rodilla\/#primaryimage\"},\"thumbnailUrl\":\"https:\/\/www.tcuido.es\/wp-content\/uploads\/2024\/12\/M01_C01-02_P13_ft-01.webp\",\"datePublished\":\"2024-12-07T11:43:44+00:00\",\"dateModified\":\"2025-09-23T17:28:13+00:00\",\"breadcrumb\":{\"@id\":\"https:\/\/www.tcuido.es\/producto\/andador-de-rodilla-andador-ortopedico-para-rodilla\/#breadcrumb\"},\"inLanguage\":\"en-GB\",\"potentialAction\":[{\"@type\":\"ReadAction\",\"target\":[\"https:\/\/www.tcuido.es\/producto\/andador-de-rodilla-andador-ortopedico-para-rodilla\/\"]}]},{\"@type\":\"ImageObject\",\"inLanguage\":\"en-GB\",\"@id\":\"https:\/\/www.tcuido.es\/producto\/andador-de-rodilla-andador-ortopedico-para-rodilla\/#primaryimage\",\"url\":\"https:\/\/www.tcuido.es\/wp-content\/uploads\/2024\/12\/M01_C01-02_P13_ft-01.webp\",\"contentUrl\":\"https:\/\/www.tcuido.es\/wp-content\/uploads\/2024\/12\/M01_C01-02_P13_ft-01.webp\",\"width\":1000,\"height\":1000},{\"@type\":\"BreadcrumbList\",\"@id\":\"https:\/\/www.tcuido.es\/producto\/andador-de-rodilla-andador-ortopedico-para-rodilla\/#breadcrumb\",\"itemListElement\":[{\"@type\":\"ListItem\",\"position\":1,\"name\":\"Inicio\",\"item\":\"https:\/\/www.tcuido.es\/\"},{\"@type\":\"ListItem\",\"position\":2,\"name\":\"Tienda\",\"item\":\"https:\/\/www.tcuido.es\/tienda\/\"},{\"@type\":\"ListItem\",\"position\":3,\"name\":\"Andador de Rodilla, Andador Ortop\u00e9dico para Rodilla\"}]},{\"@type\":\"WebSite\",\"@id\":\"https:\/\/www.tcuido.es\/#website\",\"url\":\"https:\/\/www.tcuido.es\/\",\"name\":\"Tcuido\",\"description\":\"Servicios Integrales a la Dependencia\",\"publisher\":{\"@id\":\"https:\/\/www.tcuido.es\/#organization\"},\"potentialAction\":[{\"@type\":\"SearchAction\",\"target\":{\"@type\":\"EntryPoint\",\"urlTemplate\":\"https:\/\/www.tcuido.es\/?s={search_term_string}\"},\"query-input\":{\"@type\":\"PropertyValueSpecification\",\"valueRequired\":true,\"valueName\":\"search_term_string\"}}],\"inLanguage\":\"en-GB\"},{\"@type\":\"Organization\",\"@id\":\"https:\/\/www.tcuido.es\/#organization\",\"name\":\"Tcuido Servicios Integrales a la Dependencia\",\"url\":\"https:\/\/www.tcuido.es\/\",\"logo\":{\"@type\":\"ImageObject\",\"inLanguage\":\"en-GB\",\"@id\":\"https:\/\/www.tcuido.es\/#\/schema\/logo\/image\/\",\"url\":\"https:\/\/www.tcuido.es\/wp-content\/uploads\/2024\/03\/TCUIDO-facturas.png\",\"contentUrl\":\"https:\/\/www.tcuido.es\/wp-content\/uploads\/2024\/03\/TCUIDO-facturas.png\",\"width\":1600,\"height\":361,\"caption\":\"Tcuido Servicios Integrales a la Dependencia\"},\"image\":{\"@id\":\"https:\/\/www.tcuido.es\/#\/schema\/logo\/image\/\"}}]}<\/script>\n<!-- \/ Yoast SEO Premium plugin. -->","yoast_head_json":{"title":"Andador de Rodilla, Andador Ortop\u00e9dico para Rodilla - Tcuido","robots":{"index":"index","follow":"follow","max-snippet":"max-snippet:-1","max-image-preview":"max-image-preview:large","max-video-preview":"max-video-preview:-1"},"canonical":"https:\/\/www.tcuido.es\/en\/product\/andador-de-rodilla-andador-ortopedico-para-rodilla\/","og_locale":"en_GB","og_type":"article","og_title":"Andador de Rodilla, Andador Ortop\u00e9dico para Rodilla","og_description":"SOPORTE PARA RODILLA  El andador rodilla es una alternativa ideal a las muletas para problemas de movilidad en la parte inferior de la pierna. Evita sobrecargas en manos y brazos siendo id\u00f3neo para trayectos largos.  Sus ruedas garantizan estabilidad y seguridad en cualquier terreno. Tanto el manillar como la rodillera son ajustables en altura para adaptarse, teniendo 7 y 5 regulaciones respectivamente.  CESTA SEGURA  Este andador cuenta con una cesta robusta, segura para usar fuera y dentro de casa. La cesta permite transportar objetos hasta una carga m\u00e1xima de 5 kg.  SISTEMA DE PLEGADO Y DOBLE FRENO  El andador es f\u00e1cil de guardar gracias a su peso ligero y a su sistema de plegado. Dimensiones de plegado: 72,5 x 59 x 42,2 cm.  Adem\u00e1s, el andador tiene un sistema de doble freno por cable situado en las dos empu\u00f1aduras del manillar, uno para cada mano.","og_url":"https:\/\/www.tcuido.es\/en\/product\/andador-de-rodilla-andador-ortopedico-para-rodilla\/","og_site_name":"Tcuido","article_modified_time":"2025-09-23T17:28:13+00:00","og_image":[{"width":1000,"height":1000,"url":"https:\/\/www.tcuido.es\/wp-content\/uploads\/2024\/12\/M01_C01-02_P13_ft-01.webp","type":"image\/webp"}],"twitter_card":"summary_large_image","twitter_misc":{"Estimated reading time":"2 minutes"},"schema":{"@context":"https:\/\/schema.org","@graph":[{"@type":"WebPage","@id":"https:\/\/www.tcuido.es\/producto\/andador-de-rodilla-andador-ortopedico-para-rodilla\/","url":"https:\/\/www.tcuido.es\/producto\/andador-de-rodilla-andador-ortopedico-para-rodilla\/","name":"Andador de Rodilla, Andador Ortop\u00e9dico para Rodilla - Tcuido","isPartOf":{"@id":"https:\/\/www.tcuido.es\/#website"},"primaryImageOfPage":{"@id":"https:\/\/www.tcuido.es\/producto\/andador-de-rodilla-andador-ortopedico-para-rodilla\/#primaryimage"},"image":{"@id":"https:\/\/www.tcuido.es\/producto\/andador-de-rodilla-andador-ortopedico-para-rodilla\/#primaryimage"},"thumbnailUrl":"https:\/\/www.tcuido.es\/wp-content\/uploads\/2024\/12\/M01_C01-02_P13_ft-01.webp","datePublished":"2024-12-07T11:43:44+00:00","dateModified":"2025-09-23T17:28:13+00:00","breadcrumb":{"@id":"https:\/\/www.tcuido.es\/producto\/andador-de-rodilla-andador-ortopedico-para-rodilla\/#breadcrumb"},"inLanguage":"en-GB","potentialAction":[{"@type":"ReadAction","target":["https:\/\/www.tcuido.es\/producto\/andador-de-rodilla-andador-ortopedico-para-rodilla\/"]}]},{"@type":"ImageObject","inLanguage":"en-GB","@id":"https:\/\/www.tcuido.es\/producto\/andador-de-rodilla-andador-ortopedico-para-rodilla\/#primaryimage","url":"https:\/\/www.tcuido.es\/wp-content\/uploads\/2024\/12\/M01_C01-02_P13_ft-01.webp","contentUrl":"https:\/\/www.tcuido.es\/wp-content\/uploads\/2024\/12\/M01_C01-02_P13_ft-01.webp","width":1000,"height":1000},{"@type":"BreadcrumbList","@id":"https:\/\/www.tcuido.es\/producto\/andador-de-rodilla-andador-ortopedico-para-rodilla\/#breadcrumb","itemListElement":[{"@type":"ListItem","position":1,"name":"Inicio","item":"https:\/\/www.tcuido.es\/"},{"@type":"ListItem","position":2,"name":"Tienda","item":"https:\/\/www.tcuido.es\/tienda\/"},{"@type":"ListItem","position":3,"name":"Andador de Rodilla, Andador Ortop\u00e9dico para Rodilla"}]},{"@type":"WebSite","@id":"https:\/\/www.tcuido.es\/#website","url":"https:\/\/www.tcuido.es\/","name":"I take care","description":"Comprehensive Dependency Services","publisher":{"@id":"https:\/\/www.tcuido.es\/#organization"},"potentialAction":[{"@type":"SearchAction","target":{"@type":"EntryPoint","urlTemplate":"https:\/\/www.tcuido.es\/?s={search_term_string}"},"query-input":{"@type":"PropertyValueSpecification","valueRequired":true,"valueName":"search_term_string"}}],"inLanguage":"en-GB"},{"@type":"Organization","@id":"https:\/\/www.tcuido.es\/#organization","name":"Tcuido Comprehensive Dependency Services","url":"https:\/\/www.tcuido.es\/","logo":{"@type":"ImageObject","inLanguage":"en-GB","@id":"https:\/\/www.tcuido.es\/#\/schema\/logo\/image\/","url":"https:\/\/www.tcuido.es\/wp-content\/uploads\/2024\/03\/TCUIDO-facturas.png","contentUrl":"https:\/\/www.tcuido.es\/wp-content\/uploads\/2024\/03\/TCUIDO-facturas.png","width":1600,"height":361,"caption":"Tcuido Servicios Integrales a la Dependencia"},"image":{"@id":"https:\/\/www.tcuido.es\/#\/schema\/logo\/image\/"}}]}},"_links":{"self":[{"href":"https:\/\/www.tcuido.es\/en\/wp-json\/wp\/v2\/product\/3431","targetHints":{"allow":["GET"]}}],"collection":[{"href":"https:\/\/www.tcuido.es\/en\/wp-json\/wp\/v2\/product"}],"about":[{"href":"https:\/\/www.tcuido.es\/en\/wp-json\/wp\/v2\/types\/product"}],"wp:featuredmedia":[{"embeddable":true,"href":"https:\/\/www.tcuido.es\/en\/wp-json\/wp\/v2\/media\/3433"}],"wp:attachment":[{"href":"https:\/\/www.tcuido.es\/en\/wp-json\/wp\/v2\/media?parent=3431"}],"wp:term":[{"taxonomy":"product_brand","embeddable":true,"href":"https:\/\/www.tcuido.es\/en\/wp-json\/wp\/v2\/product_brand?post=3431"},{"taxonomy":"product_cat","embeddable":true,"href":"https:\/\/www.tcuido.es\/en\/wp-json\/wp\/v2\/product_cat?post=3431"},{"taxonomy":"product_tag","embeddable":true,"href":"https:\/\/www.tcuido.es\/en\/wp-json\/wp\/v2\/product_tag?post=3431"}],"curies":[{"name":"wp","href":"https:\/\/api.w.org\/{rel}","templated":true}]}}