{"id":3449,"date":"2024-12-07T11:53:42","date_gmt":"2024-12-07T11:53:42","guid":{"rendered":"https:\/\/www.tcuido.es\/?post_type=product&#038;p=3449"},"modified":"2025-09-23T17:28:15","modified_gmt":"2025-09-23T17:28:15","slug":"andadores-para-personas-mayores-andador-adultos-con-asiento-2-ruedas-gris","status":"publish","type":"product","link":"https:\/\/www.tcuido.es\/en\/product\/andadores-para-personas-mayores-andador-adultos-con-asiento-2-ruedas-gris\/","title":{"rendered":"Walkers for Seniors, Adult Walker with Seat 2 Wheels Gray"},"content":{"rendered":"<p><strong><span style=\"color: #97bf0d;\">CHARACTERISTICS<\/span><\/strong><\/p>\n<ul>\n<li>COMFORTABLE: This walker is not only perfect for moving around, but also for resting thanks to its memory foam cushion that prevents bedsores and has a washable and interchangeable cover.<\/li>\n<li>RESISTANT: The aluminum and anodized steel structure make this walker, made in Spain, resistant and light.<\/li>\n<li>ADJUSTABLE AND FOLDABLE: To offer the greatest adaptability, the walker has 8 settings that allow it to be adjusted depending on the user&#039;s height. In addition, thanks to its folding system and light weight (4 kg) it takes up very little space and is easy to store.<\/li>\n<li>SAFE: It has a pressure brake system, as well as padded handles that give the user greater comfort and safety when using it. Recommended for people with limited mobility and for indoor use.<\/li>\n<li>RECOMMENDED FOR: This foldable walker for the elderly is recommended for people with limited mobility and for indoor use. Maximum user weight: 100 kg.<\/li>\n<\/ul>\n<p>&nbsp;<\/p>\n<p><strong><span style=\"color: #97bf0d;\">TECHNICAL DETAILS<\/span><\/strong><\/p>\n<ul>\n<li>Product Reference: K10016<\/li>\n<li>Min. height \u2013 max.: 80-91 cm<\/li>\n<li>Width: 54 cm<\/li>\n<li>Folded Dimension (H x D x W): 97 x 54 x 16 cm<\/li>\n<li>Seat: Yes<\/li>\n<li>Seat Height: 52 cm<\/li>\n<li>Seat Dimensions (W x D): 40-20 cm<\/li>\n<li>\u00d8 Wheels: 11 cm<\/li>\n<li>Walker Weight: 4 kg<\/li>\n<li>Maximum User Weight: 100 kg<\/li>\n<\/ul>\n<p>&nbsp;<\/p>\n<p><strong><span style=\"color: #97bf0d;\">ADDITIONAL INFORMATION<\/span><\/strong><\/p>\n<ul>\n<li>Material: Aluminum and Steel<\/li>\n<li>Grips: Padded<\/li>\n<li>Basket: No<\/li>\n<li>Brake type: Pressure brake<\/li>\n<li>Height adjustable: Yes<\/li>\n<li>Regulations: 4<\/li>\n<li>Foldable: Yes<\/li>\n<li>Pole holder: No<\/li>\n<\/ul>","protected":false},"excerpt":{"rendered":"<p><strong><span style=\"color: #97bf0d;\">COMFORTABLE SEAT<\/span><\/strong><\/p>\n<p>The walker seat has a memory foam cushion that helps prevent bedsores. The cushion cover can be removed and washed.<\/p>\n<p><strong><span style=\"color: #97bf0d;\">FOLDING SYSTEM<\/span><\/strong><\/p>\n<p>The walker folds easily, making it easy to transport. Furthermore, thanks to its small size (54x16x97 cm), the walker can be stored in any corner of the house.<\/p>\n<p><strong><span style=\"color: #97bf0d;\">PRESSURE BRAKE<\/span><\/strong><\/p>\n<p>The walker has a pressure brake system that causes the rear end pieces to brake the walker when the user lets his or her own weight fall on it.<\/p>","protected":false},"featured_media":3452,"template":"","meta":{"inline_featured_image":false},"product_brand":[],"product_cat":[23,21],"product_tag":[36],"class_list":{"0":"post-3449","1":"product","2":"type-product","3":"status-publish","4":"has-post-thumbnail","6":"product_cat-andadores","7":"product_cat-movilidad","8":"product_tag-kmina","10":"first","11":"instock","12":"taxable","13":"shipping-taxable","14":"purchasable","15":"product-type-simple"},"yoast_head":"<!-- This site is optimized with the Yoast SEO Premium plugin v22.6 (Yoast SEO v27.1.1) - https:\/\/yoast.com\/product\/yoast-seo-premium-wordpress\/ -->\n<title>Andadores para Personas Mayores, Andador Adultos con Asiento 2 Ruedas Gris - Tcuido<\/title>\n<meta name=\"robots\" content=\"index, follow, max-snippet:-1, max-image-preview:large, max-video-preview:-1\" \/>\n<link rel=\"canonical\" href=\"https:\/\/www.tcuido.es\/en\/product\/andadores-para-personas-mayores-andador-adultos-con-asiento-2-ruedas-gris\/\" \/>\n<meta property=\"og:locale\" content=\"en_GB\" \/>\n<meta property=\"og:type\" content=\"article\" \/>\n<meta property=\"og:title\" content=\"Andadores para Personas Mayores, Andador Adultos con Asiento 2 Ruedas Gris\" \/>\n<meta property=\"og:description\" content=\"ASIENTO C\u00d3MODO  El asiento del andador tiene un asiento con un coj\u00edn de espuma viscoel\u00e1stica que ayuda a prevenir las escaras. La funda del coj\u00edn se puede quitar y lavar.  SISTEMA DE PLEGADO  El andador se pliega de forma sencilla, lo que le permite ser f\u00e1cilmente transportable. Adem\u00e1s y gracias a sus reducidas dimensiones (54x16x97 cm), el andador se puede guardar en cualquier rinc\u00f3n de la casa.  FRENO POR PRESI\u00d3N  El andador tiene un sistema de freno por presi\u00f3n que hace que las conteras traseras frenen el andador cuando el usuario deja caer su propio peso sobre este.\" \/>\n<meta property=\"og:url\" content=\"https:\/\/www.tcuido.es\/en\/product\/andadores-para-personas-mayores-andador-adultos-con-asiento-2-ruedas-gris\/\" \/>\n<meta property=\"og:site_name\" content=\"Tcuido\" \/>\n<meta property=\"article:modified_time\" content=\"2025-09-23T17:28:15+00:00\" \/>\n<meta property=\"og:image\" content=\"https:\/\/www.tcuido.es\/wp-content\/uploads\/2024\/12\/M01_C01-02_P15_ft-01.webp\" \/>\n\t<meta property=\"og:image:width\" content=\"1000\" \/>\n\t<meta property=\"og:image:height\" content=\"1000\" \/>\n\t<meta property=\"og:image:type\" content=\"image\/webp\" \/>\n<meta name=\"twitter:card\" content=\"summary_large_image\" \/>\n<meta name=\"twitter:label1\" content=\"Estimated reading time\" \/>\n\t<meta name=\"twitter:data1\" content=\"2 minutes\" \/>\n<script type=\"application\/ld+json\" class=\"yoast-schema-graph\">{\"@context\":\"https:\/\/schema.org\",\"@graph\":[{\"@type\":\"WebPage\",\"@id\":\"https:\/\/www.tcuido.es\/producto\/andadores-para-personas-mayores-andador-adultos-con-asiento-2-ruedas-gris\/\",\"url\":\"https:\/\/www.tcuido.es\/producto\/andadores-para-personas-mayores-andador-adultos-con-asiento-2-ruedas-gris\/\",\"name\":\"Andadores para Personas Mayores, Andador Adultos con Asiento 2 Ruedas Gris - Tcuido\",\"isPartOf\":{\"@id\":\"https:\/\/www.tcuido.es\/#website\"},\"primaryImageOfPage\":{\"@id\":\"https:\/\/www.tcuido.es\/producto\/andadores-para-personas-mayores-andador-adultos-con-asiento-2-ruedas-gris\/#primaryimage\"},\"image\":{\"@id\":\"https:\/\/www.tcuido.es\/producto\/andadores-para-personas-mayores-andador-adultos-con-asiento-2-ruedas-gris\/#primaryimage\"},\"thumbnailUrl\":\"https:\/\/www.tcuido.es\/wp-content\/uploads\/2024\/12\/M01_C01-02_P15_ft-01.webp\",\"datePublished\":\"2024-12-07T11:53:42+00:00\",\"dateModified\":\"2025-09-23T17:28:15+00:00\",\"breadcrumb\":{\"@id\":\"https:\/\/www.tcuido.es\/producto\/andadores-para-personas-mayores-andador-adultos-con-asiento-2-ruedas-gris\/#breadcrumb\"},\"inLanguage\":\"en-GB\",\"potentialAction\":[{\"@type\":\"ReadAction\",\"target\":[\"https:\/\/www.tcuido.es\/producto\/andadores-para-personas-mayores-andador-adultos-con-asiento-2-ruedas-gris\/\"]}]},{\"@type\":\"ImageObject\",\"inLanguage\":\"en-GB\",\"@id\":\"https:\/\/www.tcuido.es\/producto\/andadores-para-personas-mayores-andador-adultos-con-asiento-2-ruedas-gris\/#primaryimage\",\"url\":\"https:\/\/www.tcuido.es\/wp-content\/uploads\/2024\/12\/M01_C01-02_P15_ft-01.webp\",\"contentUrl\":\"https:\/\/www.tcuido.es\/wp-content\/uploads\/2024\/12\/M01_C01-02_P15_ft-01.webp\",\"width\":1000,\"height\":1000},{\"@type\":\"BreadcrumbList\",\"@id\":\"https:\/\/www.tcuido.es\/producto\/andadores-para-personas-mayores-andador-adultos-con-asiento-2-ruedas-gris\/#breadcrumb\",\"itemListElement\":[{\"@type\":\"ListItem\",\"position\":1,\"name\":\"Inicio\",\"item\":\"https:\/\/www.tcuido.es\/\"},{\"@type\":\"ListItem\",\"position\":2,\"name\":\"Tienda\",\"item\":\"https:\/\/www.tcuido.es\/tienda\/\"},{\"@type\":\"ListItem\",\"position\":3,\"name\":\"Andadores para Personas Mayores, Andador Adultos con Asiento 2 Ruedas Gris\"}]},{\"@type\":\"WebSite\",\"@id\":\"https:\/\/www.tcuido.es\/#website\",\"url\":\"https:\/\/www.tcuido.es\/\",\"name\":\"Tcuido\",\"description\":\"Servicios Integrales a la Dependencia\",\"publisher\":{\"@id\":\"https:\/\/www.tcuido.es\/#organization\"},\"potentialAction\":[{\"@type\":\"SearchAction\",\"target\":{\"@type\":\"EntryPoint\",\"urlTemplate\":\"https:\/\/www.tcuido.es\/?s={search_term_string}\"},\"query-input\":{\"@type\":\"PropertyValueSpecification\",\"valueRequired\":true,\"valueName\":\"search_term_string\"}}],\"inLanguage\":\"en-GB\"},{\"@type\":\"Organization\",\"@id\":\"https:\/\/www.tcuido.es\/#organization\",\"name\":\"Tcuido Servicios Integrales a la Dependencia\",\"url\":\"https:\/\/www.tcuido.es\/\",\"logo\":{\"@type\":\"ImageObject\",\"inLanguage\":\"en-GB\",\"@id\":\"https:\/\/www.tcuido.es\/#\/schema\/logo\/image\/\",\"url\":\"https:\/\/www.tcuido.es\/wp-content\/uploads\/2024\/03\/TCUIDO-facturas.png\",\"contentUrl\":\"https:\/\/www.tcuido.es\/wp-content\/uploads\/2024\/03\/TCUIDO-facturas.png\",\"width\":1600,\"height\":361,\"caption\":\"Tcuido Servicios Integrales a la Dependencia\"},\"image\":{\"@id\":\"https:\/\/www.tcuido.es\/#\/schema\/logo\/image\/\"}}]}<\/script>\n<!-- \/ Yoast SEO Premium plugin. -->","yoast_head_json":{"title":"Andadores para Personas Mayores, Andador Adultos con Asiento 2 Ruedas Gris - Tcuido","robots":{"index":"index","follow":"follow","max-snippet":"max-snippet:-1","max-image-preview":"max-image-preview:large","max-video-preview":"max-video-preview:-1"},"canonical":"https:\/\/www.tcuido.es\/en\/product\/andadores-para-personas-mayores-andador-adultos-con-asiento-2-ruedas-gris\/","og_locale":"en_GB","og_type":"article","og_title":"Andadores para Personas Mayores, Andador Adultos con Asiento 2 Ruedas Gris","og_description":"ASIENTO C\u00d3MODO  El asiento del andador tiene un asiento con un coj\u00edn de espuma viscoel\u00e1stica que ayuda a prevenir las escaras. La funda del coj\u00edn se puede quitar y lavar.  SISTEMA DE PLEGADO  El andador se pliega de forma sencilla, lo que le permite ser f\u00e1cilmente transportable. Adem\u00e1s y gracias a sus reducidas dimensiones (54x16x97 cm), el andador se puede guardar en cualquier rinc\u00f3n de la casa.  FRENO POR PRESI\u00d3N  El andador tiene un sistema de freno por presi\u00f3n que hace que las conteras traseras frenen el andador cuando el usuario deja caer su propio peso sobre este.","og_url":"https:\/\/www.tcuido.es\/en\/product\/andadores-para-personas-mayores-andador-adultos-con-asiento-2-ruedas-gris\/","og_site_name":"Tcuido","article_modified_time":"2025-09-23T17:28:15+00:00","og_image":[{"width":1000,"height":1000,"url":"https:\/\/www.tcuido.es\/wp-content\/uploads\/2024\/12\/M01_C01-02_P15_ft-01.webp","type":"image\/webp"}],"twitter_card":"summary_large_image","twitter_misc":{"Estimated reading time":"2 minutes"},"schema":{"@context":"https:\/\/schema.org","@graph":[{"@type":"WebPage","@id":"https:\/\/www.tcuido.es\/producto\/andadores-para-personas-mayores-andador-adultos-con-asiento-2-ruedas-gris\/","url":"https:\/\/www.tcuido.es\/producto\/andadores-para-personas-mayores-andador-adultos-con-asiento-2-ruedas-gris\/","name":"Andadores para Personas Mayores, Andador Adultos con Asiento 2 Ruedas Gris - Tcuido","isPartOf":{"@id":"https:\/\/www.tcuido.es\/#website"},"primaryImageOfPage":{"@id":"https:\/\/www.tcuido.es\/producto\/andadores-para-personas-mayores-andador-adultos-con-asiento-2-ruedas-gris\/#primaryimage"},"image":{"@id":"https:\/\/www.tcuido.es\/producto\/andadores-para-personas-mayores-andador-adultos-con-asiento-2-ruedas-gris\/#primaryimage"},"thumbnailUrl":"https:\/\/www.tcuido.es\/wp-content\/uploads\/2024\/12\/M01_C01-02_P15_ft-01.webp","datePublished":"2024-12-07T11:53:42+00:00","dateModified":"2025-09-23T17:28:15+00:00","breadcrumb":{"@id":"https:\/\/www.tcuido.es\/producto\/andadores-para-personas-mayores-andador-adultos-con-asiento-2-ruedas-gris\/#breadcrumb"},"inLanguage":"en-GB","potentialAction":[{"@type":"ReadAction","target":["https:\/\/www.tcuido.es\/producto\/andadores-para-personas-mayores-andador-adultos-con-asiento-2-ruedas-gris\/"]}]},{"@type":"ImageObject","inLanguage":"en-GB","@id":"https:\/\/www.tcuido.es\/producto\/andadores-para-personas-mayores-andador-adultos-con-asiento-2-ruedas-gris\/#primaryimage","url":"https:\/\/www.tcuido.es\/wp-content\/uploads\/2024\/12\/M01_C01-02_P15_ft-01.webp","contentUrl":"https:\/\/www.tcuido.es\/wp-content\/uploads\/2024\/12\/M01_C01-02_P15_ft-01.webp","width":1000,"height":1000},{"@type":"BreadcrumbList","@id":"https:\/\/www.tcuido.es\/producto\/andadores-para-personas-mayores-andador-adultos-con-asiento-2-ruedas-gris\/#breadcrumb","itemListElement":[{"@type":"ListItem","position":1,"name":"Inicio","item":"https:\/\/www.tcuido.es\/"},{"@type":"ListItem","position":2,"name":"Tienda","item":"https:\/\/www.tcuido.es\/tienda\/"},{"@type":"ListItem","position":3,"name":"Andadores para Personas Mayores, Andador Adultos con Asiento 2 Ruedas Gris"}]},{"@type":"WebSite","@id":"https:\/\/www.tcuido.es\/#website","url":"https:\/\/www.tcuido.es\/","name":"I take care","description":"Comprehensive Dependency Services","publisher":{"@id":"https:\/\/www.tcuido.es\/#organization"},"potentialAction":[{"@type":"SearchAction","target":{"@type":"EntryPoint","urlTemplate":"https:\/\/www.tcuido.es\/?s={search_term_string}"},"query-input":{"@type":"PropertyValueSpecification","valueRequired":true,"valueName":"search_term_string"}}],"inLanguage":"en-GB"},{"@type":"Organization","@id":"https:\/\/www.tcuido.es\/#organization","name":"Tcuido Comprehensive Dependency Services","url":"https:\/\/www.tcuido.es\/","logo":{"@type":"ImageObject","inLanguage":"en-GB","@id":"https:\/\/www.tcuido.es\/#\/schema\/logo\/image\/","url":"https:\/\/www.tcuido.es\/wp-content\/uploads\/2024\/03\/TCUIDO-facturas.png","contentUrl":"https:\/\/www.tcuido.es\/wp-content\/uploads\/2024\/03\/TCUIDO-facturas.png","width":1600,"height":361,"caption":"Tcuido Servicios Integrales a la Dependencia"},"image":{"@id":"https:\/\/www.tcuido.es\/#\/schema\/logo\/image\/"}}]}},"_links":{"self":[{"href":"https:\/\/www.tcuido.es\/en\/wp-json\/wp\/v2\/product\/3449","targetHints":{"allow":["GET"]}}],"collection":[{"href":"https:\/\/www.tcuido.es\/en\/wp-json\/wp\/v2\/product"}],"about":[{"href":"https:\/\/www.tcuido.es\/en\/wp-json\/wp\/v2\/types\/product"}],"wp:featuredmedia":[{"embeddable":true,"href":"https:\/\/www.tcuido.es\/en\/wp-json\/wp\/v2\/media\/3452"}],"wp:attachment":[{"href":"https:\/\/www.tcuido.es\/en\/wp-json\/wp\/v2\/media?parent=3449"}],"wp:term":[{"taxonomy":"product_brand","embeddable":true,"href":"https:\/\/www.tcuido.es\/en\/wp-json\/wp\/v2\/product_brand?post=3449"},{"taxonomy":"product_cat","embeddable":true,"href":"https:\/\/www.tcuido.es\/en\/wp-json\/wp\/v2\/product_cat?post=3449"},{"taxonomy":"product_tag","embeddable":true,"href":"https:\/\/www.tcuido.es\/en\/wp-json\/wp\/v2\/product_tag?post=3449"}],"curies":[{"name":"wp","href":"https:\/\/api.w.org\/{rel}","templated":true}]}}