{"id":3459,"date":"2024-12-07T11:57:25","date_gmt":"2024-12-07T11:57:25","guid":{"rendered":"https:\/\/www.tcuido.es\/?post_type=product&#038;p=3459"},"modified":"2025-09-23T17:28:13","modified_gmt":"2025-09-23T17:28:13","slug":"andador-para-adultos-2-ruedas-andadores-para-personas-mayores-ligero","status":"publish","type":"product","link":"https:\/\/www.tcuido.es\/en\/product\/andador-para-adultos-2-ruedas-andadores-para-personas-mayores-ligero\/","title":{"rendered":"Walker for Adults 2 Wheels, Walkers for Seniors Lightweight"},"content":{"rendered":"<p><strong><span style=\"color: #97bf0d;\">CHARACTERISTICS<\/span><\/strong><\/p>\n<ul>\n<li>STURDY: The black anodized aluminum and steel frame make this two-wheeled walker for the elderly sturdy and lightweight.<\/li>\n<li>COMFORTABLE: The padded handles of this walker offer the user more comfortable support and promote relief, thus reducing pain in the hands and wrists.<\/li>\n<li>SAFE: It has a pressure brake system, the rear end caps brake the walker when the user lets his or her own weight fall on it.<\/li>\n<li>FOLDABLE: This walker takes up very little space and is easy to store thanks to its folding system and light weight (3.5 kg).<\/li>\n<li>RECOMMENDED FOR: People with limited mobility and for indoor use.<\/li>\n<\/ul>\n<p>&nbsp;<\/p>\n<p><strong><span style=\"color: #97bf0d;\">TECHNICAL DETAILS<\/span><\/strong><\/p>\n<ul>\n<li>Product Reference: P10003<\/li>\n<li>Min. height \u2013 max.: 80-91 cm<\/li>\n<li>Width: 54 cm<\/li>\n<li>Folded Dimension (H x D x W): 97 x 54 x 16 cm<\/li>\n<li>Seat: No<\/li>\n<li>Walker Weight: 3.5 kg<\/li>\n<li>Maximum User Weight: 100 kg<\/li>\n<\/ul>\n<p>&nbsp;<\/p>\n<p><strong><span style=\"color: #97bf0d;\">ADDITIONAL INFORMATION<\/span><\/strong><\/p>\n<ul>\n<li>Material: Aluminum<\/li>\n<li>Grips: Padded<\/li>\n<li>Basket: No<\/li>\n<li>Brake type: Pressure brake<\/li>\n<li>Height adjustable: Yes<\/li>\n<li>Regulations: 4<\/li>\n<li>Foldable: Yes<\/li>\n<li>Pole holder: No<\/li>\n<\/ul>","protected":false},"excerpt":{"rendered":"<p><strong><span style=\"color: #97bf0d;\">LIGHT AND NARROW<\/span><\/strong><\/p>\n<p>Its aluminium and anodised steel structure make this walker strong and lightweight (3.5 kg). It is also perfect for use in indoor spaces as it takes up very little space thanks to its folding system.<\/p>\n<p><strong><span style=\"color: #97bf0d;\">FOLDING SYSTEM<\/span><\/strong><\/p>\n<p>The simple folding system of this walker for the elderly allows it to be easily folded and stored anywhere in the house.<\/p>\n<p><strong><span style=\"color: #97bf0d;\">PRESSURE BRAKE<\/span><\/strong><\/p>\n<p>The pressure brake system causes the rear end caps to brake the walker when the user lets his or her own weight fall on it.<\/p>","protected":false},"featured_media":3461,"template":"","meta":{"inline_featured_image":false},"product_brand":[],"product_cat":[23,21],"product_tag":[36],"class_list":{"0":"post-3459","1":"product","2":"type-product","3":"status-publish","4":"has-post-thumbnail","6":"product_cat-andadores","7":"product_cat-movilidad","8":"product_tag-kmina","10":"first","11":"instock","12":"taxable","13":"shipping-taxable","14":"purchasable","15":"product-type-simple"},"yoast_head":"<!-- This site is optimized with the Yoast SEO Premium plugin v22.6 (Yoast SEO v27.1.1) - https:\/\/yoast.com\/product\/yoast-seo-premium-wordpress\/ -->\n<title>Andador para Adultos 2 Ruedas, Andadores para Personas Mayores Ligero - Tcuido<\/title>\n<meta name=\"robots\" content=\"index, follow, max-snippet:-1, max-image-preview:large, max-video-preview:-1\" \/>\n<link rel=\"canonical\" href=\"https:\/\/www.tcuido.es\/en\/product\/andador-para-adultos-2-ruedas-andadores-para-personas-mayores-ligero\/\" \/>\n<meta property=\"og:locale\" content=\"en_GB\" \/>\n<meta property=\"og:type\" content=\"article\" \/>\n<meta property=\"og:title\" content=\"Andador para Adultos 2 Ruedas, Andadores para Personas Mayores Ligero\" \/>\n<meta property=\"og:description\" content=\"LIGERO Y ESTRECHO  Su estructura de aluminio y acero anodizado hacen que este andador sea resistente y ligero (3,5 kg). Adem\u00e1s, es perfecto para utilizar en espacios interiores ya que ocupa muy poco espacio gracias a su sistema de plegado.  SISTEMA DE PLEGADO  El sencillo sistema de plegado de este andador para ancianos permite plegarlo y guardarlo f\u00e1cilmente en cualquier parte de la casa.  FRENO POR PRESI\u00d3N  El sistema de freno por presi\u00f3n hace que las conteras traseras frenen el andador cuando el usuario deja caer su propio peso sobre este.\" \/>\n<meta property=\"og:url\" content=\"https:\/\/www.tcuido.es\/en\/product\/andador-para-adultos-2-ruedas-andadores-para-personas-mayores-ligero\/\" \/>\n<meta property=\"og:site_name\" content=\"Tcuido\" \/>\n<meta property=\"article:modified_time\" content=\"2025-09-23T17:28:13+00:00\" \/>\n<meta property=\"og:image\" content=\"https:\/\/www.tcuido.es\/wp-content\/uploads\/2024\/12\/M01_C01-02_P16_ft-01.webp\" \/>\n\t<meta property=\"og:image:width\" content=\"1000\" \/>\n\t<meta property=\"og:image:height\" content=\"1000\" \/>\n\t<meta property=\"og:image:type\" content=\"image\/webp\" \/>\n<meta name=\"twitter:card\" content=\"summary_large_image\" \/>\n<meta name=\"twitter:label1\" content=\"Estimated reading time\" \/>\n\t<meta name=\"twitter:data1\" content=\"1 minute\" \/>\n<script type=\"application\/ld+json\" class=\"yoast-schema-graph\">{\"@context\":\"https:\/\/schema.org\",\"@graph\":[{\"@type\":\"WebPage\",\"@id\":\"https:\/\/www.tcuido.es\/producto\/andador-para-adultos-2-ruedas-andadores-para-personas-mayores-ligero\/\",\"url\":\"https:\/\/www.tcuido.es\/producto\/andador-para-adultos-2-ruedas-andadores-para-personas-mayores-ligero\/\",\"name\":\"Andador para Adultos 2 Ruedas, Andadores para Personas Mayores Ligero - Tcuido\",\"isPartOf\":{\"@id\":\"https:\/\/www.tcuido.es\/#website\"},\"primaryImageOfPage\":{\"@id\":\"https:\/\/www.tcuido.es\/producto\/andador-para-adultos-2-ruedas-andadores-para-personas-mayores-ligero\/#primaryimage\"},\"image\":{\"@id\":\"https:\/\/www.tcuido.es\/producto\/andador-para-adultos-2-ruedas-andadores-para-personas-mayores-ligero\/#primaryimage\"},\"thumbnailUrl\":\"https:\/\/www.tcuido.es\/wp-content\/uploads\/2024\/12\/M01_C01-02_P16_ft-01.webp\",\"datePublished\":\"2024-12-07T11:57:25+00:00\",\"dateModified\":\"2025-09-23T17:28:13+00:00\",\"breadcrumb\":{\"@id\":\"https:\/\/www.tcuido.es\/producto\/andador-para-adultos-2-ruedas-andadores-para-personas-mayores-ligero\/#breadcrumb\"},\"inLanguage\":\"en-GB\",\"potentialAction\":[{\"@type\":\"ReadAction\",\"target\":[\"https:\/\/www.tcuido.es\/producto\/andador-para-adultos-2-ruedas-andadores-para-personas-mayores-ligero\/\"]}]},{\"@type\":\"ImageObject\",\"inLanguage\":\"en-GB\",\"@id\":\"https:\/\/www.tcuido.es\/producto\/andador-para-adultos-2-ruedas-andadores-para-personas-mayores-ligero\/#primaryimage\",\"url\":\"https:\/\/www.tcuido.es\/wp-content\/uploads\/2024\/12\/M01_C01-02_P16_ft-01.webp\",\"contentUrl\":\"https:\/\/www.tcuido.es\/wp-content\/uploads\/2024\/12\/M01_C01-02_P16_ft-01.webp\",\"width\":1000,\"height\":1000},{\"@type\":\"BreadcrumbList\",\"@id\":\"https:\/\/www.tcuido.es\/producto\/andador-para-adultos-2-ruedas-andadores-para-personas-mayores-ligero\/#breadcrumb\",\"itemListElement\":[{\"@type\":\"ListItem\",\"position\":1,\"name\":\"Inicio\",\"item\":\"https:\/\/www.tcuido.es\/\"},{\"@type\":\"ListItem\",\"position\":2,\"name\":\"Tienda\",\"item\":\"https:\/\/www.tcuido.es\/tienda\/\"},{\"@type\":\"ListItem\",\"position\":3,\"name\":\"Andador para Adultos 2 Ruedas, Andadores para Personas Mayores Ligero\"}]},{\"@type\":\"WebSite\",\"@id\":\"https:\/\/www.tcuido.es\/#website\",\"url\":\"https:\/\/www.tcuido.es\/\",\"name\":\"Tcuido\",\"description\":\"Servicios Integrales a la Dependencia\",\"publisher\":{\"@id\":\"https:\/\/www.tcuido.es\/#organization\"},\"potentialAction\":[{\"@type\":\"SearchAction\",\"target\":{\"@type\":\"EntryPoint\",\"urlTemplate\":\"https:\/\/www.tcuido.es\/?s={search_term_string}\"},\"query-input\":{\"@type\":\"PropertyValueSpecification\",\"valueRequired\":true,\"valueName\":\"search_term_string\"}}],\"inLanguage\":\"en-GB\"},{\"@type\":\"Organization\",\"@id\":\"https:\/\/www.tcuido.es\/#organization\",\"name\":\"Tcuido Servicios Integrales a la Dependencia\",\"url\":\"https:\/\/www.tcuido.es\/\",\"logo\":{\"@type\":\"ImageObject\",\"inLanguage\":\"en-GB\",\"@id\":\"https:\/\/www.tcuido.es\/#\/schema\/logo\/image\/\",\"url\":\"https:\/\/www.tcuido.es\/wp-content\/uploads\/2024\/03\/TCUIDO-facturas.png\",\"contentUrl\":\"https:\/\/www.tcuido.es\/wp-content\/uploads\/2024\/03\/TCUIDO-facturas.png\",\"width\":1600,\"height\":361,\"caption\":\"Tcuido Servicios Integrales a la Dependencia\"},\"image\":{\"@id\":\"https:\/\/www.tcuido.es\/#\/schema\/logo\/image\/\"}}]}<\/script>\n<!-- \/ Yoast SEO Premium plugin. -->","yoast_head_json":{"title":"Andador para Adultos 2 Ruedas, Andadores para Personas Mayores Ligero - Tcuido","robots":{"index":"index","follow":"follow","max-snippet":"max-snippet:-1","max-image-preview":"max-image-preview:large","max-video-preview":"max-video-preview:-1"},"canonical":"https:\/\/www.tcuido.es\/en\/product\/andador-para-adultos-2-ruedas-andadores-para-personas-mayores-ligero\/","og_locale":"en_GB","og_type":"article","og_title":"Andador para Adultos 2 Ruedas, Andadores para Personas Mayores Ligero","og_description":"LIGERO Y ESTRECHO  Su estructura de aluminio y acero anodizado hacen que este andador sea resistente y ligero (3,5 kg). Adem\u00e1s, es perfecto para utilizar en espacios interiores ya que ocupa muy poco espacio gracias a su sistema de plegado.  SISTEMA DE PLEGADO  El sencillo sistema de plegado de este andador para ancianos permite plegarlo y guardarlo f\u00e1cilmente en cualquier parte de la casa.  FRENO POR PRESI\u00d3N  El sistema de freno por presi\u00f3n hace que las conteras traseras frenen el andador cuando el usuario deja caer su propio peso sobre este.","og_url":"https:\/\/www.tcuido.es\/en\/product\/andador-para-adultos-2-ruedas-andadores-para-personas-mayores-ligero\/","og_site_name":"Tcuido","article_modified_time":"2025-09-23T17:28:13+00:00","og_image":[{"width":1000,"height":1000,"url":"https:\/\/www.tcuido.es\/wp-content\/uploads\/2024\/12\/M01_C01-02_P16_ft-01.webp","type":"image\/webp"}],"twitter_card":"summary_large_image","twitter_misc":{"Estimated reading time":"1 minute"},"schema":{"@context":"https:\/\/schema.org","@graph":[{"@type":"WebPage","@id":"https:\/\/www.tcuido.es\/producto\/andador-para-adultos-2-ruedas-andadores-para-personas-mayores-ligero\/","url":"https:\/\/www.tcuido.es\/producto\/andador-para-adultos-2-ruedas-andadores-para-personas-mayores-ligero\/","name":"Andador para Adultos 2 Ruedas, Andadores para Personas Mayores Ligero - Tcuido","isPartOf":{"@id":"https:\/\/www.tcuido.es\/#website"},"primaryImageOfPage":{"@id":"https:\/\/www.tcuido.es\/producto\/andador-para-adultos-2-ruedas-andadores-para-personas-mayores-ligero\/#primaryimage"},"image":{"@id":"https:\/\/www.tcuido.es\/producto\/andador-para-adultos-2-ruedas-andadores-para-personas-mayores-ligero\/#primaryimage"},"thumbnailUrl":"https:\/\/www.tcuido.es\/wp-content\/uploads\/2024\/12\/M01_C01-02_P16_ft-01.webp","datePublished":"2024-12-07T11:57:25+00:00","dateModified":"2025-09-23T17:28:13+00:00","breadcrumb":{"@id":"https:\/\/www.tcuido.es\/producto\/andador-para-adultos-2-ruedas-andadores-para-personas-mayores-ligero\/#breadcrumb"},"inLanguage":"en-GB","potentialAction":[{"@type":"ReadAction","target":["https:\/\/www.tcuido.es\/producto\/andador-para-adultos-2-ruedas-andadores-para-personas-mayores-ligero\/"]}]},{"@type":"ImageObject","inLanguage":"en-GB","@id":"https:\/\/www.tcuido.es\/producto\/andador-para-adultos-2-ruedas-andadores-para-personas-mayores-ligero\/#primaryimage","url":"https:\/\/www.tcuido.es\/wp-content\/uploads\/2024\/12\/M01_C01-02_P16_ft-01.webp","contentUrl":"https:\/\/www.tcuido.es\/wp-content\/uploads\/2024\/12\/M01_C01-02_P16_ft-01.webp","width":1000,"height":1000},{"@type":"BreadcrumbList","@id":"https:\/\/www.tcuido.es\/producto\/andador-para-adultos-2-ruedas-andadores-para-personas-mayores-ligero\/#breadcrumb","itemListElement":[{"@type":"ListItem","position":1,"name":"Inicio","item":"https:\/\/www.tcuido.es\/"},{"@type":"ListItem","position":2,"name":"Tienda","item":"https:\/\/www.tcuido.es\/tienda\/"},{"@type":"ListItem","position":3,"name":"Andador para Adultos 2 Ruedas, Andadores para Personas Mayores Ligero"}]},{"@type":"WebSite","@id":"https:\/\/www.tcuido.es\/#website","url":"https:\/\/www.tcuido.es\/","name":"I take care","description":"Comprehensive Dependency Services","publisher":{"@id":"https:\/\/www.tcuido.es\/#organization"},"potentialAction":[{"@type":"SearchAction","target":{"@type":"EntryPoint","urlTemplate":"https:\/\/www.tcuido.es\/?s={search_term_string}"},"query-input":{"@type":"PropertyValueSpecification","valueRequired":true,"valueName":"search_term_string"}}],"inLanguage":"en-GB"},{"@type":"Organization","@id":"https:\/\/www.tcuido.es\/#organization","name":"Tcuido Comprehensive Dependency Services","url":"https:\/\/www.tcuido.es\/","logo":{"@type":"ImageObject","inLanguage":"en-GB","@id":"https:\/\/www.tcuido.es\/#\/schema\/logo\/image\/","url":"https:\/\/www.tcuido.es\/wp-content\/uploads\/2024\/03\/TCUIDO-facturas.png","contentUrl":"https:\/\/www.tcuido.es\/wp-content\/uploads\/2024\/03\/TCUIDO-facturas.png","width":1600,"height":361,"caption":"Tcuido Servicios Integrales a la Dependencia"},"image":{"@id":"https:\/\/www.tcuido.es\/#\/schema\/logo\/image\/"}}]}},"_links":{"self":[{"href":"https:\/\/www.tcuido.es\/en\/wp-json\/wp\/v2\/product\/3459","targetHints":{"allow":["GET"]}}],"collection":[{"href":"https:\/\/www.tcuido.es\/en\/wp-json\/wp\/v2\/product"}],"about":[{"href":"https:\/\/www.tcuido.es\/en\/wp-json\/wp\/v2\/types\/product"}],"wp:featuredmedia":[{"embeddable":true,"href":"https:\/\/www.tcuido.es\/en\/wp-json\/wp\/v2\/media\/3461"}],"wp:attachment":[{"href":"https:\/\/www.tcuido.es\/en\/wp-json\/wp\/v2\/media?parent=3459"}],"wp:term":[{"taxonomy":"product_brand","embeddable":true,"href":"https:\/\/www.tcuido.es\/en\/wp-json\/wp\/v2\/product_brand?post=3459"},{"taxonomy":"product_cat","embeddable":true,"href":"https:\/\/www.tcuido.es\/en\/wp-json\/wp\/v2\/product_cat?post=3459"},{"taxonomy":"product_tag","embeddable":true,"href":"https:\/\/www.tcuido.es\/en\/wp-json\/wp\/v2\/product_tag?post=3459"}],"curies":[{"name":"wp","href":"https:\/\/api.w.org\/{rel}","templated":true}]}}