{"id":3477,"date":"2024-12-14T09:38:51","date_gmt":"2024-12-14T09:38:51","guid":{"rendered":"https:\/\/www.tcuido.es\/?post_type=product&#038;p=3477"},"modified":"2025-09-23T17:28:39","modified_gmt":"2025-09-23T17:28:39","slug":"silla-de-ruedas-autopropulsable-ancho-asiento-46-cm-silla-de-ruedas-plegable-para-ancianos","status":"publish","type":"product","link":"https:\/\/www.tcuido.es\/en\/product\/silla-de-ruedas-autopropulsable-ancho-asiento-46-cm-silla-de-ruedas-plegable-para-ancianos\/","title":{"rendered":"Self-propelled wheelchair (seat width 46 cm), folding wheelchair for the elderly"},"content":{"rendered":"<p><strong><span style=\"color: #97bf0d;\">CHARACTERISTICS<\/span><\/strong><\/p>\n<ul>\n<li>SELF-PROPELLED: This wheelchair has been designed to be self-propelled by the user using the large diameter rear wheels, or by another person using the handgrips. It is designed for people with mobility problems or who have a physical disability but with sufficient autonomy to be able to self-propel safely.<\/li>\n<li>STURDY: In addition to its robust steel structure, its solid polyurethane front wheels stand out for being larger than usual. They can loosen with use, so the chair itself includes a fixed wrench that helps tighten them again. The rear wheels have a rough design that allows for greater grip and prevents possible slipping.<\/li>\n<li>FOLDABLE: In addition to its folding armrests that facilitate better transfer of the user, it has removable, height-adjustable footrests and a quick folding system. Thanks to its small dimensions once folded (29 x 80 x 92 cm), this wheelchair can be easily stored and transported.<\/li>\n<li>COMFORTABLE: The wheelchair has padded armrests that provide greater comfort to the user and a small back pocket ideal for storing belongings. On the other hand, the rear wheel step-lift lever allows you to overcome any obstacle in complete safety. Seat height: 48 cm<\/li>\n<li>SAFE: The locking brake system activated by fully pushing the front lever completely immobilizes the wheelchair. In addition, it has a safety belt that offers greater support for the user. Maximum user weight: 113 kg.<\/li>\n<\/ul>\n<p>&nbsp;<\/p>\n<p><strong><span style=\"color: #97bf0d;\">TECHNICAL DETAILS<\/span><\/strong><\/p>\n<ul>\n<li>Overall dimensions: 92 x 64 x 105 cm<\/li>\n<li>Folded dimensions: 92 x 29 x 80 cm<\/li>\n<li>Seat dimensions: 46 x 40 cm<\/li>\n<li>Wheelchair Weight: 17.5 kg<\/li>\n<li>Maximum User Weight: 113 kg<\/li>\n<li>Wheel diameter: Front: \u00d8 20 cm. Rear: \u00d8 62 cm<\/li>\n<\/ul>\n<p>&nbsp;<\/p>\n<p><strong><span style=\"color: #97bf0d;\">ADDITIONAL INFORMATION<\/span><\/strong><\/p>\n<ul>\n<li>Material: Steel<\/li>\n<li>Folding Armrest: Yes<\/li>\n<li>Folding Footrest: Yes<\/li>\n<li>Back pocket: Yes<\/li>\n<li>Seat belt: Yes<\/li>\n<\/ul>","protected":false},"excerpt":{"rendered":"<p><span style=\"color: #97bf0d;\"><strong>STURDY WIDE WHEELS<\/strong><\/span><\/p>\n<p>The self-propelled wheelchair has wide front wheels to overcome obstacles. In addition, its rear wheels have a tread pattern to better adapt to the ground and improve grip. The wheels have a brake lever within reach of the user.<\/p>\n<p><span style=\"color: #97bf0d;\"><strong>FOLDABLE ARMREST AND FOOTREST<\/strong><\/span><\/p>\n<p>For a better transfer, both the armrests and the footrests are foldable and facilitate the entry and exit of the user. The footrests have a strap to hold the foot by the heel and are adjustable in height. The key for adjustment is included.<\/p>\n<p><span style=\"color: #97bf0d;\"><strong>SAFETY AND STORAGE CAPACITY<\/strong><\/span><\/p>\n<p>The features of this wheelchair include a belt for greater safety when holding the user and a pocket on the back to store small objects.<\/p>\n<p><span style=\"color: #97bf0d;\"><strong>FOLDING<\/strong><\/span><\/p>\n<p>The wheelchair can be easily folded, reducing its dimensions (92 x 29 x 80 cm) for easy transport or storage when not in use.<\/p>","protected":false},"featured_media":3479,"template":"","meta":{"inline_featured_image":false},"product_brand":[],"product_cat":[21,25],"product_tag":[36],"class_list":{"0":"post-3477","1":"product","2":"type-product","3":"status-publish","4":"has-post-thumbnail","6":"product_cat-movilidad","7":"product_cat-sillas-de-ruedas","8":"product_tag-kmina","10":"first","11":"instock","12":"taxable","13":"shipping-taxable","14":"purchasable","15":"product-type-simple"},"yoast_head":"<!-- This site is optimized with the Yoast SEO Premium plugin v22.6 (Yoast SEO v27.1.1) - https:\/\/yoast.com\/product\/yoast-seo-premium-wordpress\/ -->\n<title>Silla de Ruedas Autopropulsable (Ancho Asiento 46 cm), Silla de Ruedas Plegable para Ancianos - Tcuido<\/title>\n<meta name=\"robots\" content=\"index, follow, max-snippet:-1, max-image-preview:large, max-video-preview:-1\" \/>\n<link rel=\"canonical\" href=\"https:\/\/www.tcuido.es\/en\/product\/silla-de-ruedas-autopropulsable-ancho-asiento-46-cm-silla-de-ruedas-plegable-para-ancianos\/\" \/>\n<meta property=\"og:locale\" content=\"en_GB\" \/>\n<meta property=\"og:type\" content=\"article\" \/>\n<meta property=\"og:title\" content=\"Silla de Ruedas Autopropulsable (Ancho Asiento 46 cm), Silla de Ruedas Plegable para Ancianos\" \/>\n<meta property=\"og:description\" content=\"RUEDAS ANCHAS ROBUSTAS  La silla de ruedas autopropulsable cuenta con ruedas delanteras anchas para sortear obst\u00e1culos. Adem\u00e1s, sus ruedas traseras tienen un dibujo en la banda de rodadura para adaptarse mejor al suelo y mejorar el agarre. Las ruedas disponen de una palanca de freno al alcance del usuario.  REPOSABRAZOS Y REPOSAPI\u00c9S ABATIBLE  Para una mejor transferencia, tanto los reposabrazos como los reposapi\u00e9s son abatibles y facilitan la entrada y salida del usuario. Los reposapi\u00e9s cuentan con una cinta para sujetar el pie por el tal\u00f3n y son ajustables en altura. La llave para ajustar va incluida.  SEGURA Y CAPACIDAD DE ALMACENAJE  Entre las prestaciones de esta silla de ruedas se encuentran un cintur\u00f3n para mayor seguridad en la sujeci\u00f3n del usuario y un bolsillo en la parte trasera para poder almacenar peque\u00f1os objetos.  PLEGABLE  La silla de ruedas puede plegarse f\u00e1cilmente, reduciendo as\u00ed sus dimensiones (92 x 29 x 80 cm) para facilitar su transporte o almacenaje cuando no se est\u00e9 utilizando.\" \/>\n<meta property=\"og:url\" content=\"https:\/\/www.tcuido.es\/en\/product\/silla-de-ruedas-autopropulsable-ancho-asiento-46-cm-silla-de-ruedas-plegable-para-ancianos\/\" \/>\n<meta property=\"og:site_name\" content=\"Tcuido\" \/>\n<meta property=\"article:modified_time\" content=\"2025-09-23T17:28:39+00:00\" \/>\n<meta property=\"og:image\" content=\"https:\/\/www.tcuido.es\/wp-content\/uploads\/2024\/12\/M01_C01-04_P03_ft-01.webp\" \/>\n\t<meta property=\"og:image:width\" content=\"1000\" \/>\n\t<meta property=\"og:image:height\" content=\"1000\" \/>\n\t<meta property=\"og:image:type\" content=\"image\/webp\" \/>\n<meta name=\"twitter:card\" content=\"summary_large_image\" \/>\n<meta name=\"twitter:label1\" content=\"Estimated reading time\" \/>\n\t<meta name=\"twitter:data1\" content=\"2 minutes\" \/>\n<script type=\"application\/ld+json\" class=\"yoast-schema-graph\">{\"@context\":\"https:\/\/schema.org\",\"@graph\":[{\"@type\":\"WebPage\",\"@id\":\"https:\/\/www.tcuido.es\/producto\/silla-de-ruedas-autopropulsable-ancho-asiento-46-cm-silla-de-ruedas-plegable-para-ancianos\/\",\"url\":\"https:\/\/www.tcuido.es\/producto\/silla-de-ruedas-autopropulsable-ancho-asiento-46-cm-silla-de-ruedas-plegable-para-ancianos\/\",\"name\":\"Silla de Ruedas Autopropulsable (Ancho Asiento 46 cm), Silla de Ruedas Plegable para Ancianos - Tcuido\",\"isPartOf\":{\"@id\":\"https:\/\/www.tcuido.es\/#website\"},\"primaryImageOfPage\":{\"@id\":\"https:\/\/www.tcuido.es\/producto\/silla-de-ruedas-autopropulsable-ancho-asiento-46-cm-silla-de-ruedas-plegable-para-ancianos\/#primaryimage\"},\"image\":{\"@id\":\"https:\/\/www.tcuido.es\/producto\/silla-de-ruedas-autopropulsable-ancho-asiento-46-cm-silla-de-ruedas-plegable-para-ancianos\/#primaryimage\"},\"thumbnailUrl\":\"https:\/\/www.tcuido.es\/wp-content\/uploads\/2024\/12\/M01_C01-04_P03_ft-01.webp\",\"datePublished\":\"2024-12-14T09:38:51+00:00\",\"dateModified\":\"2025-09-23T17:28:39+00:00\",\"breadcrumb\":{\"@id\":\"https:\/\/www.tcuido.es\/producto\/silla-de-ruedas-autopropulsable-ancho-asiento-46-cm-silla-de-ruedas-plegable-para-ancianos\/#breadcrumb\"},\"inLanguage\":\"en-GB\",\"potentialAction\":[{\"@type\":\"ReadAction\",\"target\":[\"https:\/\/www.tcuido.es\/producto\/silla-de-ruedas-autopropulsable-ancho-asiento-46-cm-silla-de-ruedas-plegable-para-ancianos\/\"]}]},{\"@type\":\"ImageObject\",\"inLanguage\":\"en-GB\",\"@id\":\"https:\/\/www.tcuido.es\/producto\/silla-de-ruedas-autopropulsable-ancho-asiento-46-cm-silla-de-ruedas-plegable-para-ancianos\/#primaryimage\",\"url\":\"https:\/\/www.tcuido.es\/wp-content\/uploads\/2024\/12\/M01_C01-04_P03_ft-01.webp\",\"contentUrl\":\"https:\/\/www.tcuido.es\/wp-content\/uploads\/2024\/12\/M01_C01-04_P03_ft-01.webp\",\"width\":1000,\"height\":1000},{\"@type\":\"BreadcrumbList\",\"@id\":\"https:\/\/www.tcuido.es\/producto\/silla-de-ruedas-autopropulsable-ancho-asiento-46-cm-silla-de-ruedas-plegable-para-ancianos\/#breadcrumb\",\"itemListElement\":[{\"@type\":\"ListItem\",\"position\":1,\"name\":\"Inicio\",\"item\":\"https:\/\/www.tcuido.es\/\"},{\"@type\":\"ListItem\",\"position\":2,\"name\":\"Tienda\",\"item\":\"https:\/\/www.tcuido.es\/tienda\/\"},{\"@type\":\"ListItem\",\"position\":3,\"name\":\"Silla de Ruedas Autopropulsable (Ancho Asiento 46 cm), Silla de Ruedas Plegable para Ancianos\"}]},{\"@type\":\"WebSite\",\"@id\":\"https:\/\/www.tcuido.es\/#website\",\"url\":\"https:\/\/www.tcuido.es\/\",\"name\":\"Tcuido\",\"description\":\"Servicios Integrales a la Dependencia\",\"publisher\":{\"@id\":\"https:\/\/www.tcuido.es\/#organization\"},\"potentialAction\":[{\"@type\":\"SearchAction\",\"target\":{\"@type\":\"EntryPoint\",\"urlTemplate\":\"https:\/\/www.tcuido.es\/?s={search_term_string}\"},\"query-input\":{\"@type\":\"PropertyValueSpecification\",\"valueRequired\":true,\"valueName\":\"search_term_string\"}}],\"inLanguage\":\"en-GB\"},{\"@type\":\"Organization\",\"@id\":\"https:\/\/www.tcuido.es\/#organization\",\"name\":\"Tcuido Servicios Integrales a la Dependencia\",\"url\":\"https:\/\/www.tcuido.es\/\",\"logo\":{\"@type\":\"ImageObject\",\"inLanguage\":\"en-GB\",\"@id\":\"https:\/\/www.tcuido.es\/#\/schema\/logo\/image\/\",\"url\":\"https:\/\/www.tcuido.es\/wp-content\/uploads\/2024\/03\/TCUIDO-facturas.png\",\"contentUrl\":\"https:\/\/www.tcuido.es\/wp-content\/uploads\/2024\/03\/TCUIDO-facturas.png\",\"width\":1600,\"height\":361,\"caption\":\"Tcuido Servicios Integrales a la Dependencia\"},\"image\":{\"@id\":\"https:\/\/www.tcuido.es\/#\/schema\/logo\/image\/\"}}]}<\/script>\n<!-- \/ Yoast SEO Premium plugin. -->","yoast_head_json":{"title":"Silla de Ruedas Autopropulsable (Ancho Asiento 46 cm), Silla de Ruedas Plegable para Ancianos - Tcuido","robots":{"index":"index","follow":"follow","max-snippet":"max-snippet:-1","max-image-preview":"max-image-preview:large","max-video-preview":"max-video-preview:-1"},"canonical":"https:\/\/www.tcuido.es\/en\/product\/silla-de-ruedas-autopropulsable-ancho-asiento-46-cm-silla-de-ruedas-plegable-para-ancianos\/","og_locale":"en_GB","og_type":"article","og_title":"Silla de Ruedas Autopropulsable (Ancho Asiento 46 cm), Silla de Ruedas Plegable para Ancianos","og_description":"RUEDAS ANCHAS ROBUSTAS  La silla de ruedas autopropulsable cuenta con ruedas delanteras anchas para sortear obst\u00e1culos. Adem\u00e1s, sus ruedas traseras tienen un dibujo en la banda de rodadura para adaptarse mejor al suelo y mejorar el agarre. Las ruedas disponen de una palanca de freno al alcance del usuario.  REPOSABRAZOS Y REPOSAPI\u00c9S ABATIBLE  Para una mejor transferencia, tanto los reposabrazos como los reposapi\u00e9s son abatibles y facilitan la entrada y salida del usuario. Los reposapi\u00e9s cuentan con una cinta para sujetar el pie por el tal\u00f3n y son ajustables en altura. La llave para ajustar va incluida.  SEGURA Y CAPACIDAD DE ALMACENAJE  Entre las prestaciones de esta silla de ruedas se encuentran un cintur\u00f3n para mayor seguridad en la sujeci\u00f3n del usuario y un bolsillo en la parte trasera para poder almacenar peque\u00f1os objetos.  PLEGABLE  La silla de ruedas puede plegarse f\u00e1cilmente, reduciendo as\u00ed sus dimensiones (92 x 29 x 80 cm) para facilitar su transporte o almacenaje cuando no se est\u00e9 utilizando.","og_url":"https:\/\/www.tcuido.es\/en\/product\/silla-de-ruedas-autopropulsable-ancho-asiento-46-cm-silla-de-ruedas-plegable-para-ancianos\/","og_site_name":"Tcuido","article_modified_time":"2025-09-23T17:28:39+00:00","og_image":[{"width":1000,"height":1000,"url":"https:\/\/www.tcuido.es\/wp-content\/uploads\/2024\/12\/M01_C01-04_P03_ft-01.webp","type":"image\/webp"}],"twitter_card":"summary_large_image","twitter_misc":{"Estimated reading time":"2 minutes"},"schema":{"@context":"https:\/\/schema.org","@graph":[{"@type":"WebPage","@id":"https:\/\/www.tcuido.es\/producto\/silla-de-ruedas-autopropulsable-ancho-asiento-46-cm-silla-de-ruedas-plegable-para-ancianos\/","url":"https:\/\/www.tcuido.es\/producto\/silla-de-ruedas-autopropulsable-ancho-asiento-46-cm-silla-de-ruedas-plegable-para-ancianos\/","name":"Silla de Ruedas Autopropulsable (Ancho Asiento 46 cm), Silla de Ruedas Plegable para Ancianos - Tcuido","isPartOf":{"@id":"https:\/\/www.tcuido.es\/#website"},"primaryImageOfPage":{"@id":"https:\/\/www.tcuido.es\/producto\/silla-de-ruedas-autopropulsable-ancho-asiento-46-cm-silla-de-ruedas-plegable-para-ancianos\/#primaryimage"},"image":{"@id":"https:\/\/www.tcuido.es\/producto\/silla-de-ruedas-autopropulsable-ancho-asiento-46-cm-silla-de-ruedas-plegable-para-ancianos\/#primaryimage"},"thumbnailUrl":"https:\/\/www.tcuido.es\/wp-content\/uploads\/2024\/12\/M01_C01-04_P03_ft-01.webp","datePublished":"2024-12-14T09:38:51+00:00","dateModified":"2025-09-23T17:28:39+00:00","breadcrumb":{"@id":"https:\/\/www.tcuido.es\/producto\/silla-de-ruedas-autopropulsable-ancho-asiento-46-cm-silla-de-ruedas-plegable-para-ancianos\/#breadcrumb"},"inLanguage":"en-GB","potentialAction":[{"@type":"ReadAction","target":["https:\/\/www.tcuido.es\/producto\/silla-de-ruedas-autopropulsable-ancho-asiento-46-cm-silla-de-ruedas-plegable-para-ancianos\/"]}]},{"@type":"ImageObject","inLanguage":"en-GB","@id":"https:\/\/www.tcuido.es\/producto\/silla-de-ruedas-autopropulsable-ancho-asiento-46-cm-silla-de-ruedas-plegable-para-ancianos\/#primaryimage","url":"https:\/\/www.tcuido.es\/wp-content\/uploads\/2024\/12\/M01_C01-04_P03_ft-01.webp","contentUrl":"https:\/\/www.tcuido.es\/wp-content\/uploads\/2024\/12\/M01_C01-04_P03_ft-01.webp","width":1000,"height":1000},{"@type":"BreadcrumbList","@id":"https:\/\/www.tcuido.es\/producto\/silla-de-ruedas-autopropulsable-ancho-asiento-46-cm-silla-de-ruedas-plegable-para-ancianos\/#breadcrumb","itemListElement":[{"@type":"ListItem","position":1,"name":"Inicio","item":"https:\/\/www.tcuido.es\/"},{"@type":"ListItem","position":2,"name":"Tienda","item":"https:\/\/www.tcuido.es\/tienda\/"},{"@type":"ListItem","position":3,"name":"Silla de Ruedas Autopropulsable (Ancho Asiento 46 cm), Silla de Ruedas Plegable para Ancianos"}]},{"@type":"WebSite","@id":"https:\/\/www.tcuido.es\/#website","url":"https:\/\/www.tcuido.es\/","name":"I take care","description":"Comprehensive Dependency Services","publisher":{"@id":"https:\/\/www.tcuido.es\/#organization"},"potentialAction":[{"@type":"SearchAction","target":{"@type":"EntryPoint","urlTemplate":"https:\/\/www.tcuido.es\/?s={search_term_string}"},"query-input":{"@type":"PropertyValueSpecification","valueRequired":true,"valueName":"search_term_string"}}],"inLanguage":"en-GB"},{"@type":"Organization","@id":"https:\/\/www.tcuido.es\/#organization","name":"Tcuido Comprehensive Dependency Services","url":"https:\/\/www.tcuido.es\/","logo":{"@type":"ImageObject","inLanguage":"en-GB","@id":"https:\/\/www.tcuido.es\/#\/schema\/logo\/image\/","url":"https:\/\/www.tcuido.es\/wp-content\/uploads\/2024\/03\/TCUIDO-facturas.png","contentUrl":"https:\/\/www.tcuido.es\/wp-content\/uploads\/2024\/03\/TCUIDO-facturas.png","width":1600,"height":361,"caption":"Tcuido Servicios Integrales a la Dependencia"},"image":{"@id":"https:\/\/www.tcuido.es\/#\/schema\/logo\/image\/"}}]}},"_links":{"self":[{"href":"https:\/\/www.tcuido.es\/en\/wp-json\/wp\/v2\/product\/3477","targetHints":{"allow":["GET"]}}],"collection":[{"href":"https:\/\/www.tcuido.es\/en\/wp-json\/wp\/v2\/product"}],"about":[{"href":"https:\/\/www.tcuido.es\/en\/wp-json\/wp\/v2\/types\/product"}],"wp:featuredmedia":[{"embeddable":true,"href":"https:\/\/www.tcuido.es\/en\/wp-json\/wp\/v2\/media\/3479"}],"wp:attachment":[{"href":"https:\/\/www.tcuido.es\/en\/wp-json\/wp\/v2\/media?parent=3477"}],"wp:term":[{"taxonomy":"product_brand","embeddable":true,"href":"https:\/\/www.tcuido.es\/en\/wp-json\/wp\/v2\/product_brand?post=3477"},{"taxonomy":"product_cat","embeddable":true,"href":"https:\/\/www.tcuido.es\/en\/wp-json\/wp\/v2\/product_cat?post=3477"},{"taxonomy":"product_tag","embeddable":true,"href":"https:\/\/www.tcuido.es\/en\/wp-json\/wp\/v2\/product_tag?post=3477"}],"curies":[{"name":"wp","href":"https:\/\/api.w.org\/{rel}","templated":true}]}}