{"id":3497,"date":"2024-12-14T09:48:34","date_gmt":"2024-12-14T09:48:34","guid":{"rendered":"https:\/\/www.tcuido.es\/?post_type=product&#038;p=3497"},"modified":"2025-09-23T17:28:39","modified_gmt":"2025-09-23T17:28:39","slug":"silla-de-ruedas-infantil-autopropulsable-silla-de-ruedas-para-ninos-plegable-ligera","status":"publish","type":"product","link":"https:\/\/www.tcuido.es\/en\/product\/silla-de-ruedas-infantil-autopropulsable-silla-de-ruedas-para-ninos-plegable-ligera\/","title":{"rendered":"Self-propelled children&#039;s wheelchair, lightweight folding children&#039;s wheelchair"},"content":{"rendered":"<p><span style=\"color: #97bf0d;\"><strong>CHARACTERISTICS<\/strong><\/span><\/p>\n<ul>\n<li>SELF-PROPELLED: This wheelchair for children has been designed to be self-propelled by the user using the large diameter rear wheels, or by another person using the handles. It supports a maximum weight of 113 kg and is designed for independent patients, young people with mobility problems or who have a physical disability but who have sufficient autonomy to be able to self-propel themselves safely.<\/li>\n<li>STURDY: In addition to its robust steel structure, its solid polyurethane front wheels stand out for being larger than usual. They can loosen with use, so the chair itself includes a fixed wrench that helps tighten them again. The rear wheels have a rough design that allows for greater grip and prevents possible slipping.<\/li>\n<li>FOLDABLE: In addition to its folding armrests that facilitate better transfer of the user, it has removable, height-adjustable footrests and a quick folding system. Thanks to its small dimensions once folded (75 x 88 x 26 cm), this wheelchair can be easily stored and transported.<\/li>\n<li>COMFORTABLE: The wheelchair has padded armrests that provide greater comfort to the user and a small back pocket ideal for storing belongings. On the other hand, the rear wheel step-lift lever allows you to overcome any obstacle in complete safety. Seat height: 47 cm.<\/li>\n<li>SAFE: The locking brake system activated by fully pushing the front lever completely immobilizes the wheelchair. In addition, it has a safety belt that offers greater support for the user. Maximum user weight: 113 kg.<\/li>\n<\/ul>\n<p>&nbsp;<\/p>\n<p><span style=\"color: #97bf0d;\"><strong>TECHNICAL DETAILS<\/strong><\/span><\/p>\n<ul>\n<li>Overall dimensions: 53 x 88 x 105 cm<\/li>\n<li>Folded dimensions: 26 x 88 x 105 cm<\/li>\n<li>Seat Width: 35.5 cm<\/li>\n<li>Wheelchair Weight: 14.5 kg<\/li>\n<li>Maximum user weight: 113 kg<\/li>\n<li>Wheel diameter: Front \u00d8 15 cm. \u2013 Rear \u00d8 56 cm<\/li>\n<\/ul>\n<p>&nbsp;<\/p>\n<p><span style=\"color: #97bf0d;\"><strong>ADDITIONAL INFORMATION<\/strong><\/span><\/p>\n<ul>\n<li>Material: Steel<\/li>\n<li>Folding armrest: Yes<\/li>\n<li>Folding footrest: Yes<\/li>\n<li>Back pocket: Yes<\/li>\n<li>Seat belt: Yes<\/li>\n<\/ul>","protected":false},"excerpt":{"rendered":"<p><span style=\"color: #97bf0d;\"><strong>REAR WHEELS WITH DRAWINGS<\/strong><\/span><\/p>\n<p>The wheelchair<strong>\u00a0PEPE from Kmina<\/strong> for children has rear wheels with tread pattern for\u00a0<strong>better adapt to the ground and improve grip<\/strong>. The wheels have a brake lever within reach of the user.<\/p>\n<p><span style=\"color: #97bf0d;\"><strong>FOLDABLE ARMREST AND FOOTREST<\/strong><\/span><\/p>\n<p>For a better transfer, both the armrests and the footrests are foldable and\u00a0<strong>facilitate user entry and exit<\/strong>It also has a strap to hold the foot by the heel, adjustable in height. The key to adjust is included.<\/p>\n<p class=\"a-spacing-mini\"><span style=\"color: #97bf0d;\"><strong>SAFETY AND STORAGE CAPACITY<\/strong><\/span><\/p>\n<p>Among the features of this wheelchair for children is a\u00a0<strong>belt for added safety<\/strong>\u00a0in the user&#039;s support and a pocket on the back to store small objects.<\/p>\n<p><span style=\"color: #97bf0d;\"><strong>FOLDING<\/strong><\/span><\/p>\n<p>The children&#039;s wheelchair can be easily folded,<strong>\u00a0thus reducing its dimensions<\/strong>\u00a0(75 x 88 x 26 cm) for easy transport or storage when not in use.<\/p>","protected":false},"featured_media":3495,"template":"","meta":{"inline_featured_image":false},"product_brand":[],"product_cat":[21,25],"product_tag":[36],"class_list":{"0":"post-3497","1":"product","2":"type-product","3":"status-publish","4":"has-post-thumbnail","6":"product_cat-movilidad","7":"product_cat-sillas-de-ruedas","8":"product_tag-kmina","10":"first","11":"instock","12":"taxable","13":"shipping-taxable","14":"purchasable","15":"product-type-simple"},"yoast_head":"<!-- This site is optimized with the Yoast SEO Premium plugin v22.6 (Yoast SEO v27.1.1) - https:\/\/yoast.com\/product\/yoast-seo-premium-wordpress\/ -->\n<title>Silla de Ruedas Infantil Autopropulsable, Silla de Ruedas para Ni\u00f1os Plegable Ligera - Tcuido<\/title>\n<meta name=\"robots\" content=\"index, follow, max-snippet:-1, max-image-preview:large, max-video-preview:-1\" \/>\n<link rel=\"canonical\" href=\"https:\/\/www.tcuido.es\/en\/product\/silla-de-ruedas-infantil-autopropulsable-silla-de-ruedas-para-ninos-plegable-ligera\/\" \/>\n<meta property=\"og:locale\" content=\"en_GB\" \/>\n<meta property=\"og:type\" content=\"article\" \/>\n<meta property=\"og:title\" content=\"Silla de Ruedas Infantil Autopropulsable, Silla de Ruedas para Ni\u00f1os Plegable Ligera\" \/>\n<meta property=\"og:description\" content=\"RUEDAS TRASERAS CON DIBUJOS  La silla de ruedas\u00a0PEPE de Kmina para ni\u00f1os tiene ruedas traseras con dibujo en la banda de rodadura para\u00a0adaptarse mejor al suelo y mejorar el agarre. Las ruedas disponen de una palanca de freno al alcance del usuario.  REPOSABRAZOS Y REPOSAPI\u00c9S ABATIBLE  Para una mejor transferencia, tanto los reposabrazos como los reposapi\u00e9s son abatibles y\u00a0facilitan la entrada y salida del usuario. Tambi\u00e9n cuenta con una cinta para sujetar el pie por el tal\u00f3n ajustable en altura. La llave para ajustar va incluida. SEGURA Y CAPACIDAD DE ALMACENAJE Entre las caracter\u00edsticas de esta silla de ruedas para ni\u00f1os se encuentra un\u00a0cintur\u00f3n para mayor seguridad\u00a0en la sujeci\u00f3n del usuario y un bolsillo en la parte trasera para poder almacenar peque\u00f1os objetos.  PLEGABLE  La silla de ruedas para ni\u00f1os puede plegarse f\u00e1cilmente,\u00a0reduciendo as\u00ed sus dimensiones\u00a0(75 x 88 x 26 cm) para facilitar su transporte o almacenaje cuando no se est\u00e9 utilizando.\" \/>\n<meta property=\"og:url\" content=\"https:\/\/www.tcuido.es\/en\/product\/silla-de-ruedas-infantil-autopropulsable-silla-de-ruedas-para-ninos-plegable-ligera\/\" \/>\n<meta property=\"og:site_name\" content=\"Tcuido\" \/>\n<meta property=\"article:modified_time\" content=\"2025-09-23T17:28:39+00:00\" \/>\n<meta property=\"og:image\" content=\"https:\/\/www.tcuido.es\/wp-content\/uploads\/2024\/12\/M01_C01-04_P05_ft-01.webp\" \/>\n\t<meta property=\"og:image:width\" content=\"1000\" \/>\n\t<meta property=\"og:image:height\" content=\"1000\" \/>\n\t<meta property=\"og:image:type\" content=\"image\/webp\" \/>\n<meta name=\"twitter:card\" content=\"summary_large_image\" \/>\n<meta name=\"twitter:label1\" content=\"Estimated reading time\" \/>\n\t<meta name=\"twitter:data1\" content=\"2 minutes\" \/>\n<script type=\"application\/ld+json\" class=\"yoast-schema-graph\">{\"@context\":\"https:\/\/schema.org\",\"@graph\":[{\"@type\":\"WebPage\",\"@id\":\"https:\/\/www.tcuido.es\/producto\/silla-de-ruedas-infantil-autopropulsable-silla-de-ruedas-para-ninos-plegable-ligera\/\",\"url\":\"https:\/\/www.tcuido.es\/producto\/silla-de-ruedas-infantil-autopropulsable-silla-de-ruedas-para-ninos-plegable-ligera\/\",\"name\":\"Silla de Ruedas Infantil Autopropulsable, Silla de Ruedas para Ni\u00f1os Plegable Ligera - Tcuido\",\"isPartOf\":{\"@id\":\"https:\/\/www.tcuido.es\/#website\"},\"primaryImageOfPage\":{\"@id\":\"https:\/\/www.tcuido.es\/producto\/silla-de-ruedas-infantil-autopropulsable-silla-de-ruedas-para-ninos-plegable-ligera\/#primaryimage\"},\"image\":{\"@id\":\"https:\/\/www.tcuido.es\/producto\/silla-de-ruedas-infantil-autopropulsable-silla-de-ruedas-para-ninos-plegable-ligera\/#primaryimage\"},\"thumbnailUrl\":\"https:\/\/www.tcuido.es\/wp-content\/uploads\/2024\/12\/M01_C01-04_P05_ft-01.webp\",\"datePublished\":\"2024-12-14T09:48:34+00:00\",\"dateModified\":\"2025-09-23T17:28:39+00:00\",\"breadcrumb\":{\"@id\":\"https:\/\/www.tcuido.es\/producto\/silla-de-ruedas-infantil-autopropulsable-silla-de-ruedas-para-ninos-plegable-ligera\/#breadcrumb\"},\"inLanguage\":\"en-GB\",\"potentialAction\":[{\"@type\":\"ReadAction\",\"target\":[\"https:\/\/www.tcuido.es\/producto\/silla-de-ruedas-infantil-autopropulsable-silla-de-ruedas-para-ninos-plegable-ligera\/\"]}]},{\"@type\":\"ImageObject\",\"inLanguage\":\"en-GB\",\"@id\":\"https:\/\/www.tcuido.es\/producto\/silla-de-ruedas-infantil-autopropulsable-silla-de-ruedas-para-ninos-plegable-ligera\/#primaryimage\",\"url\":\"https:\/\/www.tcuido.es\/wp-content\/uploads\/2024\/12\/M01_C01-04_P05_ft-01.webp\",\"contentUrl\":\"https:\/\/www.tcuido.es\/wp-content\/uploads\/2024\/12\/M01_C01-04_P05_ft-01.webp\",\"width\":1000,\"height\":1000},{\"@type\":\"BreadcrumbList\",\"@id\":\"https:\/\/www.tcuido.es\/producto\/silla-de-ruedas-infantil-autopropulsable-silla-de-ruedas-para-ninos-plegable-ligera\/#breadcrumb\",\"itemListElement\":[{\"@type\":\"ListItem\",\"position\":1,\"name\":\"Inicio\",\"item\":\"https:\/\/www.tcuido.es\/\"},{\"@type\":\"ListItem\",\"position\":2,\"name\":\"Tienda\",\"item\":\"https:\/\/www.tcuido.es\/tienda\/\"},{\"@type\":\"ListItem\",\"position\":3,\"name\":\"Silla de Ruedas Infantil Autopropulsable, Silla de Ruedas para Ni\u00f1os Plegable Ligera\"}]},{\"@type\":\"WebSite\",\"@id\":\"https:\/\/www.tcuido.es\/#website\",\"url\":\"https:\/\/www.tcuido.es\/\",\"name\":\"Tcuido\",\"description\":\"Servicios Integrales a la Dependencia\",\"publisher\":{\"@id\":\"https:\/\/www.tcuido.es\/#organization\"},\"potentialAction\":[{\"@type\":\"SearchAction\",\"target\":{\"@type\":\"EntryPoint\",\"urlTemplate\":\"https:\/\/www.tcuido.es\/?s={search_term_string}\"},\"query-input\":{\"@type\":\"PropertyValueSpecification\",\"valueRequired\":true,\"valueName\":\"search_term_string\"}}],\"inLanguage\":\"en-GB\"},{\"@type\":\"Organization\",\"@id\":\"https:\/\/www.tcuido.es\/#organization\",\"name\":\"Tcuido Servicios Integrales a la Dependencia\",\"url\":\"https:\/\/www.tcuido.es\/\",\"logo\":{\"@type\":\"ImageObject\",\"inLanguage\":\"en-GB\",\"@id\":\"https:\/\/www.tcuido.es\/#\/schema\/logo\/image\/\",\"url\":\"https:\/\/www.tcuido.es\/wp-content\/uploads\/2024\/03\/TCUIDO-facturas.png\",\"contentUrl\":\"https:\/\/www.tcuido.es\/wp-content\/uploads\/2024\/03\/TCUIDO-facturas.png\",\"width\":1600,\"height\":361,\"caption\":\"Tcuido Servicios Integrales a la Dependencia\"},\"image\":{\"@id\":\"https:\/\/www.tcuido.es\/#\/schema\/logo\/image\/\"}}]}<\/script>\n<!-- \/ Yoast SEO Premium plugin. -->","yoast_head_json":{"title":"Silla de Ruedas Infantil Autopropulsable, Silla de Ruedas para Ni\u00f1os Plegable Ligera - Tcuido","robots":{"index":"index","follow":"follow","max-snippet":"max-snippet:-1","max-image-preview":"max-image-preview:large","max-video-preview":"max-video-preview:-1"},"canonical":"https:\/\/www.tcuido.es\/en\/product\/silla-de-ruedas-infantil-autopropulsable-silla-de-ruedas-para-ninos-plegable-ligera\/","og_locale":"en_GB","og_type":"article","og_title":"Silla de Ruedas Infantil Autopropulsable, Silla de Ruedas para Ni\u00f1os Plegable Ligera","og_description":"RUEDAS TRASERAS CON DIBUJOS  La silla de ruedas\u00a0PEPE de Kmina para ni\u00f1os tiene ruedas traseras con dibujo en la banda de rodadura para\u00a0adaptarse mejor al suelo y mejorar el agarre. Las ruedas disponen de una palanca de freno al alcance del usuario.  REPOSABRAZOS Y REPOSAPI\u00c9S ABATIBLE  Para una mejor transferencia, tanto los reposabrazos como los reposapi\u00e9s son abatibles y\u00a0facilitan la entrada y salida del usuario. Tambi\u00e9n cuenta con una cinta para sujetar el pie por el tal\u00f3n ajustable en altura. La llave para ajustar va incluida. SEGURA Y CAPACIDAD DE ALMACENAJE Entre las caracter\u00edsticas de esta silla de ruedas para ni\u00f1os se encuentra un\u00a0cintur\u00f3n para mayor seguridad\u00a0en la sujeci\u00f3n del usuario y un bolsillo en la parte trasera para poder almacenar peque\u00f1os objetos.  PLEGABLE  La silla de ruedas para ni\u00f1os puede plegarse f\u00e1cilmente,\u00a0reduciendo as\u00ed sus dimensiones\u00a0(75 x 88 x 26 cm) para facilitar su transporte o almacenaje cuando no se est\u00e9 utilizando.","og_url":"https:\/\/www.tcuido.es\/en\/product\/silla-de-ruedas-infantil-autopropulsable-silla-de-ruedas-para-ninos-plegable-ligera\/","og_site_name":"Tcuido","article_modified_time":"2025-09-23T17:28:39+00:00","og_image":[{"width":1000,"height":1000,"url":"https:\/\/www.tcuido.es\/wp-content\/uploads\/2024\/12\/M01_C01-04_P05_ft-01.webp","type":"image\/webp"}],"twitter_card":"summary_large_image","twitter_misc":{"Estimated reading time":"2 minutes"},"schema":{"@context":"https:\/\/schema.org","@graph":[{"@type":"WebPage","@id":"https:\/\/www.tcuido.es\/producto\/silla-de-ruedas-infantil-autopropulsable-silla-de-ruedas-para-ninos-plegable-ligera\/","url":"https:\/\/www.tcuido.es\/producto\/silla-de-ruedas-infantil-autopropulsable-silla-de-ruedas-para-ninos-plegable-ligera\/","name":"Silla de Ruedas Infantil Autopropulsable, Silla de Ruedas para Ni\u00f1os Plegable Ligera - Tcuido","isPartOf":{"@id":"https:\/\/www.tcuido.es\/#website"},"primaryImageOfPage":{"@id":"https:\/\/www.tcuido.es\/producto\/silla-de-ruedas-infantil-autopropulsable-silla-de-ruedas-para-ninos-plegable-ligera\/#primaryimage"},"image":{"@id":"https:\/\/www.tcuido.es\/producto\/silla-de-ruedas-infantil-autopropulsable-silla-de-ruedas-para-ninos-plegable-ligera\/#primaryimage"},"thumbnailUrl":"https:\/\/www.tcuido.es\/wp-content\/uploads\/2024\/12\/M01_C01-04_P05_ft-01.webp","datePublished":"2024-12-14T09:48:34+00:00","dateModified":"2025-09-23T17:28:39+00:00","breadcrumb":{"@id":"https:\/\/www.tcuido.es\/producto\/silla-de-ruedas-infantil-autopropulsable-silla-de-ruedas-para-ninos-plegable-ligera\/#breadcrumb"},"inLanguage":"en-GB","potentialAction":[{"@type":"ReadAction","target":["https:\/\/www.tcuido.es\/producto\/silla-de-ruedas-infantil-autopropulsable-silla-de-ruedas-para-ninos-plegable-ligera\/"]}]},{"@type":"ImageObject","inLanguage":"en-GB","@id":"https:\/\/www.tcuido.es\/producto\/silla-de-ruedas-infantil-autopropulsable-silla-de-ruedas-para-ninos-plegable-ligera\/#primaryimage","url":"https:\/\/www.tcuido.es\/wp-content\/uploads\/2024\/12\/M01_C01-04_P05_ft-01.webp","contentUrl":"https:\/\/www.tcuido.es\/wp-content\/uploads\/2024\/12\/M01_C01-04_P05_ft-01.webp","width":1000,"height":1000},{"@type":"BreadcrumbList","@id":"https:\/\/www.tcuido.es\/producto\/silla-de-ruedas-infantil-autopropulsable-silla-de-ruedas-para-ninos-plegable-ligera\/#breadcrumb","itemListElement":[{"@type":"ListItem","position":1,"name":"Inicio","item":"https:\/\/www.tcuido.es\/"},{"@type":"ListItem","position":2,"name":"Tienda","item":"https:\/\/www.tcuido.es\/tienda\/"},{"@type":"ListItem","position":3,"name":"Silla de Ruedas Infantil Autopropulsable, Silla de Ruedas para Ni\u00f1os Plegable Ligera"}]},{"@type":"WebSite","@id":"https:\/\/www.tcuido.es\/#website","url":"https:\/\/www.tcuido.es\/","name":"I take care","description":"Comprehensive Dependency Services","publisher":{"@id":"https:\/\/www.tcuido.es\/#organization"},"potentialAction":[{"@type":"SearchAction","target":{"@type":"EntryPoint","urlTemplate":"https:\/\/www.tcuido.es\/?s={search_term_string}"},"query-input":{"@type":"PropertyValueSpecification","valueRequired":true,"valueName":"search_term_string"}}],"inLanguage":"en-GB"},{"@type":"Organization","@id":"https:\/\/www.tcuido.es\/#organization","name":"Tcuido Comprehensive Dependency Services","url":"https:\/\/www.tcuido.es\/","logo":{"@type":"ImageObject","inLanguage":"en-GB","@id":"https:\/\/www.tcuido.es\/#\/schema\/logo\/image\/","url":"https:\/\/www.tcuido.es\/wp-content\/uploads\/2024\/03\/TCUIDO-facturas.png","contentUrl":"https:\/\/www.tcuido.es\/wp-content\/uploads\/2024\/03\/TCUIDO-facturas.png","width":1600,"height":361,"caption":"Tcuido Servicios Integrales a la Dependencia"},"image":{"@id":"https:\/\/www.tcuido.es\/#\/schema\/logo\/image\/"}}]}},"_links":{"self":[{"href":"https:\/\/www.tcuido.es\/en\/wp-json\/wp\/v2\/product\/3497","targetHints":{"allow":["GET"]}}],"collection":[{"href":"https:\/\/www.tcuido.es\/en\/wp-json\/wp\/v2\/product"}],"about":[{"href":"https:\/\/www.tcuido.es\/en\/wp-json\/wp\/v2\/types\/product"}],"wp:featuredmedia":[{"embeddable":true,"href":"https:\/\/www.tcuido.es\/en\/wp-json\/wp\/v2\/media\/3495"}],"wp:attachment":[{"href":"https:\/\/www.tcuido.es\/en\/wp-json\/wp\/v2\/media?parent=3497"}],"wp:term":[{"taxonomy":"product_brand","embeddable":true,"href":"https:\/\/www.tcuido.es\/en\/wp-json\/wp\/v2\/product_brand?post=3497"},{"taxonomy":"product_cat","embeddable":true,"href":"https:\/\/www.tcuido.es\/en\/wp-json\/wp\/v2\/product_cat?post=3497"},{"taxonomy":"product_tag","embeddable":true,"href":"https:\/\/www.tcuido.es\/en\/wp-json\/wp\/v2\/product_tag?post=3497"}],"curies":[{"name":"wp","href":"https:\/\/api.w.org\/{rel}","templated":true}]}}