{"id":3525,"date":"2024-12-18T14:03:55","date_gmt":"2024-12-18T14:03:55","guid":{"rendered":"https:\/\/www.tcuido.es\/?post_type=product&#038;p=3525"},"modified":"2025-09-23T17:28:39","modified_gmt":"2025-09-23T17:28:39","slug":"silla-de-ruedas-plegable-y-ligera-para-ancianos-silla-de-ruedas-estrecha-para-casa","status":"publish","type":"product","link":"https:\/\/www.tcuido.es\/en\/product\/silla-de-ruedas-plegable-y-ligera-para-ancianos-silla-de-ruedas-estrecha-para-casa\/","title":{"rendered":"Lightweight Folding Wheelchair for Elderly, Narrow Wheelchair for Home"},"content":{"rendered":"<p><span style=\"color: #97bf0d;\"><strong>CHARACTERISTICS<\/strong><\/span><\/p>\n<ul>\n<li>NARROW SEAT: This wheelchair is recommended for people with a small build (seat width of 38 cm). Thanks to its reduced size (seat width of 54 cm), this wheelchair multiplies the user&#039;s accessibility, making it ideal for use inside the home in narrow hallways and doorways. In addition, it is lightweight (13 kg) and easy to handle.<\/li>\n<li>FOLDABLE: In addition to its height-adjustable and removable footrests that facilitate better transfer of the user, this wheelchair can be stored anywhere thanks to its quick and easy folding and its small dimensions once folded without footrest (29 x 74 x 59 cm).<\/li>\n<li>COMFORTABLE: padded armrests for greater comfort for the user and a small back pocket ideal for storing belongings. On the other hand, the rear wheel step-lift lever allows you to overcome any obstacle in complete safety.<\/li>\n<li>SAFE: The locking brake system activated by fully pushing the rear lever completely immobilizes the wheelchair. In addition, its steel structure makes it more resistant and the safety belt offers greater support to the user. Maximum user weight: 100 kg.<\/li>\n<li>PRACTICAL: Helps transport people with mobility problems or elderly people who have to use a wheelchair permanently or temporarily. It is designed so that the user can be transported by a third person with sufficient strength to be able to push the chair safely.<\/li>\n<\/ul>\n<p>&nbsp;<\/p>\n<p><span style=\"color: #97bf0d;\"><strong>TECHNICAL DETAILS<\/strong><\/span><\/p>\n<ul>\n<li>Overall dimensions: 100 x 54 x 98 cm<\/li>\n<li>Folded dimensions: 74 x 29 x 59 cm<\/li>\n<li>Seat dimensions: 38 x 40 cm<\/li>\n<li>Wheelchair Weight: 13 kg<\/li>\n<li>Maximum User Weight: 100 kg<\/li>\n<li>Wheel diameter: \u00d8 20 cm<\/li>\n<\/ul>\n<p>&nbsp;<\/p>\n<p><span style=\"color: #97bf0d;\"><strong>ADDITIONAL INFORMATION<\/strong><\/span><\/p>\n<ul>\n<li>Material: Steel<\/li>\n<li>Folding Armrest: No<\/li>\n<li>Folding Footrest: Yes<\/li>\n<li>Rear pocket and seat belt: Yes<\/li>\n<\/ul>","protected":false},"excerpt":{"rendered":"<p><span style=\"color: #97bf0d;\"><strong>NARROW AND ROBUST<\/strong><\/span><\/p>\n<p>The wheelchair has a narrow design (54 cm) made of quality materials to improve the user&#039;s accessibility in all rooms of the house.<\/p>\n<p><span style=\"color: #97bf0d;\"><strong>HELP LEVER<\/strong><\/span><\/p>\n<p>It has two assistance levers located at the rear of the chair to help the wearer overcome obstacles by easily raising the chair.<\/p>\n<p><span style=\"color: #97bf0d;\"><strong>SAFETY AND STORAGE CAPACITY<\/strong><\/span><\/p>\n<p>The wheelchair can be easily folded, reducing its dimensions (91 x 27 x 70 cm) for easy transport or storage when not in use.<\/p>\n<p><span style=\"color: #97bf0d;\"><strong>FOLDABLE AND WITH FOLDABLE FOOTREST<\/strong><\/span><\/p>\n<p>The wheelchair can be easily folded, reducing its dimensions (29 x 74 x 59 cm) for easy transport or storage when not in use. In addition, the footrests are foldable to facilitate the transfer of the user in and out of the chair.<\/p>","protected":false},"featured_media":3522,"template":"","meta":{"inline_featured_image":false},"product_brand":[],"product_cat":[21,25],"product_tag":[36],"class_list":{"0":"post-3525","1":"product","2":"type-product","3":"status-publish","4":"has-post-thumbnail","6":"product_cat-movilidad","7":"product_cat-sillas-de-ruedas","8":"product_tag-kmina","10":"first","11":"instock","12":"taxable","13":"shipping-taxable","14":"purchasable","15":"product-type-simple"},"yoast_head":"<!-- This site is optimized with the Yoast SEO Premium plugin v22.6 (Yoast SEO v27.1.1) - https:\/\/yoast.com\/product\/yoast-seo-premium-wordpress\/ -->\n<title>Silla de Ruedas Plegable y Ligera para Ancianos, Silla de Ruedas Estrecha para Casa - Tcuido<\/title>\n<meta name=\"robots\" content=\"index, follow, max-snippet:-1, max-image-preview:large, max-video-preview:-1\" \/>\n<link rel=\"canonical\" href=\"https:\/\/www.tcuido.es\/en\/product\/silla-de-ruedas-plegable-y-ligera-para-ancianos-silla-de-ruedas-estrecha-para-casa\/\" \/>\n<meta property=\"og:locale\" content=\"en_GB\" \/>\n<meta property=\"og:type\" content=\"article\" \/>\n<meta property=\"og:title\" content=\"Silla de Ruedas Plegable y Ligera para Ancianos, Silla de Ruedas Estrecha para Casa\" \/>\n<meta property=\"og:description\" content=\"ESTRECHA Y ROBUSTA  La silla de ruedas tiene un dise\u00f1o estrecho (54 cm) de materiales de calidad para mejorar la accesibilidad del usuario en todas las estancias de la casa.  PALANCA DE AYUDA  Cuenta con dos palancas de ayuda situadas en la parte trasera de la silla para ayudar al portador a sortear obst\u00e1culos elevando la silla f\u00e1cilmente  SEGURA Y CAPACIDAD DE ALMACENAJE  La silla de ruedas puede plegarse f\u00e1cilmente, reduciendo as\u00ed sus dimensiones (91 x 27 x 70 cm) para facilitar su transporte o almacenaje cuando no se est\u00e9 utilizando.  PLEGABLE Y CON REPOSAPI\u00c9S ABATIBLE  La silla de ruedas puede plegarse f\u00e1cilmente, reduciendo as\u00ed sus dimensiones (29 x 74 x 59 cm) para facilitar su transporte o almacenaje cuando no se est\u00e9 utilizando. Adem\u00e1s, los reposapi\u00e9s son abatibles para facilitar la transferencia del usuario dentro y fuera de la silla.\" \/>\n<meta property=\"og:url\" content=\"https:\/\/www.tcuido.es\/en\/product\/silla-de-ruedas-plegable-y-ligera-para-ancianos-silla-de-ruedas-estrecha-para-casa\/\" \/>\n<meta property=\"og:site_name\" content=\"Tcuido\" \/>\n<meta property=\"article:modified_time\" content=\"2025-09-23T17:28:39+00:00\" \/>\n<meta property=\"og:image\" content=\"https:\/\/www.tcuido.es\/wp-content\/uploads\/2024\/12\/M01_C01-04_P06_FT-01.webp\" \/>\n\t<meta property=\"og:image:width\" content=\"1000\" \/>\n\t<meta property=\"og:image:height\" content=\"1000\" \/>\n\t<meta property=\"og:image:type\" content=\"image\/webp\" \/>\n<meta name=\"twitter:card\" content=\"summary_large_image\" \/>\n<meta name=\"twitter:label1\" content=\"Estimated reading time\" \/>\n\t<meta name=\"twitter:data1\" content=\"2 minutes\" \/>\n<script type=\"application\/ld+json\" class=\"yoast-schema-graph\">{\"@context\":\"https:\/\/schema.org\",\"@graph\":[{\"@type\":\"WebPage\",\"@id\":\"https:\/\/www.tcuido.es\/producto\/silla-de-ruedas-plegable-y-ligera-para-ancianos-silla-de-ruedas-estrecha-para-casa\/\",\"url\":\"https:\/\/www.tcuido.es\/producto\/silla-de-ruedas-plegable-y-ligera-para-ancianos-silla-de-ruedas-estrecha-para-casa\/\",\"name\":\"Silla de Ruedas Plegable y Ligera para Ancianos, Silla de Ruedas Estrecha para Casa - Tcuido\",\"isPartOf\":{\"@id\":\"https:\/\/www.tcuido.es\/#website\"},\"primaryImageOfPage\":{\"@id\":\"https:\/\/www.tcuido.es\/producto\/silla-de-ruedas-plegable-y-ligera-para-ancianos-silla-de-ruedas-estrecha-para-casa\/#primaryimage\"},\"image\":{\"@id\":\"https:\/\/www.tcuido.es\/producto\/silla-de-ruedas-plegable-y-ligera-para-ancianos-silla-de-ruedas-estrecha-para-casa\/#primaryimage\"},\"thumbnailUrl\":\"https:\/\/www.tcuido.es\/wp-content\/uploads\/2024\/12\/M01_C01-04_P06_FT-01.webp\",\"datePublished\":\"2024-12-18T14:03:55+00:00\",\"dateModified\":\"2025-09-23T17:28:39+00:00\",\"breadcrumb\":{\"@id\":\"https:\/\/www.tcuido.es\/producto\/silla-de-ruedas-plegable-y-ligera-para-ancianos-silla-de-ruedas-estrecha-para-casa\/#breadcrumb\"},\"inLanguage\":\"en-GB\",\"potentialAction\":[{\"@type\":\"ReadAction\",\"target\":[\"https:\/\/www.tcuido.es\/producto\/silla-de-ruedas-plegable-y-ligera-para-ancianos-silla-de-ruedas-estrecha-para-casa\/\"]}]},{\"@type\":\"ImageObject\",\"inLanguage\":\"en-GB\",\"@id\":\"https:\/\/www.tcuido.es\/producto\/silla-de-ruedas-plegable-y-ligera-para-ancianos-silla-de-ruedas-estrecha-para-casa\/#primaryimage\",\"url\":\"https:\/\/www.tcuido.es\/wp-content\/uploads\/2024\/12\/M01_C01-04_P06_FT-01.webp\",\"contentUrl\":\"https:\/\/www.tcuido.es\/wp-content\/uploads\/2024\/12\/M01_C01-04_P06_FT-01.webp\",\"width\":1000,\"height\":1000},{\"@type\":\"BreadcrumbList\",\"@id\":\"https:\/\/www.tcuido.es\/producto\/silla-de-ruedas-plegable-y-ligera-para-ancianos-silla-de-ruedas-estrecha-para-casa\/#breadcrumb\",\"itemListElement\":[{\"@type\":\"ListItem\",\"position\":1,\"name\":\"Inicio\",\"item\":\"https:\/\/www.tcuido.es\/\"},{\"@type\":\"ListItem\",\"position\":2,\"name\":\"Tienda\",\"item\":\"https:\/\/www.tcuido.es\/tienda\/\"},{\"@type\":\"ListItem\",\"position\":3,\"name\":\"Silla de Ruedas Plegable y Ligera para Ancianos, Silla de Ruedas Estrecha para Casa\"}]},{\"@type\":\"WebSite\",\"@id\":\"https:\/\/www.tcuido.es\/#website\",\"url\":\"https:\/\/www.tcuido.es\/\",\"name\":\"Tcuido\",\"description\":\"Servicios Integrales a la Dependencia\",\"publisher\":{\"@id\":\"https:\/\/www.tcuido.es\/#organization\"},\"potentialAction\":[{\"@type\":\"SearchAction\",\"target\":{\"@type\":\"EntryPoint\",\"urlTemplate\":\"https:\/\/www.tcuido.es\/?s={search_term_string}\"},\"query-input\":{\"@type\":\"PropertyValueSpecification\",\"valueRequired\":true,\"valueName\":\"search_term_string\"}}],\"inLanguage\":\"en-GB\"},{\"@type\":\"Organization\",\"@id\":\"https:\/\/www.tcuido.es\/#organization\",\"name\":\"Tcuido Servicios Integrales a la Dependencia\",\"url\":\"https:\/\/www.tcuido.es\/\",\"logo\":{\"@type\":\"ImageObject\",\"inLanguage\":\"en-GB\",\"@id\":\"https:\/\/www.tcuido.es\/#\/schema\/logo\/image\/\",\"url\":\"https:\/\/www.tcuido.es\/wp-content\/uploads\/2024\/03\/TCUIDO-facturas.png\",\"contentUrl\":\"https:\/\/www.tcuido.es\/wp-content\/uploads\/2024\/03\/TCUIDO-facturas.png\",\"width\":1600,\"height\":361,\"caption\":\"Tcuido Servicios Integrales a la Dependencia\"},\"image\":{\"@id\":\"https:\/\/www.tcuido.es\/#\/schema\/logo\/image\/\"}}]}<\/script>\n<!-- \/ Yoast SEO Premium plugin. -->","yoast_head_json":{"title":"Silla de Ruedas Plegable y Ligera para Ancianos, Silla de Ruedas Estrecha para Casa - Tcuido","robots":{"index":"index","follow":"follow","max-snippet":"max-snippet:-1","max-image-preview":"max-image-preview:large","max-video-preview":"max-video-preview:-1"},"canonical":"https:\/\/www.tcuido.es\/en\/product\/silla-de-ruedas-plegable-y-ligera-para-ancianos-silla-de-ruedas-estrecha-para-casa\/","og_locale":"en_GB","og_type":"article","og_title":"Silla de Ruedas Plegable y Ligera para Ancianos, Silla de Ruedas Estrecha para Casa","og_description":"ESTRECHA Y ROBUSTA  La silla de ruedas tiene un dise\u00f1o estrecho (54 cm) de materiales de calidad para mejorar la accesibilidad del usuario en todas las estancias de la casa.  PALANCA DE AYUDA  Cuenta con dos palancas de ayuda situadas en la parte trasera de la silla para ayudar al portador a sortear obst\u00e1culos elevando la silla f\u00e1cilmente  SEGURA Y CAPACIDAD DE ALMACENAJE  La silla de ruedas puede plegarse f\u00e1cilmente, reduciendo as\u00ed sus dimensiones (91 x 27 x 70 cm) para facilitar su transporte o almacenaje cuando no se est\u00e9 utilizando.  PLEGABLE Y CON REPOSAPI\u00c9S ABATIBLE  La silla de ruedas puede plegarse f\u00e1cilmente, reduciendo as\u00ed sus dimensiones (29 x 74 x 59 cm) para facilitar su transporte o almacenaje cuando no se est\u00e9 utilizando. Adem\u00e1s, los reposapi\u00e9s son abatibles para facilitar la transferencia del usuario dentro y fuera de la silla.","og_url":"https:\/\/www.tcuido.es\/en\/product\/silla-de-ruedas-plegable-y-ligera-para-ancianos-silla-de-ruedas-estrecha-para-casa\/","og_site_name":"Tcuido","article_modified_time":"2025-09-23T17:28:39+00:00","og_image":[{"width":1000,"height":1000,"url":"https:\/\/www.tcuido.es\/wp-content\/uploads\/2024\/12\/M01_C01-04_P06_FT-01.webp","type":"image\/webp"}],"twitter_card":"summary_large_image","twitter_misc":{"Estimated reading time":"2 minutes"},"schema":{"@context":"https:\/\/schema.org","@graph":[{"@type":"WebPage","@id":"https:\/\/www.tcuido.es\/producto\/silla-de-ruedas-plegable-y-ligera-para-ancianos-silla-de-ruedas-estrecha-para-casa\/","url":"https:\/\/www.tcuido.es\/producto\/silla-de-ruedas-plegable-y-ligera-para-ancianos-silla-de-ruedas-estrecha-para-casa\/","name":"Silla de Ruedas Plegable y Ligera para Ancianos, Silla de Ruedas Estrecha para Casa - Tcuido","isPartOf":{"@id":"https:\/\/www.tcuido.es\/#website"},"primaryImageOfPage":{"@id":"https:\/\/www.tcuido.es\/producto\/silla-de-ruedas-plegable-y-ligera-para-ancianos-silla-de-ruedas-estrecha-para-casa\/#primaryimage"},"image":{"@id":"https:\/\/www.tcuido.es\/producto\/silla-de-ruedas-plegable-y-ligera-para-ancianos-silla-de-ruedas-estrecha-para-casa\/#primaryimage"},"thumbnailUrl":"https:\/\/www.tcuido.es\/wp-content\/uploads\/2024\/12\/M01_C01-04_P06_FT-01.webp","datePublished":"2024-12-18T14:03:55+00:00","dateModified":"2025-09-23T17:28:39+00:00","breadcrumb":{"@id":"https:\/\/www.tcuido.es\/producto\/silla-de-ruedas-plegable-y-ligera-para-ancianos-silla-de-ruedas-estrecha-para-casa\/#breadcrumb"},"inLanguage":"en-GB","potentialAction":[{"@type":"ReadAction","target":["https:\/\/www.tcuido.es\/producto\/silla-de-ruedas-plegable-y-ligera-para-ancianos-silla-de-ruedas-estrecha-para-casa\/"]}]},{"@type":"ImageObject","inLanguage":"en-GB","@id":"https:\/\/www.tcuido.es\/producto\/silla-de-ruedas-plegable-y-ligera-para-ancianos-silla-de-ruedas-estrecha-para-casa\/#primaryimage","url":"https:\/\/www.tcuido.es\/wp-content\/uploads\/2024\/12\/M01_C01-04_P06_FT-01.webp","contentUrl":"https:\/\/www.tcuido.es\/wp-content\/uploads\/2024\/12\/M01_C01-04_P06_FT-01.webp","width":1000,"height":1000},{"@type":"BreadcrumbList","@id":"https:\/\/www.tcuido.es\/producto\/silla-de-ruedas-plegable-y-ligera-para-ancianos-silla-de-ruedas-estrecha-para-casa\/#breadcrumb","itemListElement":[{"@type":"ListItem","position":1,"name":"Inicio","item":"https:\/\/www.tcuido.es\/"},{"@type":"ListItem","position":2,"name":"Tienda","item":"https:\/\/www.tcuido.es\/tienda\/"},{"@type":"ListItem","position":3,"name":"Silla de Ruedas Plegable y Ligera para Ancianos, Silla de Ruedas Estrecha para Casa"}]},{"@type":"WebSite","@id":"https:\/\/www.tcuido.es\/#website","url":"https:\/\/www.tcuido.es\/","name":"I take care","description":"Comprehensive Dependency Services","publisher":{"@id":"https:\/\/www.tcuido.es\/#organization"},"potentialAction":[{"@type":"SearchAction","target":{"@type":"EntryPoint","urlTemplate":"https:\/\/www.tcuido.es\/?s={search_term_string}"},"query-input":{"@type":"PropertyValueSpecification","valueRequired":true,"valueName":"search_term_string"}}],"inLanguage":"en-GB"},{"@type":"Organization","@id":"https:\/\/www.tcuido.es\/#organization","name":"Tcuido Comprehensive Dependency Services","url":"https:\/\/www.tcuido.es\/","logo":{"@type":"ImageObject","inLanguage":"en-GB","@id":"https:\/\/www.tcuido.es\/#\/schema\/logo\/image\/","url":"https:\/\/www.tcuido.es\/wp-content\/uploads\/2024\/03\/TCUIDO-facturas.png","contentUrl":"https:\/\/www.tcuido.es\/wp-content\/uploads\/2024\/03\/TCUIDO-facturas.png","width":1600,"height":361,"caption":"Tcuido Servicios Integrales a la Dependencia"},"image":{"@id":"https:\/\/www.tcuido.es\/#\/schema\/logo\/image\/"}}]}},"_links":{"self":[{"href":"https:\/\/www.tcuido.es\/en\/wp-json\/wp\/v2\/product\/3525","targetHints":{"allow":["GET"]}}],"collection":[{"href":"https:\/\/www.tcuido.es\/en\/wp-json\/wp\/v2\/product"}],"about":[{"href":"https:\/\/www.tcuido.es\/en\/wp-json\/wp\/v2\/types\/product"}],"wp:featuredmedia":[{"embeddable":true,"href":"https:\/\/www.tcuido.es\/en\/wp-json\/wp\/v2\/media\/3522"}],"wp:attachment":[{"href":"https:\/\/www.tcuido.es\/en\/wp-json\/wp\/v2\/media?parent=3525"}],"wp:term":[{"taxonomy":"product_brand","embeddable":true,"href":"https:\/\/www.tcuido.es\/en\/wp-json\/wp\/v2\/product_brand?post=3525"},{"taxonomy":"product_cat","embeddable":true,"href":"https:\/\/www.tcuido.es\/en\/wp-json\/wp\/v2\/product_cat?post=3525"},{"taxonomy":"product_tag","embeddable":true,"href":"https:\/\/www.tcuido.es\/en\/wp-json\/wp\/v2\/product_tag?post=3525"}],"curies":[{"name":"wp","href":"https:\/\/api.w.org\/{rel}","templated":true}]}}