{"id":3577,"date":"2024-12-26T20:04:14","date_gmt":"2024-12-26T20:04:14","guid":{"rendered":"https:\/\/www.tcuido.es\/?post_type=product&#038;p=3577"},"modified":"2025-09-23T17:28:22","modified_gmt":"2025-09-23T17:28:22","slug":"baston-4-patas-ergonomico-y-ajustable-baston-4-apoyos-negro-fabricado-en-espana","status":"publish","type":"product","link":"https:\/\/www.tcuido.es\/en\/product\/baston-4-patas-ergonomico-y-ajustable-baston-4-apoyos-negro-fabricado-en-espana\/","title":{"rendered":"Ergonomic and Adjustable 4-Leg Walking Stick, 4-Support Walking Stick, Black, Made in Spain"},"content":{"rendered":"<p><strong><span style=\"color: #97bf0d;\">CHARACTERISTICS<\/span><\/strong><\/p>\n<ul>\n<li>ERGONOMICS AND COMFORT: The ergonomic and anatomical grip, made of high-quality rubber, adapts perfectly to the shape of the hand, relieving tension in hands and wrists, providing a secure and comfortable grip.<\/li>\n<li>GREATER STRENGTH AND STABILITY: Its design with 4 non-slip tips (2 wide and 2 narrow) guarantees excellent resistance to tipping, providing a firm base on all types of surfaces. The best weight distribution ensures a stable and safe ride.<\/li>\n<li>VERSATILE FIT: Thanks to its easy clip-on adjustment system, this cane can be adapted for right or left hand use. The height is fully adjustable to suit the user&#039;s exact height.<\/li>\n<li>UNIFORM DISTRIBUTION: The anatomical handle distributes pressure evenly across the palm, providing firm support that improves accessibility and comfort, similar to a three-legged cane, but with greater ease of use.<\/li>\n<li>AWARD-WINNING AND PATENTED: The KMINA 4-Legged Walking Stick features a patented design that guarantees superior stability and support for its users. This innovative product has been awarded the CLAP award, standing out for its functionality and design in the field of mobility aids.<\/li>\n<\/ul>\n<p>&nbsp;<\/p>\n<p><span style=\"color: #97bf0d;\"><strong>Technical details<\/strong><\/span><\/p>\n<ul>\n<li>Adjustable Height: 83 \u2013 100 cm<\/li>\n<li>End Tube: 22 mm<\/li>\n<li>Walking stick weight: 1.5 kg<\/li>\n<li>Maximum User Weight: 160 kg<\/li>\n<\/ul>\n<p>&nbsp;<\/p>\n<p><strong><span style=\"color: #97bf0d;\">Additional information<\/span><\/strong><\/p>\n<ul>\n<li>Material: PA6 Base + Steel<\/li>\n<li>End caps: 2 wide and 2 narrow<\/li>\n<li>Position: Ambidextrous<\/li>\n<\/ul>","protected":false},"excerpt":{"rendered":"<p><strong><span style=\"color: #97bf0d;\">HEAVY FOR GREATER STABILITY<\/span><\/strong><\/p>\n<p>The 4-leg base with 2 wide and 2 narrow tips ensures a secure footing with every step, providing balance and reducing the risk of slipping.<\/p>\n<p>Its heavy 1.5kg design increases user safety, providing greater stability.<\/p>\n<p><strong><span style=\"color: #97bf0d;\">SOFT GRIP<\/span><\/strong><\/p>\n<p>The ergonomic handle of the 4-legged cane adapts to the user&#039;s hand, offering a comfortable and natural grip.<\/p>\n<p>This design reduces hand and wrist fatigue, allowing for extended use without discomfort.<\/p>\n<p><strong><span style=\"color: #97bf0d;\">ADJUSTABLE HEIGHT<\/span><\/strong><\/p>\n<p>With its adjustable system, the 4-legged cane easily adapts to the user&#039;s height, ensuring comfortable and personalized support.<\/p>\n<p>It has 9 adjustments and its height is from 83 to 100 cm.<\/p>","protected":false},"featured_media":3579,"template":"","meta":{"inline_featured_image":false},"product_brand":[],"product_cat":[24,21],"product_tag":[36],"class_list":{"0":"post-3577","1":"product","2":"type-product","3":"status-publish","4":"has-post-thumbnail","6":"product_cat-bastones","7":"product_cat-movilidad","8":"product_tag-kmina","10":"first","11":"instock","12":"taxable","13":"shipping-taxable","14":"purchasable","15":"product-type-simple"},"yoast_head":"<!-- This site is optimized with the Yoast SEO Premium plugin v22.6 (Yoast SEO v27.1.1) - https:\/\/yoast.com\/product\/yoast-seo-premium-wordpress\/ -->\n<title>Bast\u00f3n 4 Patas Ergon\u00f3mico y Ajustable, Bast\u00f3n 4 Apoyos Negro, Fabricado en Espa\u00f1a - Tcuido<\/title>\n<meta name=\"robots\" content=\"index, follow, max-snippet:-1, max-image-preview:large, max-video-preview:-1\" \/>\n<link rel=\"canonical\" href=\"https:\/\/www.tcuido.es\/en\/product\/baston-4-patas-ergonomico-y-ajustable-baston-4-apoyos-negro-fabricado-en-espana\/\" \/>\n<meta property=\"og:locale\" content=\"en_GB\" \/>\n<meta property=\"og:type\" content=\"article\" \/>\n<meta property=\"og:title\" content=\"Bast\u00f3n 4 Patas Ergon\u00f3mico y Ajustable, Bast\u00f3n 4 Apoyos Negro, Fabricado en Espa\u00f1a\" \/>\n<meta property=\"og:description\" content=\"PESADO PARA MAYOR ESTABILIDAD  La base de 4 patas con 2 conteras anchas y 2 estrechas aseguran un apoyo seguro en cada paso, proporcionando equilibrio y reduciendo el riesgo de deslizamientos.  Su dise\u00f1o pesado de 1,5 kg aumenta la seguridad del usuario, aportando mayor estabilidad.  EMPU\u00d1ADURA SOFT  La empu\u00f1adura ergon\u00f3mica del bast\u00f3n 4 patas se adapta a la mano del usuario, ofreciendo un agarre c\u00f3modo y natural.  Este dise\u00f1o reduce la fatiga en la mano y la mu\u00f1eca, permitiendo un uso prolongado sin molestias.  REGULABLE EN ALTURA  Con su sistema regulable, el bast\u00f3n 4 patas se adapta f\u00e1cilmente a la estatura del usuario, asegurando un soporte c\u00f3modo y personalizado.  Cuenta con 9 regulaciones y su altura es de 83 a 100 cm.\" \/>\n<meta property=\"og:url\" content=\"https:\/\/www.tcuido.es\/en\/product\/baston-4-patas-ergonomico-y-ajustable-baston-4-apoyos-negro-fabricado-en-espana\/\" \/>\n<meta property=\"og:site_name\" content=\"Tcuido\" \/>\n<meta property=\"article:modified_time\" content=\"2025-09-23T17:28:22+00:00\" \/>\n<meta property=\"og:image\" content=\"https:\/\/www.tcuido.es\/wp-content\/uploads\/2024\/12\/M01_C01-03_P05_ft-01.webp\" \/>\n\t<meta property=\"og:image:width\" content=\"1000\" \/>\n\t<meta property=\"og:image:height\" content=\"1000\" \/>\n\t<meta property=\"og:image:type\" content=\"image\/webp\" \/>\n<meta name=\"twitter:card\" content=\"summary_large_image\" \/>\n<meta name=\"twitter:label1\" content=\"Estimated reading time\" \/>\n\t<meta name=\"twitter:data1\" content=\"2 minutes\" \/>\n<script type=\"application\/ld+json\" class=\"yoast-schema-graph\">{\"@context\":\"https:\/\/schema.org\",\"@graph\":[{\"@type\":\"WebPage\",\"@id\":\"https:\/\/www.tcuido.es\/producto\/baston-4-patas-ergonomico-y-ajustable-baston-4-apoyos-negro-fabricado-en-espana\/\",\"url\":\"https:\/\/www.tcuido.es\/producto\/baston-4-patas-ergonomico-y-ajustable-baston-4-apoyos-negro-fabricado-en-espana\/\",\"name\":\"Bast\u00f3n 4 Patas Ergon\u00f3mico y Ajustable, Bast\u00f3n 4 Apoyos Negro, Fabricado en Espa\u00f1a - Tcuido\",\"isPartOf\":{\"@id\":\"https:\/\/www.tcuido.es\/#website\"},\"primaryImageOfPage\":{\"@id\":\"https:\/\/www.tcuido.es\/producto\/baston-4-patas-ergonomico-y-ajustable-baston-4-apoyos-negro-fabricado-en-espana\/#primaryimage\"},\"image\":{\"@id\":\"https:\/\/www.tcuido.es\/producto\/baston-4-patas-ergonomico-y-ajustable-baston-4-apoyos-negro-fabricado-en-espana\/#primaryimage\"},\"thumbnailUrl\":\"https:\/\/www.tcuido.es\/wp-content\/uploads\/2024\/12\/M01_C01-03_P05_ft-01.webp\",\"datePublished\":\"2024-12-26T20:04:14+00:00\",\"dateModified\":\"2025-09-23T17:28:22+00:00\",\"breadcrumb\":{\"@id\":\"https:\/\/www.tcuido.es\/producto\/baston-4-patas-ergonomico-y-ajustable-baston-4-apoyos-negro-fabricado-en-espana\/#breadcrumb\"},\"inLanguage\":\"en-GB\",\"potentialAction\":[{\"@type\":\"ReadAction\",\"target\":[\"https:\/\/www.tcuido.es\/producto\/baston-4-patas-ergonomico-y-ajustable-baston-4-apoyos-negro-fabricado-en-espana\/\"]}]},{\"@type\":\"ImageObject\",\"inLanguage\":\"en-GB\",\"@id\":\"https:\/\/www.tcuido.es\/producto\/baston-4-patas-ergonomico-y-ajustable-baston-4-apoyos-negro-fabricado-en-espana\/#primaryimage\",\"url\":\"https:\/\/www.tcuido.es\/wp-content\/uploads\/2024\/12\/M01_C01-03_P05_ft-01.webp\",\"contentUrl\":\"https:\/\/www.tcuido.es\/wp-content\/uploads\/2024\/12\/M01_C01-03_P05_ft-01.webp\",\"width\":1000,\"height\":1000},{\"@type\":\"BreadcrumbList\",\"@id\":\"https:\/\/www.tcuido.es\/producto\/baston-4-patas-ergonomico-y-ajustable-baston-4-apoyos-negro-fabricado-en-espana\/#breadcrumb\",\"itemListElement\":[{\"@type\":\"ListItem\",\"position\":1,\"name\":\"Inicio\",\"item\":\"https:\/\/www.tcuido.es\/\"},{\"@type\":\"ListItem\",\"position\":2,\"name\":\"Tienda\",\"item\":\"https:\/\/www.tcuido.es\/tienda\/\"},{\"@type\":\"ListItem\",\"position\":3,\"name\":\"Bast\u00f3n 4 Patas Ergon\u00f3mico y Ajustable, Bast\u00f3n 4 Apoyos Negro, Fabricado en Espa\u00f1a\"}]},{\"@type\":\"WebSite\",\"@id\":\"https:\/\/www.tcuido.es\/#website\",\"url\":\"https:\/\/www.tcuido.es\/\",\"name\":\"Tcuido\",\"description\":\"Servicios Integrales a la Dependencia\",\"publisher\":{\"@id\":\"https:\/\/www.tcuido.es\/#organization\"},\"potentialAction\":[{\"@type\":\"SearchAction\",\"target\":{\"@type\":\"EntryPoint\",\"urlTemplate\":\"https:\/\/www.tcuido.es\/?s={search_term_string}\"},\"query-input\":{\"@type\":\"PropertyValueSpecification\",\"valueRequired\":true,\"valueName\":\"search_term_string\"}}],\"inLanguage\":\"en-GB\"},{\"@type\":\"Organization\",\"@id\":\"https:\/\/www.tcuido.es\/#organization\",\"name\":\"Tcuido Servicios Integrales a la Dependencia\",\"url\":\"https:\/\/www.tcuido.es\/\",\"logo\":{\"@type\":\"ImageObject\",\"inLanguage\":\"en-GB\",\"@id\":\"https:\/\/www.tcuido.es\/#\/schema\/logo\/image\/\",\"url\":\"https:\/\/www.tcuido.es\/wp-content\/uploads\/2024\/03\/TCUIDO-facturas.png\",\"contentUrl\":\"https:\/\/www.tcuido.es\/wp-content\/uploads\/2024\/03\/TCUIDO-facturas.png\",\"width\":1600,\"height\":361,\"caption\":\"Tcuido Servicios Integrales a la Dependencia\"},\"image\":{\"@id\":\"https:\/\/www.tcuido.es\/#\/schema\/logo\/image\/\"}}]}<\/script>\n<!-- \/ Yoast SEO Premium plugin. -->","yoast_head_json":{"title":"Bast\u00f3n 4 Patas Ergon\u00f3mico y Ajustable, Bast\u00f3n 4 Apoyos Negro, Fabricado en Espa\u00f1a - Tcuido","robots":{"index":"index","follow":"follow","max-snippet":"max-snippet:-1","max-image-preview":"max-image-preview:large","max-video-preview":"max-video-preview:-1"},"canonical":"https:\/\/www.tcuido.es\/en\/product\/baston-4-patas-ergonomico-y-ajustable-baston-4-apoyos-negro-fabricado-en-espana\/","og_locale":"en_GB","og_type":"article","og_title":"Bast\u00f3n 4 Patas Ergon\u00f3mico y Ajustable, Bast\u00f3n 4 Apoyos Negro, Fabricado en Espa\u00f1a","og_description":"PESADO PARA MAYOR ESTABILIDAD  La base de 4 patas con 2 conteras anchas y 2 estrechas aseguran un apoyo seguro en cada paso, proporcionando equilibrio y reduciendo el riesgo de deslizamientos.  Su dise\u00f1o pesado de 1,5 kg aumenta la seguridad del usuario, aportando mayor estabilidad.  EMPU\u00d1ADURA SOFT  La empu\u00f1adura ergon\u00f3mica del bast\u00f3n 4 patas se adapta a la mano del usuario, ofreciendo un agarre c\u00f3modo y natural.  Este dise\u00f1o reduce la fatiga en la mano y la mu\u00f1eca, permitiendo un uso prolongado sin molestias.  REGULABLE EN ALTURA  Con su sistema regulable, el bast\u00f3n 4 patas se adapta f\u00e1cilmente a la estatura del usuario, asegurando un soporte c\u00f3modo y personalizado.  Cuenta con 9 regulaciones y su altura es de 83 a 100 cm.","og_url":"https:\/\/www.tcuido.es\/en\/product\/baston-4-patas-ergonomico-y-ajustable-baston-4-apoyos-negro-fabricado-en-espana\/","og_site_name":"Tcuido","article_modified_time":"2025-09-23T17:28:22+00:00","og_image":[{"width":1000,"height":1000,"url":"https:\/\/www.tcuido.es\/wp-content\/uploads\/2024\/12\/M01_C01-03_P05_ft-01.webp","type":"image\/webp"}],"twitter_card":"summary_large_image","twitter_misc":{"Estimated reading time":"2 minutes"},"schema":{"@context":"https:\/\/schema.org","@graph":[{"@type":"WebPage","@id":"https:\/\/www.tcuido.es\/producto\/baston-4-patas-ergonomico-y-ajustable-baston-4-apoyos-negro-fabricado-en-espana\/","url":"https:\/\/www.tcuido.es\/producto\/baston-4-patas-ergonomico-y-ajustable-baston-4-apoyos-negro-fabricado-en-espana\/","name":"Bast\u00f3n 4 Patas Ergon\u00f3mico y Ajustable, Bast\u00f3n 4 Apoyos Negro, Fabricado en Espa\u00f1a - Tcuido","isPartOf":{"@id":"https:\/\/www.tcuido.es\/#website"},"primaryImageOfPage":{"@id":"https:\/\/www.tcuido.es\/producto\/baston-4-patas-ergonomico-y-ajustable-baston-4-apoyos-negro-fabricado-en-espana\/#primaryimage"},"image":{"@id":"https:\/\/www.tcuido.es\/producto\/baston-4-patas-ergonomico-y-ajustable-baston-4-apoyos-negro-fabricado-en-espana\/#primaryimage"},"thumbnailUrl":"https:\/\/www.tcuido.es\/wp-content\/uploads\/2024\/12\/M01_C01-03_P05_ft-01.webp","datePublished":"2024-12-26T20:04:14+00:00","dateModified":"2025-09-23T17:28:22+00:00","breadcrumb":{"@id":"https:\/\/www.tcuido.es\/producto\/baston-4-patas-ergonomico-y-ajustable-baston-4-apoyos-negro-fabricado-en-espana\/#breadcrumb"},"inLanguage":"en-GB","potentialAction":[{"@type":"ReadAction","target":["https:\/\/www.tcuido.es\/producto\/baston-4-patas-ergonomico-y-ajustable-baston-4-apoyos-negro-fabricado-en-espana\/"]}]},{"@type":"ImageObject","inLanguage":"en-GB","@id":"https:\/\/www.tcuido.es\/producto\/baston-4-patas-ergonomico-y-ajustable-baston-4-apoyos-negro-fabricado-en-espana\/#primaryimage","url":"https:\/\/www.tcuido.es\/wp-content\/uploads\/2024\/12\/M01_C01-03_P05_ft-01.webp","contentUrl":"https:\/\/www.tcuido.es\/wp-content\/uploads\/2024\/12\/M01_C01-03_P05_ft-01.webp","width":1000,"height":1000},{"@type":"BreadcrumbList","@id":"https:\/\/www.tcuido.es\/producto\/baston-4-patas-ergonomico-y-ajustable-baston-4-apoyos-negro-fabricado-en-espana\/#breadcrumb","itemListElement":[{"@type":"ListItem","position":1,"name":"Inicio","item":"https:\/\/www.tcuido.es\/"},{"@type":"ListItem","position":2,"name":"Tienda","item":"https:\/\/www.tcuido.es\/tienda\/"},{"@type":"ListItem","position":3,"name":"Bast\u00f3n 4 Patas Ergon\u00f3mico y Ajustable, Bast\u00f3n 4 Apoyos Negro, Fabricado en Espa\u00f1a"}]},{"@type":"WebSite","@id":"https:\/\/www.tcuido.es\/#website","url":"https:\/\/www.tcuido.es\/","name":"I take care","description":"Comprehensive Dependency Services","publisher":{"@id":"https:\/\/www.tcuido.es\/#organization"},"potentialAction":[{"@type":"SearchAction","target":{"@type":"EntryPoint","urlTemplate":"https:\/\/www.tcuido.es\/?s={search_term_string}"},"query-input":{"@type":"PropertyValueSpecification","valueRequired":true,"valueName":"search_term_string"}}],"inLanguage":"en-GB"},{"@type":"Organization","@id":"https:\/\/www.tcuido.es\/#organization","name":"Tcuido Comprehensive Dependency Services","url":"https:\/\/www.tcuido.es\/","logo":{"@type":"ImageObject","inLanguage":"en-GB","@id":"https:\/\/www.tcuido.es\/#\/schema\/logo\/image\/","url":"https:\/\/www.tcuido.es\/wp-content\/uploads\/2024\/03\/TCUIDO-facturas.png","contentUrl":"https:\/\/www.tcuido.es\/wp-content\/uploads\/2024\/03\/TCUIDO-facturas.png","width":1600,"height":361,"caption":"Tcuido Servicios Integrales a la Dependencia"},"image":{"@id":"https:\/\/www.tcuido.es\/#\/schema\/logo\/image\/"}}]}},"_links":{"self":[{"href":"https:\/\/www.tcuido.es\/en\/wp-json\/wp\/v2\/product\/3577","targetHints":{"allow":["GET"]}}],"collection":[{"href":"https:\/\/www.tcuido.es\/en\/wp-json\/wp\/v2\/product"}],"about":[{"href":"https:\/\/www.tcuido.es\/en\/wp-json\/wp\/v2\/types\/product"}],"wp:featuredmedia":[{"embeddable":true,"href":"https:\/\/www.tcuido.es\/en\/wp-json\/wp\/v2\/media\/3579"}],"wp:attachment":[{"href":"https:\/\/www.tcuido.es\/en\/wp-json\/wp\/v2\/media?parent=3577"}],"wp:term":[{"taxonomy":"product_brand","embeddable":true,"href":"https:\/\/www.tcuido.es\/en\/wp-json\/wp\/v2\/product_brand?post=3577"},{"taxonomy":"product_cat","embeddable":true,"href":"https:\/\/www.tcuido.es\/en\/wp-json\/wp\/v2\/product_cat?post=3577"},{"taxonomy":"product_tag","embeddable":true,"href":"https:\/\/www.tcuido.es\/en\/wp-json\/wp\/v2\/product_tag?post=3577"}],"curies":[{"name":"wp","href":"https:\/\/api.w.org\/{rel}","templated":true}]}}