{"id":3618,"date":"2024-12-26T20:29:59","date_gmt":"2024-12-26T20:29:59","guid":{"rendered":"https:\/\/www.tcuido.es\/?post_type=product&#038;p=3618"},"modified":"2025-09-23T17:28:27","modified_gmt":"2025-09-23T17:28:27","slug":"baston-silla-plegable-baston-con-asiento-negro","status":"publish","type":"product","link":"https:\/\/www.tcuido.es\/en\/product\/baston-silla-plegable-baston-con-asiento-negro\/","title":{"rendered":"Folding Walking Stick Chair, Walking Stick with Black Seat"},"content":{"rendered":"<p><strong><span style=\"color: #97bf0d;\">CHARACTERISTICS<\/span><\/strong><\/p>\n<ul>\n<li>FUNCTIONAL: This cane with chair is designed to provide extra support when walking and, in addition, its folding seat allows the user to sit and rest anywhere easily.<\/li>\n<li>FOLDABLE SEAT: The cane features a foldable seat (21.5 x 19.5 cm) that can be easily opened to use as a chair. Once opened, the handle of the cane should be at the front when sitting. IMPORTANT: Do not use the handle as a backrest.<\/li>\n<li>COMFORTABLE: Made of aluminum, this cane provides stability for those who need extra support and balance. In addition, the tripod base and non-slip tips provide greater comfort and safety when sitting.<\/li>\n<li>DURABLE: Thanks to the solid aluminum structure that forms it, the cane supports up to 100 kg of weight, with a total height of 87 cm and 52 cm to the seat.<\/li>\n<li>RECOMMENDED FOR: Active people who want to rest while waiting, in queues, travelling, etc. and need a point of support.<\/li>\n<\/ul>\n<p>&nbsp;<\/p>\n<p><strong><span style=\"color: #97bf0d;\">TECHNICAL DETAILS<\/span><\/strong><\/p>\n<ul>\n<li>Weight: 1 kg<\/li>\n<li>Seat measurements: 21.5\u00d719.5 cm<\/li>\n<li>End Tube: 25 mm<\/li>\n<li>Height: 87 cm<\/li>\n<li>Seat Height: 52 cm<\/li>\n<li>Seat Width: 23 cm<\/li>\n<li>Folded Dimensions: 87\u00d721.5\u00d75 cm<\/li>\n<li>Maximum User Weight: 100 kg<\/li>\n<\/ul>\n<p>&nbsp;<\/p>\n<p><span style=\"color: #97bf0d;\"><strong>ADDITIONAL INFORMATION<\/strong><\/span><\/p>\n<ul>\n<li>Material: Aluminum<\/li>\n<li>Grip Material: Rubber<\/li>\n<li>Color: Black<\/li>\n<li>Grip: Soft<\/li>\n<li>Storage bag: No<\/li>\n<li>Hand Tape: No<\/li>\n<li>Dimmable: No<\/li>\n<li>Adjustable Seat: No<\/li>\n<li>Foldable: Yes<\/li>\n<\/ul>","protected":false},"excerpt":{"rendered":"<p><strong><span style=\"color: #97bf0d;\">2 IN 1<\/span><\/strong><\/p>\n<p>You can turn the cane into a chair in one movement. A seat unfolds, allowing you to rest when needed.<\/p>\n<p><strong><span style=\"color: #97bf0d;\">FIRM AND SECURE<\/span><\/strong><\/p>\n<p>It has a robust design made of aluminum that allows it to be used safely as a cane and as a chair.<\/p>\n<p><span style=\"color: #97bf0d;\"><strong>EASY FOLDING<\/strong><\/span><\/p>\n<p>The Walking Stick Chair has a simple folding system so that it can be used in both functions easily. In addition, when folded it has small dimensions and a bag, which allows you to transport it easily.<\/p>","protected":false},"featured_media":3613,"template":"","meta":{"inline_featured_image":false},"product_brand":[],"product_cat":[24,21],"product_tag":[36],"class_list":{"0":"post-3618","1":"product","2":"type-product","3":"status-publish","4":"has-post-thumbnail","6":"product_cat-bastones","7":"product_cat-movilidad","8":"product_tag-kmina","10":"first","11":"instock","12":"taxable","13":"shipping-taxable","14":"purchasable","15":"product-type-simple"},"yoast_head":"<!-- This site is optimized with the Yoast SEO Premium plugin v22.6 (Yoast SEO v27.1.1) - https:\/\/yoast.com\/product\/yoast-seo-premium-wordpress\/ -->\n<title>Bast\u00f3n Silla Plegable, Bast\u00f3n con Asiento Negro - Tcuido<\/title>\n<meta name=\"robots\" content=\"index, follow, max-snippet:-1, max-image-preview:large, max-video-preview:-1\" \/>\n<link rel=\"canonical\" href=\"https:\/\/www.tcuido.es\/en\/product\/baston-silla-plegable-baston-con-asiento-negro\/\" \/>\n<meta property=\"og:locale\" content=\"en_GB\" \/>\n<meta property=\"og:type\" content=\"article\" \/>\n<meta property=\"og:title\" content=\"Bast\u00f3n Silla Plegable, Bast\u00f3n con Asiento Negro\" \/>\n<meta property=\"og:description\" content=\"2 EN 1  Puedes convertir el bast\u00f3n en silla con un solo movimiento. Se despliega un asiento que te permite descansar cuando sea necesario.  FIRME Y SEGURO  Cuenta con un dise\u00f1o robusto fabricado en aluminio que permite ser usado como bast\u00f3n y como silla de forma segura.  F\u00c1CIL PLEGADO  El Bast\u00f3n - Silla cuenta con un sencillo sistema de plegado para poder utilizarlo en ambas funcionalidades de forma sencilla. Adem\u00e1s, plegado cuenta con unas reducidas dimensiones y una bolsa, que te permite transportarlo f\u00e1cilmente.\" \/>\n<meta property=\"og:url\" content=\"https:\/\/www.tcuido.es\/en\/product\/baston-silla-plegable-baston-con-asiento-negro\/\" \/>\n<meta property=\"og:site_name\" content=\"Tcuido\" \/>\n<meta property=\"article:modified_time\" content=\"2025-09-23T17:28:27+00:00\" \/>\n<meta property=\"og:image\" content=\"https:\/\/www.tcuido.es\/wp-content\/uploads\/2024\/12\/M01_C01-03_P09_ft-01.webp\" \/>\n\t<meta property=\"og:image:width\" content=\"1000\" \/>\n\t<meta property=\"og:image:height\" content=\"1000\" \/>\n\t<meta property=\"og:image:type\" content=\"image\/webp\" \/>\n<meta name=\"twitter:card\" content=\"summary_large_image\" \/>\n<meta name=\"twitter:label1\" content=\"Estimated reading time\" \/>\n\t<meta name=\"twitter:data1\" content=\"2 minutes\" \/>\n<script type=\"application\/ld+json\" class=\"yoast-schema-graph\">{\"@context\":\"https:\/\/schema.org\",\"@graph\":[{\"@type\":\"WebPage\",\"@id\":\"https:\/\/www.tcuido.es\/producto\/baston-silla-plegable-baston-con-asiento-negro\/\",\"url\":\"https:\/\/www.tcuido.es\/producto\/baston-silla-plegable-baston-con-asiento-negro\/\",\"name\":\"Bast\u00f3n Silla Plegable, Bast\u00f3n con Asiento Negro - Tcuido\",\"isPartOf\":{\"@id\":\"https:\/\/www.tcuido.es\/#website\"},\"primaryImageOfPage\":{\"@id\":\"https:\/\/www.tcuido.es\/producto\/baston-silla-plegable-baston-con-asiento-negro\/#primaryimage\"},\"image\":{\"@id\":\"https:\/\/www.tcuido.es\/producto\/baston-silla-plegable-baston-con-asiento-negro\/#primaryimage\"},\"thumbnailUrl\":\"https:\/\/www.tcuido.es\/wp-content\/uploads\/2024\/12\/M01_C01-03_P09_ft-01.webp\",\"datePublished\":\"2024-12-26T20:29:59+00:00\",\"dateModified\":\"2025-09-23T17:28:27+00:00\",\"breadcrumb\":{\"@id\":\"https:\/\/www.tcuido.es\/producto\/baston-silla-plegable-baston-con-asiento-negro\/#breadcrumb\"},\"inLanguage\":\"en-GB\",\"potentialAction\":[{\"@type\":\"ReadAction\",\"target\":[\"https:\/\/www.tcuido.es\/producto\/baston-silla-plegable-baston-con-asiento-negro\/\"]}]},{\"@type\":\"ImageObject\",\"inLanguage\":\"en-GB\",\"@id\":\"https:\/\/www.tcuido.es\/producto\/baston-silla-plegable-baston-con-asiento-negro\/#primaryimage\",\"url\":\"https:\/\/www.tcuido.es\/wp-content\/uploads\/2024\/12\/M01_C01-03_P09_ft-01.webp\",\"contentUrl\":\"https:\/\/www.tcuido.es\/wp-content\/uploads\/2024\/12\/M01_C01-03_P09_ft-01.webp\",\"width\":1000,\"height\":1000},{\"@type\":\"BreadcrumbList\",\"@id\":\"https:\/\/www.tcuido.es\/producto\/baston-silla-plegable-baston-con-asiento-negro\/#breadcrumb\",\"itemListElement\":[{\"@type\":\"ListItem\",\"position\":1,\"name\":\"Inicio\",\"item\":\"https:\/\/www.tcuido.es\/\"},{\"@type\":\"ListItem\",\"position\":2,\"name\":\"Tienda\",\"item\":\"https:\/\/www.tcuido.es\/tienda\/\"},{\"@type\":\"ListItem\",\"position\":3,\"name\":\"Bast\u00f3n Silla Plegable, Bast\u00f3n con Asiento Negro\"}]},{\"@type\":\"WebSite\",\"@id\":\"https:\/\/www.tcuido.es\/#website\",\"url\":\"https:\/\/www.tcuido.es\/\",\"name\":\"Tcuido\",\"description\":\"Servicios Integrales a la Dependencia\",\"publisher\":{\"@id\":\"https:\/\/www.tcuido.es\/#organization\"},\"potentialAction\":[{\"@type\":\"SearchAction\",\"target\":{\"@type\":\"EntryPoint\",\"urlTemplate\":\"https:\/\/www.tcuido.es\/?s={search_term_string}\"},\"query-input\":{\"@type\":\"PropertyValueSpecification\",\"valueRequired\":true,\"valueName\":\"search_term_string\"}}],\"inLanguage\":\"en-GB\"},{\"@type\":\"Organization\",\"@id\":\"https:\/\/www.tcuido.es\/#organization\",\"name\":\"Tcuido Servicios Integrales a la Dependencia\",\"url\":\"https:\/\/www.tcuido.es\/\",\"logo\":{\"@type\":\"ImageObject\",\"inLanguage\":\"en-GB\",\"@id\":\"https:\/\/www.tcuido.es\/#\/schema\/logo\/image\/\",\"url\":\"https:\/\/www.tcuido.es\/wp-content\/uploads\/2024\/03\/TCUIDO-facturas.png\",\"contentUrl\":\"https:\/\/www.tcuido.es\/wp-content\/uploads\/2024\/03\/TCUIDO-facturas.png\",\"width\":1600,\"height\":361,\"caption\":\"Tcuido Servicios Integrales a la Dependencia\"},\"image\":{\"@id\":\"https:\/\/www.tcuido.es\/#\/schema\/logo\/image\/\"}}]}<\/script>\n<!-- \/ Yoast SEO Premium plugin. -->","yoast_head_json":{"title":"Bast\u00f3n Silla Plegable, Bast\u00f3n con Asiento Negro - Tcuido","robots":{"index":"index","follow":"follow","max-snippet":"max-snippet:-1","max-image-preview":"max-image-preview:large","max-video-preview":"max-video-preview:-1"},"canonical":"https:\/\/www.tcuido.es\/en\/product\/baston-silla-plegable-baston-con-asiento-negro\/","og_locale":"en_GB","og_type":"article","og_title":"Bast\u00f3n Silla Plegable, Bast\u00f3n con Asiento Negro","og_description":"2 EN 1  Puedes convertir el bast\u00f3n en silla con un solo movimiento. Se despliega un asiento que te permite descansar cuando sea necesario.  FIRME Y SEGURO  Cuenta con un dise\u00f1o robusto fabricado en aluminio que permite ser usado como bast\u00f3n y como silla de forma segura.  F\u00c1CIL PLEGADO  El Bast\u00f3n - Silla cuenta con un sencillo sistema de plegado para poder utilizarlo en ambas funcionalidades de forma sencilla. Adem\u00e1s, plegado cuenta con unas reducidas dimensiones y una bolsa, que te permite transportarlo f\u00e1cilmente.","og_url":"https:\/\/www.tcuido.es\/en\/product\/baston-silla-plegable-baston-con-asiento-negro\/","og_site_name":"Tcuido","article_modified_time":"2025-09-23T17:28:27+00:00","og_image":[{"width":1000,"height":1000,"url":"https:\/\/www.tcuido.es\/wp-content\/uploads\/2024\/12\/M01_C01-03_P09_ft-01.webp","type":"image\/webp"}],"twitter_card":"summary_large_image","twitter_misc":{"Estimated reading time":"2 minutes"},"schema":{"@context":"https:\/\/schema.org","@graph":[{"@type":"WebPage","@id":"https:\/\/www.tcuido.es\/producto\/baston-silla-plegable-baston-con-asiento-negro\/","url":"https:\/\/www.tcuido.es\/producto\/baston-silla-plegable-baston-con-asiento-negro\/","name":"Bast\u00f3n Silla Plegable, Bast\u00f3n con Asiento Negro - Tcuido","isPartOf":{"@id":"https:\/\/www.tcuido.es\/#website"},"primaryImageOfPage":{"@id":"https:\/\/www.tcuido.es\/producto\/baston-silla-plegable-baston-con-asiento-negro\/#primaryimage"},"image":{"@id":"https:\/\/www.tcuido.es\/producto\/baston-silla-plegable-baston-con-asiento-negro\/#primaryimage"},"thumbnailUrl":"https:\/\/www.tcuido.es\/wp-content\/uploads\/2024\/12\/M01_C01-03_P09_ft-01.webp","datePublished":"2024-12-26T20:29:59+00:00","dateModified":"2025-09-23T17:28:27+00:00","breadcrumb":{"@id":"https:\/\/www.tcuido.es\/producto\/baston-silla-plegable-baston-con-asiento-negro\/#breadcrumb"},"inLanguage":"en-GB","potentialAction":[{"@type":"ReadAction","target":["https:\/\/www.tcuido.es\/producto\/baston-silla-plegable-baston-con-asiento-negro\/"]}]},{"@type":"ImageObject","inLanguage":"en-GB","@id":"https:\/\/www.tcuido.es\/producto\/baston-silla-plegable-baston-con-asiento-negro\/#primaryimage","url":"https:\/\/www.tcuido.es\/wp-content\/uploads\/2024\/12\/M01_C01-03_P09_ft-01.webp","contentUrl":"https:\/\/www.tcuido.es\/wp-content\/uploads\/2024\/12\/M01_C01-03_P09_ft-01.webp","width":1000,"height":1000},{"@type":"BreadcrumbList","@id":"https:\/\/www.tcuido.es\/producto\/baston-silla-plegable-baston-con-asiento-negro\/#breadcrumb","itemListElement":[{"@type":"ListItem","position":1,"name":"Inicio","item":"https:\/\/www.tcuido.es\/"},{"@type":"ListItem","position":2,"name":"Tienda","item":"https:\/\/www.tcuido.es\/tienda\/"},{"@type":"ListItem","position":3,"name":"Bast\u00f3n Silla Plegable, Bast\u00f3n con Asiento Negro"}]},{"@type":"WebSite","@id":"https:\/\/www.tcuido.es\/#website","url":"https:\/\/www.tcuido.es\/","name":"I take care","description":"Comprehensive Dependency Services","publisher":{"@id":"https:\/\/www.tcuido.es\/#organization"},"potentialAction":[{"@type":"SearchAction","target":{"@type":"EntryPoint","urlTemplate":"https:\/\/www.tcuido.es\/?s={search_term_string}"},"query-input":{"@type":"PropertyValueSpecification","valueRequired":true,"valueName":"search_term_string"}}],"inLanguage":"en-GB"},{"@type":"Organization","@id":"https:\/\/www.tcuido.es\/#organization","name":"Tcuido Comprehensive Dependency Services","url":"https:\/\/www.tcuido.es\/","logo":{"@type":"ImageObject","inLanguage":"en-GB","@id":"https:\/\/www.tcuido.es\/#\/schema\/logo\/image\/","url":"https:\/\/www.tcuido.es\/wp-content\/uploads\/2024\/03\/TCUIDO-facturas.png","contentUrl":"https:\/\/www.tcuido.es\/wp-content\/uploads\/2024\/03\/TCUIDO-facturas.png","width":1600,"height":361,"caption":"Tcuido Servicios Integrales a la Dependencia"},"image":{"@id":"https:\/\/www.tcuido.es\/#\/schema\/logo\/image\/"}}]}},"_links":{"self":[{"href":"https:\/\/www.tcuido.es\/en\/wp-json\/wp\/v2\/product\/3618","targetHints":{"allow":["GET"]}}],"collection":[{"href":"https:\/\/www.tcuido.es\/en\/wp-json\/wp\/v2\/product"}],"about":[{"href":"https:\/\/www.tcuido.es\/en\/wp-json\/wp\/v2\/types\/product"}],"wp:featuredmedia":[{"embeddable":true,"href":"https:\/\/www.tcuido.es\/en\/wp-json\/wp\/v2\/media\/3613"}],"wp:attachment":[{"href":"https:\/\/www.tcuido.es\/en\/wp-json\/wp\/v2\/media?parent=3618"}],"wp:term":[{"taxonomy":"product_brand","embeddable":true,"href":"https:\/\/www.tcuido.es\/en\/wp-json\/wp\/v2\/product_brand?post=3618"},{"taxonomy":"product_cat","embeddable":true,"href":"https:\/\/www.tcuido.es\/en\/wp-json\/wp\/v2\/product_cat?post=3618"},{"taxonomy":"product_tag","embeddable":true,"href":"https:\/\/www.tcuido.es\/en\/wp-json\/wp\/v2\/product_tag?post=3618"}],"curies":[{"name":"wp","href":"https:\/\/api.w.org\/{rel}","templated":true}]}}