{"id":3622,"date":"2024-12-26T20:36:25","date_gmt":"2024-12-26T20:36:25","guid":{"rendered":"https:\/\/www.tcuido.es\/?post_type=product&#038;p=3622"},"modified":"2025-09-23T17:28:24","modified_gmt":"2025-09-23T17:28:24","slug":"baston-ortopedico-plegable-mano-derecha-bastones-para-andar-personas-mayores","status":"publish","type":"product","link":"https:\/\/www.tcuido.es\/en\/product\/baston-ortopedico-plegable-mano-derecha-bastones-para-andar-personas-mayores\/","title":{"rendered":"Folding Orthopedic Cane (Right Hand), Walking Sticks for Seniors"},"content":{"rendered":"<p><strong><span style=\"color: #97bf0d;\">CHARACTERISTICS<\/span><\/strong><\/p>\n<ul>\n<li>AVOID PAIN: Its ergonomic design fits perfectly to the right hand, reducing pain and discomfort in the hands and wrists when using the cane.<\/li>\n<li>PROMOTES COMPLETE DISCHARGE: The ergonomic design of the handle provides a more complete grip and adapts to the shape of the hand allowing the pressure to spread evenly across the palm.<\/li>\n<li>COMFORTABLE: It has a quality nylon strap that allows you to free your hand. In addition, its folding system allows this ergonomic cane to take up very little space, making it ideal for storing anywhere.<\/li>\n<li>STABILITY AND SAFETY: The non-slip end cap adapts to all surfaces and helps prevent annoying slips.<\/li>\n<li>GRIP: Provides a secure grip and wide, stable support similar to a three-legged cane, but with improved accessibility.<\/li>\n<\/ul>\n<p>&nbsp;<\/p>\n<p><strong><span style=\"color: #97bf0d;\">TECHNICAL DETAILS<\/span><\/strong><\/p>\n<ul>\n<li>Weight: 0.42 kg<\/li>\n<li>Regulations: 9<\/li>\n<li>End Tube: 17 mm<\/li>\n<li>User Height: 155-185 cm<\/li>\n<li>Maximum User Weight: 100 kg<\/li>\n<li>Hand: Right<\/li>\n<\/ul>\n<p>&nbsp;<\/p>\n<p><strong><span style=\"color: #97bf0d;\">ADDITIONAL INFORMATION<\/span><\/strong><\/p>\n<ul>\n<li>Material: Aluminum<\/li>\n<li>Grip Material: Rubber<\/li>\n<li>Color: Black<\/li>\n<li>Grip: Soft<\/li>\n<li>Storage bag: Yes<\/li>\n<li>Hand Strap: Yes<\/li>\n<li>Dimmable: Yes<\/li>\n<li>Foldable: No<\/li>\n<li>Extensible: Yes<\/li>\n<\/ul>","protected":false},"excerpt":{"rendered":"<p><strong><span style=\"color: #97bf0d;\">ERGONOMIC GRIP<\/span><\/strong><\/p>\n<p>Designed to prevent pain thanks to the fuller grip and the handle that perfectly adapts to the shape of the hand. Folded cane length: 29 cm.<\/p>\n<p><strong><span style=\"color: #97bf0d;\">ADJUSTABLE<\/span><\/strong><\/p>\n<p>This walking stick, which has 6 adjustments, has a light and resistant structure made of anodized aluminum.<\/p>\n<p><strong><span style=\"color: #97bf0d;\">WIDE AND FLEXIBLE END<\/span><\/strong><\/p>\n<p>End cap made of 100% natural rubber. Provides greater adaptation and adherence to different surfaces (base diameter 80 mm).<\/p>","protected":false},"featured_media":3625,"template":"","meta":{"inline_featured_image":false},"product_brand":[],"product_cat":[24,21],"product_tag":[36],"class_list":{"0":"post-3622","1":"product","2":"type-product","3":"status-publish","4":"has-post-thumbnail","6":"product_cat-bastones","7":"product_cat-movilidad","8":"product_tag-kmina","10":"first","11":"instock","12":"taxable","13":"shipping-taxable","14":"purchasable","15":"product-type-simple"},"yoast_head":"<!-- This site is optimized with the Yoast SEO Premium plugin v22.6 (Yoast SEO v27.1.1) - https:\/\/yoast.com\/product\/yoast-seo-premium-wordpress\/ -->\n<title>Bast\u00f3n Ortop\u00e9dico Plegable (Mano Derecha), Bastones para Andar Personas Mayores - Tcuido<\/title>\n<meta name=\"robots\" content=\"index, follow, max-snippet:-1, max-image-preview:large, max-video-preview:-1\" \/>\n<link rel=\"canonical\" href=\"https:\/\/www.tcuido.es\/en\/product\/baston-ortopedico-plegable-mano-derecha-bastones-para-andar-personas-mayores\/\" \/>\n<meta property=\"og:locale\" content=\"en_GB\" \/>\n<meta property=\"og:type\" content=\"article\" \/>\n<meta property=\"og:title\" content=\"Bast\u00f3n Ortop\u00e9dico Plegable (Mano Derecha), Bastones para Andar Personas Mayores\" \/>\n<meta property=\"og:description\" content=\"EMPU\u00d1ADURA ERGON\u00d3MICA  Dise\u00f1ado para evitar el dolor gracias a que el agarre es m\u00e1s completo y el mango se adapta perfectamente a la forma de la mano. Longitud del bast\u00f3n plegado: 29 cm.  REGULABLE  Este bast\u00f3n, que cuenta con 6 regulaciones. Tiene una estructura ligera y resistente de aluminio anodizado.  CONTERA ANCHA Y FLEXIBLE  Contera fabricada en caucho 100% natural. Ofrece mayor adaptaci\u00f3n y adherencia a distintas superficies (di\u00e1metro de la base 80 mm).\" \/>\n<meta property=\"og:url\" content=\"https:\/\/www.tcuido.es\/en\/product\/baston-ortopedico-plegable-mano-derecha-bastones-para-andar-personas-mayores\/\" \/>\n<meta property=\"og:site_name\" content=\"Tcuido\" \/>\n<meta property=\"article:modified_time\" content=\"2025-09-23T17:28:24+00:00\" \/>\n<meta property=\"og:image\" content=\"https:\/\/www.tcuido.es\/wp-content\/uploads\/2024\/12\/M01_C01-03_P10_ft-01.webp\" \/>\n\t<meta property=\"og:image:width\" content=\"1500\" \/>\n\t<meta property=\"og:image:height\" content=\"1500\" \/>\n\t<meta property=\"og:image:type\" content=\"image\/webp\" \/>\n<meta name=\"twitter:card\" content=\"summary_large_image\" \/>\n<meta name=\"twitter:label1\" content=\"Estimated reading time\" \/>\n\t<meta name=\"twitter:data1\" content=\"2 minutes\" \/>\n<script type=\"application\/ld+json\" class=\"yoast-schema-graph\">{\"@context\":\"https:\/\/schema.org\",\"@graph\":[{\"@type\":\"WebPage\",\"@id\":\"https:\/\/www.tcuido.es\/producto\/baston-ortopedico-plegable-mano-derecha-bastones-para-andar-personas-mayores\/\",\"url\":\"https:\/\/www.tcuido.es\/producto\/baston-ortopedico-plegable-mano-derecha-bastones-para-andar-personas-mayores\/\",\"name\":\"Bast\u00f3n Ortop\u00e9dico Plegable (Mano Derecha), Bastones para Andar Personas Mayores - Tcuido\",\"isPartOf\":{\"@id\":\"https:\/\/www.tcuido.es\/#website\"},\"primaryImageOfPage\":{\"@id\":\"https:\/\/www.tcuido.es\/producto\/baston-ortopedico-plegable-mano-derecha-bastones-para-andar-personas-mayores\/#primaryimage\"},\"image\":{\"@id\":\"https:\/\/www.tcuido.es\/producto\/baston-ortopedico-plegable-mano-derecha-bastones-para-andar-personas-mayores\/#primaryimage\"},\"thumbnailUrl\":\"https:\/\/www.tcuido.es\/wp-content\/uploads\/2024\/12\/M01_C01-03_P10_ft-01.webp\",\"datePublished\":\"2024-12-26T20:36:25+00:00\",\"dateModified\":\"2025-09-23T17:28:24+00:00\",\"breadcrumb\":{\"@id\":\"https:\/\/www.tcuido.es\/producto\/baston-ortopedico-plegable-mano-derecha-bastones-para-andar-personas-mayores\/#breadcrumb\"},\"inLanguage\":\"en-GB\",\"potentialAction\":[{\"@type\":\"ReadAction\",\"target\":[\"https:\/\/www.tcuido.es\/producto\/baston-ortopedico-plegable-mano-derecha-bastones-para-andar-personas-mayores\/\"]}]},{\"@type\":\"ImageObject\",\"inLanguage\":\"en-GB\",\"@id\":\"https:\/\/www.tcuido.es\/producto\/baston-ortopedico-plegable-mano-derecha-bastones-para-andar-personas-mayores\/#primaryimage\",\"url\":\"https:\/\/www.tcuido.es\/wp-content\/uploads\/2024\/12\/M01_C01-03_P10_ft-01.webp\",\"contentUrl\":\"https:\/\/www.tcuido.es\/wp-content\/uploads\/2024\/12\/M01_C01-03_P10_ft-01.webp\",\"width\":1500,\"height\":1500},{\"@type\":\"BreadcrumbList\",\"@id\":\"https:\/\/www.tcuido.es\/producto\/baston-ortopedico-plegable-mano-derecha-bastones-para-andar-personas-mayores\/#breadcrumb\",\"itemListElement\":[{\"@type\":\"ListItem\",\"position\":1,\"name\":\"Inicio\",\"item\":\"https:\/\/www.tcuido.es\/\"},{\"@type\":\"ListItem\",\"position\":2,\"name\":\"Tienda\",\"item\":\"https:\/\/www.tcuido.es\/tienda\/\"},{\"@type\":\"ListItem\",\"position\":3,\"name\":\"Bast\u00f3n Ortop\u00e9dico Plegable (Mano Derecha), Bastones para Andar Personas Mayores\"}]},{\"@type\":\"WebSite\",\"@id\":\"https:\/\/www.tcuido.es\/#website\",\"url\":\"https:\/\/www.tcuido.es\/\",\"name\":\"Tcuido\",\"description\":\"Servicios Integrales a la Dependencia\",\"publisher\":{\"@id\":\"https:\/\/www.tcuido.es\/#organization\"},\"potentialAction\":[{\"@type\":\"SearchAction\",\"target\":{\"@type\":\"EntryPoint\",\"urlTemplate\":\"https:\/\/www.tcuido.es\/?s={search_term_string}\"},\"query-input\":{\"@type\":\"PropertyValueSpecification\",\"valueRequired\":true,\"valueName\":\"search_term_string\"}}],\"inLanguage\":\"en-GB\"},{\"@type\":\"Organization\",\"@id\":\"https:\/\/www.tcuido.es\/#organization\",\"name\":\"Tcuido Servicios Integrales a la Dependencia\",\"url\":\"https:\/\/www.tcuido.es\/\",\"logo\":{\"@type\":\"ImageObject\",\"inLanguage\":\"en-GB\",\"@id\":\"https:\/\/www.tcuido.es\/#\/schema\/logo\/image\/\",\"url\":\"https:\/\/www.tcuido.es\/wp-content\/uploads\/2024\/03\/TCUIDO-facturas.png\",\"contentUrl\":\"https:\/\/www.tcuido.es\/wp-content\/uploads\/2024\/03\/TCUIDO-facturas.png\",\"width\":1600,\"height\":361,\"caption\":\"Tcuido Servicios Integrales a la Dependencia\"},\"image\":{\"@id\":\"https:\/\/www.tcuido.es\/#\/schema\/logo\/image\/\"}}]}<\/script>\n<!-- \/ Yoast SEO Premium plugin. -->","yoast_head_json":{"title":"Folding Orthopedic Cane (Right Hand), Walking Sticks for Seniors - Tcuido","robots":{"index":"index","follow":"follow","max-snippet":"max-snippet:-1","max-image-preview":"max-image-preview:large","max-video-preview":"max-video-preview:-1"},"canonical":"https:\/\/www.tcuido.es\/en\/product\/baston-ortopedico-plegable-mano-derecha-bastones-para-andar-personas-mayores\/","og_locale":"en_GB","og_type":"article","og_title":"Bast\u00f3n Ortop\u00e9dico Plegable (Mano Derecha), Bastones para Andar Personas Mayores","og_description":"EMPU\u00d1ADURA ERGON\u00d3MICA  Dise\u00f1ado para evitar el dolor gracias a que el agarre es m\u00e1s completo y el mango se adapta perfectamente a la forma de la mano. Longitud del bast\u00f3n plegado: 29 cm.  REGULABLE  Este bast\u00f3n, que cuenta con 6 regulaciones. Tiene una estructura ligera y resistente de aluminio anodizado.  CONTERA ANCHA Y FLEXIBLE  Contera fabricada en caucho 100% natural. Ofrece mayor adaptaci\u00f3n y adherencia a distintas superficies (di\u00e1metro de la base 80 mm).","og_url":"https:\/\/www.tcuido.es\/en\/product\/baston-ortopedico-plegable-mano-derecha-bastones-para-andar-personas-mayores\/","og_site_name":"Tcuido","article_modified_time":"2025-09-23T17:28:24+00:00","og_image":[{"width":1500,"height":1500,"url":"https:\/\/www.tcuido.es\/wp-content\/uploads\/2024\/12\/M01_C01-03_P10_ft-01.webp","type":"image\/webp"}],"twitter_card":"summary_large_image","twitter_misc":{"Estimated reading time":"2 minutes"},"schema":{"@context":"https:\/\/schema.org","@graph":[{"@type":"WebPage","@id":"https:\/\/www.tcuido.es\/producto\/baston-ortopedico-plegable-mano-derecha-bastones-para-andar-personas-mayores\/","url":"https:\/\/www.tcuido.es\/producto\/baston-ortopedico-plegable-mano-derecha-bastones-para-andar-personas-mayores\/","name":"Folding Orthopedic Cane (Right Hand), Walking Sticks for Seniors - Tcuido","isPartOf":{"@id":"https:\/\/www.tcuido.es\/#website"},"primaryImageOfPage":{"@id":"https:\/\/www.tcuido.es\/producto\/baston-ortopedico-plegable-mano-derecha-bastones-para-andar-personas-mayores\/#primaryimage"},"image":{"@id":"https:\/\/www.tcuido.es\/producto\/baston-ortopedico-plegable-mano-derecha-bastones-para-andar-personas-mayores\/#primaryimage"},"thumbnailUrl":"https:\/\/www.tcuido.es\/wp-content\/uploads\/2024\/12\/M01_C01-03_P10_ft-01.webp","datePublished":"2024-12-26T20:36:25+00:00","dateModified":"2025-09-23T17:28:24+00:00","breadcrumb":{"@id":"https:\/\/www.tcuido.es\/producto\/baston-ortopedico-plegable-mano-derecha-bastones-para-andar-personas-mayores\/#breadcrumb"},"inLanguage":"en-GB","potentialAction":[{"@type":"ReadAction","target":["https:\/\/www.tcuido.es\/producto\/baston-ortopedico-plegable-mano-derecha-bastones-para-andar-personas-mayores\/"]}]},{"@type":"ImageObject","inLanguage":"en-GB","@id":"https:\/\/www.tcuido.es\/producto\/baston-ortopedico-plegable-mano-derecha-bastones-para-andar-personas-mayores\/#primaryimage","url":"https:\/\/www.tcuido.es\/wp-content\/uploads\/2024\/12\/M01_C01-03_P10_ft-01.webp","contentUrl":"https:\/\/www.tcuido.es\/wp-content\/uploads\/2024\/12\/M01_C01-03_P10_ft-01.webp","width":1500,"height":1500},{"@type":"BreadcrumbList","@id":"https:\/\/www.tcuido.es\/producto\/baston-ortopedico-plegable-mano-derecha-bastones-para-andar-personas-mayores\/#breadcrumb","itemListElement":[{"@type":"ListItem","position":1,"name":"Inicio","item":"https:\/\/www.tcuido.es\/"},{"@type":"ListItem","position":2,"name":"Tienda","item":"https:\/\/www.tcuido.es\/tienda\/"},{"@type":"ListItem","position":3,"name":"Bast\u00f3n Ortop\u00e9dico Plegable (Mano Derecha), Bastones para Andar Personas Mayores"}]},{"@type":"WebSite","@id":"https:\/\/www.tcuido.es\/#website","url":"https:\/\/www.tcuido.es\/","name":"I take care","description":"Comprehensive Dependency Services","publisher":{"@id":"https:\/\/www.tcuido.es\/#organization"},"potentialAction":[{"@type":"SearchAction","target":{"@type":"EntryPoint","urlTemplate":"https:\/\/www.tcuido.es\/?s={search_term_string}"},"query-input":{"@type":"PropertyValueSpecification","valueRequired":true,"valueName":"search_term_string"}}],"inLanguage":"en-GB"},{"@type":"Organization","@id":"https:\/\/www.tcuido.es\/#organization","name":"Tcuido Comprehensive Dependency Services","url":"https:\/\/www.tcuido.es\/","logo":{"@type":"ImageObject","inLanguage":"en-GB","@id":"https:\/\/www.tcuido.es\/#\/schema\/logo\/image\/","url":"https:\/\/www.tcuido.es\/wp-content\/uploads\/2024\/03\/TCUIDO-facturas.png","contentUrl":"https:\/\/www.tcuido.es\/wp-content\/uploads\/2024\/03\/TCUIDO-facturas.png","width":1600,"height":361,"caption":"Tcuido Servicios Integrales a la Dependencia"},"image":{"@id":"https:\/\/www.tcuido.es\/#\/schema\/logo\/image\/"}}]}},"_links":{"self":[{"href":"https:\/\/www.tcuido.es\/en\/wp-json\/wp\/v2\/product\/3622","targetHints":{"allow":["GET"]}}],"collection":[{"href":"https:\/\/www.tcuido.es\/en\/wp-json\/wp\/v2\/product"}],"about":[{"href":"https:\/\/www.tcuido.es\/en\/wp-json\/wp\/v2\/types\/product"}],"wp:featuredmedia":[{"embeddable":true,"href":"https:\/\/www.tcuido.es\/en\/wp-json\/wp\/v2\/media\/3625"}],"wp:attachment":[{"href":"https:\/\/www.tcuido.es\/en\/wp-json\/wp\/v2\/media?parent=3622"}],"wp:term":[{"taxonomy":"product_brand","embeddable":true,"href":"https:\/\/www.tcuido.es\/en\/wp-json\/wp\/v2\/product_brand?post=3622"},{"taxonomy":"product_cat","embeddable":true,"href":"https:\/\/www.tcuido.es\/en\/wp-json\/wp\/v2\/product_cat?post=3622"},{"taxonomy":"product_tag","embeddable":true,"href":"https:\/\/www.tcuido.es\/en\/wp-json\/wp\/v2\/product_tag?post=3622"}],"curies":[{"name":"wp","href":"https:\/\/api.w.org\/{rel}","templated":true}]}}