{"id":3643,"date":"2024-12-28T13:01:41","date_gmt":"2024-12-28T13:01:41","guid":{"rendered":"https:\/\/www.tcuido.es\/?post_type=product&#038;p=3643"},"modified":"2025-09-23T17:28:25","modified_gmt":"2025-09-23T17:28:25","slug":"baston-plegable-bastones-para-andar-personas-mayores-flores-azul","status":"publish","type":"product","link":"https:\/\/www.tcuido.es\/en\/product\/baston-plegable-bastones-para-andar-personas-mayores-flores-azul\/","title":{"rendered":"Folding Walking Stick, Walking Sticks for Elderly People Blue Flowers"},"content":{"rendered":"<p><strong><span style=\"color: #97bf0d;\">CHARACTERISTICS<\/span><\/strong><\/p>\n<ul>\n<li>HIGHER QUALITY: The soft grip, in addition to being comfortable, is easy and safe to hold, allowing you to walk safely and independently.<\/li>\n<li>MORE COMFORTABLE: It has a quality nylon strap that allows you to free your hand. In addition, its folding system means that this cane takes up very little space, ideal for storing it anywhere.<\/li>\n<li>LIGHTWEIGHT AND STURDY: Made of aluminum, this cane provides stability for those who need extra support and balance, safely holding up to 100kg.<\/li>\n<li>FUNCTIONAL: Foldable walking stick with a fabric storage case. It is very easy to fold and unfold, making it perfect for everyday use. Its small size when folded (33 cm) allows it to be stored even in a bag.<\/li>\n<li>ADJUSTABLE: The cane is foldable and adjustable in height (from 82 cm to 95 cm), ideal for users from 1.55 m to 1.85 m.<\/li>\n<\/ul>\n<p>&nbsp;<\/p>\n<p><strong><span style=\"color: #97bf0d;\">TECHNICAL DETAILS<\/span><\/strong><\/p>\n<ul>\n<li>Walking stick height: 82-95 cm<\/li>\n<li>Weight: 0.3 kg<\/li>\n<li>Regulations: 6<\/li>\n<li>Tube End: 15-16 mm<\/li>\n<li>User Height: 155-185 cm<\/li>\n<li>Maximum User Weight: 100 kg<\/li>\n<\/ul>\n<p>&nbsp;<\/p>\n<p><strong><span style=\"color: #97bf0d;\">ADDITIONAL INFORMATION<\/span><\/strong><\/p>\n<ul>\n<li>Material: Aluminum<\/li>\n<li>Color: Blue<\/li>\n<li>Grip: Soft<\/li>\n<li>Storage bag: Yes<\/li>\n<li>Hand Strap: Yes<\/li>\n<li>Dimmable: Yes<\/li>\n<li>Foldable: Yes<\/li>\n<\/ul>","protected":false},"excerpt":{"rendered":"<p><strong><span style=\"color: #97bf0d;\">FOLDING SYSTEM<\/span><\/strong><\/p>\n<p>Robust folding system and nylon strap. By removing the black piece, the cane unfolds automatically. Folded cane length: 33 cm.<\/p>\n<p><strong><span style=\"color: #97bf0d;\">SOFT GRIP<\/span><\/strong><\/p>\n<p>The handle of this folding walking stick has a soft surface finish for a more comfortable feel.<\/p>\n<p><strong><span style=\"color: #97bf0d;\">LIGHT AND STRONG<\/span><\/strong><\/p>\n<p>This walking stick is made of aluminum and features thin tubes and a lightweight ferrule. It comes with a storage bag.<\/p>","protected":false},"featured_media":3645,"template":"","meta":{"inline_featured_image":false},"product_brand":[],"product_cat":[24,21],"product_tag":[36],"class_list":{"0":"post-3643","1":"product","2":"type-product","3":"status-publish","4":"has-post-thumbnail","6":"product_cat-bastones","7":"product_cat-movilidad","8":"product_tag-kmina","10":"first","11":"instock","12":"taxable","13":"shipping-taxable","14":"purchasable","15":"product-type-simple"},"yoast_head":"<!-- This site is optimized with the Yoast SEO Premium plugin v22.6 (Yoast SEO v27.1.1) - https:\/\/yoast.com\/product\/yoast-seo-premium-wordpress\/ -->\n<title>Bast\u00f3n Plegable, Bastones para Andar Personas Mayores Flores Azul - Tcuido<\/title>\n<meta name=\"robots\" content=\"index, follow, max-snippet:-1, max-image-preview:large, max-video-preview:-1\" \/>\n<link rel=\"canonical\" href=\"https:\/\/www.tcuido.es\/en\/product\/baston-plegable-bastones-para-andar-personas-mayores-flores-azul\/\" \/>\n<meta property=\"og:locale\" content=\"en_GB\" \/>\n<meta property=\"og:type\" content=\"article\" \/>\n<meta property=\"og:title\" content=\"Bast\u00f3n Plegable, Bastones para Andar Personas Mayores Flores Azul\" \/>\n<meta property=\"og:description\" content=\"SISTEMA DE PLEGADO  Sistema de plegado robusto y cinta de nylon. Al quitar la pieza negra el bast\u00f3n se despliega solo. Longitud del bast\u00f3n plegado: 33 cm.  EMPU\u00d1ADURA SOFT  La empu\u00f1adura de este bast\u00f3n plegable tiene un acabado superficial &quot;soft&quot; para un contacto m\u00e1s agradable.  LIGERO Y RESISTENTE  Este bast\u00f3n est\u00e1 fabricado en aluminio y cuenta con tubos finos y contera ligera. Inlcuye una bolsa para guardarlo.\" \/>\n<meta property=\"og:url\" content=\"https:\/\/www.tcuido.es\/en\/product\/baston-plegable-bastones-para-andar-personas-mayores-flores-azul\/\" \/>\n<meta property=\"og:site_name\" content=\"Tcuido\" \/>\n<meta property=\"article:modified_time\" content=\"2025-09-23T17:28:25+00:00\" \/>\n<meta property=\"og:image\" content=\"https:\/\/www.tcuido.es\/wp-content\/uploads\/2024\/12\/M01_C01-03_P12_ft-01.webp\" \/>\n\t<meta property=\"og:image:width\" content=\"1568\" \/>\n\t<meta property=\"og:image:height\" content=\"1568\" \/>\n\t<meta property=\"og:image:type\" content=\"image\/webp\" \/>\n<meta name=\"twitter:card\" content=\"summary_large_image\" \/>\n<meta name=\"twitter:label1\" content=\"Estimated reading time\" \/>\n\t<meta name=\"twitter:data1\" content=\"2 minutes\" \/>\n<script type=\"application\/ld+json\" class=\"yoast-schema-graph\">{\"@context\":\"https:\/\/schema.org\",\"@graph\":[{\"@type\":\"WebPage\",\"@id\":\"https:\/\/www.tcuido.es\/producto\/baston-plegable-bastones-para-andar-personas-mayores-flores-azul\/\",\"url\":\"https:\/\/www.tcuido.es\/producto\/baston-plegable-bastones-para-andar-personas-mayores-flores-azul\/\",\"name\":\"Bast\u00f3n Plegable, Bastones para Andar Personas Mayores Flores Azul - Tcuido\",\"isPartOf\":{\"@id\":\"https:\/\/www.tcuido.es\/#website\"},\"primaryImageOfPage\":{\"@id\":\"https:\/\/www.tcuido.es\/producto\/baston-plegable-bastones-para-andar-personas-mayores-flores-azul\/#primaryimage\"},\"image\":{\"@id\":\"https:\/\/www.tcuido.es\/producto\/baston-plegable-bastones-para-andar-personas-mayores-flores-azul\/#primaryimage\"},\"thumbnailUrl\":\"https:\/\/www.tcuido.es\/wp-content\/uploads\/2024\/12\/M01_C01-03_P12_ft-01.webp\",\"datePublished\":\"2024-12-28T13:01:41+00:00\",\"dateModified\":\"2025-09-23T17:28:25+00:00\",\"breadcrumb\":{\"@id\":\"https:\/\/www.tcuido.es\/producto\/baston-plegable-bastones-para-andar-personas-mayores-flores-azul\/#breadcrumb\"},\"inLanguage\":\"en-GB\",\"potentialAction\":[{\"@type\":\"ReadAction\",\"target\":[\"https:\/\/www.tcuido.es\/producto\/baston-plegable-bastones-para-andar-personas-mayores-flores-azul\/\"]}]},{\"@type\":\"ImageObject\",\"inLanguage\":\"en-GB\",\"@id\":\"https:\/\/www.tcuido.es\/producto\/baston-plegable-bastones-para-andar-personas-mayores-flores-azul\/#primaryimage\",\"url\":\"https:\/\/www.tcuido.es\/wp-content\/uploads\/2024\/12\/M01_C01-03_P12_ft-01.webp\",\"contentUrl\":\"https:\/\/www.tcuido.es\/wp-content\/uploads\/2024\/12\/M01_C01-03_P12_ft-01.webp\",\"width\":1568,\"height\":1568},{\"@type\":\"BreadcrumbList\",\"@id\":\"https:\/\/www.tcuido.es\/producto\/baston-plegable-bastones-para-andar-personas-mayores-flores-azul\/#breadcrumb\",\"itemListElement\":[{\"@type\":\"ListItem\",\"position\":1,\"name\":\"Inicio\",\"item\":\"https:\/\/www.tcuido.es\/\"},{\"@type\":\"ListItem\",\"position\":2,\"name\":\"Tienda\",\"item\":\"https:\/\/www.tcuido.es\/tienda\/\"},{\"@type\":\"ListItem\",\"position\":3,\"name\":\"Bast\u00f3n Plegable, Bastones para Andar Personas Mayores Flores Azul\"}]},{\"@type\":\"WebSite\",\"@id\":\"https:\/\/www.tcuido.es\/#website\",\"url\":\"https:\/\/www.tcuido.es\/\",\"name\":\"Tcuido\",\"description\":\"Servicios Integrales a la Dependencia\",\"publisher\":{\"@id\":\"https:\/\/www.tcuido.es\/#organization\"},\"potentialAction\":[{\"@type\":\"SearchAction\",\"target\":{\"@type\":\"EntryPoint\",\"urlTemplate\":\"https:\/\/www.tcuido.es\/?s={search_term_string}\"},\"query-input\":{\"@type\":\"PropertyValueSpecification\",\"valueRequired\":true,\"valueName\":\"search_term_string\"}}],\"inLanguage\":\"en-GB\"},{\"@type\":\"Organization\",\"@id\":\"https:\/\/www.tcuido.es\/#organization\",\"name\":\"Tcuido Servicios Integrales a la Dependencia\",\"url\":\"https:\/\/www.tcuido.es\/\",\"logo\":{\"@type\":\"ImageObject\",\"inLanguage\":\"en-GB\",\"@id\":\"https:\/\/www.tcuido.es\/#\/schema\/logo\/image\/\",\"url\":\"https:\/\/www.tcuido.es\/wp-content\/uploads\/2024\/03\/TCUIDO-facturas.png\",\"contentUrl\":\"https:\/\/www.tcuido.es\/wp-content\/uploads\/2024\/03\/TCUIDO-facturas.png\",\"width\":1600,\"height\":361,\"caption\":\"Tcuido Servicios Integrales a la Dependencia\"},\"image\":{\"@id\":\"https:\/\/www.tcuido.es\/#\/schema\/logo\/image\/\"}}]}<\/script>\n<!-- \/ Yoast SEO Premium plugin. -->","yoast_head_json":{"title":"Bast\u00f3n Plegable, Bastones para Andar Personas Mayores Flores Azul - Tcuido","robots":{"index":"index","follow":"follow","max-snippet":"max-snippet:-1","max-image-preview":"max-image-preview:large","max-video-preview":"max-video-preview:-1"},"canonical":"https:\/\/www.tcuido.es\/en\/product\/baston-plegable-bastones-para-andar-personas-mayores-flores-azul\/","og_locale":"en_GB","og_type":"article","og_title":"Bast\u00f3n Plegable, Bastones para Andar Personas Mayores Flores Azul","og_description":"SISTEMA DE PLEGADO  Sistema de plegado robusto y cinta de nylon. Al quitar la pieza negra el bast\u00f3n se despliega solo. Longitud del bast\u00f3n plegado: 33 cm.  EMPU\u00d1ADURA SOFT  La empu\u00f1adura de este bast\u00f3n plegable tiene un acabado superficial \"soft\" para un contacto m\u00e1s agradable.  LIGERO Y RESISTENTE  Este bast\u00f3n est\u00e1 fabricado en aluminio y cuenta con tubos finos y contera ligera. Inlcuye una bolsa para guardarlo.","og_url":"https:\/\/www.tcuido.es\/en\/product\/baston-plegable-bastones-para-andar-personas-mayores-flores-azul\/","og_site_name":"Tcuido","article_modified_time":"2025-09-23T17:28:25+00:00","og_image":[{"width":1568,"height":1568,"url":"https:\/\/www.tcuido.es\/wp-content\/uploads\/2024\/12\/M01_C01-03_P12_ft-01.webp","type":"image\/webp"}],"twitter_card":"summary_large_image","twitter_misc":{"Estimated reading time":"2 minutes"},"schema":{"@context":"https:\/\/schema.org","@graph":[{"@type":"WebPage","@id":"https:\/\/www.tcuido.es\/producto\/baston-plegable-bastones-para-andar-personas-mayores-flores-azul\/","url":"https:\/\/www.tcuido.es\/producto\/baston-plegable-bastones-para-andar-personas-mayores-flores-azul\/","name":"Bast\u00f3n Plegable, Bastones para Andar Personas Mayores Flores Azul - Tcuido","isPartOf":{"@id":"https:\/\/www.tcuido.es\/#website"},"primaryImageOfPage":{"@id":"https:\/\/www.tcuido.es\/producto\/baston-plegable-bastones-para-andar-personas-mayores-flores-azul\/#primaryimage"},"image":{"@id":"https:\/\/www.tcuido.es\/producto\/baston-plegable-bastones-para-andar-personas-mayores-flores-azul\/#primaryimage"},"thumbnailUrl":"https:\/\/www.tcuido.es\/wp-content\/uploads\/2024\/12\/M01_C01-03_P12_ft-01.webp","datePublished":"2024-12-28T13:01:41+00:00","dateModified":"2025-09-23T17:28:25+00:00","breadcrumb":{"@id":"https:\/\/www.tcuido.es\/producto\/baston-plegable-bastones-para-andar-personas-mayores-flores-azul\/#breadcrumb"},"inLanguage":"en-GB","potentialAction":[{"@type":"ReadAction","target":["https:\/\/www.tcuido.es\/producto\/baston-plegable-bastones-para-andar-personas-mayores-flores-azul\/"]}]},{"@type":"ImageObject","inLanguage":"en-GB","@id":"https:\/\/www.tcuido.es\/producto\/baston-plegable-bastones-para-andar-personas-mayores-flores-azul\/#primaryimage","url":"https:\/\/www.tcuido.es\/wp-content\/uploads\/2024\/12\/M01_C01-03_P12_ft-01.webp","contentUrl":"https:\/\/www.tcuido.es\/wp-content\/uploads\/2024\/12\/M01_C01-03_P12_ft-01.webp","width":1568,"height":1568},{"@type":"BreadcrumbList","@id":"https:\/\/www.tcuido.es\/producto\/baston-plegable-bastones-para-andar-personas-mayores-flores-azul\/#breadcrumb","itemListElement":[{"@type":"ListItem","position":1,"name":"Inicio","item":"https:\/\/www.tcuido.es\/"},{"@type":"ListItem","position":2,"name":"Tienda","item":"https:\/\/www.tcuido.es\/tienda\/"},{"@type":"ListItem","position":3,"name":"Bast\u00f3n Plegable, Bastones para Andar Personas Mayores Flores Azul"}]},{"@type":"WebSite","@id":"https:\/\/www.tcuido.es\/#website","url":"https:\/\/www.tcuido.es\/","name":"I take care","description":"Comprehensive Dependency Services","publisher":{"@id":"https:\/\/www.tcuido.es\/#organization"},"potentialAction":[{"@type":"SearchAction","target":{"@type":"EntryPoint","urlTemplate":"https:\/\/www.tcuido.es\/?s={search_term_string}"},"query-input":{"@type":"PropertyValueSpecification","valueRequired":true,"valueName":"search_term_string"}}],"inLanguage":"en-GB"},{"@type":"Organization","@id":"https:\/\/www.tcuido.es\/#organization","name":"Tcuido Comprehensive Dependency Services","url":"https:\/\/www.tcuido.es\/","logo":{"@type":"ImageObject","inLanguage":"en-GB","@id":"https:\/\/www.tcuido.es\/#\/schema\/logo\/image\/","url":"https:\/\/www.tcuido.es\/wp-content\/uploads\/2024\/03\/TCUIDO-facturas.png","contentUrl":"https:\/\/www.tcuido.es\/wp-content\/uploads\/2024\/03\/TCUIDO-facturas.png","width":1600,"height":361,"caption":"Tcuido Servicios Integrales a la Dependencia"},"image":{"@id":"https:\/\/www.tcuido.es\/#\/schema\/logo\/image\/"}}]}},"_links":{"self":[{"href":"https:\/\/www.tcuido.es\/en\/wp-json\/wp\/v2\/product\/3643","targetHints":{"allow":["GET"]}}],"collection":[{"href":"https:\/\/www.tcuido.es\/en\/wp-json\/wp\/v2\/product"}],"about":[{"href":"https:\/\/www.tcuido.es\/en\/wp-json\/wp\/v2\/types\/product"}],"wp:featuredmedia":[{"embeddable":true,"href":"https:\/\/www.tcuido.es\/en\/wp-json\/wp\/v2\/media\/3645"}],"wp:attachment":[{"href":"https:\/\/www.tcuido.es\/en\/wp-json\/wp\/v2\/media?parent=3643"}],"wp:term":[{"taxonomy":"product_brand","embeddable":true,"href":"https:\/\/www.tcuido.es\/en\/wp-json\/wp\/v2\/product_brand?post=3643"},{"taxonomy":"product_cat","embeddable":true,"href":"https:\/\/www.tcuido.es\/en\/wp-json\/wp\/v2\/product_cat?post=3643"},{"taxonomy":"product_tag","embeddable":true,"href":"https:\/\/www.tcuido.es\/en\/wp-json\/wp\/v2\/product_tag?post=3643"}],"curies":[{"name":"wp","href":"https:\/\/api.w.org\/{rel}","templated":true}]}}