{"id":3657,"date":"2024-12-28T13:06:45","date_gmt":"2024-12-28T13:06:45","guid":{"rendered":"https:\/\/www.tcuido.es\/?post_type=product&#038;p=3657"},"modified":"2025-09-23T17:28:23","modified_gmt":"2025-09-23T17:28:23","slug":"baston-extensible-bastones-para-andar-personas-mayores-flores-azul","status":"publish","type":"product","link":"https:\/\/www.tcuido.es\/en\/product\/baston-extensible-bastones-para-andar-personas-mayores-flores-azul\/","title":{"rendered":"Extendable Walking Stick, Walking Sticks for Elderly People Blue Flowers"},"content":{"rendered":"<p><strong><span style=\"color: #97bf0d;\">CHARACTERISTICS<\/span><\/strong><\/p>\n<ul>\n<li>HIGHER QUALITY: The soft grip, in addition to being comfortable, is easy and safe to hold, allowing you to walk safely and independently.<\/li>\n<li>MORE COMFORTABLE: This cane features a quality nylon strap that frees up the hand, thus offering greater comfort to the user.<\/li>\n<li>LIGHTWEIGHT AND STURDY: Made of aluminum, this cane provides stability for those who need extra support and balance, safely holding up to 100kg.<\/li>\n<li>FUNCTIONAL: It has a light, elegant and functional design that increases the user&#039;s autonomy.<\/li>\n<li>ADJUSTABLE: The cane is extendable and adjustable in height (from 75 cm - 98 cm), ideal for users from 1.45 m to 1.90 m.<\/li>\n<\/ul>\n<p>&nbsp;<\/p>\n<p><strong><span style=\"color: #97bf0d;\">TECHNICAL DETAILS<\/span><\/strong><\/p>\n<ul>\n<li>Walking stick height: 75-98 cm<\/li>\n<li>Weight: 0.3 kg<\/li>\n<li>Regulations: 10<\/li>\n<li>Tube End: 15-16 mm<\/li>\n<li>User Height: 145-190 cm<\/li>\n<li>Maximum User Weight: 100 kg<\/li>\n<\/ul>\n<p>&nbsp;<\/p>\n<p><strong><span style=\"color: #97bf0d;\">ADDITIONAL INFORMATION<\/span><\/strong><\/p>\n<ul>\n<li>Material: Aluminum<\/li>\n<li>Color: Blue<\/li>\n<li>Grip: Soft<\/li>\n<li>Storage bag: No<\/li>\n<li>Hand Tape: Yes<\/li>\n<li>Dimmable: Yes<\/li>\n<li>Foldable: No<\/li>\n<li>Extensible: Yes<\/li>\n<\/ul>","protected":false},"excerpt":{"rendered":"<p><strong><span style=\"color: #97bf0d;\">RESISTANT<\/span><\/strong><\/p>\n<p>Made of aluminum and with thin, resistant tubes, this cane is light, comfortable and perfect for daily use.<\/p>\n<p><strong><span style=\"color: #97bf0d;\">SOFT GRIP<\/span><\/strong><\/p>\n<p>The handle of the extendable fibreglass cane has a \u201csoft\u201d surface finish for a more comfortable feel.<\/p>\n<p><strong><span style=\"color: #97bf0d;\">LIGHT<\/span><\/strong><\/p>\n<p>The cane features a lightweight ferrule and a quality nylon wrist strap that makes it easy to carry and prevents the cane from falling to the ground.<\/p>","protected":false},"featured_media":3652,"template":"","meta":{"inline_featured_image":false},"product_brand":[],"product_cat":[24,21],"product_tag":[36],"class_list":{"0":"post-3657","1":"product","2":"type-product","3":"status-publish","4":"has-post-thumbnail","6":"product_cat-bastones","7":"product_cat-movilidad","8":"product_tag-kmina","10":"first","11":"instock","12":"taxable","13":"shipping-taxable","14":"purchasable","15":"product-type-simple"},"yoast_head":"<!-- This site is optimized with the Yoast SEO Premium plugin v22.6 (Yoast SEO v27.1.1) - https:\/\/yoast.com\/product\/yoast-seo-premium-wordpress\/ -->\n<title>Bast\u00f3n Extensible, Bastones para Andar Personas Mayores Flores Azul - Tcuido<\/title>\n<meta name=\"robots\" content=\"index, follow, max-snippet:-1, max-image-preview:large, max-video-preview:-1\" \/>\n<link rel=\"canonical\" href=\"https:\/\/www.tcuido.es\/en\/product\/baston-extensible-bastones-para-andar-personas-mayores-flores-azul\/\" \/>\n<meta property=\"og:locale\" content=\"en_GB\" \/>\n<meta property=\"og:type\" content=\"article\" \/>\n<meta property=\"og:title\" content=\"Bast\u00f3n Extensible, Bastones para Andar Personas Mayores Flores Azul\" \/>\n<meta property=\"og:description\" content=\"RESISTENTE  Fabricado en aluminio y con tubos finos y resistentes, este bast\u00f3n es ligero, c\u00f3modo y perfecto para el uso diario.  EMPU\u00d1ADURA SOFT  La empu\u00f1adura del bast\u00f3n de fibra extensible presenta un acabado superficial &quot;soft&quot; para un contacto m\u00e1s agradable.  LIGERO  El bast\u00f3n cuenta con una contera ligera y una cinta de nylon de calidad para la mu\u00f1eca que facilita el transporte del mismo y evita que el bast\u00f3n caiga al suelo.\" \/>\n<meta property=\"og:url\" content=\"https:\/\/www.tcuido.es\/en\/product\/baston-extensible-bastones-para-andar-personas-mayores-flores-azul\/\" \/>\n<meta property=\"og:site_name\" content=\"Tcuido\" \/>\n<meta property=\"article:modified_time\" content=\"2025-09-23T17:28:23+00:00\" \/>\n<meta property=\"og:image\" content=\"https:\/\/www.tcuido.es\/wp-content\/uploads\/2024\/12\/M01_C01-03_P13_ft-01.webp\" \/>\n\t<meta property=\"og:image:width\" content=\"1000\" \/>\n\t<meta property=\"og:image:height\" content=\"1000\" \/>\n\t<meta property=\"og:image:type\" content=\"image\/webp\" \/>\n<meta name=\"twitter:card\" content=\"summary_large_image\" \/>\n<meta name=\"twitter:label1\" content=\"Estimated reading time\" \/>\n\t<meta name=\"twitter:data1\" content=\"1 minute\" \/>\n<script type=\"application\/ld+json\" class=\"yoast-schema-graph\">{\"@context\":\"https:\/\/schema.org\",\"@graph\":[{\"@type\":\"WebPage\",\"@id\":\"https:\/\/www.tcuido.es\/producto\/baston-extensible-bastones-para-andar-personas-mayores-flores-azul\/\",\"url\":\"https:\/\/www.tcuido.es\/producto\/baston-extensible-bastones-para-andar-personas-mayores-flores-azul\/\",\"name\":\"Bast\u00f3n Extensible, Bastones para Andar Personas Mayores Flores Azul - Tcuido\",\"isPartOf\":{\"@id\":\"https:\/\/www.tcuido.es\/#website\"},\"primaryImageOfPage\":{\"@id\":\"https:\/\/www.tcuido.es\/producto\/baston-extensible-bastones-para-andar-personas-mayores-flores-azul\/#primaryimage\"},\"image\":{\"@id\":\"https:\/\/www.tcuido.es\/producto\/baston-extensible-bastones-para-andar-personas-mayores-flores-azul\/#primaryimage\"},\"thumbnailUrl\":\"https:\/\/www.tcuido.es\/wp-content\/uploads\/2024\/12\/M01_C01-03_P13_ft-01.webp\",\"datePublished\":\"2024-12-28T13:06:45+00:00\",\"dateModified\":\"2025-09-23T17:28:23+00:00\",\"breadcrumb\":{\"@id\":\"https:\/\/www.tcuido.es\/producto\/baston-extensible-bastones-para-andar-personas-mayores-flores-azul\/#breadcrumb\"},\"inLanguage\":\"en-GB\",\"potentialAction\":[{\"@type\":\"ReadAction\",\"target\":[\"https:\/\/www.tcuido.es\/producto\/baston-extensible-bastones-para-andar-personas-mayores-flores-azul\/\"]}]},{\"@type\":\"ImageObject\",\"inLanguage\":\"en-GB\",\"@id\":\"https:\/\/www.tcuido.es\/producto\/baston-extensible-bastones-para-andar-personas-mayores-flores-azul\/#primaryimage\",\"url\":\"https:\/\/www.tcuido.es\/wp-content\/uploads\/2024\/12\/M01_C01-03_P13_ft-01.webp\",\"contentUrl\":\"https:\/\/www.tcuido.es\/wp-content\/uploads\/2024\/12\/M01_C01-03_P13_ft-01.webp\",\"width\":1000,\"height\":1000},{\"@type\":\"BreadcrumbList\",\"@id\":\"https:\/\/www.tcuido.es\/producto\/baston-extensible-bastones-para-andar-personas-mayores-flores-azul\/#breadcrumb\",\"itemListElement\":[{\"@type\":\"ListItem\",\"position\":1,\"name\":\"Inicio\",\"item\":\"https:\/\/www.tcuido.es\/\"},{\"@type\":\"ListItem\",\"position\":2,\"name\":\"Tienda\",\"item\":\"https:\/\/www.tcuido.es\/tienda\/\"},{\"@type\":\"ListItem\",\"position\":3,\"name\":\"Bast\u00f3n Extensible, Bastones para Andar Personas Mayores Flores Azul\"}]},{\"@type\":\"WebSite\",\"@id\":\"https:\/\/www.tcuido.es\/#website\",\"url\":\"https:\/\/www.tcuido.es\/\",\"name\":\"Tcuido\",\"description\":\"Servicios Integrales a la Dependencia\",\"publisher\":{\"@id\":\"https:\/\/www.tcuido.es\/#organization\"},\"potentialAction\":[{\"@type\":\"SearchAction\",\"target\":{\"@type\":\"EntryPoint\",\"urlTemplate\":\"https:\/\/www.tcuido.es\/?s={search_term_string}\"},\"query-input\":{\"@type\":\"PropertyValueSpecification\",\"valueRequired\":true,\"valueName\":\"search_term_string\"}}],\"inLanguage\":\"en-GB\"},{\"@type\":\"Organization\",\"@id\":\"https:\/\/www.tcuido.es\/#organization\",\"name\":\"Tcuido Servicios Integrales a la Dependencia\",\"url\":\"https:\/\/www.tcuido.es\/\",\"logo\":{\"@type\":\"ImageObject\",\"inLanguage\":\"en-GB\",\"@id\":\"https:\/\/www.tcuido.es\/#\/schema\/logo\/image\/\",\"url\":\"https:\/\/www.tcuido.es\/wp-content\/uploads\/2024\/03\/TCUIDO-facturas.png\",\"contentUrl\":\"https:\/\/www.tcuido.es\/wp-content\/uploads\/2024\/03\/TCUIDO-facturas.png\",\"width\":1600,\"height\":361,\"caption\":\"Tcuido Servicios Integrales a la Dependencia\"},\"image\":{\"@id\":\"https:\/\/www.tcuido.es\/#\/schema\/logo\/image\/\"}}]}<\/script>\n<!-- \/ Yoast SEO Premium plugin. -->","yoast_head_json":{"title":"Bast\u00f3n Extensible, Bastones para Andar Personas Mayores Flores Azul - Tcuido","robots":{"index":"index","follow":"follow","max-snippet":"max-snippet:-1","max-image-preview":"max-image-preview:large","max-video-preview":"max-video-preview:-1"},"canonical":"https:\/\/www.tcuido.es\/en\/product\/baston-extensible-bastones-para-andar-personas-mayores-flores-azul\/","og_locale":"en_GB","og_type":"article","og_title":"Bast\u00f3n Extensible, Bastones para Andar Personas Mayores Flores Azul","og_description":"RESISTENTE  Fabricado en aluminio y con tubos finos y resistentes, este bast\u00f3n es ligero, c\u00f3modo y perfecto para el uso diario.  EMPU\u00d1ADURA SOFT  La empu\u00f1adura del bast\u00f3n de fibra extensible presenta un acabado superficial \"soft\" para un contacto m\u00e1s agradable.  LIGERO  El bast\u00f3n cuenta con una contera ligera y una cinta de nylon de calidad para la mu\u00f1eca que facilita el transporte del mismo y evita que el bast\u00f3n caiga al suelo.","og_url":"https:\/\/www.tcuido.es\/en\/product\/baston-extensible-bastones-para-andar-personas-mayores-flores-azul\/","og_site_name":"Tcuido","article_modified_time":"2025-09-23T17:28:23+00:00","og_image":[{"width":1000,"height":1000,"url":"https:\/\/www.tcuido.es\/wp-content\/uploads\/2024\/12\/M01_C01-03_P13_ft-01.webp","type":"image\/webp"}],"twitter_card":"summary_large_image","twitter_misc":{"Estimated reading time":"1 minute"},"schema":{"@context":"https:\/\/schema.org","@graph":[{"@type":"WebPage","@id":"https:\/\/www.tcuido.es\/producto\/baston-extensible-bastones-para-andar-personas-mayores-flores-azul\/","url":"https:\/\/www.tcuido.es\/producto\/baston-extensible-bastones-para-andar-personas-mayores-flores-azul\/","name":"Bast\u00f3n Extensible, Bastones para Andar Personas Mayores Flores Azul - Tcuido","isPartOf":{"@id":"https:\/\/www.tcuido.es\/#website"},"primaryImageOfPage":{"@id":"https:\/\/www.tcuido.es\/producto\/baston-extensible-bastones-para-andar-personas-mayores-flores-azul\/#primaryimage"},"image":{"@id":"https:\/\/www.tcuido.es\/producto\/baston-extensible-bastones-para-andar-personas-mayores-flores-azul\/#primaryimage"},"thumbnailUrl":"https:\/\/www.tcuido.es\/wp-content\/uploads\/2024\/12\/M01_C01-03_P13_ft-01.webp","datePublished":"2024-12-28T13:06:45+00:00","dateModified":"2025-09-23T17:28:23+00:00","breadcrumb":{"@id":"https:\/\/www.tcuido.es\/producto\/baston-extensible-bastones-para-andar-personas-mayores-flores-azul\/#breadcrumb"},"inLanguage":"en-GB","potentialAction":[{"@type":"ReadAction","target":["https:\/\/www.tcuido.es\/producto\/baston-extensible-bastones-para-andar-personas-mayores-flores-azul\/"]}]},{"@type":"ImageObject","inLanguage":"en-GB","@id":"https:\/\/www.tcuido.es\/producto\/baston-extensible-bastones-para-andar-personas-mayores-flores-azul\/#primaryimage","url":"https:\/\/www.tcuido.es\/wp-content\/uploads\/2024\/12\/M01_C01-03_P13_ft-01.webp","contentUrl":"https:\/\/www.tcuido.es\/wp-content\/uploads\/2024\/12\/M01_C01-03_P13_ft-01.webp","width":1000,"height":1000},{"@type":"BreadcrumbList","@id":"https:\/\/www.tcuido.es\/producto\/baston-extensible-bastones-para-andar-personas-mayores-flores-azul\/#breadcrumb","itemListElement":[{"@type":"ListItem","position":1,"name":"Inicio","item":"https:\/\/www.tcuido.es\/"},{"@type":"ListItem","position":2,"name":"Tienda","item":"https:\/\/www.tcuido.es\/tienda\/"},{"@type":"ListItem","position":3,"name":"Bast\u00f3n Extensible, Bastones para Andar Personas Mayores Flores Azul"}]},{"@type":"WebSite","@id":"https:\/\/www.tcuido.es\/#website","url":"https:\/\/www.tcuido.es\/","name":"I take care","description":"Comprehensive Dependency Services","publisher":{"@id":"https:\/\/www.tcuido.es\/#organization"},"potentialAction":[{"@type":"SearchAction","target":{"@type":"EntryPoint","urlTemplate":"https:\/\/www.tcuido.es\/?s={search_term_string}"},"query-input":{"@type":"PropertyValueSpecification","valueRequired":true,"valueName":"search_term_string"}}],"inLanguage":"en-GB"},{"@type":"Organization","@id":"https:\/\/www.tcuido.es\/#organization","name":"Tcuido Comprehensive Dependency Services","url":"https:\/\/www.tcuido.es\/","logo":{"@type":"ImageObject","inLanguage":"en-GB","@id":"https:\/\/www.tcuido.es\/#\/schema\/logo\/image\/","url":"https:\/\/www.tcuido.es\/wp-content\/uploads\/2024\/03\/TCUIDO-facturas.png","contentUrl":"https:\/\/www.tcuido.es\/wp-content\/uploads\/2024\/03\/TCUIDO-facturas.png","width":1600,"height":361,"caption":"Tcuido Servicios Integrales a la Dependencia"},"image":{"@id":"https:\/\/www.tcuido.es\/#\/schema\/logo\/image\/"}}]}},"_links":{"self":[{"href":"https:\/\/www.tcuido.es\/en\/wp-json\/wp\/v2\/product\/3657","targetHints":{"allow":["GET"]}}],"collection":[{"href":"https:\/\/www.tcuido.es\/en\/wp-json\/wp\/v2\/product"}],"about":[{"href":"https:\/\/www.tcuido.es\/en\/wp-json\/wp\/v2\/types\/product"}],"wp:featuredmedia":[{"embeddable":true,"href":"https:\/\/www.tcuido.es\/en\/wp-json\/wp\/v2\/media\/3652"}],"wp:attachment":[{"href":"https:\/\/www.tcuido.es\/en\/wp-json\/wp\/v2\/media?parent=3657"}],"wp:term":[{"taxonomy":"product_brand","embeddable":true,"href":"https:\/\/www.tcuido.es\/en\/wp-json\/wp\/v2\/product_brand?post=3657"},{"taxonomy":"product_cat","embeddable":true,"href":"https:\/\/www.tcuido.es\/en\/wp-json\/wp\/v2\/product_cat?post=3657"},{"taxonomy":"product_tag","embeddable":true,"href":"https:\/\/www.tcuido.es\/en\/wp-json\/wp\/v2\/product_tag?post=3657"}],"curies":[{"name":"wp","href":"https:\/\/api.w.org\/{rel}","templated":true}]}}