{"id":3703,"date":"2024-12-28T13:41:26","date_gmt":"2024-12-28T13:41:26","guid":{"rendered":"https:\/\/www.tcuido.es\/?post_type=product&#038;p=3703"},"modified":"2025-09-23T17:28:25","modified_gmt":"2025-09-23T17:28:25","slug":"baston-plegable-bastones-para-andar-personas-mayores-flores","status":"publish","type":"product","link":"https:\/\/www.tcuido.es\/en\/product\/baston-plegable-bastones-para-andar-personas-mayores-flores\/","title":{"rendered":"Folding Walking Stick, Walking Sticks for Elderly People Flowers"},"content":{"rendered":"<p><strong><span style=\"color: #97bf0d;\">CHARACTERISTICS<\/span><\/strong><\/p>\n<ul>\n<li>LIGHTWEIGHT AND STURDY: Made from lightweight aluminum, this cane provides stability for those who need extra support and balance, safely holding up to 100kg.<\/li>\n<li>FUNCTIONAL: Foldable walking stick with a plastic storage case. It is very easy to fold and unfold, making it perfect for everyday use.<\/li>\n<li>ADJUSTABLE: The cane has 5 adjustments (height adjustable from 83.5 cm - 93.5 cm), ideal for users from 1.55 m to 1.82 m.<\/li>\n<li>SAFE: The non-slip end cap and easy-to-grip handle allow for safe walking and increased autonomy.<\/li>\n<li>CONVENIENT: Its four-section folding system means this walking stick takes up very little space. Perfect for storing anywhere, even in a bag or backpack.<\/li>\n<\/ul>\n<p>&nbsp;<\/p>\n<p><span style=\"color: #97bf0d;\"><strong>TECHNICAL DETAILS<\/strong><\/span><\/p>\n<ul>\n<li>Walking stick height: 83.5-93.5 cm<\/li>\n<li>Weight: 0.38 kg<\/li>\n<li>Regulations: 5<\/li>\n<li>Tube End: 15-16 mm<\/li>\n<li>User Height: 155-182 cm<\/li>\n<li>Maximum User Weight: 100 kg<\/li>\n<\/ul>\n<p>&nbsp;<\/p>\n<p><strong><span style=\"color: #97bf0d;\">ADDITIONAL INFORMATION<\/span><\/strong><\/p>\n<ul>\n<li>Material: Aluminum<\/li>\n<li>Color: Flowers<\/li>\n<li>Hand Strap: Yes<\/li>\n<li>Dimmable: Yes<\/li>\n<li>Foldable: Yes<\/li>\n<\/ul>","protected":false},"excerpt":{"rendered":"<p><strong><span style=\"color: #97bf0d;\">FOLDING SYSTEM<\/span><\/strong><\/p>\n<p>This walking stick is perfect for everyday use thanks to its simple folding system. By removing the black retaining piece, the walking stick unfolds easily. Length of the folded walking stick: 33 cm.<\/p>\n<p><span style=\"color: #97bf0d;\"><strong>ADJUSTABLE HEIGHT<\/strong><\/span><\/p>\n<p>The cane has a total of 5 adjustments. Before using it and to ensure that it fits you perfectly, adjust its height using the height adjustment button.<\/p>\n<p><span style=\"color: #97bf0d;\"><strong>HAND TAPE<\/strong><\/span><\/p>\n<p>For easy transport, this cane comes with a hand strap and a plastic storage case.<\/p>","protected":false},"featured_media":3702,"template":"","meta":{"inline_featured_image":false},"product_brand":[],"product_cat":[24,21],"product_tag":[36],"class_list":{"0":"post-3703","1":"product","2":"type-product","3":"status-publish","4":"has-post-thumbnail","6":"product_cat-bastones","7":"product_cat-movilidad","8":"product_tag-kmina","10":"first","11":"instock","12":"taxable","13":"shipping-taxable","14":"purchasable","15":"product-type-simple"},"yoast_head":"<!-- This site is optimized with the Yoast SEO Premium plugin v22.6 (Yoast SEO v27.1.1) - https:\/\/yoast.com\/product\/yoast-seo-premium-wordpress\/ -->\n<title>Bast\u00f3n Plegable, Bastones para Andar Personas Mayores Flores - Tcuido<\/title>\n<meta name=\"robots\" content=\"index, follow, max-snippet:-1, max-image-preview:large, max-video-preview:-1\" \/>\n<link rel=\"canonical\" href=\"https:\/\/www.tcuido.es\/en\/product\/baston-plegable-bastones-para-andar-personas-mayores-flores\/\" \/>\n<meta property=\"og:locale\" content=\"en_GB\" \/>\n<meta property=\"og:type\" content=\"article\" \/>\n<meta property=\"og:title\" content=\"Bast\u00f3n Plegable, Bastones para Andar Personas Mayores Flores\" \/>\n<meta property=\"og:description\" content=\"SISTEMA DE PLEGADO  Este bast\u00f3n es perfecto para el d\u00eda a d\u00eda gracias a su sencillo sistema de plegado. Al retirar la pieza negra de sujeci\u00f3n, el bast\u00f3n se despliega f\u00e1cilmente. Longitud del bast\u00f3n plegado: 33 cm.  REGULABLE EN ALTURA  El bast\u00f3n cuenta con un total de 5 regulaciones. Antes de usarlo y para que se adapte a ti perfectamente, regula su altura utilizando el bot\u00f3n de ajuste de altura.  CINTA DE MANO  Para poder transportarlo f\u00e1cilmente, este bast\u00f3n cuenta con una cinta de mano y una funda de pl\u00e1stico para su guardado.\" \/>\n<meta property=\"og:url\" content=\"https:\/\/www.tcuido.es\/en\/product\/baston-plegable-bastones-para-andar-personas-mayores-flores\/\" \/>\n<meta property=\"og:site_name\" content=\"Tcuido\" \/>\n<meta property=\"article:modified_time\" content=\"2025-09-23T17:28:25+00:00\" \/>\n<meta property=\"og:image\" content=\"https:\/\/www.tcuido.es\/wp-content\/uploads\/2024\/12\/M01_C01-03_P19_ft-01.webp\" \/>\n\t<meta property=\"og:image:width\" content=\"1000\" \/>\n\t<meta property=\"og:image:height\" content=\"1000\" \/>\n\t<meta property=\"og:image:type\" content=\"image\/webp\" \/>\n<meta name=\"twitter:card\" content=\"summary_large_image\" \/>\n<meta name=\"twitter:label1\" content=\"Estimated reading time\" \/>\n\t<meta name=\"twitter:data1\" content=\"1 minute\" \/>\n<script type=\"application\/ld+json\" class=\"yoast-schema-graph\">{\"@context\":\"https:\/\/schema.org\",\"@graph\":[{\"@type\":\"WebPage\",\"@id\":\"https:\/\/www.tcuido.es\/producto\/baston-plegable-bastones-para-andar-personas-mayores-flores\/\",\"url\":\"https:\/\/www.tcuido.es\/producto\/baston-plegable-bastones-para-andar-personas-mayores-flores\/\",\"name\":\"Bast\u00f3n Plegable, Bastones para Andar Personas Mayores Flores - Tcuido\",\"isPartOf\":{\"@id\":\"https:\/\/www.tcuido.es\/#website\"},\"primaryImageOfPage\":{\"@id\":\"https:\/\/www.tcuido.es\/producto\/baston-plegable-bastones-para-andar-personas-mayores-flores\/#primaryimage\"},\"image\":{\"@id\":\"https:\/\/www.tcuido.es\/producto\/baston-plegable-bastones-para-andar-personas-mayores-flores\/#primaryimage\"},\"thumbnailUrl\":\"https:\/\/www.tcuido.es\/wp-content\/uploads\/2024\/12\/M01_C01-03_P19_ft-01.webp\",\"datePublished\":\"2024-12-28T13:41:26+00:00\",\"dateModified\":\"2025-09-23T17:28:25+00:00\",\"breadcrumb\":{\"@id\":\"https:\/\/www.tcuido.es\/producto\/baston-plegable-bastones-para-andar-personas-mayores-flores\/#breadcrumb\"},\"inLanguage\":\"en-GB\",\"potentialAction\":[{\"@type\":\"ReadAction\",\"target\":[\"https:\/\/www.tcuido.es\/producto\/baston-plegable-bastones-para-andar-personas-mayores-flores\/\"]}]},{\"@type\":\"ImageObject\",\"inLanguage\":\"en-GB\",\"@id\":\"https:\/\/www.tcuido.es\/producto\/baston-plegable-bastones-para-andar-personas-mayores-flores\/#primaryimage\",\"url\":\"https:\/\/www.tcuido.es\/wp-content\/uploads\/2024\/12\/M01_C01-03_P19_ft-01.webp\",\"contentUrl\":\"https:\/\/www.tcuido.es\/wp-content\/uploads\/2024\/12\/M01_C01-03_P19_ft-01.webp\",\"width\":1000,\"height\":1000},{\"@type\":\"BreadcrumbList\",\"@id\":\"https:\/\/www.tcuido.es\/producto\/baston-plegable-bastones-para-andar-personas-mayores-flores\/#breadcrumb\",\"itemListElement\":[{\"@type\":\"ListItem\",\"position\":1,\"name\":\"Inicio\",\"item\":\"https:\/\/www.tcuido.es\/\"},{\"@type\":\"ListItem\",\"position\":2,\"name\":\"Tienda\",\"item\":\"https:\/\/www.tcuido.es\/tienda\/\"},{\"@type\":\"ListItem\",\"position\":3,\"name\":\"Bast\u00f3n Plegable, Bastones para Andar Personas Mayores Flores\"}]},{\"@type\":\"WebSite\",\"@id\":\"https:\/\/www.tcuido.es\/#website\",\"url\":\"https:\/\/www.tcuido.es\/\",\"name\":\"Tcuido\",\"description\":\"Servicios Integrales a la Dependencia\",\"publisher\":{\"@id\":\"https:\/\/www.tcuido.es\/#organization\"},\"potentialAction\":[{\"@type\":\"SearchAction\",\"target\":{\"@type\":\"EntryPoint\",\"urlTemplate\":\"https:\/\/www.tcuido.es\/?s={search_term_string}\"},\"query-input\":{\"@type\":\"PropertyValueSpecification\",\"valueRequired\":true,\"valueName\":\"search_term_string\"}}],\"inLanguage\":\"en-GB\"},{\"@type\":\"Organization\",\"@id\":\"https:\/\/www.tcuido.es\/#organization\",\"name\":\"Tcuido Servicios Integrales a la Dependencia\",\"url\":\"https:\/\/www.tcuido.es\/\",\"logo\":{\"@type\":\"ImageObject\",\"inLanguage\":\"en-GB\",\"@id\":\"https:\/\/www.tcuido.es\/#\/schema\/logo\/image\/\",\"url\":\"https:\/\/www.tcuido.es\/wp-content\/uploads\/2024\/03\/TCUIDO-facturas.png\",\"contentUrl\":\"https:\/\/www.tcuido.es\/wp-content\/uploads\/2024\/03\/TCUIDO-facturas.png\",\"width\":1600,\"height\":361,\"caption\":\"Tcuido Servicios Integrales a la Dependencia\"},\"image\":{\"@id\":\"https:\/\/www.tcuido.es\/#\/schema\/logo\/image\/\"}}]}<\/script>\n<!-- \/ Yoast SEO Premium plugin. -->","yoast_head_json":{"title":"Bast\u00f3n Plegable, Bastones para Andar Personas Mayores Flores - Tcuido","robots":{"index":"index","follow":"follow","max-snippet":"max-snippet:-1","max-image-preview":"max-image-preview:large","max-video-preview":"max-video-preview:-1"},"canonical":"https:\/\/www.tcuido.es\/en\/product\/baston-plegable-bastones-para-andar-personas-mayores-flores\/","og_locale":"en_GB","og_type":"article","og_title":"Bast\u00f3n Plegable, Bastones para Andar Personas Mayores Flores","og_description":"SISTEMA DE PLEGADO  Este bast\u00f3n es perfecto para el d\u00eda a d\u00eda gracias a su sencillo sistema de plegado. Al retirar la pieza negra de sujeci\u00f3n, el bast\u00f3n se despliega f\u00e1cilmente. Longitud del bast\u00f3n plegado: 33 cm.  REGULABLE EN ALTURA  El bast\u00f3n cuenta con un total de 5 regulaciones. Antes de usarlo y para que se adapte a ti perfectamente, regula su altura utilizando el bot\u00f3n de ajuste de altura.  CINTA DE MANO  Para poder transportarlo f\u00e1cilmente, este bast\u00f3n cuenta con una cinta de mano y una funda de pl\u00e1stico para su guardado.","og_url":"https:\/\/www.tcuido.es\/en\/product\/baston-plegable-bastones-para-andar-personas-mayores-flores\/","og_site_name":"Tcuido","article_modified_time":"2025-09-23T17:28:25+00:00","og_image":[{"width":1000,"height":1000,"url":"https:\/\/www.tcuido.es\/wp-content\/uploads\/2024\/12\/M01_C01-03_P19_ft-01.webp","type":"image\/webp"}],"twitter_card":"summary_large_image","twitter_misc":{"Estimated reading time":"1 minute"},"schema":{"@context":"https:\/\/schema.org","@graph":[{"@type":"WebPage","@id":"https:\/\/www.tcuido.es\/producto\/baston-plegable-bastones-para-andar-personas-mayores-flores\/","url":"https:\/\/www.tcuido.es\/producto\/baston-plegable-bastones-para-andar-personas-mayores-flores\/","name":"Bast\u00f3n Plegable, Bastones para Andar Personas Mayores Flores - Tcuido","isPartOf":{"@id":"https:\/\/www.tcuido.es\/#website"},"primaryImageOfPage":{"@id":"https:\/\/www.tcuido.es\/producto\/baston-plegable-bastones-para-andar-personas-mayores-flores\/#primaryimage"},"image":{"@id":"https:\/\/www.tcuido.es\/producto\/baston-plegable-bastones-para-andar-personas-mayores-flores\/#primaryimage"},"thumbnailUrl":"https:\/\/www.tcuido.es\/wp-content\/uploads\/2024\/12\/M01_C01-03_P19_ft-01.webp","datePublished":"2024-12-28T13:41:26+00:00","dateModified":"2025-09-23T17:28:25+00:00","breadcrumb":{"@id":"https:\/\/www.tcuido.es\/producto\/baston-plegable-bastones-para-andar-personas-mayores-flores\/#breadcrumb"},"inLanguage":"en-GB","potentialAction":[{"@type":"ReadAction","target":["https:\/\/www.tcuido.es\/producto\/baston-plegable-bastones-para-andar-personas-mayores-flores\/"]}]},{"@type":"ImageObject","inLanguage":"en-GB","@id":"https:\/\/www.tcuido.es\/producto\/baston-plegable-bastones-para-andar-personas-mayores-flores\/#primaryimage","url":"https:\/\/www.tcuido.es\/wp-content\/uploads\/2024\/12\/M01_C01-03_P19_ft-01.webp","contentUrl":"https:\/\/www.tcuido.es\/wp-content\/uploads\/2024\/12\/M01_C01-03_P19_ft-01.webp","width":1000,"height":1000},{"@type":"BreadcrumbList","@id":"https:\/\/www.tcuido.es\/producto\/baston-plegable-bastones-para-andar-personas-mayores-flores\/#breadcrumb","itemListElement":[{"@type":"ListItem","position":1,"name":"Inicio","item":"https:\/\/www.tcuido.es\/"},{"@type":"ListItem","position":2,"name":"Tienda","item":"https:\/\/www.tcuido.es\/tienda\/"},{"@type":"ListItem","position":3,"name":"Bast\u00f3n Plegable, Bastones para Andar Personas Mayores Flores"}]},{"@type":"WebSite","@id":"https:\/\/www.tcuido.es\/#website","url":"https:\/\/www.tcuido.es\/","name":"I take care","description":"Comprehensive Dependency Services","publisher":{"@id":"https:\/\/www.tcuido.es\/#organization"},"potentialAction":[{"@type":"SearchAction","target":{"@type":"EntryPoint","urlTemplate":"https:\/\/www.tcuido.es\/?s={search_term_string}"},"query-input":{"@type":"PropertyValueSpecification","valueRequired":true,"valueName":"search_term_string"}}],"inLanguage":"en-GB"},{"@type":"Organization","@id":"https:\/\/www.tcuido.es\/#organization","name":"Tcuido Comprehensive Dependency Services","url":"https:\/\/www.tcuido.es\/","logo":{"@type":"ImageObject","inLanguage":"en-GB","@id":"https:\/\/www.tcuido.es\/#\/schema\/logo\/image\/","url":"https:\/\/www.tcuido.es\/wp-content\/uploads\/2024\/03\/TCUIDO-facturas.png","contentUrl":"https:\/\/www.tcuido.es\/wp-content\/uploads\/2024\/03\/TCUIDO-facturas.png","width":1600,"height":361,"caption":"Tcuido Servicios Integrales a la Dependencia"},"image":{"@id":"https:\/\/www.tcuido.es\/#\/schema\/logo\/image\/"}}]}},"_links":{"self":[{"href":"https:\/\/www.tcuido.es\/en\/wp-json\/wp\/v2\/product\/3703","targetHints":{"allow":["GET"]}}],"collection":[{"href":"https:\/\/www.tcuido.es\/en\/wp-json\/wp\/v2\/product"}],"about":[{"href":"https:\/\/www.tcuido.es\/en\/wp-json\/wp\/v2\/types\/product"}],"wp:featuredmedia":[{"embeddable":true,"href":"https:\/\/www.tcuido.es\/en\/wp-json\/wp\/v2\/media\/3702"}],"wp:attachment":[{"href":"https:\/\/www.tcuido.es\/en\/wp-json\/wp\/v2\/media?parent=3703"}],"wp:term":[{"taxonomy":"product_brand","embeddable":true,"href":"https:\/\/www.tcuido.es\/en\/wp-json\/wp\/v2\/product_brand?post=3703"},{"taxonomy":"product_cat","embeddable":true,"href":"https:\/\/www.tcuido.es\/en\/wp-json\/wp\/v2\/product_cat?post=3703"},{"taxonomy":"product_tag","embeddable":true,"href":"https:\/\/www.tcuido.es\/en\/wp-json\/wp\/v2\/product_tag?post=3703"}],"curies":[{"name":"wp","href":"https:\/\/api.w.org\/{rel}","templated":true}]}}