{"id":3880,"date":"2025-01-26T12:41:23","date_gmt":"2025-01-26T12:41:23","guid":{"rendered":"https:\/\/www.tcuido.es\/?post_type=product&#038;p=3880"},"modified":"2025-09-23T17:28:40","modified_gmt":"2025-09-23T17:28:40","slug":"silla-orinal-acolchada-con-inodoro-portatil-2-en-1-silla-wc-para-mayores-silla-inodoro-silla-elevador-wc-para-ancianos","status":"publish","type":"product","link":"https:\/\/www.tcuido.es\/en\/product\/silla-orinal-acolchada-con-inodoro-portatil-2-en-1-silla-wc-para-mayores-silla-inodoro-silla-elevador-wc-para-ancianos\/","title":{"rendered":"Padded Potty Chair with Portable Toilet (2 in 1), Toilet Chair for Seniors, Toilet Chair, Toilet Lift Chair for Elderly"},"content":{"rendered":"<p><strong><span style=\"color: #97bf0d;\">CHARACTERISTICS<\/span><\/strong><\/p>\n<ul>\n<li>FUNCTIONAL: This practical commode chair can be used next to the bed as a toilet chair thanks to its discreet design with a bucket with a lid and its removable padded seat or adapted as a toilet booster by removing the bucket.<\/li>\n<li>PADDED AND STURDY DESIGN: This toilet chair has a padded backrest, armrests and seat and has a discreet and functional design that adapts to the furniture of the house for greater user comfort. In addition, thanks to its aluminum structure and its four legs with non-slip tips, the toilet chair supports a weight of up to 165 kg.<\/li>\n<li>ADJUSTABLE: The portable toilet chair fits most toilets thanks to the 7 height adjustments (84 \u2013 99 cm) that allow a seat height of 47 \u2013 62 cm. In addition, its light weight (8.5 kg) allows it to be transported anywhere in the home with ease. Dimensions (W x L max.): 65 x 65 cm.<\/li>\n<li>EASY TO ASSEMBLE AND CLEAN: The potty chair is easy to assemble thanks to its instruction manual that indicates each step to follow (all necessary tools are included). In addition, thanks to its materials and the bucket with handle, cleaning and sanitizing the toilet chair is simple and quick.<\/li>\n<li>RECOMMENDED FOR: Elderly, pregnant women and\/or people with mobility and\/or incontinence problems. Ideal for both home use and for hospitals and medical clinics.<\/li>\n<\/ul>\n<p>&nbsp;<\/p>\n<p><span style=\"color: #97bf0d;\"><strong>TECHNICAL DETAILS<\/strong><\/span><\/p>\n<ul>\n<li>Product Reference: P30034<\/li>\n<li>Overall Dimensions: 61\u00d758 cm<\/li>\n<li>Height: 84-99 cm<\/li>\n<li>Seat Height: 44-59 cm<\/li>\n<li>Bucket capacity: 5 liters<\/li>\n<li>Weight: 8.5 kg<\/li>\n<li>Regulations: 7<\/li>\n<li>Maximum User Weight: 165 kg<\/li>\n<\/ul>\n<p>&nbsp;<\/p>\n<p><strong><span style=\"color: #97bf0d;\">ADDITIONAL INFORMATION<\/span><\/strong><\/p>\n<ul>\n<li>Finish: Quilted<\/li>\n<li>Dimmable: Yes<\/li>\n<li>Waterproof: No<\/li>\n<li>Installation: Tool-Free<\/li>\n<li>Cube: Yes<\/li>\n<li>Cover: Yes<\/li>\n<li>Non-slip ferrules: Yes<\/li>\n<\/ul>","protected":false},"excerpt":{"rendered":"<p><span style=\"color: #97bf0d;\"><strong>2 IN 1<\/strong><\/span><\/p>\n<p>This padded commode chair is 2 in 1 and can be used as a portable toilet by lifting the lid or on the toilet itself acting as a toilet lift. Maximum user weight: 165 kg.<\/p>\n<p><span style=\"color: #97bf0d;\"><strong>DISCREET AND COMFORTABLE DESIGN<\/strong><\/span><\/p>\n<p>Its design is very discreet, blending into the decor of the house or bedroom like any other chair. The seat is padded, with a toilet and a padded toilet lid, providing greater comfort when sitting.<\/p>\n<p><span style=\"color: #97bf0d;\"><strong>EASY ASSEMBLY<\/strong><\/span><\/p>\n<p>The padded commode chair is very easy to assemble, as it does not require any tools, and it is easy to transport as it is lightweight (8.5 kg). The bucket has a lid and can be easily removed for emptying and cleaning.<\/p>\n<p><span style=\"color: #97bf0d;\"><strong>ADJUSTABLE HEIGHT<\/strong><\/span><\/p>\n<p>The height of the padded toilet chair seat can be adjusted from x to x cm with its 7 settings. BEFORE PURCHASING: measure the height of your toilet to be able to use it as a toilet lift, it must be 50 cm maximum.<\/p>","protected":false},"featured_media":3874,"template":"","meta":{"inline_featured_image":false},"product_brand":[],"product_cat":[27,30],"product_tag":[36],"class_list":{"0":"post-3880","1":"product","2":"type-product","3":"status-publish","4":"has-post-thumbnail","6":"product_cat-bano","7":"product_cat-sillas-wc","8":"product_tag-kmina","10":"first","11":"instock","12":"taxable","13":"shipping-taxable","14":"purchasable","15":"product-type-simple"},"yoast_head":"<!-- This site is optimized with the Yoast SEO Premium plugin v22.6 (Yoast SEO v27.1.1) - https:\/\/yoast.com\/product\/yoast-seo-premium-wordpress\/ -->\n<title>Silla Orinal Acolchada con Inodoro Port\u00e1til (2 en 1), Silla WC para Mayores, Silla Inodoro, Silla Elevador WC para Ancianos - Tcuido<\/title>\n<meta name=\"robots\" content=\"index, follow, max-snippet:-1, max-image-preview:large, max-video-preview:-1\" \/>\n<link rel=\"canonical\" href=\"https:\/\/www.tcuido.es\/en\/product\/silla-orinal-acolchada-con-inodoro-portatil-2-en-1-silla-wc-para-mayores-silla-inodoro-silla-elevador-wc-para-ancianos\/\" \/>\n<meta property=\"og:locale\" content=\"en_GB\" \/>\n<meta property=\"og:type\" content=\"article\" \/>\n<meta property=\"og:title\" content=\"Silla Orinal Acolchada con Inodoro Port\u00e1til (2 en 1), Silla WC para Mayores, Silla Inodoro, Silla Elevador WC para Ancianos\" \/>\n<meta property=\"og:description\" content=\"2 EN 1  Esta silla inodoro acolchada es 2 en 1 y puede utilizarse como inodoro port\u00e1til levantando la tapa o sobre el propio inodoro actuando como elevador de inodoro. Peso m\u00e1ximo usuario: 165 kg.  DISE\u00d1O DISCRETO Y C\u00d3MODO  Su dise\u00f1o es muy discreto integr\u00e1ndose en la decoraci\u00f3n de la casa o dormitorio como una silla cualquiera. El asiento es acolchado, con wc y con tapa de inodoro tambi\u00e9n acolchada, proporcionando una mayor comodidad al sentarse.  F\u00c1CIL MONTAJE  El montaje del la silla inodoro acolchada es muy sencillo, ya que no necesita herramientas y su transporte es f\u00e1cil ya que es ligera (8,5 kg). El cubo tiene tapa y es extra\u00edble f\u00e1cilmente para vaciar su contenido y limpiarlo.  ALTURA REGULABLE  La altura del asiento de la silla wc acolchada puede regularse de x a x cm con sus 7 regulaciones. ANTES DE COMPRAR: mide la altura de tu inodoro para poder usarlo como elevador WC, debe ser 50 cm como m\u00e1ximo.\" \/>\n<meta property=\"og:url\" content=\"https:\/\/www.tcuido.es\/en\/product\/silla-orinal-acolchada-con-inodoro-portatil-2-en-1-silla-wc-para-mayores-silla-inodoro-silla-elevador-wc-para-ancianos\/\" \/>\n<meta property=\"og:site_name\" content=\"Tcuido\" \/>\n<meta property=\"article:modified_time\" content=\"2025-09-23T17:28:40+00:00\" \/>\n<meta property=\"og:image\" content=\"https:\/\/www.tcuido.es\/wp-content\/uploads\/2025\/01\/M01_C02-02_P03_ft-01.webp\" \/>\n\t<meta property=\"og:image:width\" content=\"1000\" \/>\n\t<meta property=\"og:image:height\" content=\"1000\" \/>\n\t<meta property=\"og:image:type\" content=\"image\/webp\" \/>\n<meta name=\"twitter:card\" content=\"summary_large_image\" \/>\n<meta name=\"twitter:label1\" content=\"Estimated reading time\" \/>\n\t<meta name=\"twitter:data1\" content=\"2 minutes\" \/>\n<script type=\"application\/ld+json\" class=\"yoast-schema-graph\">{\"@context\":\"https:\/\/schema.org\",\"@graph\":[{\"@type\":\"WebPage\",\"@id\":\"https:\/\/www.tcuido.es\/producto\/silla-orinal-acolchada-con-inodoro-portatil-2-en-1-silla-wc-para-mayores-silla-inodoro-silla-elevador-wc-para-ancianos\/\",\"url\":\"https:\/\/www.tcuido.es\/producto\/silla-orinal-acolchada-con-inodoro-portatil-2-en-1-silla-wc-para-mayores-silla-inodoro-silla-elevador-wc-para-ancianos\/\",\"name\":\"Silla Orinal Acolchada con Inodoro Port\u00e1til (2 en 1), Silla WC para Mayores, Silla Inodoro, Silla Elevador WC para Ancianos - Tcuido\",\"isPartOf\":{\"@id\":\"https:\/\/www.tcuido.es\/#website\"},\"primaryImageOfPage\":{\"@id\":\"https:\/\/www.tcuido.es\/producto\/silla-orinal-acolchada-con-inodoro-portatil-2-en-1-silla-wc-para-mayores-silla-inodoro-silla-elevador-wc-para-ancianos\/#primaryimage\"},\"image\":{\"@id\":\"https:\/\/www.tcuido.es\/producto\/silla-orinal-acolchada-con-inodoro-portatil-2-en-1-silla-wc-para-mayores-silla-inodoro-silla-elevador-wc-para-ancianos\/#primaryimage\"},\"thumbnailUrl\":\"https:\/\/www.tcuido.es\/wp-content\/uploads\/2025\/01\/M01_C02-02_P03_ft-01.webp\",\"datePublished\":\"2025-01-26T12:41:23+00:00\",\"dateModified\":\"2025-09-23T17:28:40+00:00\",\"breadcrumb\":{\"@id\":\"https:\/\/www.tcuido.es\/producto\/silla-orinal-acolchada-con-inodoro-portatil-2-en-1-silla-wc-para-mayores-silla-inodoro-silla-elevador-wc-para-ancianos\/#breadcrumb\"},\"inLanguage\":\"en-GB\",\"potentialAction\":[{\"@type\":\"ReadAction\",\"target\":[\"https:\/\/www.tcuido.es\/producto\/silla-orinal-acolchada-con-inodoro-portatil-2-en-1-silla-wc-para-mayores-silla-inodoro-silla-elevador-wc-para-ancianos\/\"]}]},{\"@type\":\"ImageObject\",\"inLanguage\":\"en-GB\",\"@id\":\"https:\/\/www.tcuido.es\/producto\/silla-orinal-acolchada-con-inodoro-portatil-2-en-1-silla-wc-para-mayores-silla-inodoro-silla-elevador-wc-para-ancianos\/#primaryimage\",\"url\":\"https:\/\/www.tcuido.es\/wp-content\/uploads\/2025\/01\/M01_C02-02_P03_ft-01.webp\",\"contentUrl\":\"https:\/\/www.tcuido.es\/wp-content\/uploads\/2025\/01\/M01_C02-02_P03_ft-01.webp\",\"width\":1000,\"height\":1000},{\"@type\":\"BreadcrumbList\",\"@id\":\"https:\/\/www.tcuido.es\/producto\/silla-orinal-acolchada-con-inodoro-portatil-2-en-1-silla-wc-para-mayores-silla-inodoro-silla-elevador-wc-para-ancianos\/#breadcrumb\",\"itemListElement\":[{\"@type\":\"ListItem\",\"position\":1,\"name\":\"Inicio\",\"item\":\"https:\/\/www.tcuido.es\/\"},{\"@type\":\"ListItem\",\"position\":2,\"name\":\"Tienda\",\"item\":\"https:\/\/www.tcuido.es\/tienda\/\"},{\"@type\":\"ListItem\",\"position\":3,\"name\":\"Silla Orinal Acolchada con Inodoro Port\u00e1til (2 en 1), Silla WC para Mayores, Silla Inodoro, Silla Elevador WC para Ancianos\"}]},{\"@type\":\"WebSite\",\"@id\":\"https:\/\/www.tcuido.es\/#website\",\"url\":\"https:\/\/www.tcuido.es\/\",\"name\":\"Tcuido\",\"description\":\"Servicios Integrales a la Dependencia\",\"publisher\":{\"@id\":\"https:\/\/www.tcuido.es\/#organization\"},\"potentialAction\":[{\"@type\":\"SearchAction\",\"target\":{\"@type\":\"EntryPoint\",\"urlTemplate\":\"https:\/\/www.tcuido.es\/?s={search_term_string}\"},\"query-input\":{\"@type\":\"PropertyValueSpecification\",\"valueRequired\":true,\"valueName\":\"search_term_string\"}}],\"inLanguage\":\"en-GB\"},{\"@type\":\"Organization\",\"@id\":\"https:\/\/www.tcuido.es\/#organization\",\"name\":\"Tcuido Servicios Integrales a la Dependencia\",\"url\":\"https:\/\/www.tcuido.es\/\",\"logo\":{\"@type\":\"ImageObject\",\"inLanguage\":\"en-GB\",\"@id\":\"https:\/\/www.tcuido.es\/#\/schema\/logo\/image\/\",\"url\":\"https:\/\/www.tcuido.es\/wp-content\/uploads\/2024\/03\/TCUIDO-facturas.png\",\"contentUrl\":\"https:\/\/www.tcuido.es\/wp-content\/uploads\/2024\/03\/TCUIDO-facturas.png\",\"width\":1600,\"height\":361,\"caption\":\"Tcuido Servicios Integrales a la Dependencia\"},\"image\":{\"@id\":\"https:\/\/www.tcuido.es\/#\/schema\/logo\/image\/\"}}]}<\/script>\n<!-- \/ Yoast SEO Premium plugin. -->","yoast_head_json":{"title":"Silla Orinal Acolchada con Inodoro Port\u00e1til (2 en 1), Silla WC para Mayores, Silla Inodoro, Silla Elevador WC para Ancianos - Tcuido","robots":{"index":"index","follow":"follow","max-snippet":"max-snippet:-1","max-image-preview":"max-image-preview:large","max-video-preview":"max-video-preview:-1"},"canonical":"https:\/\/www.tcuido.es\/en\/product\/silla-orinal-acolchada-con-inodoro-portatil-2-en-1-silla-wc-para-mayores-silla-inodoro-silla-elevador-wc-para-ancianos\/","og_locale":"en_GB","og_type":"article","og_title":"Silla Orinal Acolchada con Inodoro Port\u00e1til (2 en 1), Silla WC para Mayores, Silla Inodoro, Silla Elevador WC para Ancianos","og_description":"2 EN 1  Esta silla inodoro acolchada es 2 en 1 y puede utilizarse como inodoro port\u00e1til levantando la tapa o sobre el propio inodoro actuando como elevador de inodoro. Peso m\u00e1ximo usuario: 165 kg.  DISE\u00d1O DISCRETO Y C\u00d3MODO  Su dise\u00f1o es muy discreto integr\u00e1ndose en la decoraci\u00f3n de la casa o dormitorio como una silla cualquiera. El asiento es acolchado, con wc y con tapa de inodoro tambi\u00e9n acolchada, proporcionando una mayor comodidad al sentarse.  F\u00c1CIL MONTAJE  El montaje del la silla inodoro acolchada es muy sencillo, ya que no necesita herramientas y su transporte es f\u00e1cil ya que es ligera (8,5 kg). El cubo tiene tapa y es extra\u00edble f\u00e1cilmente para vaciar su contenido y limpiarlo.  ALTURA REGULABLE  La altura del asiento de la silla wc acolchada puede regularse de x a x cm con sus 7 regulaciones. ANTES DE COMPRAR: mide la altura de tu inodoro para poder usarlo como elevador WC, debe ser 50 cm como m\u00e1ximo.","og_url":"https:\/\/www.tcuido.es\/en\/product\/silla-orinal-acolchada-con-inodoro-portatil-2-en-1-silla-wc-para-mayores-silla-inodoro-silla-elevador-wc-para-ancianos\/","og_site_name":"Tcuido","article_modified_time":"2025-09-23T17:28:40+00:00","og_image":[{"width":1000,"height":1000,"url":"https:\/\/www.tcuido.es\/wp-content\/uploads\/2025\/01\/M01_C02-02_P03_ft-01.webp","type":"image\/webp"}],"twitter_card":"summary_large_image","twitter_misc":{"Estimated reading time":"2 minutes"},"schema":{"@context":"https:\/\/schema.org","@graph":[{"@type":"WebPage","@id":"https:\/\/www.tcuido.es\/producto\/silla-orinal-acolchada-con-inodoro-portatil-2-en-1-silla-wc-para-mayores-silla-inodoro-silla-elevador-wc-para-ancianos\/","url":"https:\/\/www.tcuido.es\/producto\/silla-orinal-acolchada-con-inodoro-portatil-2-en-1-silla-wc-para-mayores-silla-inodoro-silla-elevador-wc-para-ancianos\/","name":"Silla Orinal Acolchada con Inodoro Port\u00e1til (2 en 1), Silla WC para Mayores, Silla Inodoro, Silla Elevador WC para Ancianos - Tcuido","isPartOf":{"@id":"https:\/\/www.tcuido.es\/#website"},"primaryImageOfPage":{"@id":"https:\/\/www.tcuido.es\/producto\/silla-orinal-acolchada-con-inodoro-portatil-2-en-1-silla-wc-para-mayores-silla-inodoro-silla-elevador-wc-para-ancianos\/#primaryimage"},"image":{"@id":"https:\/\/www.tcuido.es\/producto\/silla-orinal-acolchada-con-inodoro-portatil-2-en-1-silla-wc-para-mayores-silla-inodoro-silla-elevador-wc-para-ancianos\/#primaryimage"},"thumbnailUrl":"https:\/\/www.tcuido.es\/wp-content\/uploads\/2025\/01\/M01_C02-02_P03_ft-01.webp","datePublished":"2025-01-26T12:41:23+00:00","dateModified":"2025-09-23T17:28:40+00:00","breadcrumb":{"@id":"https:\/\/www.tcuido.es\/producto\/silla-orinal-acolchada-con-inodoro-portatil-2-en-1-silla-wc-para-mayores-silla-inodoro-silla-elevador-wc-para-ancianos\/#breadcrumb"},"inLanguage":"en-GB","potentialAction":[{"@type":"ReadAction","target":["https:\/\/www.tcuido.es\/producto\/silla-orinal-acolchada-con-inodoro-portatil-2-en-1-silla-wc-para-mayores-silla-inodoro-silla-elevador-wc-para-ancianos\/"]}]},{"@type":"ImageObject","inLanguage":"en-GB","@id":"https:\/\/www.tcuido.es\/producto\/silla-orinal-acolchada-con-inodoro-portatil-2-en-1-silla-wc-para-mayores-silla-inodoro-silla-elevador-wc-para-ancianos\/#primaryimage","url":"https:\/\/www.tcuido.es\/wp-content\/uploads\/2025\/01\/M01_C02-02_P03_ft-01.webp","contentUrl":"https:\/\/www.tcuido.es\/wp-content\/uploads\/2025\/01\/M01_C02-02_P03_ft-01.webp","width":1000,"height":1000},{"@type":"BreadcrumbList","@id":"https:\/\/www.tcuido.es\/producto\/silla-orinal-acolchada-con-inodoro-portatil-2-en-1-silla-wc-para-mayores-silla-inodoro-silla-elevador-wc-para-ancianos\/#breadcrumb","itemListElement":[{"@type":"ListItem","position":1,"name":"Inicio","item":"https:\/\/www.tcuido.es\/"},{"@type":"ListItem","position":2,"name":"Tienda","item":"https:\/\/www.tcuido.es\/tienda\/"},{"@type":"ListItem","position":3,"name":"Silla Orinal Acolchada con Inodoro Port\u00e1til (2 en 1), Silla WC para Mayores, Silla Inodoro, Silla Elevador WC para Ancianos"}]},{"@type":"WebSite","@id":"https:\/\/www.tcuido.es\/#website","url":"https:\/\/www.tcuido.es\/","name":"I take care","description":"Comprehensive Dependency Services","publisher":{"@id":"https:\/\/www.tcuido.es\/#organization"},"potentialAction":[{"@type":"SearchAction","target":{"@type":"EntryPoint","urlTemplate":"https:\/\/www.tcuido.es\/?s={search_term_string}"},"query-input":{"@type":"PropertyValueSpecification","valueRequired":true,"valueName":"search_term_string"}}],"inLanguage":"en-GB"},{"@type":"Organization","@id":"https:\/\/www.tcuido.es\/#organization","name":"Tcuido Comprehensive Dependency Services","url":"https:\/\/www.tcuido.es\/","logo":{"@type":"ImageObject","inLanguage":"en-GB","@id":"https:\/\/www.tcuido.es\/#\/schema\/logo\/image\/","url":"https:\/\/www.tcuido.es\/wp-content\/uploads\/2024\/03\/TCUIDO-facturas.png","contentUrl":"https:\/\/www.tcuido.es\/wp-content\/uploads\/2024\/03\/TCUIDO-facturas.png","width":1600,"height":361,"caption":"Tcuido Servicios Integrales a la Dependencia"},"image":{"@id":"https:\/\/www.tcuido.es\/#\/schema\/logo\/image\/"}}]}},"_links":{"self":[{"href":"https:\/\/www.tcuido.es\/en\/wp-json\/wp\/v2\/product\/3880","targetHints":{"allow":["GET"]}}],"collection":[{"href":"https:\/\/www.tcuido.es\/en\/wp-json\/wp\/v2\/product"}],"about":[{"href":"https:\/\/www.tcuido.es\/en\/wp-json\/wp\/v2\/types\/product"}],"wp:featuredmedia":[{"embeddable":true,"href":"https:\/\/www.tcuido.es\/en\/wp-json\/wp\/v2\/media\/3874"}],"wp:attachment":[{"href":"https:\/\/www.tcuido.es\/en\/wp-json\/wp\/v2\/media?parent=3880"}],"wp:term":[{"taxonomy":"product_brand","embeddable":true,"href":"https:\/\/www.tcuido.es\/en\/wp-json\/wp\/v2\/product_brand?post=3880"},{"taxonomy":"product_cat","embeddable":true,"href":"https:\/\/www.tcuido.es\/en\/wp-json\/wp\/v2\/product_cat?post=3880"},{"taxonomy":"product_tag","embeddable":true,"href":"https:\/\/www.tcuido.es\/en\/wp-json\/wp\/v2\/product_tag?post=3880"}],"curies":[{"name":"wp","href":"https:\/\/api.w.org\/{rel}","templated":true}]}}