{"id":3941,"date":"2025-01-26T13:24:25","date_gmt":"2025-01-26T13:24:25","guid":{"rendered":"https:\/\/www.tcuido.es\/?post_type=product&#038;p=3941"},"modified":"2025-09-23T17:28:16","modified_gmt":"2025-09-23T17:28:16","slug":"asa-bano-adultos-baneras-con-borde-liso-%e2%89%a58-cm-asidero-banera-adultos","status":"publish","type":"product","link":"https:\/\/www.tcuido.es\/en\/product\/asa-bano-adultos-baneras-con-borde-liso-%e2%89%a58-cm-asidero-banera-adultos\/","title":{"rendered":"Adult Bath Handle (Bathtubs with smooth edge \u22658 cm), Adult Bathtub Grab Bar"},"content":{"rendered":"<p><strong><span style=\"color: #97bf0d;\">CHARACTERISTICS<\/span><\/strong><\/p>\n<ul>\n<li>STABLE AND SAFE: Designed to provide additional support and stability, the access handle improves the autonomy and quality of life of users by allowing them to enter and exit the bathtub safely thanks to the support point.<\/li>\n<li>STURDY: Made of white lacquered steel, the handle provides strong, safe, durable and comfortable support thanks to its padded coating. The bathtub bar supports a maximum of 100 kg.<\/li>\n<li>ADAPTABLE: Thanks to its anchoring system with adjustable adjustment from 8 to 17 cm, this grab bar is easily fixed to the bathtub, thus avoiding unwanted risks such as slips and falls. In addition, its rubber padding prevents scratches on the bathtub. IMPORTANT: Only suitable for bathtubs with a smooth outer edge and no overhang.<\/li>\n<li>EASY INSTALLATION: It is installed quickly and easily without any tools, just follow the steps described in the instruction manual. It includes everything necessary for installation.<\/li>\n<li>RECOMMENDED FOR: Elderly people, people with reduced mobility or disabilities who have difficulty getting in or out of the bathtub. Recommended for convalescence periods, rehabilitation from injuries and post-operative periods.<\/li>\n<\/ul>\n<p>&nbsp;<\/p>\n<p><strong><span style=\"color: #97bf0d;\">TECHNICAL DETAILS<\/span><\/strong><\/p>\n<ul>\n<li>Product Reference: P30008<\/li>\n<li>Adjustable Fit: 8 \u2013 17 cm<\/li>\n<li>Handle Weight: 3 kg<\/li>\n<li>Max User Weight: 100 kg<\/li>\n<\/ul>\n<p>&nbsp;<\/p>\n<p><strong><span style=\"color: #97bf0d;\">ADDITIONAL INFORMATION<\/span><\/strong><\/p>\n<ul>\n<li>Material: Steel<\/li>\n<li>Installation Type: Tool-less<\/li>\n<li>Padding: No<\/li>\n<\/ul>","protected":false},"excerpt":{"rendered":"<p><strong><span style=\"color: #97bf0d;\">CHECK THAT YOUR BATHTUB IS COMPATIBLE<\/span><\/strong><\/p>\n<p>The bathtub will be suitable if:<\/p>\n<p>1. The outer edge of your bathtub is \u2265 8 cm wide.<\/p>\n<p>2. The edge is smooth (90\u00ba) and \u2265 11.5 cm to allow the bathtub access handle to be placed correctly.<\/p>","protected":false},"featured_media":3943,"template":"","meta":{"inline_featured_image":false},"product_brand":[],"product_cat":[32,27],"product_tag":[36],"class_list":{"0":"post-3941","1":"product","2":"type-product","3":"status-publish","4":"has-post-thumbnail","6":"product_cat-asideros-bano","7":"product_cat-bano","8":"product_tag-kmina","10":"first","11":"instock","12":"taxable","13":"shipping-taxable","14":"purchasable","15":"product-type-simple"},"yoast_head":"<!-- This site is optimized with the Yoast SEO Premium plugin v22.6 (Yoast SEO v27.1.1) - https:\/\/yoast.com\/product\/yoast-seo-premium-wordpress\/ -->\n<title>Asa Ba\u00f1o Adultos (Ba\u00f1eras con borde liso \u22658 cm), Asidero Ba\u00f1era Adultos - Tcuido<\/title>\n<meta name=\"robots\" content=\"index, follow, max-snippet:-1, max-image-preview:large, max-video-preview:-1\" \/>\n<link rel=\"canonical\" href=\"https:\/\/www.tcuido.es\/en\/product\/asa-bano-adultos-baneras-con-borde-liso-\u22658-cm-asidero-banera-adultos\/\" \/>\n<meta property=\"og:locale\" content=\"en_GB\" \/>\n<meta property=\"og:type\" content=\"article\" \/>\n<meta property=\"og:title\" content=\"Asa Ba\u00f1o Adultos (Ba\u00f1eras con borde liso \u22658 cm), Asidero Ba\u00f1era Adultos\" \/>\n<meta property=\"og:description\" content=\"COMPRUEBA QUE TU BA\u00d1ERA ES COMPATIBLE  La ba\u00f1era ser\u00e1 apta si:  1. El borde exterior de tu ba\u00f1era es \u2265 8 cm de ancho.  2. El borde es liso (90\u00ba) y \u2265 11,5 cm para poder colocar el asa de acceso a la ba\u00f1era correctamente.\" \/>\n<meta property=\"og:url\" content=\"https:\/\/www.tcuido.es\/en\/product\/asa-bano-adultos-baneras-con-borde-liso-\u22658-cm-asidero-banera-adultos\/\" \/>\n<meta property=\"og:site_name\" content=\"Tcuido\" \/>\n<meta property=\"article:modified_time\" content=\"2025-09-23T17:28:16+00:00\" \/>\n<meta property=\"og:image\" content=\"https:\/\/www.tcuido.es\/wp-content\/uploads\/2025\/01\/M01_C02-04_P07_ft-01.webp\" \/>\n\t<meta property=\"og:image:width\" content=\"1000\" \/>\n\t<meta property=\"og:image:height\" content=\"1000\" \/>\n\t<meta property=\"og:image:type\" content=\"image\/webp\" \/>\n<meta name=\"twitter:card\" content=\"summary_large_image\" \/>\n<meta name=\"twitter:label1\" content=\"Estimated reading time\" \/>\n\t<meta name=\"twitter:data1\" content=\"2 minutes\" \/>\n<script type=\"application\/ld+json\" class=\"yoast-schema-graph\">{\"@context\":\"https:\/\/schema.org\",\"@graph\":[{\"@type\":\"WebPage\",\"@id\":\"https:\/\/www.tcuido.es\/producto\/asa-bano-adultos-baneras-con-borde-liso-%e2%89%a58-cm-asidero-banera-adultos\/\",\"url\":\"https:\/\/www.tcuido.es\/producto\/asa-bano-adultos-baneras-con-borde-liso-%e2%89%a58-cm-asidero-banera-adultos\/\",\"name\":\"Asa Ba\u00f1o Adultos (Ba\u00f1eras con borde liso \u22658 cm), Asidero Ba\u00f1era Adultos - Tcuido\",\"isPartOf\":{\"@id\":\"https:\/\/www.tcuido.es\/#website\"},\"primaryImageOfPage\":{\"@id\":\"https:\/\/www.tcuido.es\/producto\/asa-bano-adultos-baneras-con-borde-liso-%e2%89%a58-cm-asidero-banera-adultos\/#primaryimage\"},\"image\":{\"@id\":\"https:\/\/www.tcuido.es\/producto\/asa-bano-adultos-baneras-con-borde-liso-%e2%89%a58-cm-asidero-banera-adultos\/#primaryimage\"},\"thumbnailUrl\":\"https:\/\/www.tcuido.es\/wp-content\/uploads\/2025\/01\/M01_C02-04_P07_ft-01.webp\",\"datePublished\":\"2025-01-26T13:24:25+00:00\",\"dateModified\":\"2025-09-23T17:28:16+00:00\",\"breadcrumb\":{\"@id\":\"https:\/\/www.tcuido.es\/producto\/asa-bano-adultos-baneras-con-borde-liso-%e2%89%a58-cm-asidero-banera-adultos\/#breadcrumb\"},\"inLanguage\":\"en-GB\",\"potentialAction\":[{\"@type\":\"ReadAction\",\"target\":[\"https:\/\/www.tcuido.es\/producto\/asa-bano-adultos-baneras-con-borde-liso-%e2%89%a58-cm-asidero-banera-adultos\/\"]}]},{\"@type\":\"ImageObject\",\"inLanguage\":\"en-GB\",\"@id\":\"https:\/\/www.tcuido.es\/producto\/asa-bano-adultos-baneras-con-borde-liso-%e2%89%a58-cm-asidero-banera-adultos\/#primaryimage\",\"url\":\"https:\/\/www.tcuido.es\/wp-content\/uploads\/2025\/01\/M01_C02-04_P07_ft-01.webp\",\"contentUrl\":\"https:\/\/www.tcuido.es\/wp-content\/uploads\/2025\/01\/M01_C02-04_P07_ft-01.webp\",\"width\":1000,\"height\":1000},{\"@type\":\"BreadcrumbList\",\"@id\":\"https:\/\/www.tcuido.es\/producto\/asa-bano-adultos-baneras-con-borde-liso-%e2%89%a58-cm-asidero-banera-adultos\/#breadcrumb\",\"itemListElement\":[{\"@type\":\"ListItem\",\"position\":1,\"name\":\"Inicio\",\"item\":\"https:\/\/www.tcuido.es\/\"},{\"@type\":\"ListItem\",\"position\":2,\"name\":\"Tienda\",\"item\":\"https:\/\/www.tcuido.es\/tienda\/\"},{\"@type\":\"ListItem\",\"position\":3,\"name\":\"Asa Ba\u00f1o Adultos (Ba\u00f1eras con borde liso \u22658 cm), Asidero Ba\u00f1era Adultos\"}]},{\"@type\":\"WebSite\",\"@id\":\"https:\/\/www.tcuido.es\/#website\",\"url\":\"https:\/\/www.tcuido.es\/\",\"name\":\"Tcuido\",\"description\":\"Servicios Integrales a la Dependencia\",\"publisher\":{\"@id\":\"https:\/\/www.tcuido.es\/#organization\"},\"potentialAction\":[{\"@type\":\"SearchAction\",\"target\":{\"@type\":\"EntryPoint\",\"urlTemplate\":\"https:\/\/www.tcuido.es\/?s={search_term_string}\"},\"query-input\":{\"@type\":\"PropertyValueSpecification\",\"valueRequired\":true,\"valueName\":\"search_term_string\"}}],\"inLanguage\":\"en-GB\"},{\"@type\":\"Organization\",\"@id\":\"https:\/\/www.tcuido.es\/#organization\",\"name\":\"Tcuido Servicios Integrales a la Dependencia\",\"url\":\"https:\/\/www.tcuido.es\/\",\"logo\":{\"@type\":\"ImageObject\",\"inLanguage\":\"en-GB\",\"@id\":\"https:\/\/www.tcuido.es\/#\/schema\/logo\/image\/\",\"url\":\"https:\/\/www.tcuido.es\/wp-content\/uploads\/2024\/03\/TCUIDO-facturas.png\",\"contentUrl\":\"https:\/\/www.tcuido.es\/wp-content\/uploads\/2024\/03\/TCUIDO-facturas.png\",\"width\":1600,\"height\":361,\"caption\":\"Tcuido Servicios Integrales a la Dependencia\"},\"image\":{\"@id\":\"https:\/\/www.tcuido.es\/#\/schema\/logo\/image\/\"}}]}<\/script>\n<!-- \/ Yoast SEO Premium plugin. -->","yoast_head_json":{"title":"Asa Ba\u00f1o Adultos (Ba\u00f1eras con borde liso \u22658 cm), Asidero Ba\u00f1era Adultos - Tcuido","robots":{"index":"index","follow":"follow","max-snippet":"max-snippet:-1","max-image-preview":"max-image-preview:large","max-video-preview":"max-video-preview:-1"},"canonical":"https:\/\/www.tcuido.es\/en\/product\/asa-bano-adultos-baneras-con-borde-liso-\u22658-cm-asidero-banera-adultos\/","og_locale":"en_GB","og_type":"article","og_title":"Asa Ba\u00f1o Adultos (Ba\u00f1eras con borde liso \u22658 cm), Asidero Ba\u00f1era Adultos","og_description":"COMPRUEBA QUE TU BA\u00d1ERA ES COMPATIBLE  La ba\u00f1era ser\u00e1 apta si:  1. El borde exterior de tu ba\u00f1era es \u2265 8 cm de ancho.  2. El borde es liso (90\u00ba) y \u2265 11,5 cm para poder colocar el asa de acceso a la ba\u00f1era correctamente.","og_url":"https:\/\/www.tcuido.es\/en\/product\/asa-bano-adultos-baneras-con-borde-liso-\u22658-cm-asidero-banera-adultos\/","og_site_name":"Tcuido","article_modified_time":"2025-09-23T17:28:16+00:00","og_image":[{"width":1000,"height":1000,"url":"https:\/\/www.tcuido.es\/wp-content\/uploads\/2025\/01\/M01_C02-04_P07_ft-01.webp","type":"image\/webp"}],"twitter_card":"summary_large_image","twitter_misc":{"Estimated reading time":"2 minutes"},"schema":{"@context":"https:\/\/schema.org","@graph":[{"@type":"WebPage","@id":"https:\/\/www.tcuido.es\/producto\/asa-bano-adultos-baneras-con-borde-liso-%e2%89%a58-cm-asidero-banera-adultos\/","url":"https:\/\/www.tcuido.es\/producto\/asa-bano-adultos-baneras-con-borde-liso-%e2%89%a58-cm-asidero-banera-adultos\/","name":"Asa Ba\u00f1o Adultos (Ba\u00f1eras con borde liso \u22658 cm), Asidero Ba\u00f1era Adultos - Tcuido","isPartOf":{"@id":"https:\/\/www.tcuido.es\/#website"},"primaryImageOfPage":{"@id":"https:\/\/www.tcuido.es\/producto\/asa-bano-adultos-baneras-con-borde-liso-%e2%89%a58-cm-asidero-banera-adultos\/#primaryimage"},"image":{"@id":"https:\/\/www.tcuido.es\/producto\/asa-bano-adultos-baneras-con-borde-liso-%e2%89%a58-cm-asidero-banera-adultos\/#primaryimage"},"thumbnailUrl":"https:\/\/www.tcuido.es\/wp-content\/uploads\/2025\/01\/M01_C02-04_P07_ft-01.webp","datePublished":"2025-01-26T13:24:25+00:00","dateModified":"2025-09-23T17:28:16+00:00","breadcrumb":{"@id":"https:\/\/www.tcuido.es\/producto\/asa-bano-adultos-baneras-con-borde-liso-%e2%89%a58-cm-asidero-banera-adultos\/#breadcrumb"},"inLanguage":"en-GB","potentialAction":[{"@type":"ReadAction","target":["https:\/\/www.tcuido.es\/producto\/asa-bano-adultos-baneras-con-borde-liso-%e2%89%a58-cm-asidero-banera-adultos\/"]}]},{"@type":"ImageObject","inLanguage":"en-GB","@id":"https:\/\/www.tcuido.es\/producto\/asa-bano-adultos-baneras-con-borde-liso-%e2%89%a58-cm-asidero-banera-adultos\/#primaryimage","url":"https:\/\/www.tcuido.es\/wp-content\/uploads\/2025\/01\/M01_C02-04_P07_ft-01.webp","contentUrl":"https:\/\/www.tcuido.es\/wp-content\/uploads\/2025\/01\/M01_C02-04_P07_ft-01.webp","width":1000,"height":1000},{"@type":"BreadcrumbList","@id":"https:\/\/www.tcuido.es\/producto\/asa-bano-adultos-baneras-con-borde-liso-%e2%89%a58-cm-asidero-banera-adultos\/#breadcrumb","itemListElement":[{"@type":"ListItem","position":1,"name":"Inicio","item":"https:\/\/www.tcuido.es\/"},{"@type":"ListItem","position":2,"name":"Tienda","item":"https:\/\/www.tcuido.es\/tienda\/"},{"@type":"ListItem","position":3,"name":"Asa Ba\u00f1o Adultos (Ba\u00f1eras con borde liso \u22658 cm), Asidero Ba\u00f1era Adultos"}]},{"@type":"WebSite","@id":"https:\/\/www.tcuido.es\/#website","url":"https:\/\/www.tcuido.es\/","name":"I take care","description":"Comprehensive Dependency Services","publisher":{"@id":"https:\/\/www.tcuido.es\/#organization"},"potentialAction":[{"@type":"SearchAction","target":{"@type":"EntryPoint","urlTemplate":"https:\/\/www.tcuido.es\/?s={search_term_string}"},"query-input":{"@type":"PropertyValueSpecification","valueRequired":true,"valueName":"search_term_string"}}],"inLanguage":"en-GB"},{"@type":"Organization","@id":"https:\/\/www.tcuido.es\/#organization","name":"Tcuido Comprehensive Dependency Services","url":"https:\/\/www.tcuido.es\/","logo":{"@type":"ImageObject","inLanguage":"en-GB","@id":"https:\/\/www.tcuido.es\/#\/schema\/logo\/image\/","url":"https:\/\/www.tcuido.es\/wp-content\/uploads\/2024\/03\/TCUIDO-facturas.png","contentUrl":"https:\/\/www.tcuido.es\/wp-content\/uploads\/2024\/03\/TCUIDO-facturas.png","width":1600,"height":361,"caption":"Tcuido Servicios Integrales a la Dependencia"},"image":{"@id":"https:\/\/www.tcuido.es\/#\/schema\/logo\/image\/"}}]}},"_links":{"self":[{"href":"https:\/\/www.tcuido.es\/en\/wp-json\/wp\/v2\/product\/3941","targetHints":{"allow":["GET"]}}],"collection":[{"href":"https:\/\/www.tcuido.es\/en\/wp-json\/wp\/v2\/product"}],"about":[{"href":"https:\/\/www.tcuido.es\/en\/wp-json\/wp\/v2\/types\/product"}],"wp:featuredmedia":[{"embeddable":true,"href":"https:\/\/www.tcuido.es\/en\/wp-json\/wp\/v2\/media\/3943"}],"wp:attachment":[{"href":"https:\/\/www.tcuido.es\/en\/wp-json\/wp\/v2\/media?parent=3941"}],"wp:term":[{"taxonomy":"product_brand","embeddable":true,"href":"https:\/\/www.tcuido.es\/en\/wp-json\/wp\/v2\/product_brand?post=3941"},{"taxonomy":"product_cat","embeddable":true,"href":"https:\/\/www.tcuido.es\/en\/wp-json\/wp\/v2\/product_cat?post=3941"},{"taxonomy":"product_tag","embeddable":true,"href":"https:\/\/www.tcuido.es\/en\/wp-json\/wp\/v2\/product_tag?post=3941"}],"curies":[{"name":"wp","href":"https:\/\/api.w.org\/{rel}","templated":true}]}}