{"id":3958,"date":"2025-01-26T13:31:59","date_gmt":"2025-01-26T13:31:59","guid":{"rendered":"https:\/\/www.tcuido.es\/?post_type=product&#038;p=3958"},"modified":"2025-09-23T17:28:17","modified_gmt":"2025-09-23T17:28:17","slug":"asidero-bano-30-cm-x2-uds-asa-de-seguridad-para-bano-barra-bano-minusvalido-blancas","status":"publish","type":"product","link":"https:\/\/www.tcuido.es\/en\/product\/asidero-bano-30-cm-x2-uds-asa-de-seguridad-para-bano-barra-bano-minusvalido-blancas\/","title":{"rendered":"Bathroom Grab Bar 30 cm (x2 pcs), Safety Handle for Bathroom, White Disabled Bathroom Bar"},"content":{"rendered":"<p><strong><span style=\"color: #97bf0d;\">CHARACTERISTICS<\/span><\/strong><\/p>\n<ul>\n<li>STABLE AND SAFE: Designed to provide additional support and stability, the bath bar can be installed near the shower, bathtub or toilet to prevent slipping or falling.<\/li>\n<li>STURDY: Made of steel, this bathroom grab bar provides strong, secure and long-lasting support. The grab bar holds a maximum of 115 kg.<\/li>\n<li>VERSATILE: Can be mounted vertically, horizontally or diagonally depending on the user&#039;s needs. In addition to the bathroom, it can be installed anywhere else in the house where security is required.<\/li>\n<li>STEP-BY-STEP INSTALLATION: Includes the screws, wall plugs and rubber gaskets needed for installation. The safety bar is installed quickly and easily, just follow the steps described in the instruction manual. For the drill, you must use an 8 mm drill bit suitable for the wall where it is to be installed. The screws measure \u00d85 x 35 mm.<\/li>\n<li>RECOMMENDED FOR: The bathroom bar is recommended for the elderly, pregnant women, children and\/or people with mobility problems.<\/li>\n<\/ul>\n<p>&nbsp;<\/p>\n<p><strong><span style=\"color: #97bf0d;\">TECHNICAL DETAILS<\/span><\/strong><\/p>\n<ul>\n<li>Product Reference: P30006<\/li>\n<li>Suitable for: Showers, bathtubs and toilets<\/li>\n<li>Installation Type: Drill with 8mm drill bit<\/li>\n<li>Dimensions: 37 x 6 x 2.5 cm<\/li>\n<li>Max User Weight: 115 kg<\/li>\n<\/ul>\n<p>&nbsp;<\/p>\n<p><strong><span style=\"color: #97bf0d;\">ADDITIONAL INFORMATION<\/span><\/strong><\/p>\n<ul>\n<li>Material: Steel<\/li>\n<li>Padded: No<\/li>\n<li>Folding: No<\/li>\n<\/ul>","protected":false},"excerpt":{"rendered":"<p><strong><span style=\"color: #97bf0d;\">SAFE<\/span><\/strong><\/p>\n<p>This bathroom bar has two support points for placement in both horizontal and vertical positions.<\/p>\n<p><strong><span style=\"color: #97bf0d;\">RESISTANT<\/span><\/strong><\/p>\n<p>This safety handle for bathtubs, showers or toilets can support a user weight of up to 115 kg.<\/p>\n<p><strong><span style=\"color: #97bf0d;\">QUALITY<\/span><\/strong><\/p>\n<p>Made of steel, this toilet, shower or bathtub handle includes hardware and an instruction manual for quick and easy assembly.<\/p>","protected":false},"featured_media":3960,"template":"","meta":{"inline_featured_image":false},"product_brand":[],"product_cat":[32,27],"product_tag":[36],"class_list":{"0":"post-3958","1":"product","2":"type-product","3":"status-publish","4":"has-post-thumbnail","6":"product_cat-asideros-bano","7":"product_cat-bano","8":"product_tag-kmina","10":"first","11":"instock","12":"taxable","13":"shipping-taxable","14":"purchasable","15":"product-type-simple"},"yoast_head":"<!-- This site is optimized with the Yoast SEO Premium plugin v22.6 (Yoast SEO v27.1.1) - https:\/\/yoast.com\/product\/yoast-seo-premium-wordpress\/ -->\n<title>Asidero Ba\u00f1o 30 cm (x2 uds), Asa de Seguridad para Ba\u00f1o, Barra Ba\u00f1o Minusv\u00e1lido Blancas - Tcuido<\/title>\n<meta name=\"robots\" content=\"index, follow, max-snippet:-1, max-image-preview:large, max-video-preview:-1\" \/>\n<link rel=\"canonical\" href=\"https:\/\/www.tcuido.es\/en\/product\/asidero-bano-30-cm-x2-uds-asa-de-seguridad-para-bano-barra-bano-minusvalido-blancas\/\" \/>\n<meta property=\"og:locale\" content=\"en_GB\" \/>\n<meta property=\"og:type\" content=\"article\" \/>\n<meta property=\"og:title\" content=\"Asidero Ba\u00f1o 30 cm (x2 uds), Asa de Seguridad para Ba\u00f1o, Barra Ba\u00f1o Minusv\u00e1lido Blancas\" \/>\n<meta property=\"og:description\" content=\"SEGURA  Esta barra de ba\u00f1o cuenta con dos puntos de apoyo para una colocaci\u00f3n tanto en posici\u00f3n horizontal como vertical.  RESISTENTE  Esta asa de seguridad para ba\u00f1eras, duchas o inodoros puede soportar un peso de usuario de hasta 115 kg.  CALIDAD  Fabricada en acero, esta asa de inodoro, ducha o ba\u00f1era incluye torniller\u00eda y manual de instrucciones para un f\u00e1cil y r\u00e1pido montaje.\" \/>\n<meta property=\"og:url\" content=\"https:\/\/www.tcuido.es\/en\/product\/asidero-bano-30-cm-x2-uds-asa-de-seguridad-para-bano-barra-bano-minusvalido-blancas\/\" \/>\n<meta property=\"og:site_name\" content=\"Tcuido\" \/>\n<meta property=\"article:modified_time\" content=\"2025-09-23T17:28:17+00:00\" \/>\n<meta property=\"og:image\" content=\"https:\/\/www.tcuido.es\/wp-content\/uploads\/2025\/01\/M01_C02-04_P09_ft-01.webp\" \/>\n\t<meta property=\"og:image:width\" content=\"1000\" \/>\n\t<meta property=\"og:image:height\" content=\"1000\" \/>\n\t<meta property=\"og:image:type\" content=\"image\/webp\" \/>\n<meta name=\"twitter:card\" content=\"summary_large_image\" \/>\n<meta name=\"twitter:label1\" content=\"Estimated reading time\" \/>\n\t<meta name=\"twitter:data1\" content=\"2 minutes\" \/>\n<script type=\"application\/ld+json\" class=\"yoast-schema-graph\">{\"@context\":\"https:\/\/schema.org\",\"@graph\":[{\"@type\":\"WebPage\",\"@id\":\"https:\/\/www.tcuido.es\/producto\/asidero-bano-30-cm-x2-uds-asa-de-seguridad-para-bano-barra-bano-minusvalido-blancas\/\",\"url\":\"https:\/\/www.tcuido.es\/producto\/asidero-bano-30-cm-x2-uds-asa-de-seguridad-para-bano-barra-bano-minusvalido-blancas\/\",\"name\":\"Asidero Ba\u00f1o 30 cm (x2 uds), Asa de Seguridad para Ba\u00f1o, Barra Ba\u00f1o Minusv\u00e1lido Blancas - Tcuido\",\"isPartOf\":{\"@id\":\"https:\/\/www.tcuido.es\/#website\"},\"primaryImageOfPage\":{\"@id\":\"https:\/\/www.tcuido.es\/producto\/asidero-bano-30-cm-x2-uds-asa-de-seguridad-para-bano-barra-bano-minusvalido-blancas\/#primaryimage\"},\"image\":{\"@id\":\"https:\/\/www.tcuido.es\/producto\/asidero-bano-30-cm-x2-uds-asa-de-seguridad-para-bano-barra-bano-minusvalido-blancas\/#primaryimage\"},\"thumbnailUrl\":\"https:\/\/www.tcuido.es\/wp-content\/uploads\/2025\/01\/M01_C02-04_P09_ft-01.webp\",\"datePublished\":\"2025-01-26T13:31:59+00:00\",\"dateModified\":\"2025-09-23T17:28:17+00:00\",\"breadcrumb\":{\"@id\":\"https:\/\/www.tcuido.es\/producto\/asidero-bano-30-cm-x2-uds-asa-de-seguridad-para-bano-barra-bano-minusvalido-blancas\/#breadcrumb\"},\"inLanguage\":\"en-GB\",\"potentialAction\":[{\"@type\":\"ReadAction\",\"target\":[\"https:\/\/www.tcuido.es\/producto\/asidero-bano-30-cm-x2-uds-asa-de-seguridad-para-bano-barra-bano-minusvalido-blancas\/\"]}]},{\"@type\":\"ImageObject\",\"inLanguage\":\"en-GB\",\"@id\":\"https:\/\/www.tcuido.es\/producto\/asidero-bano-30-cm-x2-uds-asa-de-seguridad-para-bano-barra-bano-minusvalido-blancas\/#primaryimage\",\"url\":\"https:\/\/www.tcuido.es\/wp-content\/uploads\/2025\/01\/M01_C02-04_P09_ft-01.webp\",\"contentUrl\":\"https:\/\/www.tcuido.es\/wp-content\/uploads\/2025\/01\/M01_C02-04_P09_ft-01.webp\",\"width\":1000,\"height\":1000},{\"@type\":\"BreadcrumbList\",\"@id\":\"https:\/\/www.tcuido.es\/producto\/asidero-bano-30-cm-x2-uds-asa-de-seguridad-para-bano-barra-bano-minusvalido-blancas\/#breadcrumb\",\"itemListElement\":[{\"@type\":\"ListItem\",\"position\":1,\"name\":\"Inicio\",\"item\":\"https:\/\/www.tcuido.es\/\"},{\"@type\":\"ListItem\",\"position\":2,\"name\":\"Tienda\",\"item\":\"https:\/\/www.tcuido.es\/tienda\/\"},{\"@type\":\"ListItem\",\"position\":3,\"name\":\"Asidero Ba\u00f1o 30 cm (x2 uds), Asa de Seguridad para Ba\u00f1o, Barra Ba\u00f1o Minusv\u00e1lido Blancas\"}]},{\"@type\":\"WebSite\",\"@id\":\"https:\/\/www.tcuido.es\/#website\",\"url\":\"https:\/\/www.tcuido.es\/\",\"name\":\"Tcuido\",\"description\":\"Servicios Integrales a la Dependencia\",\"publisher\":{\"@id\":\"https:\/\/www.tcuido.es\/#organization\"},\"potentialAction\":[{\"@type\":\"SearchAction\",\"target\":{\"@type\":\"EntryPoint\",\"urlTemplate\":\"https:\/\/www.tcuido.es\/?s={search_term_string}\"},\"query-input\":{\"@type\":\"PropertyValueSpecification\",\"valueRequired\":true,\"valueName\":\"search_term_string\"}}],\"inLanguage\":\"en-GB\"},{\"@type\":\"Organization\",\"@id\":\"https:\/\/www.tcuido.es\/#organization\",\"name\":\"Tcuido Servicios Integrales a la Dependencia\",\"url\":\"https:\/\/www.tcuido.es\/\",\"logo\":{\"@type\":\"ImageObject\",\"inLanguage\":\"en-GB\",\"@id\":\"https:\/\/www.tcuido.es\/#\/schema\/logo\/image\/\",\"url\":\"https:\/\/www.tcuido.es\/wp-content\/uploads\/2024\/03\/TCUIDO-facturas.png\",\"contentUrl\":\"https:\/\/www.tcuido.es\/wp-content\/uploads\/2024\/03\/TCUIDO-facturas.png\",\"width\":1600,\"height\":361,\"caption\":\"Tcuido Servicios Integrales a la Dependencia\"},\"image\":{\"@id\":\"https:\/\/www.tcuido.es\/#\/schema\/logo\/image\/\"}}]}<\/script>\n<!-- \/ Yoast SEO Premium plugin. -->","yoast_head_json":{"title":"Asidero Ba\u00f1o 30 cm (x2 uds), Asa de Seguridad para Ba\u00f1o, Barra Ba\u00f1o Minusv\u00e1lido Blancas - Tcuido","robots":{"index":"index","follow":"follow","max-snippet":"max-snippet:-1","max-image-preview":"max-image-preview:large","max-video-preview":"max-video-preview:-1"},"canonical":"https:\/\/www.tcuido.es\/en\/product\/asidero-bano-30-cm-x2-uds-asa-de-seguridad-para-bano-barra-bano-minusvalido-blancas\/","og_locale":"en_GB","og_type":"article","og_title":"Asidero Ba\u00f1o 30 cm (x2 uds), Asa de Seguridad para Ba\u00f1o, Barra Ba\u00f1o Minusv\u00e1lido Blancas","og_description":"SEGURA  Esta barra de ba\u00f1o cuenta con dos puntos de apoyo para una colocaci\u00f3n tanto en posici\u00f3n horizontal como vertical.  RESISTENTE  Esta asa de seguridad para ba\u00f1eras, duchas o inodoros puede soportar un peso de usuario de hasta 115 kg.  CALIDAD  Fabricada en acero, esta asa de inodoro, ducha o ba\u00f1era incluye torniller\u00eda y manual de instrucciones para un f\u00e1cil y r\u00e1pido montaje.","og_url":"https:\/\/www.tcuido.es\/en\/product\/asidero-bano-30-cm-x2-uds-asa-de-seguridad-para-bano-barra-bano-minusvalido-blancas\/","og_site_name":"Tcuido","article_modified_time":"2025-09-23T17:28:17+00:00","og_image":[{"width":1000,"height":1000,"url":"https:\/\/www.tcuido.es\/wp-content\/uploads\/2025\/01\/M01_C02-04_P09_ft-01.webp","type":"image\/webp"}],"twitter_card":"summary_large_image","twitter_misc":{"Estimated reading time":"2 minutes"},"schema":{"@context":"https:\/\/schema.org","@graph":[{"@type":"WebPage","@id":"https:\/\/www.tcuido.es\/producto\/asidero-bano-30-cm-x2-uds-asa-de-seguridad-para-bano-barra-bano-minusvalido-blancas\/","url":"https:\/\/www.tcuido.es\/producto\/asidero-bano-30-cm-x2-uds-asa-de-seguridad-para-bano-barra-bano-minusvalido-blancas\/","name":"Asidero Ba\u00f1o 30 cm (x2 uds), Asa de Seguridad para Ba\u00f1o, Barra Ba\u00f1o Minusv\u00e1lido Blancas - Tcuido","isPartOf":{"@id":"https:\/\/www.tcuido.es\/#website"},"primaryImageOfPage":{"@id":"https:\/\/www.tcuido.es\/producto\/asidero-bano-30-cm-x2-uds-asa-de-seguridad-para-bano-barra-bano-minusvalido-blancas\/#primaryimage"},"image":{"@id":"https:\/\/www.tcuido.es\/producto\/asidero-bano-30-cm-x2-uds-asa-de-seguridad-para-bano-barra-bano-minusvalido-blancas\/#primaryimage"},"thumbnailUrl":"https:\/\/www.tcuido.es\/wp-content\/uploads\/2025\/01\/M01_C02-04_P09_ft-01.webp","datePublished":"2025-01-26T13:31:59+00:00","dateModified":"2025-09-23T17:28:17+00:00","breadcrumb":{"@id":"https:\/\/www.tcuido.es\/producto\/asidero-bano-30-cm-x2-uds-asa-de-seguridad-para-bano-barra-bano-minusvalido-blancas\/#breadcrumb"},"inLanguage":"en-GB","potentialAction":[{"@type":"ReadAction","target":["https:\/\/www.tcuido.es\/producto\/asidero-bano-30-cm-x2-uds-asa-de-seguridad-para-bano-barra-bano-minusvalido-blancas\/"]}]},{"@type":"ImageObject","inLanguage":"en-GB","@id":"https:\/\/www.tcuido.es\/producto\/asidero-bano-30-cm-x2-uds-asa-de-seguridad-para-bano-barra-bano-minusvalido-blancas\/#primaryimage","url":"https:\/\/www.tcuido.es\/wp-content\/uploads\/2025\/01\/M01_C02-04_P09_ft-01.webp","contentUrl":"https:\/\/www.tcuido.es\/wp-content\/uploads\/2025\/01\/M01_C02-04_P09_ft-01.webp","width":1000,"height":1000},{"@type":"BreadcrumbList","@id":"https:\/\/www.tcuido.es\/producto\/asidero-bano-30-cm-x2-uds-asa-de-seguridad-para-bano-barra-bano-minusvalido-blancas\/#breadcrumb","itemListElement":[{"@type":"ListItem","position":1,"name":"Inicio","item":"https:\/\/www.tcuido.es\/"},{"@type":"ListItem","position":2,"name":"Tienda","item":"https:\/\/www.tcuido.es\/tienda\/"},{"@type":"ListItem","position":3,"name":"Asidero Ba\u00f1o 30 cm (x2 uds), Asa de Seguridad para Ba\u00f1o, Barra Ba\u00f1o Minusv\u00e1lido Blancas"}]},{"@type":"WebSite","@id":"https:\/\/www.tcuido.es\/#website","url":"https:\/\/www.tcuido.es\/","name":"I take care","description":"Comprehensive Dependency Services","publisher":{"@id":"https:\/\/www.tcuido.es\/#organization"},"potentialAction":[{"@type":"SearchAction","target":{"@type":"EntryPoint","urlTemplate":"https:\/\/www.tcuido.es\/?s={search_term_string}"},"query-input":{"@type":"PropertyValueSpecification","valueRequired":true,"valueName":"search_term_string"}}],"inLanguage":"en-GB"},{"@type":"Organization","@id":"https:\/\/www.tcuido.es\/#organization","name":"Tcuido Comprehensive Dependency Services","url":"https:\/\/www.tcuido.es\/","logo":{"@type":"ImageObject","inLanguage":"en-GB","@id":"https:\/\/www.tcuido.es\/#\/schema\/logo\/image\/","url":"https:\/\/www.tcuido.es\/wp-content\/uploads\/2024\/03\/TCUIDO-facturas.png","contentUrl":"https:\/\/www.tcuido.es\/wp-content\/uploads\/2024\/03\/TCUIDO-facturas.png","width":1600,"height":361,"caption":"Tcuido Servicios Integrales a la Dependencia"},"image":{"@id":"https:\/\/www.tcuido.es\/#\/schema\/logo\/image\/"}}]}},"_links":{"self":[{"href":"https:\/\/www.tcuido.es\/en\/wp-json\/wp\/v2\/product\/3958","targetHints":{"allow":["GET"]}}],"collection":[{"href":"https:\/\/www.tcuido.es\/en\/wp-json\/wp\/v2\/product"}],"about":[{"href":"https:\/\/www.tcuido.es\/en\/wp-json\/wp\/v2\/types\/product"}],"wp:featuredmedia":[{"embeddable":true,"href":"https:\/\/www.tcuido.es\/en\/wp-json\/wp\/v2\/media\/3960"}],"wp:attachment":[{"href":"https:\/\/www.tcuido.es\/en\/wp-json\/wp\/v2\/media?parent=3958"}],"wp:term":[{"taxonomy":"product_brand","embeddable":true,"href":"https:\/\/www.tcuido.es\/en\/wp-json\/wp\/v2\/product_brand?post=3958"},{"taxonomy":"product_cat","embeddable":true,"href":"https:\/\/www.tcuido.es\/en\/wp-json\/wp\/v2\/product_cat?post=3958"},{"taxonomy":"product_tag","embeddable":true,"href":"https:\/\/www.tcuido.es\/en\/wp-json\/wp\/v2\/product_tag?post=3958"}],"curies":[{"name":"wp","href":"https:\/\/api.w.org\/{rel}","templated":true}]}}