{"id":3978,"date":"2025-02-12T12:12:49","date_gmt":"2025-02-12T12:12:49","guid":{"rendered":"https:\/\/www.tcuido.es\/?post_type=product&#038;p=3978"},"modified":"2025-09-23T17:28:31","modified_gmt":"2025-09-23T17:28:31","slug":"mesa-auxiliar-para-cama-con-ruedas-reforzada-mesa-auxiliar-alta-hospital","status":"publish","type":"product","link":"https:\/\/www.tcuido.es\/en\/product\/mesa-auxiliar-para-cama-con-ruedas-reforzada-mesa-auxiliar-alta-hospital\/","title":{"rendered":"Reinforced Bedside Table with Wheels, High Hospital Side Table"},"content":{"rendered":"<p><strong><span style=\"color: #97bf0d;\">CHARACTERISTICS<\/span><\/strong><\/p>\n<ul>\n<li>FUNCTIONAL: The side table with wheels is designed to make everyday life easier for bedridden people or those with reduced mobility and can be used on beds, armchairs or sofas. It is adjustable in height and its design allows easy use by both left- and right-handed people.<\/li>\n<li>SAFE AND STABLE: The side table has locking brakes on all 4 wheels to provide greater safety and stability during use. In addition, its steel structure and PVC tabletop provide strength and durability to the table. Maximum supported weight: 20 kg.<\/li>\n<li>DIMENSIONS: The portable bed table allows easy height adjustment (73.5 \u2013 107 cm) with a side lever, adapting perfectly to the needs of each user. In addition, the width of the tray (71 x 38 cm) offers the necessary space for eating, drinking and writing, as well as great mobility to move around the home. As for the space between the wheels, it has an internal width of 52.8 cm.<\/li>\n<li>EASY TO ASSEMBLE: The help table for the elderly is easy to assemble thanks to its instruction manual that indicates each step to follow. In addition, all the necessary tools for assembly are included. IMPORTANT: follow the instructions in the video carefully during assembly.<\/li>\n<li>RECOMMENDED FOR: Elderly people, pregnant women and people with limited mobility or bedridden. Perfect for both home use and for hospitals and medical clinics.<\/li>\n<\/ul>\n<p>&nbsp;<\/p>\n<p><strong><span style=\"color: #97bf0d;\">TECHNICAL DETAILS<\/span><\/strong><\/p>\n<ul>\n<li>Product Reference: P40024<\/li>\n<li>Table Dimensions (W x L): 38 x 71 cm<\/li>\n<li>Interior Width: 52.8 cm<\/li>\n<li>Height: 73.5 \u2013 107 cm<\/li>\n<li>Max. Supported Weight: 20 kg<\/li>\n<\/ul>\n<p>&nbsp;<\/p>\n<p><strong><span style=\"color: #97bf0d;\">ADDITIONAL INFORMATION<\/span><\/strong><\/p>\n<ul>\n<li>Material: Steel structure and PVC boards<\/li>\n<li>Double Table: No<\/li>\n<li>Suitable for: Beds, armchairs or sofas<\/li>\n<\/ul>","protected":false},"excerpt":{"rendered":"<p><strong><span style=\"color: #97bf0d;\">CHECK THAT IT FITS YOUR BED<\/span><\/strong><\/p>\n<p>Measurement A \u2265 10 cm: If the bottom of your bed, armchair or sofa is greater than or equal to 9.5 cm, you can use the side table without any problems.<\/p>","protected":false},"featured_media":3980,"template":"","meta":{"inline_featured_image":false},"product_brand":[],"product_cat":[34,33],"product_tag":[36],"class_list":{"0":"post-3978","1":"product","2":"type-product","3":"status-publish","4":"has-post-thumbnail","6":"product_cat-mesas-auxiliares","7":"product_cat-vida-diaria","8":"product_tag-kmina","10":"first","11":"instock","12":"taxable","13":"shipping-taxable","14":"purchasable","15":"product-type-simple"},"yoast_head":"<!-- This site is optimized with the Yoast SEO Premium plugin v22.6 (Yoast SEO v27.1.1) - https:\/\/yoast.com\/product\/yoast-seo-premium-wordpress\/ -->\n<title>Mesa Auxiliar para Cama con Ruedas Reforzada, Mesa Auxiliar Alta Hospital - Tcuido<\/title>\n<meta name=\"robots\" content=\"index, follow, max-snippet:-1, max-image-preview:large, max-video-preview:-1\" \/>\n<link rel=\"canonical\" href=\"https:\/\/www.tcuido.es\/en\/product\/mesa-auxiliar-para-cama-con-ruedas-reforzada-mesa-auxiliar-alta-hospital\/\" \/>\n<meta property=\"og:locale\" content=\"en_GB\" \/>\n<meta property=\"og:type\" content=\"article\" \/>\n<meta property=\"og:title\" content=\"Mesa Auxiliar para Cama con Ruedas Reforzada, Mesa Auxiliar Alta Hospital\" \/>\n<meta property=\"og:description\" content=\"COMPRUEBA QUE SE ADAPTA A TU CAMA  La medida A \u2265 10 cm: si la parte baja de tu cama, sill\u00f3n o sof\u00e1 es mayor o igual a 9,5 cm, podr\u00e1s usar la mesa auxiliar sin problemas.\" \/>\n<meta property=\"og:url\" content=\"https:\/\/www.tcuido.es\/en\/product\/mesa-auxiliar-para-cama-con-ruedas-reforzada-mesa-auxiliar-alta-hospital\/\" \/>\n<meta property=\"og:site_name\" content=\"Tcuido\" \/>\n<meta property=\"article:modified_time\" content=\"2025-09-23T17:28:31+00:00\" \/>\n<meta property=\"og:image\" content=\"https:\/\/www.tcuido.es\/wp-content\/uploads\/2025\/02\/M01_C03-01_P04_ft-01.webp\" \/>\n\t<meta property=\"og:image:width\" content=\"1000\" \/>\n\t<meta property=\"og:image:height\" content=\"1000\" \/>\n\t<meta property=\"og:image:type\" content=\"image\/webp\" \/>\n<meta name=\"twitter:card\" content=\"summary_large_image\" \/>\n<meta name=\"twitter:label1\" content=\"Estimated reading time\" \/>\n\t<meta name=\"twitter:data1\" content=\"2 minutes\" \/>\n<script type=\"application\/ld+json\" class=\"yoast-schema-graph\">{\"@context\":\"https:\/\/schema.org\",\"@graph\":[{\"@type\":\"WebPage\",\"@id\":\"https:\/\/www.tcuido.es\/producto\/mesa-auxiliar-para-cama-con-ruedas-reforzada-mesa-auxiliar-alta-hospital\/\",\"url\":\"https:\/\/www.tcuido.es\/producto\/mesa-auxiliar-para-cama-con-ruedas-reforzada-mesa-auxiliar-alta-hospital\/\",\"name\":\"Mesa Auxiliar para Cama con Ruedas Reforzada, Mesa Auxiliar Alta Hospital - Tcuido\",\"isPartOf\":{\"@id\":\"https:\/\/www.tcuido.es\/#website\"},\"primaryImageOfPage\":{\"@id\":\"https:\/\/www.tcuido.es\/producto\/mesa-auxiliar-para-cama-con-ruedas-reforzada-mesa-auxiliar-alta-hospital\/#primaryimage\"},\"image\":{\"@id\":\"https:\/\/www.tcuido.es\/producto\/mesa-auxiliar-para-cama-con-ruedas-reforzada-mesa-auxiliar-alta-hospital\/#primaryimage\"},\"thumbnailUrl\":\"https:\/\/www.tcuido.es\/wp-content\/uploads\/2025\/02\/M01_C03-01_P04_ft-01.webp\",\"datePublished\":\"2025-02-12T12:12:49+00:00\",\"dateModified\":\"2025-09-23T17:28:31+00:00\",\"breadcrumb\":{\"@id\":\"https:\/\/www.tcuido.es\/producto\/mesa-auxiliar-para-cama-con-ruedas-reforzada-mesa-auxiliar-alta-hospital\/#breadcrumb\"},\"inLanguage\":\"en-GB\",\"potentialAction\":[{\"@type\":\"ReadAction\",\"target\":[\"https:\/\/www.tcuido.es\/producto\/mesa-auxiliar-para-cama-con-ruedas-reforzada-mesa-auxiliar-alta-hospital\/\"]}]},{\"@type\":\"ImageObject\",\"inLanguage\":\"en-GB\",\"@id\":\"https:\/\/www.tcuido.es\/producto\/mesa-auxiliar-para-cama-con-ruedas-reforzada-mesa-auxiliar-alta-hospital\/#primaryimage\",\"url\":\"https:\/\/www.tcuido.es\/wp-content\/uploads\/2025\/02\/M01_C03-01_P04_ft-01.webp\",\"contentUrl\":\"https:\/\/www.tcuido.es\/wp-content\/uploads\/2025\/02\/M01_C03-01_P04_ft-01.webp\",\"width\":1000,\"height\":1000},{\"@type\":\"BreadcrumbList\",\"@id\":\"https:\/\/www.tcuido.es\/producto\/mesa-auxiliar-para-cama-con-ruedas-reforzada-mesa-auxiliar-alta-hospital\/#breadcrumb\",\"itemListElement\":[{\"@type\":\"ListItem\",\"position\":1,\"name\":\"Inicio\",\"item\":\"https:\/\/www.tcuido.es\/\"},{\"@type\":\"ListItem\",\"position\":2,\"name\":\"Tienda\",\"item\":\"https:\/\/www.tcuido.es\/tienda\/\"},{\"@type\":\"ListItem\",\"position\":3,\"name\":\"Mesa Auxiliar para Cama con Ruedas Reforzada, Mesa Auxiliar Alta Hospital\"}]},{\"@type\":\"WebSite\",\"@id\":\"https:\/\/www.tcuido.es\/#website\",\"url\":\"https:\/\/www.tcuido.es\/\",\"name\":\"Tcuido\",\"description\":\"Servicios Integrales a la Dependencia\",\"publisher\":{\"@id\":\"https:\/\/www.tcuido.es\/#organization\"},\"potentialAction\":[{\"@type\":\"SearchAction\",\"target\":{\"@type\":\"EntryPoint\",\"urlTemplate\":\"https:\/\/www.tcuido.es\/?s={search_term_string}\"},\"query-input\":{\"@type\":\"PropertyValueSpecification\",\"valueRequired\":true,\"valueName\":\"search_term_string\"}}],\"inLanguage\":\"en-GB\"},{\"@type\":\"Organization\",\"@id\":\"https:\/\/www.tcuido.es\/#organization\",\"name\":\"Tcuido Servicios Integrales a la Dependencia\",\"url\":\"https:\/\/www.tcuido.es\/\",\"logo\":{\"@type\":\"ImageObject\",\"inLanguage\":\"en-GB\",\"@id\":\"https:\/\/www.tcuido.es\/#\/schema\/logo\/image\/\",\"url\":\"https:\/\/www.tcuido.es\/wp-content\/uploads\/2024\/03\/TCUIDO-facturas.png\",\"contentUrl\":\"https:\/\/www.tcuido.es\/wp-content\/uploads\/2024\/03\/TCUIDO-facturas.png\",\"width\":1600,\"height\":361,\"caption\":\"Tcuido Servicios Integrales a la Dependencia\"},\"image\":{\"@id\":\"https:\/\/www.tcuido.es\/#\/schema\/logo\/image\/\"}}]}<\/script>\n<!-- \/ Yoast SEO Premium plugin. -->","yoast_head_json":{"title":"Mesa Auxiliar para Cama con Ruedas Reforzada, Mesa Auxiliar Alta Hospital - Tcuido","robots":{"index":"index","follow":"follow","max-snippet":"max-snippet:-1","max-image-preview":"max-image-preview:large","max-video-preview":"max-video-preview:-1"},"canonical":"https:\/\/www.tcuido.es\/en\/product\/mesa-auxiliar-para-cama-con-ruedas-reforzada-mesa-auxiliar-alta-hospital\/","og_locale":"en_GB","og_type":"article","og_title":"Mesa Auxiliar para Cama con Ruedas Reforzada, Mesa Auxiliar Alta Hospital","og_description":"COMPRUEBA QUE SE ADAPTA A TU CAMA  La medida A \u2265 10 cm: si la parte baja de tu cama, sill\u00f3n o sof\u00e1 es mayor o igual a 9,5 cm, podr\u00e1s usar la mesa auxiliar sin problemas.","og_url":"https:\/\/www.tcuido.es\/en\/product\/mesa-auxiliar-para-cama-con-ruedas-reforzada-mesa-auxiliar-alta-hospital\/","og_site_name":"Tcuido","article_modified_time":"2025-09-23T17:28:31+00:00","og_image":[{"width":1000,"height":1000,"url":"https:\/\/www.tcuido.es\/wp-content\/uploads\/2025\/02\/M01_C03-01_P04_ft-01.webp","type":"image\/webp"}],"twitter_card":"summary_large_image","twitter_misc":{"Estimated reading time":"2 minutes"},"schema":{"@context":"https:\/\/schema.org","@graph":[{"@type":"WebPage","@id":"https:\/\/www.tcuido.es\/producto\/mesa-auxiliar-para-cama-con-ruedas-reforzada-mesa-auxiliar-alta-hospital\/","url":"https:\/\/www.tcuido.es\/producto\/mesa-auxiliar-para-cama-con-ruedas-reforzada-mesa-auxiliar-alta-hospital\/","name":"Mesa Auxiliar para Cama con Ruedas Reforzada, Mesa Auxiliar Alta Hospital - Tcuido","isPartOf":{"@id":"https:\/\/www.tcuido.es\/#website"},"primaryImageOfPage":{"@id":"https:\/\/www.tcuido.es\/producto\/mesa-auxiliar-para-cama-con-ruedas-reforzada-mesa-auxiliar-alta-hospital\/#primaryimage"},"image":{"@id":"https:\/\/www.tcuido.es\/producto\/mesa-auxiliar-para-cama-con-ruedas-reforzada-mesa-auxiliar-alta-hospital\/#primaryimage"},"thumbnailUrl":"https:\/\/www.tcuido.es\/wp-content\/uploads\/2025\/02\/M01_C03-01_P04_ft-01.webp","datePublished":"2025-02-12T12:12:49+00:00","dateModified":"2025-09-23T17:28:31+00:00","breadcrumb":{"@id":"https:\/\/www.tcuido.es\/producto\/mesa-auxiliar-para-cama-con-ruedas-reforzada-mesa-auxiliar-alta-hospital\/#breadcrumb"},"inLanguage":"en-GB","potentialAction":[{"@type":"ReadAction","target":["https:\/\/www.tcuido.es\/producto\/mesa-auxiliar-para-cama-con-ruedas-reforzada-mesa-auxiliar-alta-hospital\/"]}]},{"@type":"ImageObject","inLanguage":"en-GB","@id":"https:\/\/www.tcuido.es\/producto\/mesa-auxiliar-para-cama-con-ruedas-reforzada-mesa-auxiliar-alta-hospital\/#primaryimage","url":"https:\/\/www.tcuido.es\/wp-content\/uploads\/2025\/02\/M01_C03-01_P04_ft-01.webp","contentUrl":"https:\/\/www.tcuido.es\/wp-content\/uploads\/2025\/02\/M01_C03-01_P04_ft-01.webp","width":1000,"height":1000},{"@type":"BreadcrumbList","@id":"https:\/\/www.tcuido.es\/producto\/mesa-auxiliar-para-cama-con-ruedas-reforzada-mesa-auxiliar-alta-hospital\/#breadcrumb","itemListElement":[{"@type":"ListItem","position":1,"name":"Inicio","item":"https:\/\/www.tcuido.es\/"},{"@type":"ListItem","position":2,"name":"Tienda","item":"https:\/\/www.tcuido.es\/tienda\/"},{"@type":"ListItem","position":3,"name":"Mesa Auxiliar para Cama con Ruedas Reforzada, Mesa Auxiliar Alta Hospital"}]},{"@type":"WebSite","@id":"https:\/\/www.tcuido.es\/#website","url":"https:\/\/www.tcuido.es\/","name":"I take care","description":"Comprehensive Dependency Services","publisher":{"@id":"https:\/\/www.tcuido.es\/#organization"},"potentialAction":[{"@type":"SearchAction","target":{"@type":"EntryPoint","urlTemplate":"https:\/\/www.tcuido.es\/?s={search_term_string}"},"query-input":{"@type":"PropertyValueSpecification","valueRequired":true,"valueName":"search_term_string"}}],"inLanguage":"en-GB"},{"@type":"Organization","@id":"https:\/\/www.tcuido.es\/#organization","name":"Tcuido Comprehensive Dependency Services","url":"https:\/\/www.tcuido.es\/","logo":{"@type":"ImageObject","inLanguage":"en-GB","@id":"https:\/\/www.tcuido.es\/#\/schema\/logo\/image\/","url":"https:\/\/www.tcuido.es\/wp-content\/uploads\/2024\/03\/TCUIDO-facturas.png","contentUrl":"https:\/\/www.tcuido.es\/wp-content\/uploads\/2024\/03\/TCUIDO-facturas.png","width":1600,"height":361,"caption":"Tcuido Servicios Integrales a la Dependencia"},"image":{"@id":"https:\/\/www.tcuido.es\/#\/schema\/logo\/image\/"}}]}},"_links":{"self":[{"href":"https:\/\/www.tcuido.es\/en\/wp-json\/wp\/v2\/product\/3978","targetHints":{"allow":["GET"]}}],"collection":[{"href":"https:\/\/www.tcuido.es\/en\/wp-json\/wp\/v2\/product"}],"about":[{"href":"https:\/\/www.tcuido.es\/en\/wp-json\/wp\/v2\/types\/product"}],"wp:featuredmedia":[{"embeddable":true,"href":"https:\/\/www.tcuido.es\/en\/wp-json\/wp\/v2\/media\/3980"}],"wp:attachment":[{"href":"https:\/\/www.tcuido.es\/en\/wp-json\/wp\/v2\/media?parent=3978"}],"wp:term":[{"taxonomy":"product_brand","embeddable":true,"href":"https:\/\/www.tcuido.es\/en\/wp-json\/wp\/v2\/product_brand?post=3978"},{"taxonomy":"product_cat","embeddable":true,"href":"https:\/\/www.tcuido.es\/en\/wp-json\/wp\/v2\/product_cat?post=3978"},{"taxonomy":"product_tag","embeddable":true,"href":"https:\/\/www.tcuido.es\/en\/wp-json\/wp\/v2\/product_tag?post=3978"}],"curies":[{"name":"wp","href":"https:\/\/api.w.org\/{rel}","templated":true}]}}