{"id":4001,"date":"2025-02-12T12:30:39","date_gmt":"2025-02-12T12:30:39","guid":{"rendered":"https:\/\/www.tcuido.es\/?post_type=product&#038;p=4001"},"modified":"2025-09-23T17:28:21","modified_gmt":"2025-09-23T17:28:21","slug":"barandilla-cama-adulto-con-patas-altura-somier-de-26-a-41-cm-barrera-cama-adultos-acolchada-barandilla-protectora-cama-negra","status":"publish","type":"product","link":"https:\/\/www.tcuido.es\/en\/product\/barandilla-cama-adulto-con-patas-altura-somier-de-26-a-41-cm-barrera-cama-adultos-acolchada-barandilla-protectora-cama-negra\/","title":{"rendered":"Adult Bed Rail with Legs (Bed Base Height from 26 to 41 cm), Padded Adult Bed Rail, Black Bed Guard Rail"},"content":{"rendered":"<p><strong><span style=\"color: #97bf0d;\">CHARACTERISTICS<\/span><\/strong><\/p>\n<ul>\n<li>FUNCTIONAL: The bed rail is designed to prevent falls and accidents while the user is resting, as well as to get in and out of bed easily and safely. The adjustable bed rail provides greater security and confidence thanks to its large handle and stable fastening system.<\/li>\n<li>SAFE AND STURDY: The adult bed rail ensures the safety of the user thanks to its firm installation under the mattress and its fastening strap that secures it to the bed base or legs, thus providing greater stability. In addition, the structure is made of sturdy steel, which ensures its durability.<\/li>\n<li>ADJUSTABLE AND ADAPTABLE: The bed rail can be adjusted in height thanks to its 2 adjustments on the railing and its 13 adjustments on the legs (from 65 to 83 cm) adapting to beds from 26 to 41 cm high. It also has an adjustable thread that allows it to easily adapt to various mattress widths (from 90 to 180 cm) and can be installed on both sides of the bed.<\/li>\n<li>PADDED BARS: To provide greater comfort, the bed rail is equipped with a comfortable foam-padded armrest, ideal for cushioning any type of impact, as well as for promoting a better grip thanks to its non-slip finish.<\/li>\n<li>RECOMMENDED FOR: The bed rail is intended for elderly people, people with disabilities or those who suffer from an injury that prevents them from getting in or out of bed easily. It is ideal for providing greater independence to the user and ensuring a safe rest. Maximum user weight: 136 kg.<\/li>\n<\/ul>\n<p>&nbsp;<\/p>\n<p><strong><span style=\"color: #97bf0d;\">TECHNICAL DETAILS<\/span><\/strong><\/p>\n<ul>\n<li>Product Reference: P40025<\/li>\n<li>Suitable for: Beds 90 and 180 cm wide<\/li>\n<li>Bed base height: 26 \u2013 41 cm<\/li>\n<li>Adjustable Height: 61.5 \u2013 79 cm<\/li>\n<li>Max User Weight: 136 kg<\/li>\n<\/ul>\n<p>&nbsp;<\/p>\n<p><strong><span style=\"color: #97bf0d;\">ADDITIONAL INFORMATION<\/span><\/strong><\/p>\n<ul>\n<li>Pockets and Tray: No<\/li>\n<li>Folding: No<\/li>\n<\/ul>","protected":false},"excerpt":{"rendered":"<p><strong><span style=\"color: #97bf0d;\">ROBUST WITH DOUBLE BAR AND PADDING:<\/span><\/strong><\/p>\n<p>The bed rail for the elderly is made of robust, quality materials. In addition, it has a double bar for greater safety, protecting the user from possible falls. It has a padded finish on the top for greater comfort.<\/p>\n<p><strong><span style=\"color: #97bf0d;\">ADJUSTABLE HEIGHT:<\/span><\/strong><\/p>\n<p>The bed rail is suitable for beds from 26 to 41 cm high and is adjustable in height (61.5 \u2013 79 cm) thanks to its 13 leg adjustments and its 3 armrest adjustments that allow an extra 5 cm extension.<\/p>\n<p><strong><span style=\"color: #97bf0d;\">ADJUSTABLE LENGTH:<\/span><\/strong><\/p>\n<p>This safety bed rail is suitable for beds between 90 and 180 cm. It includes an extendable rope at the other end of the mattress to reinforce the safety of the structure.<\/p>","protected":false},"featured_media":3995,"template":"","meta":{"inline_featured_image":false},"product_brand":[],"product_cat":[35,33],"product_tag":[36],"class_list":{"0":"post-4001","1":"product","2":"type-product","3":"status-publish","4":"has-post-thumbnail","6":"product_cat-barandillas-cama","7":"product_cat-vida-diaria","8":"product_tag-kmina","10":"first","11":"instock","12":"taxable","13":"shipping-taxable","14":"purchasable","15":"product-type-simple"},"yoast_head":"<!-- This site is optimized with the Yoast SEO Premium plugin v22.6 (Yoast SEO v27.1.1) - https:\/\/yoast.com\/product\/yoast-seo-premium-wordpress\/ -->\n<title>Barandilla Cama Adulto con Patas (Altura Somier de 26 a 41 cm), Barrera Cama Adultos Acolchada, Barandilla Protectora Cama Negra - Tcuido<\/title>\n<meta name=\"robots\" content=\"index, follow, max-snippet:-1, max-image-preview:large, max-video-preview:-1\" \/>\n<link rel=\"canonical\" href=\"https:\/\/www.tcuido.es\/en\/product\/barandilla-cama-adulto-con-patas-altura-somier-de-26-a-41-cm-barrera-cama-adultos-acolchada-barandilla-protectora-cama-negra\/\" \/>\n<meta property=\"og:locale\" content=\"en_GB\" \/>\n<meta property=\"og:type\" content=\"article\" \/>\n<meta property=\"og:title\" content=\"Barandilla Cama Adulto con Patas (Altura Somier de 26 a 41 cm), Barrera Cama Adultos Acolchada, Barandilla Protectora Cama Negra\" \/>\n<meta property=\"og:description\" content=\"ROBUSTA CON DOBLE BARRA Y ACOLCHADO:  La barandilla de cama para ancianos est\u00e1 fabricada con materiales robustos de calidad. Adem\u00e1s, cuenta con doble barra para mayor seguridad protegiendo al usuario de posibles ca\u00eddas. Tiene un acabado acolchado en la parte superior para mayor comodidad.  REGULABLE EN ALTURA:  La barrera de cama es apta para camas de 26 a 41 cm de altura y es ajustable en altura (61,5 - 79 cm) gracias a sus 13 regulaciones de las patas y a sus 3 regulaciones del reposabrazos que permite una ampliaci\u00f3n de 5 cm extra.  REGULABLE EN LONGITUD:  Esta barra de cama de seguridad es apta para camas de entre 90 y 180 cm. Incluye una cuerda extensible al otro extremo del colch\u00f3n para reforzar la seguridad de la estructura.\" \/>\n<meta property=\"og:url\" content=\"https:\/\/www.tcuido.es\/en\/product\/barandilla-cama-adulto-con-patas-altura-somier-de-26-a-41-cm-barrera-cama-adultos-acolchada-barandilla-protectora-cama-negra\/\" \/>\n<meta property=\"og:site_name\" content=\"Tcuido\" \/>\n<meta property=\"article:modified_time\" content=\"2025-09-23T17:28:21+00:00\" \/>\n<meta property=\"og:image\" content=\"https:\/\/www.tcuido.es\/wp-content\/uploads\/2025\/02\/M01_C03-02_P04_ft-01.webp\" \/>\n\t<meta property=\"og:image:width\" content=\"1000\" \/>\n\t<meta property=\"og:image:height\" content=\"1000\" \/>\n\t<meta property=\"og:image:type\" content=\"image\/webp\" \/>\n<meta name=\"twitter:card\" content=\"summary_large_image\" \/>\n<meta name=\"twitter:label1\" content=\"Estimated reading time\" \/>\n\t<meta name=\"twitter:data1\" content=\"2 minutes\" \/>\n<script type=\"application\/ld+json\" class=\"yoast-schema-graph\">{\"@context\":\"https:\/\/schema.org\",\"@graph\":[{\"@type\":\"WebPage\",\"@id\":\"https:\/\/www.tcuido.es\/producto\/barandilla-cama-adulto-con-patas-altura-somier-de-26-a-41-cm-barrera-cama-adultos-acolchada-barandilla-protectora-cama-negra\/\",\"url\":\"https:\/\/www.tcuido.es\/producto\/barandilla-cama-adulto-con-patas-altura-somier-de-26-a-41-cm-barrera-cama-adultos-acolchada-barandilla-protectora-cama-negra\/\",\"name\":\"Barandilla Cama Adulto con Patas (Altura Somier de 26 a 41 cm), Barrera Cama Adultos Acolchada, Barandilla Protectora Cama Negra - Tcuido\",\"isPartOf\":{\"@id\":\"https:\/\/www.tcuido.es\/#website\"},\"primaryImageOfPage\":{\"@id\":\"https:\/\/www.tcuido.es\/producto\/barandilla-cama-adulto-con-patas-altura-somier-de-26-a-41-cm-barrera-cama-adultos-acolchada-barandilla-protectora-cama-negra\/#primaryimage\"},\"image\":{\"@id\":\"https:\/\/www.tcuido.es\/producto\/barandilla-cama-adulto-con-patas-altura-somier-de-26-a-41-cm-barrera-cama-adultos-acolchada-barandilla-protectora-cama-negra\/#primaryimage\"},\"thumbnailUrl\":\"https:\/\/www.tcuido.es\/wp-content\/uploads\/2025\/02\/M01_C03-02_P04_ft-01.webp\",\"datePublished\":\"2025-02-12T12:30:39+00:00\",\"dateModified\":\"2025-09-23T17:28:21+00:00\",\"breadcrumb\":{\"@id\":\"https:\/\/www.tcuido.es\/producto\/barandilla-cama-adulto-con-patas-altura-somier-de-26-a-41-cm-barrera-cama-adultos-acolchada-barandilla-protectora-cama-negra\/#breadcrumb\"},\"inLanguage\":\"en-GB\",\"potentialAction\":[{\"@type\":\"ReadAction\",\"target\":[\"https:\/\/www.tcuido.es\/producto\/barandilla-cama-adulto-con-patas-altura-somier-de-26-a-41-cm-barrera-cama-adultos-acolchada-barandilla-protectora-cama-negra\/\"]}]},{\"@type\":\"ImageObject\",\"inLanguage\":\"en-GB\",\"@id\":\"https:\/\/www.tcuido.es\/producto\/barandilla-cama-adulto-con-patas-altura-somier-de-26-a-41-cm-barrera-cama-adultos-acolchada-barandilla-protectora-cama-negra\/#primaryimage\",\"url\":\"https:\/\/www.tcuido.es\/wp-content\/uploads\/2025\/02\/M01_C03-02_P04_ft-01.webp\",\"contentUrl\":\"https:\/\/www.tcuido.es\/wp-content\/uploads\/2025\/02\/M01_C03-02_P04_ft-01.webp\",\"width\":1000,\"height\":1000},{\"@type\":\"BreadcrumbList\",\"@id\":\"https:\/\/www.tcuido.es\/producto\/barandilla-cama-adulto-con-patas-altura-somier-de-26-a-41-cm-barrera-cama-adultos-acolchada-barandilla-protectora-cama-negra\/#breadcrumb\",\"itemListElement\":[{\"@type\":\"ListItem\",\"position\":1,\"name\":\"Inicio\",\"item\":\"https:\/\/www.tcuido.es\/\"},{\"@type\":\"ListItem\",\"position\":2,\"name\":\"Tienda\",\"item\":\"https:\/\/www.tcuido.es\/tienda\/\"},{\"@type\":\"ListItem\",\"position\":3,\"name\":\"Barandilla Cama Adulto con Patas (Altura Somier de 26 a 41 cm), Barrera Cama Adultos Acolchada, Barandilla Protectora Cama Negra\"}]},{\"@type\":\"WebSite\",\"@id\":\"https:\/\/www.tcuido.es\/#website\",\"url\":\"https:\/\/www.tcuido.es\/\",\"name\":\"Tcuido\",\"description\":\"Servicios Integrales a la Dependencia\",\"publisher\":{\"@id\":\"https:\/\/www.tcuido.es\/#organization\"},\"potentialAction\":[{\"@type\":\"SearchAction\",\"target\":{\"@type\":\"EntryPoint\",\"urlTemplate\":\"https:\/\/www.tcuido.es\/?s={search_term_string}\"},\"query-input\":{\"@type\":\"PropertyValueSpecification\",\"valueRequired\":true,\"valueName\":\"search_term_string\"}}],\"inLanguage\":\"en-GB\"},{\"@type\":\"Organization\",\"@id\":\"https:\/\/www.tcuido.es\/#organization\",\"name\":\"Tcuido Servicios Integrales a la Dependencia\",\"url\":\"https:\/\/www.tcuido.es\/\",\"logo\":{\"@type\":\"ImageObject\",\"inLanguage\":\"en-GB\",\"@id\":\"https:\/\/www.tcuido.es\/#\/schema\/logo\/image\/\",\"url\":\"https:\/\/www.tcuido.es\/wp-content\/uploads\/2024\/03\/TCUIDO-facturas.png\",\"contentUrl\":\"https:\/\/www.tcuido.es\/wp-content\/uploads\/2024\/03\/TCUIDO-facturas.png\",\"width\":1600,\"height\":361,\"caption\":\"Tcuido Servicios Integrales a la Dependencia\"},\"image\":{\"@id\":\"https:\/\/www.tcuido.es\/#\/schema\/logo\/image\/\"}}]}<\/script>\n<!-- \/ Yoast SEO Premium plugin. -->","yoast_head_json":{"title":"Barandilla Cama Adulto con Patas (Altura Somier de 26 a 41 cm), Barrera Cama Adultos Acolchada, Barandilla Protectora Cama Negra - Tcuido","robots":{"index":"index","follow":"follow","max-snippet":"max-snippet:-1","max-image-preview":"max-image-preview:large","max-video-preview":"max-video-preview:-1"},"canonical":"https:\/\/www.tcuido.es\/en\/product\/barandilla-cama-adulto-con-patas-altura-somier-de-26-a-41-cm-barrera-cama-adultos-acolchada-barandilla-protectora-cama-negra\/","og_locale":"en_GB","og_type":"article","og_title":"Barandilla Cama Adulto con Patas (Altura Somier de 26 a 41 cm), Barrera Cama Adultos Acolchada, Barandilla Protectora Cama Negra","og_description":"ROBUSTA CON DOBLE BARRA Y ACOLCHADO:  La barandilla de cama para ancianos est\u00e1 fabricada con materiales robustos de calidad. Adem\u00e1s, cuenta con doble barra para mayor seguridad protegiendo al usuario de posibles ca\u00eddas. Tiene un acabado acolchado en la parte superior para mayor comodidad.  REGULABLE EN ALTURA:  La barrera de cama es apta para camas de 26 a 41 cm de altura y es ajustable en altura (61,5 - 79 cm) gracias a sus 13 regulaciones de las patas y a sus 3 regulaciones del reposabrazos que permite una ampliaci\u00f3n de 5 cm extra.  REGULABLE EN LONGITUD:  Esta barra de cama de seguridad es apta para camas de entre 90 y 180 cm. Incluye una cuerda extensible al otro extremo del colch\u00f3n para reforzar la seguridad de la estructura.","og_url":"https:\/\/www.tcuido.es\/en\/product\/barandilla-cama-adulto-con-patas-altura-somier-de-26-a-41-cm-barrera-cama-adultos-acolchada-barandilla-protectora-cama-negra\/","og_site_name":"Tcuido","article_modified_time":"2025-09-23T17:28:21+00:00","og_image":[{"width":1000,"height":1000,"url":"https:\/\/www.tcuido.es\/wp-content\/uploads\/2025\/02\/M01_C03-02_P04_ft-01.webp","type":"image\/webp"}],"twitter_card":"summary_large_image","twitter_misc":{"Estimated reading time":"2 minutes"},"schema":{"@context":"https:\/\/schema.org","@graph":[{"@type":"WebPage","@id":"https:\/\/www.tcuido.es\/producto\/barandilla-cama-adulto-con-patas-altura-somier-de-26-a-41-cm-barrera-cama-adultos-acolchada-barandilla-protectora-cama-negra\/","url":"https:\/\/www.tcuido.es\/producto\/barandilla-cama-adulto-con-patas-altura-somier-de-26-a-41-cm-barrera-cama-adultos-acolchada-barandilla-protectora-cama-negra\/","name":"Barandilla Cama Adulto con Patas (Altura Somier de 26 a 41 cm), Barrera Cama Adultos Acolchada, Barandilla Protectora Cama Negra - Tcuido","isPartOf":{"@id":"https:\/\/www.tcuido.es\/#website"},"primaryImageOfPage":{"@id":"https:\/\/www.tcuido.es\/producto\/barandilla-cama-adulto-con-patas-altura-somier-de-26-a-41-cm-barrera-cama-adultos-acolchada-barandilla-protectora-cama-negra\/#primaryimage"},"image":{"@id":"https:\/\/www.tcuido.es\/producto\/barandilla-cama-adulto-con-patas-altura-somier-de-26-a-41-cm-barrera-cama-adultos-acolchada-barandilla-protectora-cama-negra\/#primaryimage"},"thumbnailUrl":"https:\/\/www.tcuido.es\/wp-content\/uploads\/2025\/02\/M01_C03-02_P04_ft-01.webp","datePublished":"2025-02-12T12:30:39+00:00","dateModified":"2025-09-23T17:28:21+00:00","breadcrumb":{"@id":"https:\/\/www.tcuido.es\/producto\/barandilla-cama-adulto-con-patas-altura-somier-de-26-a-41-cm-barrera-cama-adultos-acolchada-barandilla-protectora-cama-negra\/#breadcrumb"},"inLanguage":"en-GB","potentialAction":[{"@type":"ReadAction","target":["https:\/\/www.tcuido.es\/producto\/barandilla-cama-adulto-con-patas-altura-somier-de-26-a-41-cm-barrera-cama-adultos-acolchada-barandilla-protectora-cama-negra\/"]}]},{"@type":"ImageObject","inLanguage":"en-GB","@id":"https:\/\/www.tcuido.es\/producto\/barandilla-cama-adulto-con-patas-altura-somier-de-26-a-41-cm-barrera-cama-adultos-acolchada-barandilla-protectora-cama-negra\/#primaryimage","url":"https:\/\/www.tcuido.es\/wp-content\/uploads\/2025\/02\/M01_C03-02_P04_ft-01.webp","contentUrl":"https:\/\/www.tcuido.es\/wp-content\/uploads\/2025\/02\/M01_C03-02_P04_ft-01.webp","width":1000,"height":1000},{"@type":"BreadcrumbList","@id":"https:\/\/www.tcuido.es\/producto\/barandilla-cama-adulto-con-patas-altura-somier-de-26-a-41-cm-barrera-cama-adultos-acolchada-barandilla-protectora-cama-negra\/#breadcrumb","itemListElement":[{"@type":"ListItem","position":1,"name":"Inicio","item":"https:\/\/www.tcuido.es\/"},{"@type":"ListItem","position":2,"name":"Tienda","item":"https:\/\/www.tcuido.es\/tienda\/"},{"@type":"ListItem","position":3,"name":"Barandilla Cama Adulto con Patas (Altura Somier de 26 a 41 cm), Barrera Cama Adultos Acolchada, Barandilla Protectora Cama Negra"}]},{"@type":"WebSite","@id":"https:\/\/www.tcuido.es\/#website","url":"https:\/\/www.tcuido.es\/","name":"I take care","description":"Comprehensive Dependency Services","publisher":{"@id":"https:\/\/www.tcuido.es\/#organization"},"potentialAction":[{"@type":"SearchAction","target":{"@type":"EntryPoint","urlTemplate":"https:\/\/www.tcuido.es\/?s={search_term_string}"},"query-input":{"@type":"PropertyValueSpecification","valueRequired":true,"valueName":"search_term_string"}}],"inLanguage":"en-GB"},{"@type":"Organization","@id":"https:\/\/www.tcuido.es\/#organization","name":"Tcuido Comprehensive Dependency Services","url":"https:\/\/www.tcuido.es\/","logo":{"@type":"ImageObject","inLanguage":"en-GB","@id":"https:\/\/www.tcuido.es\/#\/schema\/logo\/image\/","url":"https:\/\/www.tcuido.es\/wp-content\/uploads\/2024\/03\/TCUIDO-facturas.png","contentUrl":"https:\/\/www.tcuido.es\/wp-content\/uploads\/2024\/03\/TCUIDO-facturas.png","width":1600,"height":361,"caption":"Tcuido Servicios Integrales a la Dependencia"},"image":{"@id":"https:\/\/www.tcuido.es\/#\/schema\/logo\/image\/"}}]}},"_links":{"self":[{"href":"https:\/\/www.tcuido.es\/en\/wp-json\/wp\/v2\/product\/4001","targetHints":{"allow":["GET"]}}],"collection":[{"href":"https:\/\/www.tcuido.es\/en\/wp-json\/wp\/v2\/product"}],"about":[{"href":"https:\/\/www.tcuido.es\/en\/wp-json\/wp\/v2\/types\/product"}],"wp:featuredmedia":[{"embeddable":true,"href":"https:\/\/www.tcuido.es\/en\/wp-json\/wp\/v2\/media\/3995"}],"wp:attachment":[{"href":"https:\/\/www.tcuido.es\/en\/wp-json\/wp\/v2\/media?parent=4001"}],"wp:term":[{"taxonomy":"product_brand","embeddable":true,"href":"https:\/\/www.tcuido.es\/en\/wp-json\/wp\/v2\/product_brand?post=4001"},{"taxonomy":"product_cat","embeddable":true,"href":"https:\/\/www.tcuido.es\/en\/wp-json\/wp\/v2\/product_cat?post=4001"},{"taxonomy":"product_tag","embeddable":true,"href":"https:\/\/www.tcuido.es\/en\/wp-json\/wp\/v2\/product_tag?post=4001"}],"curies":[{"name":"wp","href":"https:\/\/api.w.org\/{rel}","templated":true}]}}