{"id":4021,"date":"2025-02-12T12:54:05","date_gmt":"2025-02-12T12:54:05","guid":{"rendered":"https:\/\/www.tcuido.es\/?post_type=product&#038;p=4021"},"modified":"2025-09-23T17:28:31","modified_gmt":"2025-09-23T17:28:31","slug":"cojin-antiescaras-redondo-con-agujero-425x425x9-cm-alta-densidad-cojines-viscoelasticos-para-personas-mayores","status":"publish","type":"product","link":"https:\/\/www.tcuido.es\/en\/product\/cojin-antiescaras-redondo-con-agujero-425x425x9-cm-alta-densidad-cojines-viscoelasticos-para-personas-mayores\/","title":{"rendered":"Round Anti-bedsore Cushion with Hole (42.5\u00d742.5\u00d79 cm, High Density), Viscoelastic Cushions for Seniors"},"content":{"rendered":"<p><strong><span style=\"color: #97bf0d;\">CHARACTERISTICS<\/span><\/strong><\/p>\n<ul>\n<li>FUNCTIONAL: 9 cm round viscoelastic anti-bedsore cushion that reduces pressure and prevents the appearance of ulcers and bedsores. Thanks to its shape, as well as its material and greater density, the anti-bedsore cushion with hole adapts perfectly to the user&#039;s contour and weight.<\/li>\n<li>COMFORTABLE: Its round shape, with a central hole, relieves pressure on the coccyx, hernias, ulcers, hemorrhoids and sciatica, thus improving the user&#039;s rest by offering maximum comfort.<\/li>\n<li>DESIGN: Anti-bedsore cushion made with a textile layer of 100% polystyrene and a polyurethane membrane that has the OEKO-TEX STANDARD 100 certificate.<\/li>\n<li>WASHABLE: The cover of the anti-bedsore cushion is made of 3D fabric and is soft, washable, breathable, waterproof and non-slip. In addition, it is anti-odor, antibacterial, antifungal, anti-bedbug and anti-mite.<\/li>\n<li>RECOMMENDED FOR: Elderly people, pregnant women, postpartum women or people who remain seated for a long period of time due to prostate or pelvic floor diseases or post-operations. The anti-bedsore cushion with hole is also designed for problems with haemorrhoids, fistulas and fissures in the buttocks, among others. Maximum user weight: 100 kg.<\/li>\n<\/ul>\n<p>&nbsp;<\/p>\n<p><strong><span style=\"color: #97bf0d;\">TECHNICAL DETAILS<\/span><\/strong><\/p>\n<ul>\n<li>Product Reference: K40017<\/li>\n<li>Dimensions: 42.5 x 42.5 x 9 cm<\/li>\n<li>Thickness: 9 cm Visco<\/li>\n<li>Max User Weight: 100 kg<\/li>\n<li>Hardness: HIGH (2.9 kPa)<\/li>\n<li>Adaptability: VERY HIGH<\/li>\n<li>Density: 65.3 kg\/m\u00b3<\/li>\n<\/ul>\n<p>&nbsp;<\/p>\n<p><strong><span style=\"color: #97bf0d;\">ADDITIONAL INFORMATION<\/span><\/strong><\/p>\n<ul>\n<li>Material: Soft viscoelastic 7 cm<\/li>\n<li>Cover: 3D fabric<\/li>\n<li>Suitable for: Wheelchairs<\/li>\n<\/ul>","protected":false},"excerpt":{"rendered":"<p><strong><span style=\"color: #97bf0d;\">HIGH DENSITY VISCOELASTIC<\/span><\/strong><\/p>\n<p>Made from 9 cm viscoelastic foam with a density of 65.3 kg\/m\u00b3, this cushion with a central hole allows the bottom not to be fully supported, leaving the area to be treated free from any contact with a surface.<\/p>\n<p><strong><span style=\"color: #97bf0d;\">3D FABRIC COVER<\/span><\/strong><\/p>\n<p>Cover with 3D fabric, soft, washable, breathable and completely waterproof. OEKO-TEX STANDARD 100 certified.<\/p>\n<p><span style=\"color: #97bf0d;\"><strong>MULTIPLE INDICATIONS<\/strong><\/span><\/p>\n<p>The round cushion is ideal for wheelchairs as it relieves pain in the sacral area and prevents the appearance of pressure ulcers. It is indicated for people who suffer from hemorrhoids, fistulas or fissures or who are undergoing postoperative care in the gluteal or perineal area.<\/p>","protected":false},"featured_media":4023,"template":"","meta":{"inline_featured_image":false},"product_brand":[],"product_cat":[43,33],"product_tag":[],"class_list":{"0":"post-4021","1":"product","2":"type-product","3":"status-publish","4":"has-post-thumbnail","6":"product_cat-cojines-antiescaras","7":"product_cat-vida-diaria","9":"first","10":"instock","11":"taxable","12":"shipping-taxable","13":"purchasable","14":"product-type-simple"},"yoast_head":"<!-- This site is optimized with the Yoast SEO Premium plugin v22.6 (Yoast SEO v27.1.1) - https:\/\/yoast.com\/product\/yoast-seo-premium-wordpress\/ -->\n<title>Coj\u00edn Antiescaras Redondo con Agujero (42,5x42,5x9 cm, Alta Densidad), Cojines Viscoel\u00e1sticos para Personas Mayores - Tcuido<\/title>\n<meta name=\"robots\" content=\"index, follow, max-snippet:-1, max-image-preview:large, max-video-preview:-1\" \/>\n<link rel=\"canonical\" href=\"https:\/\/www.tcuido.es\/en\/product\/cojin-antiescaras-redondo-con-agujero-425x425x9-cm-alta-densidad-cojines-viscoelasticos-para-personas-mayores\/\" \/>\n<meta property=\"og:locale\" content=\"en_GB\" \/>\n<meta property=\"og:type\" content=\"article\" \/>\n<meta property=\"og:title\" content=\"Coj\u00edn Antiescaras Redondo con Agujero (42,5x42,5x9 cm, Alta Densidad), Cojines Viscoel\u00e1sticos para Personas Mayores\" \/>\n<meta property=\"og:description\" content=\"VISCOEL\u00c1STICO ALTA DENSIDAD  Fabricado en espuma viscoel\u00e1stica de 9 cm y una densidad de 65,3 kg\/m\u00b3, este coj\u00edn con agujero central permite no apoyar completamente el trasero dejando la zona a tratar libre de cualquier contacto con una superficie.  FUNDA TEJIDO 3D  Funda con tejido 3D, suave, lavable, transpirable y completamente impermeable. Certificado OEKO-TEX STANDARD 100.  M\u00daLTIPLES INDICACIONES  El coj\u00edn redondo es ideal para sillas de ruedas ya que alivia el dolor de la zona sacra y evita la aparici\u00f3n de \u00falceras por presi\u00f3n. Est\u00e1 indicado para personas que sufren hemorroides, f\u00edstulas o fisuras o se encuentran en proceso postoperatorio de la zona gl\u00fatea o perineal.\" \/>\n<meta property=\"og:url\" content=\"https:\/\/www.tcuido.es\/en\/product\/cojin-antiescaras-redondo-con-agujero-425x425x9-cm-alta-densidad-cojines-viscoelasticos-para-personas-mayores\/\" \/>\n<meta property=\"og:site_name\" content=\"Tcuido\" \/>\n<meta property=\"article:modified_time\" content=\"2025-09-23T17:28:31+00:00\" \/>\n<meta property=\"og:image\" content=\"https:\/\/www.tcuido.es\/wp-content\/uploads\/2025\/02\/M01_C03-03_P02_ft-01.webp\" \/>\n\t<meta property=\"og:image:width\" content=\"1000\" \/>\n\t<meta property=\"og:image:height\" content=\"1000\" \/>\n\t<meta property=\"og:image:type\" content=\"image\/webp\" \/>\n<meta name=\"twitter:card\" content=\"summary_large_image\" \/>\n<meta name=\"twitter:label1\" content=\"Estimated reading time\" \/>\n\t<meta name=\"twitter:data1\" content=\"2 minutes\" \/>\n<script type=\"application\/ld+json\" class=\"yoast-schema-graph\">{\"@context\":\"https:\/\/schema.org\",\"@graph\":[{\"@type\":\"WebPage\",\"@id\":\"https:\/\/www.tcuido.es\/producto\/cojin-antiescaras-redondo-con-agujero-425x425x9-cm-alta-densidad-cojines-viscoelasticos-para-personas-mayores\/\",\"url\":\"https:\/\/www.tcuido.es\/producto\/cojin-antiescaras-redondo-con-agujero-425x425x9-cm-alta-densidad-cojines-viscoelasticos-para-personas-mayores\/\",\"name\":\"Coj\u00edn Antiescaras Redondo con Agujero (42,5x42,5x9 cm, Alta Densidad), Cojines Viscoel\u00e1sticos para Personas Mayores - Tcuido\",\"isPartOf\":{\"@id\":\"https:\/\/www.tcuido.es\/#website\"},\"primaryImageOfPage\":{\"@id\":\"https:\/\/www.tcuido.es\/producto\/cojin-antiescaras-redondo-con-agujero-425x425x9-cm-alta-densidad-cojines-viscoelasticos-para-personas-mayores\/#primaryimage\"},\"image\":{\"@id\":\"https:\/\/www.tcuido.es\/producto\/cojin-antiescaras-redondo-con-agujero-425x425x9-cm-alta-densidad-cojines-viscoelasticos-para-personas-mayores\/#primaryimage\"},\"thumbnailUrl\":\"https:\/\/www.tcuido.es\/wp-content\/uploads\/2025\/02\/M01_C03-03_P02_ft-01.webp\",\"datePublished\":\"2025-02-12T12:54:05+00:00\",\"dateModified\":\"2025-09-23T17:28:31+00:00\",\"breadcrumb\":{\"@id\":\"https:\/\/www.tcuido.es\/producto\/cojin-antiescaras-redondo-con-agujero-425x425x9-cm-alta-densidad-cojines-viscoelasticos-para-personas-mayores\/#breadcrumb\"},\"inLanguage\":\"en-GB\",\"potentialAction\":[{\"@type\":\"ReadAction\",\"target\":[\"https:\/\/www.tcuido.es\/producto\/cojin-antiescaras-redondo-con-agujero-425x425x9-cm-alta-densidad-cojines-viscoelasticos-para-personas-mayores\/\"]}]},{\"@type\":\"ImageObject\",\"inLanguage\":\"en-GB\",\"@id\":\"https:\/\/www.tcuido.es\/producto\/cojin-antiescaras-redondo-con-agujero-425x425x9-cm-alta-densidad-cojines-viscoelasticos-para-personas-mayores\/#primaryimage\",\"url\":\"https:\/\/www.tcuido.es\/wp-content\/uploads\/2025\/02\/M01_C03-03_P02_ft-01.webp\",\"contentUrl\":\"https:\/\/www.tcuido.es\/wp-content\/uploads\/2025\/02\/M01_C03-03_P02_ft-01.webp\",\"width\":1000,\"height\":1000},{\"@type\":\"BreadcrumbList\",\"@id\":\"https:\/\/www.tcuido.es\/producto\/cojin-antiescaras-redondo-con-agujero-425x425x9-cm-alta-densidad-cojines-viscoelasticos-para-personas-mayores\/#breadcrumb\",\"itemListElement\":[{\"@type\":\"ListItem\",\"position\":1,\"name\":\"Inicio\",\"item\":\"https:\/\/www.tcuido.es\/\"},{\"@type\":\"ListItem\",\"position\":2,\"name\":\"Tienda\",\"item\":\"https:\/\/www.tcuido.es\/tienda\/\"},{\"@type\":\"ListItem\",\"position\":3,\"name\":\"Coj\u00edn Antiescaras Redondo con Agujero (42,5&#215;42,5&#215;9 cm, Alta Densidad), Cojines Viscoel\u00e1sticos para Personas Mayores\"}]},{\"@type\":\"WebSite\",\"@id\":\"https:\/\/www.tcuido.es\/#website\",\"url\":\"https:\/\/www.tcuido.es\/\",\"name\":\"Tcuido\",\"description\":\"Servicios Integrales a la Dependencia\",\"publisher\":{\"@id\":\"https:\/\/www.tcuido.es\/#organization\"},\"potentialAction\":[{\"@type\":\"SearchAction\",\"target\":{\"@type\":\"EntryPoint\",\"urlTemplate\":\"https:\/\/www.tcuido.es\/?s={search_term_string}\"},\"query-input\":{\"@type\":\"PropertyValueSpecification\",\"valueRequired\":true,\"valueName\":\"search_term_string\"}}],\"inLanguage\":\"en-GB\"},{\"@type\":\"Organization\",\"@id\":\"https:\/\/www.tcuido.es\/#organization\",\"name\":\"Tcuido Servicios Integrales a la Dependencia\",\"url\":\"https:\/\/www.tcuido.es\/\",\"logo\":{\"@type\":\"ImageObject\",\"inLanguage\":\"en-GB\",\"@id\":\"https:\/\/www.tcuido.es\/#\/schema\/logo\/image\/\",\"url\":\"https:\/\/www.tcuido.es\/wp-content\/uploads\/2024\/03\/TCUIDO-facturas.png\",\"contentUrl\":\"https:\/\/www.tcuido.es\/wp-content\/uploads\/2024\/03\/TCUIDO-facturas.png\",\"width\":1600,\"height\":361,\"caption\":\"Tcuido Servicios Integrales a la Dependencia\"},\"image\":{\"@id\":\"https:\/\/www.tcuido.es\/#\/schema\/logo\/image\/\"}}]}<\/script>\n<!-- \/ Yoast SEO Premium plugin. -->","yoast_head_json":{"title":"Coj\u00edn Antiescaras Redondo con Agujero (42,5x42,5x9 cm, Alta Densidad), Cojines Viscoel\u00e1sticos para Personas Mayores - Tcuido","robots":{"index":"index","follow":"follow","max-snippet":"max-snippet:-1","max-image-preview":"max-image-preview:large","max-video-preview":"max-video-preview:-1"},"canonical":"https:\/\/www.tcuido.es\/en\/product\/cojin-antiescaras-redondo-con-agujero-425x425x9-cm-alta-densidad-cojines-viscoelasticos-para-personas-mayores\/","og_locale":"en_GB","og_type":"article","og_title":"Coj\u00edn Antiescaras Redondo con Agujero (42,5x42,5x9 cm, Alta Densidad), Cojines Viscoel\u00e1sticos para Personas Mayores","og_description":"VISCOEL\u00c1STICO ALTA DENSIDAD  Fabricado en espuma viscoel\u00e1stica de 9 cm y una densidad de 65,3 kg\/m\u00b3, este coj\u00edn con agujero central permite no apoyar completamente el trasero dejando la zona a tratar libre de cualquier contacto con una superficie.  FUNDA TEJIDO 3D  Funda con tejido 3D, suave, lavable, transpirable y completamente impermeable. Certificado OEKO-TEX STANDARD 100.  M\u00daLTIPLES INDICACIONES  El coj\u00edn redondo es ideal para sillas de ruedas ya que alivia el dolor de la zona sacra y evita la aparici\u00f3n de \u00falceras por presi\u00f3n. Est\u00e1 indicado para personas que sufren hemorroides, f\u00edstulas o fisuras o se encuentran en proceso postoperatorio de la zona gl\u00fatea o perineal.","og_url":"https:\/\/www.tcuido.es\/en\/product\/cojin-antiescaras-redondo-con-agujero-425x425x9-cm-alta-densidad-cojines-viscoelasticos-para-personas-mayores\/","og_site_name":"Tcuido","article_modified_time":"2025-09-23T17:28:31+00:00","og_image":[{"width":1000,"height":1000,"url":"https:\/\/www.tcuido.es\/wp-content\/uploads\/2025\/02\/M01_C03-03_P02_ft-01.webp","type":"image\/webp"}],"twitter_card":"summary_large_image","twitter_misc":{"Estimated reading time":"2 minutes"},"schema":{"@context":"https:\/\/schema.org","@graph":[{"@type":"WebPage","@id":"https:\/\/www.tcuido.es\/producto\/cojin-antiescaras-redondo-con-agujero-425x425x9-cm-alta-densidad-cojines-viscoelasticos-para-personas-mayores\/","url":"https:\/\/www.tcuido.es\/producto\/cojin-antiescaras-redondo-con-agujero-425x425x9-cm-alta-densidad-cojines-viscoelasticos-para-personas-mayores\/","name":"Coj\u00edn Antiescaras Redondo con Agujero (42,5x42,5x9 cm, Alta Densidad), Cojines Viscoel\u00e1sticos para Personas Mayores - Tcuido","isPartOf":{"@id":"https:\/\/www.tcuido.es\/#website"},"primaryImageOfPage":{"@id":"https:\/\/www.tcuido.es\/producto\/cojin-antiescaras-redondo-con-agujero-425x425x9-cm-alta-densidad-cojines-viscoelasticos-para-personas-mayores\/#primaryimage"},"image":{"@id":"https:\/\/www.tcuido.es\/producto\/cojin-antiescaras-redondo-con-agujero-425x425x9-cm-alta-densidad-cojines-viscoelasticos-para-personas-mayores\/#primaryimage"},"thumbnailUrl":"https:\/\/www.tcuido.es\/wp-content\/uploads\/2025\/02\/M01_C03-03_P02_ft-01.webp","datePublished":"2025-02-12T12:54:05+00:00","dateModified":"2025-09-23T17:28:31+00:00","breadcrumb":{"@id":"https:\/\/www.tcuido.es\/producto\/cojin-antiescaras-redondo-con-agujero-425x425x9-cm-alta-densidad-cojines-viscoelasticos-para-personas-mayores\/#breadcrumb"},"inLanguage":"en-GB","potentialAction":[{"@type":"ReadAction","target":["https:\/\/www.tcuido.es\/producto\/cojin-antiescaras-redondo-con-agujero-425x425x9-cm-alta-densidad-cojines-viscoelasticos-para-personas-mayores\/"]}]},{"@type":"ImageObject","inLanguage":"en-GB","@id":"https:\/\/www.tcuido.es\/producto\/cojin-antiescaras-redondo-con-agujero-425x425x9-cm-alta-densidad-cojines-viscoelasticos-para-personas-mayores\/#primaryimage","url":"https:\/\/www.tcuido.es\/wp-content\/uploads\/2025\/02\/M01_C03-03_P02_ft-01.webp","contentUrl":"https:\/\/www.tcuido.es\/wp-content\/uploads\/2025\/02\/M01_C03-03_P02_ft-01.webp","width":1000,"height":1000},{"@type":"BreadcrumbList","@id":"https:\/\/www.tcuido.es\/producto\/cojin-antiescaras-redondo-con-agujero-425x425x9-cm-alta-densidad-cojines-viscoelasticos-para-personas-mayores\/#breadcrumb","itemListElement":[{"@type":"ListItem","position":1,"name":"Inicio","item":"https:\/\/www.tcuido.es\/"},{"@type":"ListItem","position":2,"name":"Tienda","item":"https:\/\/www.tcuido.es\/tienda\/"},{"@type":"ListItem","position":3,"name":"Coj\u00edn Antiescaras Redondo con Agujero (42,5&#215;42,5&#215;9 cm, Alta Densidad), Cojines Viscoel\u00e1sticos para Personas Mayores"}]},{"@type":"WebSite","@id":"https:\/\/www.tcuido.es\/#website","url":"https:\/\/www.tcuido.es\/","name":"I take care","description":"Comprehensive Dependency Services","publisher":{"@id":"https:\/\/www.tcuido.es\/#organization"},"potentialAction":[{"@type":"SearchAction","target":{"@type":"EntryPoint","urlTemplate":"https:\/\/www.tcuido.es\/?s={search_term_string}"},"query-input":{"@type":"PropertyValueSpecification","valueRequired":true,"valueName":"search_term_string"}}],"inLanguage":"en-GB"},{"@type":"Organization","@id":"https:\/\/www.tcuido.es\/#organization","name":"Tcuido Comprehensive Dependency Services","url":"https:\/\/www.tcuido.es\/","logo":{"@type":"ImageObject","inLanguage":"en-GB","@id":"https:\/\/www.tcuido.es\/#\/schema\/logo\/image\/","url":"https:\/\/www.tcuido.es\/wp-content\/uploads\/2024\/03\/TCUIDO-facturas.png","contentUrl":"https:\/\/www.tcuido.es\/wp-content\/uploads\/2024\/03\/TCUIDO-facturas.png","width":1600,"height":361,"caption":"Tcuido Servicios Integrales a la Dependencia"},"image":{"@id":"https:\/\/www.tcuido.es\/#\/schema\/logo\/image\/"}}]}},"_links":{"self":[{"href":"https:\/\/www.tcuido.es\/en\/wp-json\/wp\/v2\/product\/4021","targetHints":{"allow":["GET"]}}],"collection":[{"href":"https:\/\/www.tcuido.es\/en\/wp-json\/wp\/v2\/product"}],"about":[{"href":"https:\/\/www.tcuido.es\/en\/wp-json\/wp\/v2\/types\/product"}],"wp:featuredmedia":[{"embeddable":true,"href":"https:\/\/www.tcuido.es\/en\/wp-json\/wp\/v2\/media\/4023"}],"wp:attachment":[{"href":"https:\/\/www.tcuido.es\/en\/wp-json\/wp\/v2\/media?parent=4021"}],"wp:term":[{"taxonomy":"product_brand","embeddable":true,"href":"https:\/\/www.tcuido.es\/en\/wp-json\/wp\/v2\/product_brand?post=4021"},{"taxonomy":"product_cat","embeddable":true,"href":"https:\/\/www.tcuido.es\/en\/wp-json\/wp\/v2\/product_cat?post=4021"},{"taxonomy":"product_tag","embeddable":true,"href":"https:\/\/www.tcuido.es\/en\/wp-json\/wp\/v2\/product_tag?post=4021"}],"curies":[{"name":"wp","href":"https:\/\/api.w.org\/{rel}","templated":true}]}}