{"id":4034,"date":"2025-03-08T12:25:29","date_gmt":"2025-03-08T12:25:29","guid":{"rendered":"https:\/\/www.tcuido.es\/?post_type=product&#038;p=4034"},"modified":"2025-09-23T17:28:30","modified_gmt":"2025-09-23T17:28:30","slug":"cojin-antiescaras-para-silla-de-ruedas-42x42x8-cm-densidad-media-cojines-viscoelasticos-para-personas-mayores-pu-visco","status":"publish","type":"product","link":"https:\/\/www.tcuido.es\/en\/product\/cojin-antiescaras-para-silla-de-ruedas-42x42x8-cm-densidad-media-cojines-viscoelasticos-para-personas-mayores-pu-visco\/","title":{"rendered":"Anti-bedsore Cushion for Wheelchair (42x42x8 cm, Medium Density), Viscoelastic Cushions for Seniors (PU + VISCO)"},"content":{"rendered":"<p><span style=\"color: #97bf0d;\"><strong>CHARACTERISTICS<\/strong><\/span><\/p>\n<ul>\n<li>FUNCTIONAL: 8 cm thick anti-bedsore cushion (4 cm of polyurethane foam and 4 cm of viscoelastic foam) that improves rest and prevents the appearance of ulcers and bedsores. The viscoelastic part (white) must be placed upwards.<\/li>\n<li>HIGH QUALITY: Anti-decubitus cushion made with a textile layer of 100% polystyrene and a polyurethane membrane, it is OEKO-TEX STANDARD 100 certified. Thanks to its material, the memory foam cushion adapts perfectly to the user&#039;s contour and weight.<\/li>\n<li>DESIGN: The cover of the anti-decubitus cushion is made of 3D fabric and is soft, washable, breathable and waterproof.<\/li>\n<li>PROTECTIVE COVER: In addition, the cover of the ergonomic cushion is anti-odor, antibacterial, antifungal, anti-bedbug and anti-mite.<\/li>\n<li>RECOMMENDED FOR: Preventing bedsores and improving rest in the wheelchair while always offering maximum comfort. Maximum user weight: 100 kg.<\/li>\n<\/ul>\n<p>&nbsp;<\/p>\n<p><strong><span style=\"color: #97bf0d;\">TECHNICAL DETAILS<\/span><\/strong><\/p>\n<ul>\n<li>Product Reference: K40003<\/li>\n<li>Dimensions: 42 x 42 x 8 cm<\/li>\n<li>Thickness: 4 cm PU + 4 cm Visco<\/li>\n<li>Max User Weight: 100 kg<\/li>\n<li>Hardness: MEDIUM (1.7 \u2013 2.5 kPa)<\/li>\n<li>Adaptability: MEDIUM<\/li>\n<li>Density: 23 kg\/m\u00b3<\/li>\n<\/ul>\n<p>&nbsp;<\/p>\n<p><span style=\"color: #97bf0d;\"><strong>ADDITIONAL INFORMATION<\/strong><\/span><\/p>\n<ul>\n<li>Material: Viscoelastic 4 cm<\/li>\n<li>Cover: 3D fabric<\/li>\n<li>Suitable for: Wheelchairs<\/li>\n<\/ul>","protected":false},"excerpt":{"rendered":"<p><strong><span style=\"color: #97bf0d;\">VISCOELASTIC<\/span><\/strong><\/p>\n<p>The 4 cm viscoelastic material of the cushion reduces pressure by increasing the contact surface thanks to better immersion, helping to prevent pressure ulcers.<\/p>\n<p><strong><span style=\"color: #97bf0d;\">3D FABRIC COVER<\/span><\/strong><\/p>\n<p>Cover with 3D fabric, soft, washable, breathable and completely waterproof. OEKO-TEX STANDARD 100 certified.<\/p>\n<p><strong><span style=\"color: #97bf0d;\">USABILITY<\/span><\/strong><\/p>\n<p>The anti-bedsore cushion is ideal for wheelchairs as it helps improve rest and prevent the appearance of bedsores. The white viscoelastic part on the inside should face upwards.<\/p>","protected":false},"featured_media":4036,"template":"","meta":{"inline_featured_image":false},"product_brand":[],"product_cat":[43,33],"product_tag":[36],"class_list":{"0":"post-4034","1":"product","2":"type-product","3":"status-publish","4":"has-post-thumbnail","6":"product_cat-cojines-antiescaras","7":"product_cat-vida-diaria","8":"product_tag-kmina","10":"first","11":"instock","12":"taxable","13":"shipping-taxable","14":"purchasable","15":"product-type-simple"},"yoast_head":"<!-- This site is optimized with the Yoast SEO Premium plugin v22.6 (Yoast SEO v27.1.1) - https:\/\/yoast.com\/product\/yoast-seo-premium-wordpress\/ -->\n<title>Coj\u00edn Antiescaras para Silla de Ruedas (42x42x8 cm, Densidad Media), Cojines Viscoel\u00e1sticos para Personas Mayores (PU + VISCO) - Tcuido<\/title>\n<meta name=\"robots\" content=\"index, follow, max-snippet:-1, max-image-preview:large, max-video-preview:-1\" \/>\n<link rel=\"canonical\" href=\"https:\/\/www.tcuido.es\/en\/product\/cojin-antiescaras-para-silla-de-ruedas-42x42x8-cm-densidad-media-cojines-viscoelasticos-para-personas-mayores-pu-visco\/\" \/>\n<meta property=\"og:locale\" content=\"en_GB\" \/>\n<meta property=\"og:type\" content=\"article\" \/>\n<meta property=\"og:title\" content=\"Coj\u00edn Antiescaras para Silla de Ruedas (42x42x8 cm, Densidad Media), Cojines Viscoel\u00e1sticos para Personas Mayores (PU + VISCO)\" \/>\n<meta property=\"og:description\" content=\"VISCOEL\u00c1STICO  El material viscoel\u00e1stico de 4 cm del coj\u00edn disminuye la presi\u00f3n aumentando la superficie de contacto gracias a una mejor inmersi\u00f3n ayudando a prevenir las \u00falceras por presi\u00f3n.  FUNDA TEJIDO 3D  Funda con tejido 3D, suave, lavable, transpirable y completamente impermeable. Certificado OEKO-TEX STANDARD 100.  USABILIDAD  El coj\u00edn antiescaras es ideal para sillas de ruedas ya que ayuda a mejorar el descanso y prevenir la aparici\u00f3n de escaras. La parte blanca viscoel\u00e1stica del interior debe ir hacia arriba.\" \/>\n<meta property=\"og:url\" content=\"https:\/\/www.tcuido.es\/en\/product\/cojin-antiescaras-para-silla-de-ruedas-42x42x8-cm-densidad-media-cojines-viscoelasticos-para-personas-mayores-pu-visco\/\" \/>\n<meta property=\"og:site_name\" content=\"Tcuido\" \/>\n<meta property=\"article:modified_time\" content=\"2025-09-23T17:28:30+00:00\" \/>\n<meta property=\"og:image\" content=\"https:\/\/www.tcuido.es\/wp-content\/uploads\/2025\/03\/M01_C03-03_P03_ft-01.webp\" \/>\n\t<meta property=\"og:image:width\" content=\"1000\" \/>\n\t<meta property=\"og:image:height\" content=\"1000\" \/>\n\t<meta property=\"og:image:type\" content=\"image\/webp\" \/>\n<meta name=\"twitter:card\" content=\"summary_large_image\" \/>\n<meta name=\"twitter:label1\" content=\"Estimated reading time\" \/>\n\t<meta name=\"twitter:data1\" content=\"2 minutes\" \/>\n<script type=\"application\/ld+json\" class=\"yoast-schema-graph\">{\"@context\":\"https:\/\/schema.org\",\"@graph\":[{\"@type\":\"WebPage\",\"@id\":\"https:\/\/www.tcuido.es\/producto\/cojin-antiescaras-para-silla-de-ruedas-42x42x8-cm-densidad-media-cojines-viscoelasticos-para-personas-mayores-pu-visco\/\",\"url\":\"https:\/\/www.tcuido.es\/producto\/cojin-antiescaras-para-silla-de-ruedas-42x42x8-cm-densidad-media-cojines-viscoelasticos-para-personas-mayores-pu-visco\/\",\"name\":\"Coj\u00edn Antiescaras para Silla de Ruedas (42x42x8 cm, Densidad Media), Cojines Viscoel\u00e1sticos para Personas Mayores (PU + VISCO) - Tcuido\",\"isPartOf\":{\"@id\":\"https:\/\/www.tcuido.es\/#website\"},\"primaryImageOfPage\":{\"@id\":\"https:\/\/www.tcuido.es\/producto\/cojin-antiescaras-para-silla-de-ruedas-42x42x8-cm-densidad-media-cojines-viscoelasticos-para-personas-mayores-pu-visco\/#primaryimage\"},\"image\":{\"@id\":\"https:\/\/www.tcuido.es\/producto\/cojin-antiescaras-para-silla-de-ruedas-42x42x8-cm-densidad-media-cojines-viscoelasticos-para-personas-mayores-pu-visco\/#primaryimage\"},\"thumbnailUrl\":\"https:\/\/www.tcuido.es\/wp-content\/uploads\/2025\/03\/M01_C03-03_P03_ft-01.webp\",\"datePublished\":\"2025-03-08T12:25:29+00:00\",\"dateModified\":\"2025-09-23T17:28:30+00:00\",\"breadcrumb\":{\"@id\":\"https:\/\/www.tcuido.es\/producto\/cojin-antiescaras-para-silla-de-ruedas-42x42x8-cm-densidad-media-cojines-viscoelasticos-para-personas-mayores-pu-visco\/#breadcrumb\"},\"inLanguage\":\"en-GB\",\"potentialAction\":[{\"@type\":\"ReadAction\",\"target\":[\"https:\/\/www.tcuido.es\/producto\/cojin-antiescaras-para-silla-de-ruedas-42x42x8-cm-densidad-media-cojines-viscoelasticos-para-personas-mayores-pu-visco\/\"]}]},{\"@type\":\"ImageObject\",\"inLanguage\":\"en-GB\",\"@id\":\"https:\/\/www.tcuido.es\/producto\/cojin-antiescaras-para-silla-de-ruedas-42x42x8-cm-densidad-media-cojines-viscoelasticos-para-personas-mayores-pu-visco\/#primaryimage\",\"url\":\"https:\/\/www.tcuido.es\/wp-content\/uploads\/2025\/03\/M01_C03-03_P03_ft-01.webp\",\"contentUrl\":\"https:\/\/www.tcuido.es\/wp-content\/uploads\/2025\/03\/M01_C03-03_P03_ft-01.webp\",\"width\":1000,\"height\":1000},{\"@type\":\"BreadcrumbList\",\"@id\":\"https:\/\/www.tcuido.es\/producto\/cojin-antiescaras-para-silla-de-ruedas-42x42x8-cm-densidad-media-cojines-viscoelasticos-para-personas-mayores-pu-visco\/#breadcrumb\",\"itemListElement\":[{\"@type\":\"ListItem\",\"position\":1,\"name\":\"Inicio\",\"item\":\"https:\/\/www.tcuido.es\/\"},{\"@type\":\"ListItem\",\"position\":2,\"name\":\"Tienda\",\"item\":\"https:\/\/www.tcuido.es\/tienda\/\"},{\"@type\":\"ListItem\",\"position\":3,\"name\":\"Coj\u00edn Antiescaras para Silla de Ruedas (42x42x8 cm, Densidad Media), Cojines Viscoel\u00e1sticos para Personas Mayores (PU + VISCO)\"}]},{\"@type\":\"WebSite\",\"@id\":\"https:\/\/www.tcuido.es\/#website\",\"url\":\"https:\/\/www.tcuido.es\/\",\"name\":\"Tcuido\",\"description\":\"Servicios Integrales a la Dependencia\",\"publisher\":{\"@id\":\"https:\/\/www.tcuido.es\/#organization\"},\"potentialAction\":[{\"@type\":\"SearchAction\",\"target\":{\"@type\":\"EntryPoint\",\"urlTemplate\":\"https:\/\/www.tcuido.es\/?s={search_term_string}\"},\"query-input\":{\"@type\":\"PropertyValueSpecification\",\"valueRequired\":true,\"valueName\":\"search_term_string\"}}],\"inLanguage\":\"en-GB\"},{\"@type\":\"Organization\",\"@id\":\"https:\/\/www.tcuido.es\/#organization\",\"name\":\"Tcuido Servicios Integrales a la Dependencia\",\"url\":\"https:\/\/www.tcuido.es\/\",\"logo\":{\"@type\":\"ImageObject\",\"inLanguage\":\"en-GB\",\"@id\":\"https:\/\/www.tcuido.es\/#\/schema\/logo\/image\/\",\"url\":\"https:\/\/www.tcuido.es\/wp-content\/uploads\/2024\/03\/TCUIDO-facturas.png\",\"contentUrl\":\"https:\/\/www.tcuido.es\/wp-content\/uploads\/2024\/03\/TCUIDO-facturas.png\",\"width\":1600,\"height\":361,\"caption\":\"Tcuido Servicios Integrales a la Dependencia\"},\"image\":{\"@id\":\"https:\/\/www.tcuido.es\/#\/schema\/logo\/image\/\"}}]}<\/script>\n<!-- \/ Yoast SEO Premium plugin. -->","yoast_head_json":{"title":"Coj\u00edn Antiescaras para Silla de Ruedas (42x42x8 cm, Densidad Media), Cojines Viscoel\u00e1sticos para Personas Mayores (PU + VISCO) - Tcuido","robots":{"index":"index","follow":"follow","max-snippet":"max-snippet:-1","max-image-preview":"max-image-preview:large","max-video-preview":"max-video-preview:-1"},"canonical":"https:\/\/www.tcuido.es\/en\/product\/cojin-antiescaras-para-silla-de-ruedas-42x42x8-cm-densidad-media-cojines-viscoelasticos-para-personas-mayores-pu-visco\/","og_locale":"en_GB","og_type":"article","og_title":"Coj\u00edn Antiescaras para Silla de Ruedas (42x42x8 cm, Densidad Media), Cojines Viscoel\u00e1sticos para Personas Mayores (PU + VISCO)","og_description":"VISCOEL\u00c1STICO  El material viscoel\u00e1stico de 4 cm del coj\u00edn disminuye la presi\u00f3n aumentando la superficie de contacto gracias a una mejor inmersi\u00f3n ayudando a prevenir las \u00falceras por presi\u00f3n.  FUNDA TEJIDO 3D  Funda con tejido 3D, suave, lavable, transpirable y completamente impermeable. Certificado OEKO-TEX STANDARD 100.  USABILIDAD  El coj\u00edn antiescaras es ideal para sillas de ruedas ya que ayuda a mejorar el descanso y prevenir la aparici\u00f3n de escaras. La parte blanca viscoel\u00e1stica del interior debe ir hacia arriba.","og_url":"https:\/\/www.tcuido.es\/en\/product\/cojin-antiescaras-para-silla-de-ruedas-42x42x8-cm-densidad-media-cojines-viscoelasticos-para-personas-mayores-pu-visco\/","og_site_name":"Tcuido","article_modified_time":"2025-09-23T17:28:30+00:00","og_image":[{"width":1000,"height":1000,"url":"https:\/\/www.tcuido.es\/wp-content\/uploads\/2025\/03\/M01_C03-03_P03_ft-01.webp","type":"image\/webp"}],"twitter_card":"summary_large_image","twitter_misc":{"Estimated reading time":"2 minutes"},"schema":{"@context":"https:\/\/schema.org","@graph":[{"@type":"WebPage","@id":"https:\/\/www.tcuido.es\/producto\/cojin-antiescaras-para-silla-de-ruedas-42x42x8-cm-densidad-media-cojines-viscoelasticos-para-personas-mayores-pu-visco\/","url":"https:\/\/www.tcuido.es\/producto\/cojin-antiescaras-para-silla-de-ruedas-42x42x8-cm-densidad-media-cojines-viscoelasticos-para-personas-mayores-pu-visco\/","name":"Coj\u00edn Antiescaras para Silla de Ruedas (42x42x8 cm, Densidad Media), Cojines Viscoel\u00e1sticos para Personas Mayores (PU + VISCO) - Tcuido","isPartOf":{"@id":"https:\/\/www.tcuido.es\/#website"},"primaryImageOfPage":{"@id":"https:\/\/www.tcuido.es\/producto\/cojin-antiescaras-para-silla-de-ruedas-42x42x8-cm-densidad-media-cojines-viscoelasticos-para-personas-mayores-pu-visco\/#primaryimage"},"image":{"@id":"https:\/\/www.tcuido.es\/producto\/cojin-antiescaras-para-silla-de-ruedas-42x42x8-cm-densidad-media-cojines-viscoelasticos-para-personas-mayores-pu-visco\/#primaryimage"},"thumbnailUrl":"https:\/\/www.tcuido.es\/wp-content\/uploads\/2025\/03\/M01_C03-03_P03_ft-01.webp","datePublished":"2025-03-08T12:25:29+00:00","dateModified":"2025-09-23T17:28:30+00:00","breadcrumb":{"@id":"https:\/\/www.tcuido.es\/producto\/cojin-antiescaras-para-silla-de-ruedas-42x42x8-cm-densidad-media-cojines-viscoelasticos-para-personas-mayores-pu-visco\/#breadcrumb"},"inLanguage":"en-GB","potentialAction":[{"@type":"ReadAction","target":["https:\/\/www.tcuido.es\/producto\/cojin-antiescaras-para-silla-de-ruedas-42x42x8-cm-densidad-media-cojines-viscoelasticos-para-personas-mayores-pu-visco\/"]}]},{"@type":"ImageObject","inLanguage":"en-GB","@id":"https:\/\/www.tcuido.es\/producto\/cojin-antiescaras-para-silla-de-ruedas-42x42x8-cm-densidad-media-cojines-viscoelasticos-para-personas-mayores-pu-visco\/#primaryimage","url":"https:\/\/www.tcuido.es\/wp-content\/uploads\/2025\/03\/M01_C03-03_P03_ft-01.webp","contentUrl":"https:\/\/www.tcuido.es\/wp-content\/uploads\/2025\/03\/M01_C03-03_P03_ft-01.webp","width":1000,"height":1000},{"@type":"BreadcrumbList","@id":"https:\/\/www.tcuido.es\/producto\/cojin-antiescaras-para-silla-de-ruedas-42x42x8-cm-densidad-media-cojines-viscoelasticos-para-personas-mayores-pu-visco\/#breadcrumb","itemListElement":[{"@type":"ListItem","position":1,"name":"Inicio","item":"https:\/\/www.tcuido.es\/"},{"@type":"ListItem","position":2,"name":"Tienda","item":"https:\/\/www.tcuido.es\/tienda\/"},{"@type":"ListItem","position":3,"name":"Coj\u00edn Antiescaras para Silla de Ruedas (42x42x8 cm, Densidad Media), Cojines Viscoel\u00e1sticos para Personas Mayores (PU + VISCO)"}]},{"@type":"WebSite","@id":"https:\/\/www.tcuido.es\/#website","url":"https:\/\/www.tcuido.es\/","name":"I take care","description":"Comprehensive Dependency Services","publisher":{"@id":"https:\/\/www.tcuido.es\/#organization"},"potentialAction":[{"@type":"SearchAction","target":{"@type":"EntryPoint","urlTemplate":"https:\/\/www.tcuido.es\/?s={search_term_string}"},"query-input":{"@type":"PropertyValueSpecification","valueRequired":true,"valueName":"search_term_string"}}],"inLanguage":"en-GB"},{"@type":"Organization","@id":"https:\/\/www.tcuido.es\/#organization","name":"Tcuido Comprehensive Dependency Services","url":"https:\/\/www.tcuido.es\/","logo":{"@type":"ImageObject","inLanguage":"en-GB","@id":"https:\/\/www.tcuido.es\/#\/schema\/logo\/image\/","url":"https:\/\/www.tcuido.es\/wp-content\/uploads\/2024\/03\/TCUIDO-facturas.png","contentUrl":"https:\/\/www.tcuido.es\/wp-content\/uploads\/2024\/03\/TCUIDO-facturas.png","width":1600,"height":361,"caption":"Tcuido Servicios Integrales a la Dependencia"},"image":{"@id":"https:\/\/www.tcuido.es\/#\/schema\/logo\/image\/"}}]}},"_links":{"self":[{"href":"https:\/\/www.tcuido.es\/en\/wp-json\/wp\/v2\/product\/4034","targetHints":{"allow":["GET"]}}],"collection":[{"href":"https:\/\/www.tcuido.es\/en\/wp-json\/wp\/v2\/product"}],"about":[{"href":"https:\/\/www.tcuido.es\/en\/wp-json\/wp\/v2\/types\/product"}],"wp:featuredmedia":[{"embeddable":true,"href":"https:\/\/www.tcuido.es\/en\/wp-json\/wp\/v2\/media\/4036"}],"wp:attachment":[{"href":"https:\/\/www.tcuido.es\/en\/wp-json\/wp\/v2\/media?parent=4034"}],"wp:term":[{"taxonomy":"product_brand","embeddable":true,"href":"https:\/\/www.tcuido.es\/en\/wp-json\/wp\/v2\/product_brand?post=4034"},{"taxonomy":"product_cat","embeddable":true,"href":"https:\/\/www.tcuido.es\/en\/wp-json\/wp\/v2\/product_cat?post=4034"},{"taxonomy":"product_tag","embeddable":true,"href":"https:\/\/www.tcuido.es\/en\/wp-json\/wp\/v2\/product_tag?post=4034"}],"curies":[{"name":"wp","href":"https:\/\/api.w.org\/{rel}","templated":true}]}}