{"id":4090,"date":"2025-06-24T18:31:09","date_gmt":"2025-06-24T18:31:09","guid":{"rendered":"https:\/\/www.tcuido.es\/?post_type=product&#038;p=4090"},"modified":"2025-09-23T17:28:38","modified_gmt":"2025-09-23T17:28:38","slug":"silla-de-ducha-y-wc-plegable-oasis","status":"publish","type":"product","link":"https:\/\/www.tcuido.es\/en\/product\/silla-de-ducha-y-wc-plegable-oasis\/","title":{"rendered":"OASIS folding shower and toilet chair"},"content":{"rendered":"<p><strong><span style=\"color: #97bf0d;\">FOLDING<\/span><\/strong><\/p>\n<p>It folds easily, which is a great advantage for transport and storage in nursing homes and other healthcare institutions, and for storing it when not in use at home.<\/p>\n<p>&nbsp;<\/p>\n<p><strong><span style=\"color: #97bf0d;\">COMFORT<\/span><\/strong><\/p>\n<p>Soft seat and backrest, comfortable and warm to the touch.<\/p>\n<p>&nbsp;<\/p>\n<p><span style=\"color: #97bf0d;\"><strong>MAKES PERSONAL HYGIENE EASIER<\/strong><\/span><\/p>\n<p>It comes with a urinal bucket as standard and can also be placed directly on the toilet, in which case the front wheels have brakes, making the rear wheels difficult to access.<\/p>\n<p>&nbsp;<\/p>\n<p><strong><span style=\"color: #97bf0d;\">U-SEAT<\/span><\/strong><\/p>\n<p>The seat has a front opening, providing easy access for personal hygiene. It includes a urinal bucket, a soft seat cover, and a padded backrest.<\/p>\n<p>&nbsp;<\/p>\n<p><strong><span style=\"color: #97bf0d;\">EASY TO HANDLE<\/span><\/strong><\/p>\n<p>Its great maneuverability and generous 300 mm rear wheels allow the caregiver to move the chair with minimal effort.<\/p>\n<p>&nbsp;<\/p>\n<table class=\"table-fixed border-collapse border border-slate-500\">\n<tbody>\n<tr>\n<th class=\"px-4 py-2 border border-slate-600 uppercase bg-brand-grey text-white text-left text-xs\"><strong><span style=\"color: #97bf0d;\">Model<\/span><\/strong><\/th>\n<th class=\"px-4 py-2 border border-slate-600 uppercase bg-brand-grey text-white text-left text-xs\"><strong><span style=\"color: #97bf0d;\">Maximum toilet height<\/span><\/strong><\/th>\n<\/tr>\n<tr>\n<td class=\"px-4 py-2 border border-slate-600 text-sm\" style=\"text-align: center;\">HE300<\/td>\n<td class=\"px-4 py-2 border border-slate-600 text-sm\" style=\"text-align: center;\">43 cm<\/td>\n<\/tr>\n<\/tbody>\n<\/table>","protected":false},"excerpt":{"rendered":"<p>Completely stainless, made of very lightweight aluminum. This folding chair is easy to transport and store when not in use, making it especially practical for both institutions and homes.<\/p>\n<ul>\n<li><span style=\"color: #97bf0d;\"><strong>Total kg:<\/strong><\/span> 9<\/li>\n<li><span style=\"color: #97bf0d;\"><strong>Maximum kg:<\/strong><\/span> 125<\/li>\n<li><strong><span style=\"color: #97bf0d;\">Aluminum<\/span><\/strong><\/li>\n<\/ul>","protected":false},"featured_media":4097,"template":"","meta":{"inline_featured_image":false},"product_brand":[45],"product_cat":[27,47],"product_tag":[],"class_list":{"0":"post-4090","1":"product","2":"type-product","3":"status-publish","4":"has-post-thumbnail","6":"product_brand-ayudas-dinamicas","7":"product_cat-bano","8":"product_cat-sillas-ducha-y-wc","10":"first","11":"instock","12":"taxable","13":"shipping-taxable","14":"purchasable","15":"product-type-simple"},"yoast_head":"<!-- This site is optimized with the Yoast SEO Premium plugin v22.6 (Yoast SEO v27.1.1) - https:\/\/yoast.com\/product\/yoast-seo-premium-wordpress\/ -->\n<title>Silla de ducha y WC plegable OASIS - Tcuido<\/title>\n<meta name=\"robots\" content=\"index, follow, max-snippet:-1, max-image-preview:large, max-video-preview:-1\" \/>\n<link rel=\"canonical\" href=\"https:\/\/www.tcuido.es\/en\/product\/silla-de-ducha-y-wc-plegable-oasis\/\" \/>\n<meta property=\"og:locale\" content=\"en_GB\" \/>\n<meta property=\"og:type\" content=\"article\" \/>\n<meta property=\"og:title\" content=\"Silla de ducha y WC plegable OASIS\" \/>\n<meta property=\"og:description\" content=\"Totalmente inoxidable, fabricada en aluminio muy ligero. Esta silla plegable es f\u00e1cil de transportar y guardar cuando no est\u00e1 en uso, lo que la hace especialmente pr\u00e1ctica tanto en instituciones como en domicilios.   Kg total: 9  Kg m\u00e1ximo: 125  Aluminio\" \/>\n<meta property=\"og:url\" content=\"https:\/\/www.tcuido.es\/en\/product\/silla-de-ducha-y-wc-plegable-oasis\/\" \/>\n<meta property=\"og:site_name\" content=\"Tcuido\" \/>\n<meta property=\"article:modified_time\" content=\"2025-09-23T17:28:38+00:00\" \/>\n<meta property=\"og:image\" content=\"https:\/\/www.tcuido.es\/wp-content\/uploads\/2025\/06\/M02_C01-01_P02_01.jpg\" \/>\n\t<meta property=\"og:image:width\" content=\"1200\" \/>\n\t<meta property=\"og:image:height\" content=\"1200\" \/>\n\t<meta property=\"og:image:type\" content=\"image\/jpeg\" \/>\n<meta name=\"twitter:card\" content=\"summary_large_image\" \/>\n<meta name=\"twitter:label1\" content=\"Estimated reading time\" \/>\n\t<meta name=\"twitter:data1\" content=\"1 minute\" \/>\n<script type=\"application\/ld+json\" class=\"yoast-schema-graph\">{\"@context\":\"https:\/\/schema.org\",\"@graph\":[{\"@type\":\"WebPage\",\"@id\":\"https:\/\/www.tcuido.es\/producto\/silla-de-ducha-y-wc-plegable-oasis\/\",\"url\":\"https:\/\/www.tcuido.es\/producto\/silla-de-ducha-y-wc-plegable-oasis\/\",\"name\":\"Silla de ducha y WC plegable OASIS - Tcuido\",\"isPartOf\":{\"@id\":\"https:\/\/www.tcuido.es\/#website\"},\"primaryImageOfPage\":{\"@id\":\"https:\/\/www.tcuido.es\/producto\/silla-de-ducha-y-wc-plegable-oasis\/#primaryimage\"},\"image\":{\"@id\":\"https:\/\/www.tcuido.es\/producto\/silla-de-ducha-y-wc-plegable-oasis\/#primaryimage\"},\"thumbnailUrl\":\"https:\/\/www.tcuido.es\/wp-content\/uploads\/2025\/06\/M02_C01-01_P02_01.jpg\",\"datePublished\":\"2025-06-24T18:31:09+00:00\",\"dateModified\":\"2025-09-23T17:28:38+00:00\",\"breadcrumb\":{\"@id\":\"https:\/\/www.tcuido.es\/producto\/silla-de-ducha-y-wc-plegable-oasis\/#breadcrumb\"},\"inLanguage\":\"en-GB\",\"potentialAction\":[{\"@type\":\"ReadAction\",\"target\":[\"https:\/\/www.tcuido.es\/producto\/silla-de-ducha-y-wc-plegable-oasis\/\"]}]},{\"@type\":\"ImageObject\",\"inLanguage\":\"en-GB\",\"@id\":\"https:\/\/www.tcuido.es\/producto\/silla-de-ducha-y-wc-plegable-oasis\/#primaryimage\",\"url\":\"https:\/\/www.tcuido.es\/wp-content\/uploads\/2025\/06\/M02_C01-01_P02_01.jpg\",\"contentUrl\":\"https:\/\/www.tcuido.es\/wp-content\/uploads\/2025\/06\/M02_C01-01_P02_01.jpg\",\"width\":1200,\"height\":1200},{\"@type\":\"BreadcrumbList\",\"@id\":\"https:\/\/www.tcuido.es\/producto\/silla-de-ducha-y-wc-plegable-oasis\/#breadcrumb\",\"itemListElement\":[{\"@type\":\"ListItem\",\"position\":1,\"name\":\"Inicio\",\"item\":\"https:\/\/www.tcuido.es\/\"},{\"@type\":\"ListItem\",\"position\":2,\"name\":\"Tienda\",\"item\":\"https:\/\/www.tcuido.es\/tienda\/\"},{\"@type\":\"ListItem\",\"position\":3,\"name\":\"Silla de ducha y WC plegable OASIS\"}]},{\"@type\":\"WebSite\",\"@id\":\"https:\/\/www.tcuido.es\/#website\",\"url\":\"https:\/\/www.tcuido.es\/\",\"name\":\"Tcuido\",\"description\":\"Servicios Integrales a la Dependencia\",\"publisher\":{\"@id\":\"https:\/\/www.tcuido.es\/#organization\"},\"potentialAction\":[{\"@type\":\"SearchAction\",\"target\":{\"@type\":\"EntryPoint\",\"urlTemplate\":\"https:\/\/www.tcuido.es\/?s={search_term_string}\"},\"query-input\":{\"@type\":\"PropertyValueSpecification\",\"valueRequired\":true,\"valueName\":\"search_term_string\"}}],\"inLanguage\":\"en-GB\"},{\"@type\":\"Organization\",\"@id\":\"https:\/\/www.tcuido.es\/#organization\",\"name\":\"Tcuido Servicios Integrales a la Dependencia\",\"url\":\"https:\/\/www.tcuido.es\/\",\"logo\":{\"@type\":\"ImageObject\",\"inLanguage\":\"en-GB\",\"@id\":\"https:\/\/www.tcuido.es\/#\/schema\/logo\/image\/\",\"url\":\"https:\/\/www.tcuido.es\/wp-content\/uploads\/2024\/03\/TCUIDO-facturas.png\",\"contentUrl\":\"https:\/\/www.tcuido.es\/wp-content\/uploads\/2024\/03\/TCUIDO-facturas.png\",\"width\":1600,\"height\":361,\"caption\":\"Tcuido Servicios Integrales a la Dependencia\"},\"image\":{\"@id\":\"https:\/\/www.tcuido.es\/#\/schema\/logo\/image\/\"}}]}<\/script>\n<!-- \/ Yoast SEO Premium plugin. -->","yoast_head_json":{"title":"Silla de ducha y WC plegable OASIS - Tcuido","robots":{"index":"index","follow":"follow","max-snippet":"max-snippet:-1","max-image-preview":"max-image-preview:large","max-video-preview":"max-video-preview:-1"},"canonical":"https:\/\/www.tcuido.es\/en\/product\/silla-de-ducha-y-wc-plegable-oasis\/","og_locale":"en_GB","og_type":"article","og_title":"Silla de ducha y WC plegable OASIS","og_description":"Totalmente inoxidable, fabricada en aluminio muy ligero. Esta silla plegable es f\u00e1cil de transportar y guardar cuando no est\u00e1 en uso, lo que la hace especialmente pr\u00e1ctica tanto en instituciones como en domicilios.   Kg total: 9  Kg m\u00e1ximo: 125  Aluminio","og_url":"https:\/\/www.tcuido.es\/en\/product\/silla-de-ducha-y-wc-plegable-oasis\/","og_site_name":"Tcuido","article_modified_time":"2025-09-23T17:28:38+00:00","og_image":[{"width":1200,"height":1200,"url":"https:\/\/www.tcuido.es\/wp-content\/uploads\/2025\/06\/M02_C01-01_P02_01.jpg","type":"image\/jpeg"}],"twitter_card":"summary_large_image","twitter_misc":{"Estimated reading time":"1 minute"},"schema":{"@context":"https:\/\/schema.org","@graph":[{"@type":"WebPage","@id":"https:\/\/www.tcuido.es\/producto\/silla-de-ducha-y-wc-plegable-oasis\/","url":"https:\/\/www.tcuido.es\/producto\/silla-de-ducha-y-wc-plegable-oasis\/","name":"Silla de ducha y WC plegable OASIS - Tcuido","isPartOf":{"@id":"https:\/\/www.tcuido.es\/#website"},"primaryImageOfPage":{"@id":"https:\/\/www.tcuido.es\/producto\/silla-de-ducha-y-wc-plegable-oasis\/#primaryimage"},"image":{"@id":"https:\/\/www.tcuido.es\/producto\/silla-de-ducha-y-wc-plegable-oasis\/#primaryimage"},"thumbnailUrl":"https:\/\/www.tcuido.es\/wp-content\/uploads\/2025\/06\/M02_C01-01_P02_01.jpg","datePublished":"2025-06-24T18:31:09+00:00","dateModified":"2025-09-23T17:28:38+00:00","breadcrumb":{"@id":"https:\/\/www.tcuido.es\/producto\/silla-de-ducha-y-wc-plegable-oasis\/#breadcrumb"},"inLanguage":"en-GB","potentialAction":[{"@type":"ReadAction","target":["https:\/\/www.tcuido.es\/producto\/silla-de-ducha-y-wc-plegable-oasis\/"]}]},{"@type":"ImageObject","inLanguage":"en-GB","@id":"https:\/\/www.tcuido.es\/producto\/silla-de-ducha-y-wc-plegable-oasis\/#primaryimage","url":"https:\/\/www.tcuido.es\/wp-content\/uploads\/2025\/06\/M02_C01-01_P02_01.jpg","contentUrl":"https:\/\/www.tcuido.es\/wp-content\/uploads\/2025\/06\/M02_C01-01_P02_01.jpg","width":1200,"height":1200},{"@type":"BreadcrumbList","@id":"https:\/\/www.tcuido.es\/producto\/silla-de-ducha-y-wc-plegable-oasis\/#breadcrumb","itemListElement":[{"@type":"ListItem","position":1,"name":"Inicio","item":"https:\/\/www.tcuido.es\/"},{"@type":"ListItem","position":2,"name":"Tienda","item":"https:\/\/www.tcuido.es\/tienda\/"},{"@type":"ListItem","position":3,"name":"Silla de ducha y WC plegable OASIS"}]},{"@type":"WebSite","@id":"https:\/\/www.tcuido.es\/#website","url":"https:\/\/www.tcuido.es\/","name":"I take care","description":"Comprehensive Dependency Services","publisher":{"@id":"https:\/\/www.tcuido.es\/#organization"},"potentialAction":[{"@type":"SearchAction","target":{"@type":"EntryPoint","urlTemplate":"https:\/\/www.tcuido.es\/?s={search_term_string}"},"query-input":{"@type":"PropertyValueSpecification","valueRequired":true,"valueName":"search_term_string"}}],"inLanguage":"en-GB"},{"@type":"Organization","@id":"https:\/\/www.tcuido.es\/#organization","name":"Tcuido Comprehensive Dependency Services","url":"https:\/\/www.tcuido.es\/","logo":{"@type":"ImageObject","inLanguage":"en-GB","@id":"https:\/\/www.tcuido.es\/#\/schema\/logo\/image\/","url":"https:\/\/www.tcuido.es\/wp-content\/uploads\/2024\/03\/TCUIDO-facturas.png","contentUrl":"https:\/\/www.tcuido.es\/wp-content\/uploads\/2024\/03\/TCUIDO-facturas.png","width":1600,"height":361,"caption":"Tcuido Servicios Integrales a la Dependencia"},"image":{"@id":"https:\/\/www.tcuido.es\/#\/schema\/logo\/image\/"}}]}},"_links":{"self":[{"href":"https:\/\/www.tcuido.es\/en\/wp-json\/wp\/v2\/product\/4090","targetHints":{"allow":["GET"]}}],"collection":[{"href":"https:\/\/www.tcuido.es\/en\/wp-json\/wp\/v2\/product"}],"about":[{"href":"https:\/\/www.tcuido.es\/en\/wp-json\/wp\/v2\/types\/product"}],"wp:featuredmedia":[{"embeddable":true,"href":"https:\/\/www.tcuido.es\/en\/wp-json\/wp\/v2\/media\/4097"}],"wp:attachment":[{"href":"https:\/\/www.tcuido.es\/en\/wp-json\/wp\/v2\/media?parent=4090"}],"wp:term":[{"taxonomy":"product_brand","embeddable":true,"href":"https:\/\/www.tcuido.es\/en\/wp-json\/wp\/v2\/product_brand?post=4090"},{"taxonomy":"product_cat","embeddable":true,"href":"https:\/\/www.tcuido.es\/en\/wp-json\/wp\/v2\/product_cat?post=4090"},{"taxonomy":"product_tag","embeddable":true,"href":"https:\/\/www.tcuido.es\/en\/wp-json\/wp\/v2\/product_tag?post=4090"}],"curies":[{"name":"wp","href":"https:\/\/api.w.org\/{rel}","templated":true}]}}