{"id":4091,"date":"2025-06-24T18:31:06","date_gmt":"2025-06-24T18:31:06","guid":{"rendered":"https:\/\/www.tcuido.es\/?post_type=product&#038;p=4091"},"modified":"2025-09-23T17:28:38","modified_gmt":"2025-09-23T17:28:38","slug":"silla-de-ducha-y-wc-con-ruedas-oasis","status":"publish","type":"product","link":"https:\/\/www.tcuido.es\/en\/product\/silla-de-ducha-y-wc-con-ruedas-oasis\/","title":{"rendered":"OASIS shower and toilet chair with wheels"},"content":{"rendered":"<p><strong><span style=\"color: #97bf0d;\">IT IS PLACED ON THE TOILET<\/span><\/strong><\/p>\n<p>It easily fits over any toilet. It has brakes on all four wheels, and can be operated from the front wheels when the chair is placed over a toilet and the rear wheels are difficult to reach.<\/p>\n<p>The urinal bucket, included as standard, is a very practical accessory. It comes with a lid and handles.<\/p>\n<p>&nbsp;<\/p>\n<p><strong><span style=\"color: #97bf0d;\">FACILITATES PERSONAL HYGIENE<\/span><\/strong><\/p>\n<p>It allows personal hygiene tasks to be carried out comfortably and safely for both the user and the caregiver.<\/p>\n<p>Very maneuverable, turns in tight spaces.<\/p>\n<p>&nbsp;<\/p>\n<p><strong><span style=\"color: #97bf0d;\">FOLDING ARMREST<\/span><\/strong><\/p>\n<p>The armrests are foldable to make lateral transfers easy, comfortable, and above all, safe.<\/p>\n<p>&nbsp;<\/p>\n<p><strong><span style=\"color: #97bf0d;\">COMFORTABLE<\/span><\/strong><\/p>\n<p>Anatomical seat with soft, warm and pleasant-to-the-touch padding for greater user comfort.<\/p>\n<p>&nbsp;<\/p>\n<p><strong><span style=\"color: #97bf0d;\">U-SEAT<\/span><\/strong><\/p>\n<p>The seat has a front opening, providing easy access for personal hygiene. Includes a urinal bucket and soft seat cover.<\/p>\n<p>&nbsp;<\/p>\n<table class=\"table-fixed border-collapse border border-slate-500\" style=\"height: 80px;\" width=\"424\">\n<tbody>\n<tr>\n<th class=\"px-4 py-2 border border-slate-600 uppercase bg-brand-grey text-white text-left text-xs\"><strong><span style=\"color: #97bf0d;\">Model<\/span><\/strong><\/th>\n<th class=\"px-4 py-2 border border-slate-600 uppercase bg-brand-grey text-white text-left text-xs\"><strong><span style=\"color: #97bf0d;\">Wide seat<\/span><\/strong><\/th>\n<th class=\"px-4 py-2 border border-slate-600 uppercase bg-brand-grey text-white text-left text-xs\"><strong><span style=\"color: #97bf0d;\">Seat bottom<\/span><\/strong><\/th>\n<th class=\"px-4 py-2 border border-slate-600 uppercase bg-brand-grey text-white text-left text-xs\"><strong><span style=\"color: #97bf0d;\">Seat height<\/span><\/strong><\/th>\n<th class=\"px-4 py-2 border border-slate-600 uppercase bg-brand-grey text-white text-left text-xs\"><strong><span style=\"color: #97bf0d;\">Total width<\/span><\/strong><\/th>\n<th class=\"px-4 py-2 border border-slate-600 uppercase bg-brand-grey text-white text-left text-xs\"><strong><span style=\"color: #97bf0d;\">Total fund<\/span><\/strong><\/th>\n<th class=\"px-4 py-2 border border-slate-600 uppercase bg-brand-grey text-white text-left text-xs\"><strong><span style=\"color: #97bf0d;\">Total stop<\/span><\/strong><\/th>\n<th class=\"px-4 py-2 border border-slate-600 uppercase bg-brand-grey text-white text-left text-xs\"><strong><span style=\"color: #97bf0d;\">Maximum toilet height<\/span><\/strong><\/th>\n<\/tr>\n<tr>\n<td class=\"px-4 py-2 border border-slate-600 text-sm\" style=\"text-align: center;\">HE100<\/td>\n<td class=\"px-4 py-2 border border-slate-600 text-sm\" style=\"text-align: center;\">48 cm<\/td>\n<td class=\"px-4 py-2 border border-slate-600 text-sm\" style=\"text-align: center;\">41 cm<\/td>\n<td class=\"px-4 py-2 border border-slate-600 text-sm\" style=\"text-align: center;\">50 cm<\/td>\n<td class=\"px-4 py-2 border border-slate-600 text-sm\" style=\"text-align: center;\">61 cm<\/td>\n<td class=\"px-4 py-2 border border-slate-600 text-sm\" style=\"text-align: center;\">94 cm<\/td>\n<td class=\"px-4 py-2 border border-slate-600 text-sm\" style=\"text-align: center;\">92 cm<\/td>\n<td class=\"px-4 py-2 border border-slate-600 text-sm\" style=\"text-align: center;\">46 cm<\/td>\n<\/tr>\n<\/tbody>\n<\/table>","protected":false},"excerpt":{"rendered":"<p>Shower and toilet chair made of rust-proof, durable aluminum. It&#039;s highly maneuverable and lightweight, rotates in tight spaces, and weighs only 9 kg. It&#039;s the ideal chair for hygiene in institutions and at home. The anatomical seat and backrest are padded with soft, warm padding for greater user comfort. Fold-down armrests and footrests make transfers easier and safer. Brakes on all four wheels. It can be used directly over the toilet or with the included bucket. The seat opens forward for easy access during personal hygiene.<\/p>\n<ul>\n<li><strong><span style=\"color: #97bf0d;\">Total kg:<\/span><\/strong> 9<\/li>\n<li><strong><span style=\"color: #97bf0d;\">Maximum kg:<\/span> <\/strong>125<\/li>\n<li><strong><span style=\"color: #97bf0d;\">Aluminum<\/span><\/strong><\/li>\n<\/ul>","protected":false},"featured_media":4101,"template":"","meta":{"inline_featured_image":false},"product_brand":[45],"product_cat":[27,47],"product_tag":[],"class_list":{"0":"post-4091","1":"product","2":"type-product","3":"status-publish","4":"has-post-thumbnail","6":"product_brand-ayudas-dinamicas","7":"product_cat-bano","8":"product_cat-sillas-ducha-y-wc","10":"first","11":"instock","12":"taxable","13":"shipping-taxable","14":"purchasable","15":"product-type-simple"},"yoast_head":"<!-- This site is optimized with the Yoast SEO Premium plugin v22.6 (Yoast SEO v27.1.1) - https:\/\/yoast.com\/product\/yoast-seo-premium-wordpress\/ -->\n<title>Silla de ducha y WC con ruedas OASIS - Tcuido<\/title>\n<meta name=\"robots\" content=\"index, follow, max-snippet:-1, max-image-preview:large, max-video-preview:-1\" \/>\n<link rel=\"canonical\" href=\"https:\/\/www.tcuido.es\/en\/product\/silla-de-ducha-y-wc-con-ruedas-oasis\/\" \/>\n<meta property=\"og:locale\" content=\"en_GB\" \/>\n<meta property=\"og:type\" content=\"article\" \/>\n<meta property=\"og:title\" content=\"Silla de ducha y WC con ruedas OASIS\" \/>\n<meta property=\"og:description\" content=\"Silla para la ducha y WC fabricada en aluminio, inoxidable y resistente. Es muy maniobrable y ligera, gira en espacios reducidos y pesa solo 9 Kg. Es la silla ideal para la higiene en instituciones y en el hogar. Asiento y respaldo anat\u00f3mico con acolchado blando y c\u00e1lido al tacto para mayor confort del usuario. Reposabrazos y reposapi\u00e9s abatibles para transferencias m\u00e1s f\u00e1ciles y seguras. Frenos en las cuatro ruedas. Puede usarse directamente sobre el inodoro o utilizar la cubeta incluida. Asiento con apertura delantera para facilitar el acceso durante la higiene intima.   Kg total: 9  Kg m\u00e1ximo: 125  Aluminio\" \/>\n<meta property=\"og:url\" content=\"https:\/\/www.tcuido.es\/en\/product\/silla-de-ducha-y-wc-con-ruedas-oasis\/\" \/>\n<meta property=\"og:site_name\" content=\"Tcuido\" \/>\n<meta property=\"article:modified_time\" content=\"2025-09-23T17:28:38+00:00\" \/>\n<meta property=\"og:image\" content=\"https:\/\/www.tcuido.es\/wp-content\/uploads\/2025\/06\/M02_C01-01_P03_01.jpg\" \/>\n\t<meta property=\"og:image:width\" content=\"1200\" \/>\n\t<meta property=\"og:image:height\" content=\"1200\" \/>\n\t<meta property=\"og:image:type\" content=\"image\/jpeg\" \/>\n<meta name=\"twitter:card\" content=\"summary_large_image\" \/>\n<meta name=\"twitter:label1\" content=\"Estimated reading time\" \/>\n\t<meta name=\"twitter:data1\" content=\"2 minutes\" \/>\n<script type=\"application\/ld+json\" class=\"yoast-schema-graph\">{\"@context\":\"https:\/\/schema.org\",\"@graph\":[{\"@type\":\"WebPage\",\"@id\":\"https:\/\/www.tcuido.es\/producto\/silla-de-ducha-y-wc-con-ruedas-oasis\/\",\"url\":\"https:\/\/www.tcuido.es\/producto\/silla-de-ducha-y-wc-con-ruedas-oasis\/\",\"name\":\"Silla de ducha y WC con ruedas OASIS - Tcuido\",\"isPartOf\":{\"@id\":\"https:\/\/www.tcuido.es\/#website\"},\"primaryImageOfPage\":{\"@id\":\"https:\/\/www.tcuido.es\/producto\/silla-de-ducha-y-wc-con-ruedas-oasis\/#primaryimage\"},\"image\":{\"@id\":\"https:\/\/www.tcuido.es\/producto\/silla-de-ducha-y-wc-con-ruedas-oasis\/#primaryimage\"},\"thumbnailUrl\":\"https:\/\/www.tcuido.es\/wp-content\/uploads\/2025\/06\/M02_C01-01_P03_01.jpg\",\"datePublished\":\"2025-06-24T18:31:06+00:00\",\"dateModified\":\"2025-09-23T17:28:38+00:00\",\"breadcrumb\":{\"@id\":\"https:\/\/www.tcuido.es\/producto\/silla-de-ducha-y-wc-con-ruedas-oasis\/#breadcrumb\"},\"inLanguage\":\"en-GB\",\"potentialAction\":[{\"@type\":\"ReadAction\",\"target\":[\"https:\/\/www.tcuido.es\/producto\/silla-de-ducha-y-wc-con-ruedas-oasis\/\"]}]},{\"@type\":\"ImageObject\",\"inLanguage\":\"en-GB\",\"@id\":\"https:\/\/www.tcuido.es\/producto\/silla-de-ducha-y-wc-con-ruedas-oasis\/#primaryimage\",\"url\":\"https:\/\/www.tcuido.es\/wp-content\/uploads\/2025\/06\/M02_C01-01_P03_01.jpg\",\"contentUrl\":\"https:\/\/www.tcuido.es\/wp-content\/uploads\/2025\/06\/M02_C01-01_P03_01.jpg\",\"width\":1200,\"height\":1200},{\"@type\":\"BreadcrumbList\",\"@id\":\"https:\/\/www.tcuido.es\/producto\/silla-de-ducha-y-wc-con-ruedas-oasis\/#breadcrumb\",\"itemListElement\":[{\"@type\":\"ListItem\",\"position\":1,\"name\":\"Inicio\",\"item\":\"https:\/\/www.tcuido.es\/\"},{\"@type\":\"ListItem\",\"position\":2,\"name\":\"Tienda\",\"item\":\"https:\/\/www.tcuido.es\/tienda\/\"},{\"@type\":\"ListItem\",\"position\":3,\"name\":\"Silla de ducha y WC con ruedas OASIS\"}]},{\"@type\":\"WebSite\",\"@id\":\"https:\/\/www.tcuido.es\/#website\",\"url\":\"https:\/\/www.tcuido.es\/\",\"name\":\"Tcuido\",\"description\":\"Servicios Integrales a la Dependencia\",\"publisher\":{\"@id\":\"https:\/\/www.tcuido.es\/#organization\"},\"potentialAction\":[{\"@type\":\"SearchAction\",\"target\":{\"@type\":\"EntryPoint\",\"urlTemplate\":\"https:\/\/www.tcuido.es\/?s={search_term_string}\"},\"query-input\":{\"@type\":\"PropertyValueSpecification\",\"valueRequired\":true,\"valueName\":\"search_term_string\"}}],\"inLanguage\":\"en-GB\"},{\"@type\":\"Organization\",\"@id\":\"https:\/\/www.tcuido.es\/#organization\",\"name\":\"Tcuido Servicios Integrales a la Dependencia\",\"url\":\"https:\/\/www.tcuido.es\/\",\"logo\":{\"@type\":\"ImageObject\",\"inLanguage\":\"en-GB\",\"@id\":\"https:\/\/www.tcuido.es\/#\/schema\/logo\/image\/\",\"url\":\"https:\/\/www.tcuido.es\/wp-content\/uploads\/2024\/03\/TCUIDO-facturas.png\",\"contentUrl\":\"https:\/\/www.tcuido.es\/wp-content\/uploads\/2024\/03\/TCUIDO-facturas.png\",\"width\":1600,\"height\":361,\"caption\":\"Tcuido Servicios Integrales a la Dependencia\"},\"image\":{\"@id\":\"https:\/\/www.tcuido.es\/#\/schema\/logo\/image\/\"}}]}<\/script>\n<!-- \/ Yoast SEO Premium plugin. -->","yoast_head_json":{"title":"Silla de ducha y WC con ruedas OASIS - Tcuido","robots":{"index":"index","follow":"follow","max-snippet":"max-snippet:-1","max-image-preview":"max-image-preview:large","max-video-preview":"max-video-preview:-1"},"canonical":"https:\/\/www.tcuido.es\/en\/product\/silla-de-ducha-y-wc-con-ruedas-oasis\/","og_locale":"en_GB","og_type":"article","og_title":"Silla de ducha y WC con ruedas OASIS","og_description":"Silla para la ducha y WC fabricada en aluminio, inoxidable y resistente. Es muy maniobrable y ligera, gira en espacios reducidos y pesa solo 9 Kg. Es la silla ideal para la higiene en instituciones y en el hogar. Asiento y respaldo anat\u00f3mico con acolchado blando y c\u00e1lido al tacto para mayor confort del usuario. Reposabrazos y reposapi\u00e9s abatibles para transferencias m\u00e1s f\u00e1ciles y seguras. Frenos en las cuatro ruedas. Puede usarse directamente sobre el inodoro o utilizar la cubeta incluida. Asiento con apertura delantera para facilitar el acceso durante la higiene intima.   Kg total: 9  Kg m\u00e1ximo: 125  Aluminio","og_url":"https:\/\/www.tcuido.es\/en\/product\/silla-de-ducha-y-wc-con-ruedas-oasis\/","og_site_name":"Tcuido","article_modified_time":"2025-09-23T17:28:38+00:00","og_image":[{"width":1200,"height":1200,"url":"https:\/\/www.tcuido.es\/wp-content\/uploads\/2025\/06\/M02_C01-01_P03_01.jpg","type":"image\/jpeg"}],"twitter_card":"summary_large_image","twitter_misc":{"Estimated reading time":"2 minutes"},"schema":{"@context":"https:\/\/schema.org","@graph":[{"@type":"WebPage","@id":"https:\/\/www.tcuido.es\/producto\/silla-de-ducha-y-wc-con-ruedas-oasis\/","url":"https:\/\/www.tcuido.es\/producto\/silla-de-ducha-y-wc-con-ruedas-oasis\/","name":"Silla de ducha y WC con ruedas OASIS - Tcuido","isPartOf":{"@id":"https:\/\/www.tcuido.es\/#website"},"primaryImageOfPage":{"@id":"https:\/\/www.tcuido.es\/producto\/silla-de-ducha-y-wc-con-ruedas-oasis\/#primaryimage"},"image":{"@id":"https:\/\/www.tcuido.es\/producto\/silla-de-ducha-y-wc-con-ruedas-oasis\/#primaryimage"},"thumbnailUrl":"https:\/\/www.tcuido.es\/wp-content\/uploads\/2025\/06\/M02_C01-01_P03_01.jpg","datePublished":"2025-06-24T18:31:06+00:00","dateModified":"2025-09-23T17:28:38+00:00","breadcrumb":{"@id":"https:\/\/www.tcuido.es\/producto\/silla-de-ducha-y-wc-con-ruedas-oasis\/#breadcrumb"},"inLanguage":"en-GB","potentialAction":[{"@type":"ReadAction","target":["https:\/\/www.tcuido.es\/producto\/silla-de-ducha-y-wc-con-ruedas-oasis\/"]}]},{"@type":"ImageObject","inLanguage":"en-GB","@id":"https:\/\/www.tcuido.es\/producto\/silla-de-ducha-y-wc-con-ruedas-oasis\/#primaryimage","url":"https:\/\/www.tcuido.es\/wp-content\/uploads\/2025\/06\/M02_C01-01_P03_01.jpg","contentUrl":"https:\/\/www.tcuido.es\/wp-content\/uploads\/2025\/06\/M02_C01-01_P03_01.jpg","width":1200,"height":1200},{"@type":"BreadcrumbList","@id":"https:\/\/www.tcuido.es\/producto\/silla-de-ducha-y-wc-con-ruedas-oasis\/#breadcrumb","itemListElement":[{"@type":"ListItem","position":1,"name":"Inicio","item":"https:\/\/www.tcuido.es\/"},{"@type":"ListItem","position":2,"name":"Tienda","item":"https:\/\/www.tcuido.es\/tienda\/"},{"@type":"ListItem","position":3,"name":"Silla de ducha y WC con ruedas OASIS"}]},{"@type":"WebSite","@id":"https:\/\/www.tcuido.es\/#website","url":"https:\/\/www.tcuido.es\/","name":"I take care","description":"Comprehensive Dependency Services","publisher":{"@id":"https:\/\/www.tcuido.es\/#organization"},"potentialAction":[{"@type":"SearchAction","target":{"@type":"EntryPoint","urlTemplate":"https:\/\/www.tcuido.es\/?s={search_term_string}"},"query-input":{"@type":"PropertyValueSpecification","valueRequired":true,"valueName":"search_term_string"}}],"inLanguage":"en-GB"},{"@type":"Organization","@id":"https:\/\/www.tcuido.es\/#organization","name":"Tcuido Comprehensive Dependency Services","url":"https:\/\/www.tcuido.es\/","logo":{"@type":"ImageObject","inLanguage":"en-GB","@id":"https:\/\/www.tcuido.es\/#\/schema\/logo\/image\/","url":"https:\/\/www.tcuido.es\/wp-content\/uploads\/2024\/03\/TCUIDO-facturas.png","contentUrl":"https:\/\/www.tcuido.es\/wp-content\/uploads\/2024\/03\/TCUIDO-facturas.png","width":1600,"height":361,"caption":"Tcuido Servicios Integrales a la Dependencia"},"image":{"@id":"https:\/\/www.tcuido.es\/#\/schema\/logo\/image\/"}}]}},"_links":{"self":[{"href":"https:\/\/www.tcuido.es\/en\/wp-json\/wp\/v2\/product\/4091","targetHints":{"allow":["GET"]}}],"collection":[{"href":"https:\/\/www.tcuido.es\/en\/wp-json\/wp\/v2\/product"}],"about":[{"href":"https:\/\/www.tcuido.es\/en\/wp-json\/wp\/v2\/types\/product"}],"wp:featuredmedia":[{"embeddable":true,"href":"https:\/\/www.tcuido.es\/en\/wp-json\/wp\/v2\/media\/4101"}],"wp:attachment":[{"href":"https:\/\/www.tcuido.es\/en\/wp-json\/wp\/v2\/media?parent=4091"}],"wp:term":[{"taxonomy":"product_brand","embeddable":true,"href":"https:\/\/www.tcuido.es\/en\/wp-json\/wp\/v2\/product_brand?post=4091"},{"taxonomy":"product_cat","embeddable":true,"href":"https:\/\/www.tcuido.es\/en\/wp-json\/wp\/v2\/product_cat?post=4091"},{"taxonomy":"product_tag","embeddable":true,"href":"https:\/\/www.tcuido.es\/en\/wp-json\/wp\/v2\/product_tag?post=4091"}],"curies":[{"name":"wp","href":"https:\/\/api.w.org\/{rel}","templated":true}]}}