{"id":4110,"date":"2025-06-25T17:29:29","date_gmt":"2025-06-25T17:29:29","guid":{"rendered":"https:\/\/www.tcuido.es\/?post_type=product&#038;p=4110"},"modified":"2025-09-23T17:28:42","modified_gmt":"2025-09-23T17:28:42","slug":"4110","status":"publish","type":"product","link":"https:\/\/www.tcuido.es\/en\/product\/4110\/","title":{"rendered":"SAMBA U-shaped chair"},"content":{"rendered":"<table class=\"table-fixed border-collapse border border-slate-500\" style=\"height: 50px;\" width=\"435\">\n<tbody>\n<tr>\n<th class=\"px-4 py-2 border border-slate-600 uppercase bg-brand-grey text-white text-left text-xs\" style=\"text-align: center;\"><span style=\"color: #97bf0d;\">Model<\/span><\/th>\n<th class=\"px-4 py-2 border border-slate-600 uppercase bg-brand-grey text-white text-left text-xs\" style=\"text-align: center;\"><span style=\"color: #97bf0d;\">Wide seat<\/span><\/th>\n<th class=\"px-4 py-2 border border-slate-600 uppercase bg-brand-grey text-white text-left text-xs\" style=\"text-align: center;\"><span style=\"color: #97bf0d;\">Seat bottom<\/span><\/th>\n<th class=\"px-4 py-2 border border-slate-600 uppercase bg-brand-grey text-white text-left text-xs\" style=\"text-align: center;\"><span style=\"color: #97bf0d;\">Seat height<\/span><\/th>\n<th class=\"px-4 py-2 border border-slate-600 uppercase bg-brand-grey text-white text-left text-xs\" style=\"text-align: center;\"><span style=\"color: #97bf0d;\">Total width<\/span><\/th>\n<th class=\"px-4 py-2 border border-slate-600 uppercase bg-brand-grey text-white text-left text-xs\" style=\"text-align: center;\"><span style=\"color: #97bf0d;\">Total fund<\/span><\/th>\n<th class=\"px-4 py-2 border border-slate-600 uppercase bg-brand-grey text-white text-left text-xs\" style=\"text-align: center;\"><span style=\"color: #97bf0d;\">High backrest<\/span><\/th>\n<th class=\"px-4 py-2 border border-slate-600 uppercase bg-brand-grey text-white text-left text-xs\" style=\"text-align: center;\"><span style=\"color: #97bf0d;\">Back<\/span><\/th>\n<\/tr>\n<tr>\n<td class=\"px-4 py-2 border border-slate-600 text-sm\" style=\"text-align: center;\">AD537C<\/td>\n<td class=\"px-4 py-2 border border-slate-600 text-sm\" style=\"text-align: center;\">41 cm<\/td>\n<td class=\"px-4 py-2 border border-slate-600 text-sm\" style=\"text-align: center;\">37 cm<\/td>\n<td class=\"px-4 py-2 border border-slate-600 text-sm\" style=\"text-align: center;\">36 \u2013 49 cm<\/td>\n<td class=\"px-4 py-2 border border-slate-600 text-sm\" style=\"text-align: center;\">48 \u2013 51 cm<\/td>\n<td class=\"px-4 py-2 border border-slate-600 text-sm\" style=\"text-align: center;\">56 cm<\/td>\n<td class=\"px-4 py-2 border border-slate-600 text-sm\" style=\"text-align: center;\">36 cm<\/td>\n<td class=\"px-4 py-2 border border-slate-600 text-sm\" style=\"text-align: center;\">41 x 17 cm<\/td>\n<\/tr>\n<\/tbody>\n<\/table>","protected":false},"excerpt":{"rendered":"<p>Complete chair with plastic backrest. The horseshoe-shaped seat facilitates intimate hygiene. It is specifically designed for use in the bathroom. Its extendable legs allow for adjustable seat height, and its rubber tips provide great stability.<\/p>\n<ul>\n<li><span style=\"color: #97bf0d;\"><strong>Total kg:<\/strong><\/span> 3<\/li>\n<li><strong><span style=\"color: #97bf0d;\">Maximum kg:<\/span><\/strong> 100<\/li>\n<li><strong><span style=\"color: #97bf0d;\">Aluminum<\/span><\/strong><\/li>\n<li><strong><span style=\"color: #97bf0d;\">Stainless steel product<\/span><\/strong><\/li>\n<\/ul>","protected":false},"featured_media":4107,"template":"","meta":{"inline_featured_image":false},"product_brand":[45],"product_cat":[27,28],"product_tag":[],"class_list":{"0":"post-4110","1":"product","2":"type-product","3":"status-publish","4":"has-post-thumbnail","6":"product_brand-ayudas-dinamicas","7":"product_cat-bano","8":"product_cat-sillas-ducha","10":"first","11":"instock","12":"taxable","13":"shipping-taxable","14":"purchasable","15":"product-type-simple"},"yoast_head":"<!-- This site is optimized with the Yoast SEO Premium plugin v22.6 (Yoast SEO v27.1.1) - https:\/\/yoast.com\/product\/yoast-seo-premium-wordpress\/ -->\n<title>Silla SAMBA en U - Tcuido<\/title>\n<meta name=\"robots\" content=\"index, follow, max-snippet:-1, max-image-preview:large, max-video-preview:-1\" \/>\n<link rel=\"canonical\" href=\"https:\/\/www.tcuido.es\/en\/product\/4110\/\" \/>\n<meta property=\"og:locale\" content=\"en_GB\" \/>\n<meta property=\"og:type\" content=\"article\" \/>\n<meta property=\"og:title\" content=\"Silla SAMBA en U\" \/>\n<meta property=\"og:description\" content=\"Silla completa con respaldo de pl\u00e1stico. El asiento en forma de herradura facilita la higiene \u00edntima. Est\u00e1 especialmente dise\u00f1ada para ser utilizada en el ba\u00f1o. Sus patas extensibles permiten graduar la altura del asiento y sus conteras de caucho la dotan de gran estabilidad.   Kg total: 3  Kg m\u00e1ximo: 100  Aluminio  Producto inoxidable\" \/>\n<meta property=\"og:url\" content=\"https:\/\/www.tcuido.es\/en\/product\/4110\/\" \/>\n<meta property=\"og:site_name\" content=\"Tcuido\" \/>\n<meta property=\"article:modified_time\" content=\"2025-09-23T17:28:42+00:00\" \/>\n<meta property=\"og:image\" content=\"https:\/\/www.tcuido.es\/wp-content\/uploads\/2025\/06\/M02_C02-01_P01_01.jpg\" \/>\n\t<meta property=\"og:image:width\" content=\"1063\" \/>\n\t<meta property=\"og:image:height\" content=\"1063\" \/>\n\t<meta property=\"og:image:type\" content=\"image\/jpeg\" \/>\n<meta name=\"twitter:card\" content=\"summary_large_image\" \/>\n<meta name=\"twitter:label1\" content=\"Estimated reading time\" \/>\n\t<meta name=\"twitter:data1\" content=\"1 minute\" \/>\n<script type=\"application\/ld+json\" class=\"yoast-schema-graph\">{\"@context\":\"https:\/\/schema.org\",\"@graph\":[{\"@type\":\"WebPage\",\"@id\":\"https:\/\/www.tcuido.es\/producto\/4110\/\",\"url\":\"https:\/\/www.tcuido.es\/producto\/4110\/\",\"name\":\"Silla SAMBA en U - Tcuido\",\"isPartOf\":{\"@id\":\"https:\/\/www.tcuido.es\/#website\"},\"primaryImageOfPage\":{\"@id\":\"https:\/\/www.tcuido.es\/producto\/4110\/#primaryimage\"},\"image\":{\"@id\":\"https:\/\/www.tcuido.es\/producto\/4110\/#primaryimage\"},\"thumbnailUrl\":\"https:\/\/www.tcuido.es\/wp-content\/uploads\/2025\/06\/M02_C02-01_P01_01.jpg\",\"datePublished\":\"2025-06-25T17:29:29+00:00\",\"dateModified\":\"2025-09-23T17:28:42+00:00\",\"breadcrumb\":{\"@id\":\"https:\/\/www.tcuido.es\/producto\/4110\/#breadcrumb\"},\"inLanguage\":\"en-GB\",\"potentialAction\":[{\"@type\":\"ReadAction\",\"target\":[\"https:\/\/www.tcuido.es\/producto\/4110\/\"]}]},{\"@type\":\"ImageObject\",\"inLanguage\":\"en-GB\",\"@id\":\"https:\/\/www.tcuido.es\/producto\/4110\/#primaryimage\",\"url\":\"https:\/\/www.tcuido.es\/wp-content\/uploads\/2025\/06\/M02_C02-01_P01_01.jpg\",\"contentUrl\":\"https:\/\/www.tcuido.es\/wp-content\/uploads\/2025\/06\/M02_C02-01_P01_01.jpg\",\"width\":1063,\"height\":1063},{\"@type\":\"BreadcrumbList\",\"@id\":\"https:\/\/www.tcuido.es\/producto\/4110\/#breadcrumb\",\"itemListElement\":[{\"@type\":\"ListItem\",\"position\":1,\"name\":\"Inicio\",\"item\":\"https:\/\/www.tcuido.es\/\"},{\"@type\":\"ListItem\",\"position\":2,\"name\":\"Tienda\",\"item\":\"https:\/\/www.tcuido.es\/tienda\/\"},{\"@type\":\"ListItem\",\"position\":3,\"name\":\"Silla SAMBA en U\"}]},{\"@type\":\"WebSite\",\"@id\":\"https:\/\/www.tcuido.es\/#website\",\"url\":\"https:\/\/www.tcuido.es\/\",\"name\":\"Tcuido\",\"description\":\"Servicios Integrales a la Dependencia\",\"publisher\":{\"@id\":\"https:\/\/www.tcuido.es\/#organization\"},\"potentialAction\":[{\"@type\":\"SearchAction\",\"target\":{\"@type\":\"EntryPoint\",\"urlTemplate\":\"https:\/\/www.tcuido.es\/?s={search_term_string}\"},\"query-input\":{\"@type\":\"PropertyValueSpecification\",\"valueRequired\":true,\"valueName\":\"search_term_string\"}}],\"inLanguage\":\"en-GB\"},{\"@type\":\"Organization\",\"@id\":\"https:\/\/www.tcuido.es\/#organization\",\"name\":\"Tcuido Servicios Integrales a la Dependencia\",\"url\":\"https:\/\/www.tcuido.es\/\",\"logo\":{\"@type\":\"ImageObject\",\"inLanguage\":\"en-GB\",\"@id\":\"https:\/\/www.tcuido.es\/#\/schema\/logo\/image\/\",\"url\":\"https:\/\/www.tcuido.es\/wp-content\/uploads\/2024\/03\/TCUIDO-facturas.png\",\"contentUrl\":\"https:\/\/www.tcuido.es\/wp-content\/uploads\/2024\/03\/TCUIDO-facturas.png\",\"width\":1600,\"height\":361,\"caption\":\"Tcuido Servicios Integrales a la Dependencia\"},\"image\":{\"@id\":\"https:\/\/www.tcuido.es\/#\/schema\/logo\/image\/\"}}]}<\/script>\n<!-- \/ Yoast SEO Premium plugin. -->","yoast_head_json":{"title":"Silla SAMBA en U - Tcuido","robots":{"index":"index","follow":"follow","max-snippet":"max-snippet:-1","max-image-preview":"max-image-preview:large","max-video-preview":"max-video-preview:-1"},"canonical":"https:\/\/www.tcuido.es\/en\/product\/4110\/","og_locale":"en_GB","og_type":"article","og_title":"Silla SAMBA en U","og_description":"Silla completa con respaldo de pl\u00e1stico. El asiento en forma de herradura facilita la higiene \u00edntima. Est\u00e1 especialmente dise\u00f1ada para ser utilizada en el ba\u00f1o. Sus patas extensibles permiten graduar la altura del asiento y sus conteras de caucho la dotan de gran estabilidad.   Kg total: 3  Kg m\u00e1ximo: 100  Aluminio  Producto inoxidable","og_url":"https:\/\/www.tcuido.es\/en\/product\/4110\/","og_site_name":"Tcuido","article_modified_time":"2025-09-23T17:28:42+00:00","og_image":[{"width":1063,"height":1063,"url":"https:\/\/www.tcuido.es\/wp-content\/uploads\/2025\/06\/M02_C02-01_P01_01.jpg","type":"image\/jpeg"}],"twitter_card":"summary_large_image","twitter_misc":{"Estimated reading time":"1 minute"},"schema":{"@context":"https:\/\/schema.org","@graph":[{"@type":"WebPage","@id":"https:\/\/www.tcuido.es\/producto\/4110\/","url":"https:\/\/www.tcuido.es\/producto\/4110\/","name":"Silla SAMBA en U - Tcuido","isPartOf":{"@id":"https:\/\/www.tcuido.es\/#website"},"primaryImageOfPage":{"@id":"https:\/\/www.tcuido.es\/producto\/4110\/#primaryimage"},"image":{"@id":"https:\/\/www.tcuido.es\/producto\/4110\/#primaryimage"},"thumbnailUrl":"https:\/\/www.tcuido.es\/wp-content\/uploads\/2025\/06\/M02_C02-01_P01_01.jpg","datePublished":"2025-06-25T17:29:29+00:00","dateModified":"2025-09-23T17:28:42+00:00","breadcrumb":{"@id":"https:\/\/www.tcuido.es\/producto\/4110\/#breadcrumb"},"inLanguage":"en-GB","potentialAction":[{"@type":"ReadAction","target":["https:\/\/www.tcuido.es\/producto\/4110\/"]}]},{"@type":"ImageObject","inLanguage":"en-GB","@id":"https:\/\/www.tcuido.es\/producto\/4110\/#primaryimage","url":"https:\/\/www.tcuido.es\/wp-content\/uploads\/2025\/06\/M02_C02-01_P01_01.jpg","contentUrl":"https:\/\/www.tcuido.es\/wp-content\/uploads\/2025\/06\/M02_C02-01_P01_01.jpg","width":1063,"height":1063},{"@type":"BreadcrumbList","@id":"https:\/\/www.tcuido.es\/producto\/4110\/#breadcrumb","itemListElement":[{"@type":"ListItem","position":1,"name":"Inicio","item":"https:\/\/www.tcuido.es\/"},{"@type":"ListItem","position":2,"name":"Tienda","item":"https:\/\/www.tcuido.es\/tienda\/"},{"@type":"ListItem","position":3,"name":"Silla SAMBA en U"}]},{"@type":"WebSite","@id":"https:\/\/www.tcuido.es\/#website","url":"https:\/\/www.tcuido.es\/","name":"I take care","description":"Comprehensive Dependency Services","publisher":{"@id":"https:\/\/www.tcuido.es\/#organization"},"potentialAction":[{"@type":"SearchAction","target":{"@type":"EntryPoint","urlTemplate":"https:\/\/www.tcuido.es\/?s={search_term_string}"},"query-input":{"@type":"PropertyValueSpecification","valueRequired":true,"valueName":"search_term_string"}}],"inLanguage":"en-GB"},{"@type":"Organization","@id":"https:\/\/www.tcuido.es\/#organization","name":"Tcuido Comprehensive Dependency Services","url":"https:\/\/www.tcuido.es\/","logo":{"@type":"ImageObject","inLanguage":"en-GB","@id":"https:\/\/www.tcuido.es\/#\/schema\/logo\/image\/","url":"https:\/\/www.tcuido.es\/wp-content\/uploads\/2024\/03\/TCUIDO-facturas.png","contentUrl":"https:\/\/www.tcuido.es\/wp-content\/uploads\/2024\/03\/TCUIDO-facturas.png","width":1600,"height":361,"caption":"Tcuido Servicios Integrales a la Dependencia"},"image":{"@id":"https:\/\/www.tcuido.es\/#\/schema\/logo\/image\/"}}]}},"_links":{"self":[{"href":"https:\/\/www.tcuido.es\/en\/wp-json\/wp\/v2\/product\/4110","targetHints":{"allow":["GET"]}}],"collection":[{"href":"https:\/\/www.tcuido.es\/en\/wp-json\/wp\/v2\/product"}],"about":[{"href":"https:\/\/www.tcuido.es\/en\/wp-json\/wp\/v2\/types\/product"}],"wp:featuredmedia":[{"embeddable":true,"href":"https:\/\/www.tcuido.es\/en\/wp-json\/wp\/v2\/media\/4107"}],"wp:attachment":[{"href":"https:\/\/www.tcuido.es\/en\/wp-json\/wp\/v2\/media?parent=4110"}],"wp:term":[{"taxonomy":"product_brand","embeddable":true,"href":"https:\/\/www.tcuido.es\/en\/wp-json\/wp\/v2\/product_brand?post=4110"},{"taxonomy":"product_cat","embeddable":true,"href":"https:\/\/www.tcuido.es\/en\/wp-json\/wp\/v2\/product_cat?post=4110"},{"taxonomy":"product_tag","embeddable":true,"href":"https:\/\/www.tcuido.es\/en\/wp-json\/wp\/v2\/product_tag?post=4110"}],"curies":[{"name":"wp","href":"https:\/\/api.w.org\/{rel}","templated":true}]}}