{"id":4112,"date":"2025-06-25T17:37:57","date_gmt":"2025-06-25T17:37:57","guid":{"rendered":"https:\/\/www.tcuido.es\/?post_type=product&#038;p=4112"},"modified":"2025-09-23T17:28:44","modified_gmt":"2025-09-23T17:28:44","slug":"taburete-samba-en-u","status":"publish","type":"product","link":"https:\/\/www.tcuido.es\/en\/product\/taburete-samba-en-u\/","title":{"rendered":"SAMBA U-shaped stool"},"content":{"rendered":"<table class=\"table-fixed border-collapse border border-slate-500\" style=\"height: 64px;\" width=\"289\">\n<tbody>\n<tr>\n<th class=\"px-4 py-2 border border-slate-600 uppercase bg-brand-grey text-white text-left text-xs\"><span style=\"color: #97bf0d;\">Model<\/span><\/th>\n<th class=\"px-4 py-2 border border-slate-600 uppercase bg-brand-grey text-white text-left text-xs\"><span style=\"color: #97bf0d;\">Wide seat<\/span><\/th>\n<th class=\"px-4 py-2 border border-slate-600 uppercase bg-brand-grey text-white text-left text-xs\"><span style=\"color: #97bf0d;\">Seat bottom<\/span><\/th>\n<th class=\"px-4 py-2 border border-slate-600 uppercase bg-brand-grey text-white text-left text-xs\"><span style=\"color: #97bf0d;\">Adjustable height<\/span><\/th>\n<th class=\"px-4 py-2 border border-slate-600 uppercase bg-brand-grey text-white text-left text-xs\"><span style=\"color: #97bf0d;\">Total width<\/span><\/th>\n<th class=\"px-4 py-2 border border-slate-600 uppercase bg-brand-grey text-white text-left text-xs\"><span style=\"color: #97bf0d;\">Total fund<\/span><\/th>\n<\/tr>\n<tr>\n<td class=\"px-4 py-2 border border-slate-600 text-sm\" style=\"text-align: center;\">AD537CS<\/td>\n<td class=\"px-4 py-2 border border-slate-600 text-sm\" style=\"text-align: center;\">41 cm<\/td>\n<td class=\"px-4 py-2 border border-slate-600 text-sm\" style=\"text-align: center;\">37 cm<\/td>\n<td class=\"px-4 py-2 border border-slate-600 text-sm\" style=\"text-align: center;\">36 \u2013 49 cm<\/td>\n<td class=\"px-4 py-2 border border-slate-600 text-sm\" style=\"text-align: center;\">48 \u2013 51 cm<\/td>\n<td class=\"px-4 py-2 border border-slate-600 text-sm\" style=\"text-align: center;\">50 \u2013 54 cm<\/td>\n<\/tr>\n<\/tbody>\n<\/table>","protected":false},"excerpt":{"rendered":"<p>Stool with a horseshoe-shaped seat for easy personal hygiene. It is specifically designed for use in the bathroom. Its extendable legs allow for adjustable seat height, and its rubber tips provide great stability.<\/p>\n<ul>\n<li><strong><span style=\"color: #97bf0d;\">Total kg:<\/span><\/strong> 2<\/li>\n<li><strong><span style=\"color: #97bf0d;\">Maximum kg:<\/span><\/strong> 100<\/li>\n<li><strong><span style=\"color: #97bf0d;\">Aluminum<\/span><\/strong><\/li>\n<li><strong><span style=\"color: #97bf0d;\">Stainless steel product<\/span><\/strong><\/li>\n<\/ul>","protected":false},"featured_media":4114,"template":"","meta":{"inline_featured_image":false},"product_brand":[],"product_cat":[19],"product_tag":[],"class_list":{"0":"post-4112","1":"product","2":"type-product","3":"status-publish","4":"has-post-thumbnail","6":"product_cat-sin-categorizar","8":"first","9":"instock","10":"taxable","11":"shipping-taxable","12":"purchasable","13":"product-type-simple"},"yoast_head":"<!-- This site is optimized with the Yoast SEO Premium plugin v22.6 (Yoast SEO v27.1.1) - https:\/\/yoast.com\/product\/yoast-seo-premium-wordpress\/ -->\n<title>Taburete SAMBA en U - Tcuido<\/title>\n<meta name=\"robots\" content=\"index, follow, max-snippet:-1, max-image-preview:large, max-video-preview:-1\" \/>\n<link rel=\"canonical\" href=\"https:\/\/www.tcuido.es\/en\/product\/taburete-samba-en-u\/\" \/>\n<meta property=\"og:locale\" content=\"en_GB\" \/>\n<meta property=\"og:type\" content=\"article\" \/>\n<meta property=\"og:title\" content=\"Taburete SAMBA en U\" \/>\n<meta property=\"og:description\" content=\"Taburete con asiento en forma de herradura la cual facilita la higiene \u00edntima. Est\u00e1 especialmente dise\u00f1ado para ser utilizado en el ba\u00f1o. Sus patas extensibles permiten graduar la altura del asiento y sus conteras de caucho lo dotan de gran estabilidad.   Kg total: 2  Kg m\u00e1ximo: 100  Aluminio  Producto inoxidable\" \/>\n<meta property=\"og:url\" content=\"https:\/\/www.tcuido.es\/en\/product\/taburete-samba-en-u\/\" \/>\n<meta property=\"og:site_name\" content=\"Tcuido\" \/>\n<meta property=\"article:modified_time\" content=\"2025-09-23T17:28:44+00:00\" \/>\n<meta property=\"og:image\" content=\"https:\/\/www.tcuido.es\/wp-content\/uploads\/2025\/06\/M02_C02-01_P02_01.jpg\" \/>\n\t<meta property=\"og:image:width\" content=\"1063\" \/>\n\t<meta property=\"og:image:height\" content=\"1063\" \/>\n\t<meta property=\"og:image:type\" content=\"image\/jpeg\" \/>\n<meta name=\"twitter:card\" content=\"summary_large_image\" \/>\n<meta name=\"twitter:label1\" content=\"Estimated reading time\" \/>\n\t<meta name=\"twitter:data1\" content=\"1 minute\" \/>\n<script type=\"application\/ld+json\" class=\"yoast-schema-graph\">{\"@context\":\"https:\/\/schema.org\",\"@graph\":[{\"@type\":\"WebPage\",\"@id\":\"https:\/\/www.tcuido.es\/producto\/taburete-samba-en-u\/\",\"url\":\"https:\/\/www.tcuido.es\/producto\/taburete-samba-en-u\/\",\"name\":\"Taburete SAMBA en U - Tcuido\",\"isPartOf\":{\"@id\":\"https:\/\/www.tcuido.es\/#website\"},\"primaryImageOfPage\":{\"@id\":\"https:\/\/www.tcuido.es\/producto\/taburete-samba-en-u\/#primaryimage\"},\"image\":{\"@id\":\"https:\/\/www.tcuido.es\/producto\/taburete-samba-en-u\/#primaryimage\"},\"thumbnailUrl\":\"https:\/\/www.tcuido.es\/wp-content\/uploads\/2025\/06\/M02_C02-01_P02_01.jpg\",\"datePublished\":\"2025-06-25T17:37:57+00:00\",\"dateModified\":\"2025-09-23T17:28:44+00:00\",\"breadcrumb\":{\"@id\":\"https:\/\/www.tcuido.es\/producto\/taburete-samba-en-u\/#breadcrumb\"},\"inLanguage\":\"en-GB\",\"potentialAction\":[{\"@type\":\"ReadAction\",\"target\":[\"https:\/\/www.tcuido.es\/producto\/taburete-samba-en-u\/\"]}]},{\"@type\":\"ImageObject\",\"inLanguage\":\"en-GB\",\"@id\":\"https:\/\/www.tcuido.es\/producto\/taburete-samba-en-u\/#primaryimage\",\"url\":\"https:\/\/www.tcuido.es\/wp-content\/uploads\/2025\/06\/M02_C02-01_P02_01.jpg\",\"contentUrl\":\"https:\/\/www.tcuido.es\/wp-content\/uploads\/2025\/06\/M02_C02-01_P02_01.jpg\",\"width\":1063,\"height\":1063},{\"@type\":\"BreadcrumbList\",\"@id\":\"https:\/\/www.tcuido.es\/producto\/taburete-samba-en-u\/#breadcrumb\",\"itemListElement\":[{\"@type\":\"ListItem\",\"position\":1,\"name\":\"Inicio\",\"item\":\"https:\/\/www.tcuido.es\/\"},{\"@type\":\"ListItem\",\"position\":2,\"name\":\"Tienda\",\"item\":\"https:\/\/www.tcuido.es\/tienda\/\"},{\"@type\":\"ListItem\",\"position\":3,\"name\":\"Taburete SAMBA en U\"}]},{\"@type\":\"WebSite\",\"@id\":\"https:\/\/www.tcuido.es\/#website\",\"url\":\"https:\/\/www.tcuido.es\/\",\"name\":\"Tcuido\",\"description\":\"Servicios Integrales a la Dependencia\",\"publisher\":{\"@id\":\"https:\/\/www.tcuido.es\/#organization\"},\"potentialAction\":[{\"@type\":\"SearchAction\",\"target\":{\"@type\":\"EntryPoint\",\"urlTemplate\":\"https:\/\/www.tcuido.es\/?s={search_term_string}\"},\"query-input\":{\"@type\":\"PropertyValueSpecification\",\"valueRequired\":true,\"valueName\":\"search_term_string\"}}],\"inLanguage\":\"en-GB\"},{\"@type\":\"Organization\",\"@id\":\"https:\/\/www.tcuido.es\/#organization\",\"name\":\"Tcuido Servicios Integrales a la Dependencia\",\"url\":\"https:\/\/www.tcuido.es\/\",\"logo\":{\"@type\":\"ImageObject\",\"inLanguage\":\"en-GB\",\"@id\":\"https:\/\/www.tcuido.es\/#\/schema\/logo\/image\/\",\"url\":\"https:\/\/www.tcuido.es\/wp-content\/uploads\/2024\/03\/TCUIDO-facturas.png\",\"contentUrl\":\"https:\/\/www.tcuido.es\/wp-content\/uploads\/2024\/03\/TCUIDO-facturas.png\",\"width\":1600,\"height\":361,\"caption\":\"Tcuido Servicios Integrales a la Dependencia\"},\"image\":{\"@id\":\"https:\/\/www.tcuido.es\/#\/schema\/logo\/image\/\"}}]}<\/script>\n<!-- \/ Yoast SEO Premium plugin. -->","yoast_head_json":{"title":"Taburete SAMBA en U - Tcuido","robots":{"index":"index","follow":"follow","max-snippet":"max-snippet:-1","max-image-preview":"max-image-preview:large","max-video-preview":"max-video-preview:-1"},"canonical":"https:\/\/www.tcuido.es\/en\/product\/taburete-samba-en-u\/","og_locale":"en_GB","og_type":"article","og_title":"Taburete SAMBA en U","og_description":"Taburete con asiento en forma de herradura la cual facilita la higiene \u00edntima. Est\u00e1 especialmente dise\u00f1ado para ser utilizado en el ba\u00f1o. Sus patas extensibles permiten graduar la altura del asiento y sus conteras de caucho lo dotan de gran estabilidad.   Kg total: 2  Kg m\u00e1ximo: 100  Aluminio  Producto inoxidable","og_url":"https:\/\/www.tcuido.es\/en\/product\/taburete-samba-en-u\/","og_site_name":"Tcuido","article_modified_time":"2025-09-23T17:28:44+00:00","og_image":[{"width":1063,"height":1063,"url":"https:\/\/www.tcuido.es\/wp-content\/uploads\/2025\/06\/M02_C02-01_P02_01.jpg","type":"image\/jpeg"}],"twitter_card":"summary_large_image","twitter_misc":{"Estimated reading time":"1 minute"},"schema":{"@context":"https:\/\/schema.org","@graph":[{"@type":"WebPage","@id":"https:\/\/www.tcuido.es\/producto\/taburete-samba-en-u\/","url":"https:\/\/www.tcuido.es\/producto\/taburete-samba-en-u\/","name":"Taburete SAMBA en U - Tcuido","isPartOf":{"@id":"https:\/\/www.tcuido.es\/#website"},"primaryImageOfPage":{"@id":"https:\/\/www.tcuido.es\/producto\/taburete-samba-en-u\/#primaryimage"},"image":{"@id":"https:\/\/www.tcuido.es\/producto\/taburete-samba-en-u\/#primaryimage"},"thumbnailUrl":"https:\/\/www.tcuido.es\/wp-content\/uploads\/2025\/06\/M02_C02-01_P02_01.jpg","datePublished":"2025-06-25T17:37:57+00:00","dateModified":"2025-09-23T17:28:44+00:00","breadcrumb":{"@id":"https:\/\/www.tcuido.es\/producto\/taburete-samba-en-u\/#breadcrumb"},"inLanguage":"en-GB","potentialAction":[{"@type":"ReadAction","target":["https:\/\/www.tcuido.es\/producto\/taburete-samba-en-u\/"]}]},{"@type":"ImageObject","inLanguage":"en-GB","@id":"https:\/\/www.tcuido.es\/producto\/taburete-samba-en-u\/#primaryimage","url":"https:\/\/www.tcuido.es\/wp-content\/uploads\/2025\/06\/M02_C02-01_P02_01.jpg","contentUrl":"https:\/\/www.tcuido.es\/wp-content\/uploads\/2025\/06\/M02_C02-01_P02_01.jpg","width":1063,"height":1063},{"@type":"BreadcrumbList","@id":"https:\/\/www.tcuido.es\/producto\/taburete-samba-en-u\/#breadcrumb","itemListElement":[{"@type":"ListItem","position":1,"name":"Inicio","item":"https:\/\/www.tcuido.es\/"},{"@type":"ListItem","position":2,"name":"Tienda","item":"https:\/\/www.tcuido.es\/tienda\/"},{"@type":"ListItem","position":3,"name":"Taburete SAMBA en U"}]},{"@type":"WebSite","@id":"https:\/\/www.tcuido.es\/#website","url":"https:\/\/www.tcuido.es\/","name":"I take care","description":"Comprehensive Dependency Services","publisher":{"@id":"https:\/\/www.tcuido.es\/#organization"},"potentialAction":[{"@type":"SearchAction","target":{"@type":"EntryPoint","urlTemplate":"https:\/\/www.tcuido.es\/?s={search_term_string}"},"query-input":{"@type":"PropertyValueSpecification","valueRequired":true,"valueName":"search_term_string"}}],"inLanguage":"en-GB"},{"@type":"Organization","@id":"https:\/\/www.tcuido.es\/#organization","name":"Tcuido Comprehensive Dependency Services","url":"https:\/\/www.tcuido.es\/","logo":{"@type":"ImageObject","inLanguage":"en-GB","@id":"https:\/\/www.tcuido.es\/#\/schema\/logo\/image\/","url":"https:\/\/www.tcuido.es\/wp-content\/uploads\/2024\/03\/TCUIDO-facturas.png","contentUrl":"https:\/\/www.tcuido.es\/wp-content\/uploads\/2024\/03\/TCUIDO-facturas.png","width":1600,"height":361,"caption":"Tcuido Servicios Integrales a la Dependencia"},"image":{"@id":"https:\/\/www.tcuido.es\/#\/schema\/logo\/image\/"}}]}},"_links":{"self":[{"href":"https:\/\/www.tcuido.es\/en\/wp-json\/wp\/v2\/product\/4112","targetHints":{"allow":["GET"]}}],"collection":[{"href":"https:\/\/www.tcuido.es\/en\/wp-json\/wp\/v2\/product"}],"about":[{"href":"https:\/\/www.tcuido.es\/en\/wp-json\/wp\/v2\/types\/product"}],"wp:featuredmedia":[{"embeddable":true,"href":"https:\/\/www.tcuido.es\/en\/wp-json\/wp\/v2\/media\/4114"}],"wp:attachment":[{"href":"https:\/\/www.tcuido.es\/en\/wp-json\/wp\/v2\/media?parent=4112"}],"wp:term":[{"taxonomy":"product_brand","embeddable":true,"href":"https:\/\/www.tcuido.es\/en\/wp-json\/wp\/v2\/product_brand?post=4112"},{"taxonomy":"product_cat","embeddable":true,"href":"https:\/\/www.tcuido.es\/en\/wp-json\/wp\/v2\/product_cat?post=4112"},{"taxonomy":"product_tag","embeddable":true,"href":"https:\/\/www.tcuido.es\/en\/wp-json\/wp\/v2\/product_tag?post=4112"}],"curies":[{"name":"wp","href":"https:\/\/api.w.org\/{rel}","templated":true}]}}