{"id":4124,"date":"2025-06-25T18:10:06","date_gmt":"2025-06-25T18:10:06","guid":{"rendered":"https:\/\/www.tcuido.es\/?post_type=product&#038;p=4124"},"modified":"2025-09-23T17:28:18","modified_gmt":"2025-09-23T17:28:18","slug":"asiento-abatible-de-ducha-con-respaldo-y-reposabrazos","status":"publish","type":"product","link":"https:\/\/www.tcuido.es\/en\/product\/asiento-abatible-de-ducha-con-respaldo-y-reposabrazos\/","title":{"rendered":"Folding shower seat with backrest and armrests"},"content":{"rendered":"<table class=\"table-fixed border-collapse border border-slate-500\" style=\"height: 5px;\" width=\"515\">\n<tbody>\n<tr>\n<th class=\"px-4 py-2 border border-slate-600 uppercase bg-brand-grey text-white text-left text-xs\" style=\"text-align: center;\"><strong><span style=\"color: #97bf0d;\">Model<\/span><\/strong><\/th>\n<th class=\"px-4 py-2 border border-slate-600 uppercase bg-brand-grey text-white text-left text-xs\" style=\"text-align: center;\"><strong><span style=\"color: #97bf0d;\">Wide seat<\/span><\/strong><\/th>\n<th class=\"px-4 py-2 border border-slate-600 uppercase bg-brand-grey text-white text-left text-xs\" style=\"text-align: center;\"><strong><span style=\"color: #97bf0d;\">Seat depth<\/span><\/strong><\/th>\n<th class=\"px-4 py-2 border border-slate-600 uppercase bg-brand-grey text-white text-left text-xs\" style=\"text-align: center;\"><strong><span style=\"color: #97bf0d;\">Seat height<\/span><\/strong><\/th>\n<th class=\"px-4 py-2 border border-slate-600 uppercase bg-brand-grey text-white text-left text-xs\" style=\"text-align: center;\"><strong><span style=\"color: #97bf0d;\">Total width<\/span><\/strong><\/th>\n<th class=\"px-4 py-2 border border-slate-600 uppercase bg-brand-grey text-white text-left text-xs\" style=\"text-align: center;\"><strong><span style=\"color: #97bf0d;\">Backrest height<\/span><\/strong><\/th>\n<\/tr>\n<tr>\n<td class=\"px-4 py-2 border border-slate-600 text-sm\" style=\"text-align: center;\">AD538LUX<\/td>\n<td class=\"px-4 py-2 border border-slate-600 text-sm\" style=\"text-align: center;\">46 cm<\/td>\n<td class=\"px-4 py-2 border border-slate-600 text-sm\" style=\"text-align: center;\">38 cm<\/td>\n<td class=\"px-4 py-2 border border-slate-600 text-sm\" style=\"text-align: center;\">from 45 to 59 cm<\/td>\n<td class=\"px-4 py-2 border border-slate-600 text-sm\" style=\"text-align: center;\">61 cm<\/td>\n<td class=\"px-4 py-2 border border-slate-600 text-sm\" style=\"text-align: center;\">42 cm<\/td>\n<\/tr>\n<\/tbody>\n<\/table>","protected":false},"excerpt":{"rendered":"<p>Fall prevention, independence, and comfort are important in a humid environment like the shower, and shower seats provide greater autonomy and safety by allowing greater freedom of movement for hygiene, especially for the legs and feet. This seat is the best option when you want a seat that&#039;s always available but can be easily folded down, leaving the shower free. The height-adjustable legs allow it to be installed at the ideal height for the user and provide greater safety as they support most of the user&#039;s weight. It includes armrests for greater support when sitting or standing.<\/p>\n<ul>\n<li><strong><span style=\"color: #97bf0d;\">Maximum kg:<\/span><\/strong> 160<\/li>\n<\/ul>","protected":false},"featured_media":4142,"template":"","meta":{"inline_featured_image":false},"product_brand":[45],"product_cat":[31,27],"product_tag":[],"class_list":{"0":"post-4124","1":"product","2":"type-product","3":"status-publish","4":"has-post-thumbnail","6":"product_brand-ayudas-dinamicas","7":"product_cat-asientos-banera","8":"product_cat-bano","10":"first","11":"instock","12":"taxable","13":"shipping-taxable","14":"purchasable","15":"product-type-simple"},"yoast_head":"<!-- This site is optimized with the Yoast SEO Premium plugin v22.6 (Yoast SEO v27.1.1) - https:\/\/yoast.com\/product\/yoast-seo-premium-wordpress\/ -->\n<title>Asiento abatible de ducha con respaldo y reposabrazos - Tcuido<\/title>\n<meta name=\"robots\" content=\"index, follow, max-snippet:-1, max-image-preview:large, max-video-preview:-1\" \/>\n<link rel=\"canonical\" href=\"https:\/\/www.tcuido.es\/en\/product\/asiento-abatible-de-ducha-con-respaldo-y-reposabrazos\/\" \/>\n<meta property=\"og:locale\" content=\"en_GB\" \/>\n<meta property=\"og:type\" content=\"article\" \/>\n<meta property=\"og:title\" content=\"Asiento abatible de ducha con respaldo y reposabrazos\" \/>\n<meta property=\"og:description\" content=\"Prevenci\u00f3n de ca\u00eddas, independencia y confort son importantes en un ambiente h\u00famedo como la ducha, y los asientos proporcionan m\u00e1s autonom\u00eda y seguridad al permitir mayor libertad de movimientos para asearse, en especial las piernas y los pies. Este asiento es la mejor opci\u00f3n cuando se quiere tener un asiento siempre disponible pero que se pueda abatir f\u00e1cilmente dejando la ducha libre. Las patas de altura regulable permiten instalarlo a la altura id\u00f3nea del usuario, y dan mayor seguridad ya que soportan la mayor parte del peso. Incorpora reposabrazos para mayor soporte al sentarse o levantarse.   Kg m\u00e1ximo: 160\" \/>\n<meta property=\"og:url\" content=\"https:\/\/www.tcuido.es\/en\/product\/asiento-abatible-de-ducha-con-respaldo-y-reposabrazos\/\" \/>\n<meta property=\"og:site_name\" content=\"Tcuido\" \/>\n<meta property=\"article:modified_time\" content=\"2025-09-23T17:28:18+00:00\" \/>\n<meta property=\"og:image\" content=\"https:\/\/www.tcuido.es\/wp-content\/uploads\/2025\/06\/M02_C03-01_P04_01.jpg\" \/>\n\t<meta property=\"og:image:width\" content=\"1200\" \/>\n\t<meta property=\"og:image:height\" content=\"1200\" \/>\n\t<meta property=\"og:image:type\" content=\"image\/jpeg\" \/>\n<meta name=\"twitter:card\" content=\"summary_large_image\" \/>\n<meta name=\"twitter:label1\" content=\"Estimated reading time\" \/>\n\t<meta name=\"twitter:data1\" content=\"1 minute\" \/>\n<script type=\"application\/ld+json\" class=\"yoast-schema-graph\">{\"@context\":\"https:\/\/schema.org\",\"@graph\":[{\"@type\":\"WebPage\",\"@id\":\"https:\/\/www.tcuido.es\/producto\/asiento-abatible-de-ducha-con-respaldo-y-reposabrazos\/\",\"url\":\"https:\/\/www.tcuido.es\/producto\/asiento-abatible-de-ducha-con-respaldo-y-reposabrazos\/\",\"name\":\"Asiento abatible de ducha con respaldo y reposabrazos - Tcuido\",\"isPartOf\":{\"@id\":\"https:\/\/www.tcuido.es\/#website\"},\"primaryImageOfPage\":{\"@id\":\"https:\/\/www.tcuido.es\/producto\/asiento-abatible-de-ducha-con-respaldo-y-reposabrazos\/#primaryimage\"},\"image\":{\"@id\":\"https:\/\/www.tcuido.es\/producto\/asiento-abatible-de-ducha-con-respaldo-y-reposabrazos\/#primaryimage\"},\"thumbnailUrl\":\"https:\/\/www.tcuido.es\/wp-content\/uploads\/2025\/06\/M02_C03-01_P04_01.jpg\",\"datePublished\":\"2025-06-25T18:10:06+00:00\",\"dateModified\":\"2025-09-23T17:28:18+00:00\",\"breadcrumb\":{\"@id\":\"https:\/\/www.tcuido.es\/producto\/asiento-abatible-de-ducha-con-respaldo-y-reposabrazos\/#breadcrumb\"},\"inLanguage\":\"en-GB\",\"potentialAction\":[{\"@type\":\"ReadAction\",\"target\":[\"https:\/\/www.tcuido.es\/producto\/asiento-abatible-de-ducha-con-respaldo-y-reposabrazos\/\"]}]},{\"@type\":\"ImageObject\",\"inLanguage\":\"en-GB\",\"@id\":\"https:\/\/www.tcuido.es\/producto\/asiento-abatible-de-ducha-con-respaldo-y-reposabrazos\/#primaryimage\",\"url\":\"https:\/\/www.tcuido.es\/wp-content\/uploads\/2025\/06\/M02_C03-01_P04_01.jpg\",\"contentUrl\":\"https:\/\/www.tcuido.es\/wp-content\/uploads\/2025\/06\/M02_C03-01_P04_01.jpg\",\"width\":1200,\"height\":1200},{\"@type\":\"BreadcrumbList\",\"@id\":\"https:\/\/www.tcuido.es\/producto\/asiento-abatible-de-ducha-con-respaldo-y-reposabrazos\/#breadcrumb\",\"itemListElement\":[{\"@type\":\"ListItem\",\"position\":1,\"name\":\"Inicio\",\"item\":\"https:\/\/www.tcuido.es\/\"},{\"@type\":\"ListItem\",\"position\":2,\"name\":\"Tienda\",\"item\":\"https:\/\/www.tcuido.es\/tienda\/\"},{\"@type\":\"ListItem\",\"position\":3,\"name\":\"Asiento abatible de ducha con respaldo y reposabrazos\"}]},{\"@type\":\"WebSite\",\"@id\":\"https:\/\/www.tcuido.es\/#website\",\"url\":\"https:\/\/www.tcuido.es\/\",\"name\":\"Tcuido\",\"description\":\"Servicios Integrales a la Dependencia\",\"publisher\":{\"@id\":\"https:\/\/www.tcuido.es\/#organization\"},\"potentialAction\":[{\"@type\":\"SearchAction\",\"target\":{\"@type\":\"EntryPoint\",\"urlTemplate\":\"https:\/\/www.tcuido.es\/?s={search_term_string}\"},\"query-input\":{\"@type\":\"PropertyValueSpecification\",\"valueRequired\":true,\"valueName\":\"search_term_string\"}}],\"inLanguage\":\"en-GB\"},{\"@type\":\"Organization\",\"@id\":\"https:\/\/www.tcuido.es\/#organization\",\"name\":\"Tcuido Servicios Integrales a la Dependencia\",\"url\":\"https:\/\/www.tcuido.es\/\",\"logo\":{\"@type\":\"ImageObject\",\"inLanguage\":\"en-GB\",\"@id\":\"https:\/\/www.tcuido.es\/#\/schema\/logo\/image\/\",\"url\":\"https:\/\/www.tcuido.es\/wp-content\/uploads\/2024\/03\/TCUIDO-facturas.png\",\"contentUrl\":\"https:\/\/www.tcuido.es\/wp-content\/uploads\/2024\/03\/TCUIDO-facturas.png\",\"width\":1600,\"height\":361,\"caption\":\"Tcuido Servicios Integrales a la Dependencia\"},\"image\":{\"@id\":\"https:\/\/www.tcuido.es\/#\/schema\/logo\/image\/\"}}]}<\/script>\n<!-- \/ Yoast SEO Premium plugin. -->","yoast_head_json":{"title":"Asiento abatible de ducha con respaldo y reposabrazos - Tcuido","robots":{"index":"index","follow":"follow","max-snippet":"max-snippet:-1","max-image-preview":"max-image-preview:large","max-video-preview":"max-video-preview:-1"},"canonical":"https:\/\/www.tcuido.es\/en\/product\/asiento-abatible-de-ducha-con-respaldo-y-reposabrazos\/","og_locale":"en_GB","og_type":"article","og_title":"Asiento abatible de ducha con respaldo y reposabrazos","og_description":"Prevenci\u00f3n de ca\u00eddas, independencia y confort son importantes en un ambiente h\u00famedo como la ducha, y los asientos proporcionan m\u00e1s autonom\u00eda y seguridad al permitir mayor libertad de movimientos para asearse, en especial las piernas y los pies. Este asiento es la mejor opci\u00f3n cuando se quiere tener un asiento siempre disponible pero que se pueda abatir f\u00e1cilmente dejando la ducha libre. Las patas de altura regulable permiten instalarlo a la altura id\u00f3nea del usuario, y dan mayor seguridad ya que soportan la mayor parte del peso. Incorpora reposabrazos para mayor soporte al sentarse o levantarse.   Kg m\u00e1ximo: 160","og_url":"https:\/\/www.tcuido.es\/en\/product\/asiento-abatible-de-ducha-con-respaldo-y-reposabrazos\/","og_site_name":"Tcuido","article_modified_time":"2025-09-23T17:28:18+00:00","og_image":[{"width":1200,"height":1200,"url":"https:\/\/www.tcuido.es\/wp-content\/uploads\/2025\/06\/M02_C03-01_P04_01.jpg","type":"image\/jpeg"}],"twitter_card":"summary_large_image","twitter_misc":{"Estimated reading time":"1 minute"},"schema":{"@context":"https:\/\/schema.org","@graph":[{"@type":"WebPage","@id":"https:\/\/www.tcuido.es\/producto\/asiento-abatible-de-ducha-con-respaldo-y-reposabrazos\/","url":"https:\/\/www.tcuido.es\/producto\/asiento-abatible-de-ducha-con-respaldo-y-reposabrazos\/","name":"Asiento abatible de ducha con respaldo y reposabrazos - Tcuido","isPartOf":{"@id":"https:\/\/www.tcuido.es\/#website"},"primaryImageOfPage":{"@id":"https:\/\/www.tcuido.es\/producto\/asiento-abatible-de-ducha-con-respaldo-y-reposabrazos\/#primaryimage"},"image":{"@id":"https:\/\/www.tcuido.es\/producto\/asiento-abatible-de-ducha-con-respaldo-y-reposabrazos\/#primaryimage"},"thumbnailUrl":"https:\/\/www.tcuido.es\/wp-content\/uploads\/2025\/06\/M02_C03-01_P04_01.jpg","datePublished":"2025-06-25T18:10:06+00:00","dateModified":"2025-09-23T17:28:18+00:00","breadcrumb":{"@id":"https:\/\/www.tcuido.es\/producto\/asiento-abatible-de-ducha-con-respaldo-y-reposabrazos\/#breadcrumb"},"inLanguage":"en-GB","potentialAction":[{"@type":"ReadAction","target":["https:\/\/www.tcuido.es\/producto\/asiento-abatible-de-ducha-con-respaldo-y-reposabrazos\/"]}]},{"@type":"ImageObject","inLanguage":"en-GB","@id":"https:\/\/www.tcuido.es\/producto\/asiento-abatible-de-ducha-con-respaldo-y-reposabrazos\/#primaryimage","url":"https:\/\/www.tcuido.es\/wp-content\/uploads\/2025\/06\/M02_C03-01_P04_01.jpg","contentUrl":"https:\/\/www.tcuido.es\/wp-content\/uploads\/2025\/06\/M02_C03-01_P04_01.jpg","width":1200,"height":1200},{"@type":"BreadcrumbList","@id":"https:\/\/www.tcuido.es\/producto\/asiento-abatible-de-ducha-con-respaldo-y-reposabrazos\/#breadcrumb","itemListElement":[{"@type":"ListItem","position":1,"name":"Inicio","item":"https:\/\/www.tcuido.es\/"},{"@type":"ListItem","position":2,"name":"Tienda","item":"https:\/\/www.tcuido.es\/tienda\/"},{"@type":"ListItem","position":3,"name":"Asiento abatible de ducha con respaldo y reposabrazos"}]},{"@type":"WebSite","@id":"https:\/\/www.tcuido.es\/#website","url":"https:\/\/www.tcuido.es\/","name":"I take care","description":"Comprehensive Dependency Services","publisher":{"@id":"https:\/\/www.tcuido.es\/#organization"},"potentialAction":[{"@type":"SearchAction","target":{"@type":"EntryPoint","urlTemplate":"https:\/\/www.tcuido.es\/?s={search_term_string}"},"query-input":{"@type":"PropertyValueSpecification","valueRequired":true,"valueName":"search_term_string"}}],"inLanguage":"en-GB"},{"@type":"Organization","@id":"https:\/\/www.tcuido.es\/#organization","name":"Tcuido Comprehensive Dependency Services","url":"https:\/\/www.tcuido.es\/","logo":{"@type":"ImageObject","inLanguage":"en-GB","@id":"https:\/\/www.tcuido.es\/#\/schema\/logo\/image\/","url":"https:\/\/www.tcuido.es\/wp-content\/uploads\/2024\/03\/TCUIDO-facturas.png","contentUrl":"https:\/\/www.tcuido.es\/wp-content\/uploads\/2024\/03\/TCUIDO-facturas.png","width":1600,"height":361,"caption":"Tcuido Servicios Integrales a la Dependencia"},"image":{"@id":"https:\/\/www.tcuido.es\/#\/schema\/logo\/image\/"}}]}},"_links":{"self":[{"href":"https:\/\/www.tcuido.es\/en\/wp-json\/wp\/v2\/product\/4124","targetHints":{"allow":["GET"]}}],"collection":[{"href":"https:\/\/www.tcuido.es\/en\/wp-json\/wp\/v2\/product"}],"about":[{"href":"https:\/\/www.tcuido.es\/en\/wp-json\/wp\/v2\/types\/product"}],"wp:featuredmedia":[{"embeddable":true,"href":"https:\/\/www.tcuido.es\/en\/wp-json\/wp\/v2\/media\/4142"}],"wp:attachment":[{"href":"https:\/\/www.tcuido.es\/en\/wp-json\/wp\/v2\/media?parent=4124"}],"wp:term":[{"taxonomy":"product_brand","embeddable":true,"href":"https:\/\/www.tcuido.es\/en\/wp-json\/wp\/v2\/product_brand?post=4124"},{"taxonomy":"product_cat","embeddable":true,"href":"https:\/\/www.tcuido.es\/en\/wp-json\/wp\/v2\/product_cat?post=4124"},{"taxonomy":"product_tag","embeddable":true,"href":"https:\/\/www.tcuido.es\/en\/wp-json\/wp\/v2\/product_tag?post=4124"}],"curies":[{"name":"wp","href":"https:\/\/api.w.org\/{rel}","templated":true}]}}