{"id":4128,"date":"2025-06-25T18:10:22","date_gmt":"2025-06-25T18:10:22","guid":{"rendered":"https:\/\/www.tcuido.es\/?post_type=product&#038;p=4128"},"modified":"2025-09-23T17:28:18","modified_gmt":"2025-09-23T17:28:18","slug":"asientos-abatibles-compactos-y-acolchados","status":"publish","type":"product","link":"https:\/\/www.tcuido.es\/en\/product\/asientos-abatibles-compactos-y-acolchados\/","title":{"rendered":"Compact and padded MAXI folding seats"},"content":{"rendered":"<table class=\"table-fixed border-collapse border border-slate-500\">\n<tbody>\n<tr>\n<th class=\"px-4 py-2 border border-slate-600 uppercase bg-brand-grey text-white text-left text-xs\" style=\"text-align: center;\"><strong><span style=\"color: #97bf0d;\">Model<\/span><\/strong><\/th>\n<th class=\"px-4 py-2 border border-slate-600 uppercase bg-brand-grey text-white text-left text-xs\" style=\"text-align: center;\"><strong><span style=\"color: #97bf0d;\">Broad<\/span><\/strong><\/th>\n<th class=\"px-4 py-2 border border-slate-600 uppercase bg-brand-grey text-white text-left text-xs\" style=\"text-align: center;\"><strong><span style=\"color: #97bf0d;\">Adjustable height<\/span><\/strong><\/th>\n<th class=\"px-4 py-2 border border-slate-600 uppercase bg-brand-grey text-white text-left text-xs\" style=\"text-align: center;\"><strong><span style=\"color: #97bf0d;\">Background<\/span><\/strong><\/th>\n<th class=\"px-4 py-2 border border-slate-600 uppercase bg-brand-grey text-white text-left text-xs\" style=\"text-align: center;\"><strong><span style=\"color: #97bf0d;\">Total fund<\/span><\/strong><\/th>\n<th class=\"px-4 py-2 border border-slate-600 uppercase bg-brand-grey text-white text-left text-xs\" style=\"text-align: center;\"><strong><span style=\"color: #97bf0d;\">Folding<\/span><\/strong><\/th>\n<\/tr>\n<tr>\n<td class=\"px-4 py-2 border border-slate-600 text-sm\" style=\"text-align: center;\">AD528MAXI<\/td>\n<td class=\"px-4 py-2 border border-slate-600 text-sm\" style=\"text-align: center;\">41 cm<\/td>\n<td class=\"px-4 py-2 border border-slate-600 text-sm\" style=\"text-align: center;\">48 \u2013 61 cm<\/td>\n<td class=\"px-4 py-2 border border-slate-600 text-sm\" style=\"text-align: center;\">32 cm<\/td>\n<td class=\"px-4 py-2 border border-slate-600 text-sm\" style=\"text-align: center;\">42 cm<\/td>\n<td class=\"px-4 py-2 border border-slate-600 text-sm\" style=\"text-align: center;\">15 cm<\/td>\n<\/tr>\n<\/tbody>\n<\/table>","protected":false},"excerpt":{"rendered":"<p>They offer an economical, compact, and comfortable solution for users in small showers. Made of polypropylene plastic and aluminum. The soft-touch, padded seat is removable for easy cleaning. Precision adjustment on one leg compensates for any unevenness in the shower surface (+\/- 13 mm). Available in two sizes.<\/p>\n<ul>\n<li><strong><span style=\"color: #97bf0d;\">Maximum kg:<\/span> <\/strong>150<\/li>\n<li><span style=\"color: #97bf0d;\"><strong>Aluminum<\/strong><\/span><\/li>\n<li><span style=\"color: #97bf0d;\"><strong>Stainless steel product<\/strong><\/span><\/li>\n<\/ul>","protected":false},"featured_media":4141,"template":"","meta":{"inline_featured_image":false},"product_brand":[45],"product_cat":[31,27],"product_tag":[],"class_list":{"0":"post-4128","1":"product","2":"type-product","3":"status-publish","4":"has-post-thumbnail","6":"product_brand-ayudas-dinamicas","7":"product_cat-asientos-banera","8":"product_cat-bano","10":"first","11":"instock","12":"taxable","13":"shipping-taxable","14":"purchasable","15":"product-type-simple"},"yoast_head":"<!-- This site is optimized with the Yoast SEO Premium plugin v22.6 (Yoast SEO v27.1.1) - https:\/\/yoast.com\/product\/yoast-seo-premium-wordpress\/ -->\n<title>Asientos abatibles compactos y acolchados MAXI - Tcuido<\/title>\n<meta name=\"robots\" content=\"index, follow, max-snippet:-1, max-image-preview:large, max-video-preview:-1\" \/>\n<link rel=\"canonical\" href=\"https:\/\/www.tcuido.es\/en\/product\/asientos-abatibles-compactos-y-acolchados\/\" \/>\n<meta property=\"og:locale\" content=\"en_GB\" \/>\n<meta property=\"og:type\" content=\"article\" \/>\n<meta property=\"og:title\" content=\"Asientos abatibles compactos y acolchados MAXI\" \/>\n<meta property=\"og:description\" content=\"Ofrecen una soluci\u00f3n econ\u00f3mica, compacta y confortable para el usuario en duchas de dimensiones reducidas. Fabricado en pl\u00e1stico de polipropileno y aluminio. Asiento acolchado de tacto suave que se puede desmontar para facilitar su limpieza. Ajuste de precisi\u00f3n en una pata para compensar cualquier irregularidad en la superficie de la ducha (+\/- 13 mm). Disponibles en dos medidas.   Kg m\u00e1ximo: 150  Aluminio  Producto inoxidable\" \/>\n<meta property=\"og:url\" content=\"https:\/\/www.tcuido.es\/en\/product\/asientos-abatibles-compactos-y-acolchados\/\" \/>\n<meta property=\"og:site_name\" content=\"Tcuido\" \/>\n<meta property=\"article:modified_time\" content=\"2025-09-23T17:28:18+00:00\" \/>\n<meta property=\"og:image\" content=\"https:\/\/www.tcuido.es\/wp-content\/uploads\/2025\/06\/M02_C03-01_P03_01.jpg\" \/>\n\t<meta property=\"og:image:width\" content=\"1200\" \/>\n\t<meta property=\"og:image:height\" content=\"1200\" \/>\n\t<meta property=\"og:image:type\" content=\"image\/jpeg\" \/>\n<meta name=\"twitter:card\" content=\"summary_large_image\" \/>\n<meta name=\"twitter:label1\" content=\"Estimated reading time\" \/>\n\t<meta name=\"twitter:data1\" content=\"1 minute\" \/>\n<script type=\"application\/ld+json\" class=\"yoast-schema-graph\">{\"@context\":\"https:\/\/schema.org\",\"@graph\":[{\"@type\":\"WebPage\",\"@id\":\"https:\/\/www.tcuido.es\/producto\/asientos-abatibles-compactos-y-acolchados\/\",\"url\":\"https:\/\/www.tcuido.es\/producto\/asientos-abatibles-compactos-y-acolchados\/\",\"name\":\"Asientos abatibles compactos y acolchados MAXI - Tcuido\",\"isPartOf\":{\"@id\":\"https:\/\/www.tcuido.es\/#website\"},\"primaryImageOfPage\":{\"@id\":\"https:\/\/www.tcuido.es\/producto\/asientos-abatibles-compactos-y-acolchados\/#primaryimage\"},\"image\":{\"@id\":\"https:\/\/www.tcuido.es\/producto\/asientos-abatibles-compactos-y-acolchados\/#primaryimage\"},\"thumbnailUrl\":\"https:\/\/www.tcuido.es\/wp-content\/uploads\/2025\/06\/M02_C03-01_P03_01.jpg\",\"datePublished\":\"2025-06-25T18:10:22+00:00\",\"dateModified\":\"2025-09-23T17:28:18+00:00\",\"breadcrumb\":{\"@id\":\"https:\/\/www.tcuido.es\/producto\/asientos-abatibles-compactos-y-acolchados\/#breadcrumb\"},\"inLanguage\":\"en-GB\",\"potentialAction\":[{\"@type\":\"ReadAction\",\"target\":[\"https:\/\/www.tcuido.es\/producto\/asientos-abatibles-compactos-y-acolchados\/\"]}]},{\"@type\":\"ImageObject\",\"inLanguage\":\"en-GB\",\"@id\":\"https:\/\/www.tcuido.es\/producto\/asientos-abatibles-compactos-y-acolchados\/#primaryimage\",\"url\":\"https:\/\/www.tcuido.es\/wp-content\/uploads\/2025\/06\/M02_C03-01_P03_01.jpg\",\"contentUrl\":\"https:\/\/www.tcuido.es\/wp-content\/uploads\/2025\/06\/M02_C03-01_P03_01.jpg\",\"width\":1200,\"height\":1200},{\"@type\":\"BreadcrumbList\",\"@id\":\"https:\/\/www.tcuido.es\/producto\/asientos-abatibles-compactos-y-acolchados\/#breadcrumb\",\"itemListElement\":[{\"@type\":\"ListItem\",\"position\":1,\"name\":\"Inicio\",\"item\":\"https:\/\/www.tcuido.es\/\"},{\"@type\":\"ListItem\",\"position\":2,\"name\":\"Tienda\",\"item\":\"https:\/\/www.tcuido.es\/tienda\/\"},{\"@type\":\"ListItem\",\"position\":3,\"name\":\"Asientos abatibles compactos y acolchados MAXI\"}]},{\"@type\":\"WebSite\",\"@id\":\"https:\/\/www.tcuido.es\/#website\",\"url\":\"https:\/\/www.tcuido.es\/\",\"name\":\"Tcuido\",\"description\":\"Servicios Integrales a la Dependencia\",\"publisher\":{\"@id\":\"https:\/\/www.tcuido.es\/#organization\"},\"potentialAction\":[{\"@type\":\"SearchAction\",\"target\":{\"@type\":\"EntryPoint\",\"urlTemplate\":\"https:\/\/www.tcuido.es\/?s={search_term_string}\"},\"query-input\":{\"@type\":\"PropertyValueSpecification\",\"valueRequired\":true,\"valueName\":\"search_term_string\"}}],\"inLanguage\":\"en-GB\"},{\"@type\":\"Organization\",\"@id\":\"https:\/\/www.tcuido.es\/#organization\",\"name\":\"Tcuido Servicios Integrales a la Dependencia\",\"url\":\"https:\/\/www.tcuido.es\/\",\"logo\":{\"@type\":\"ImageObject\",\"inLanguage\":\"en-GB\",\"@id\":\"https:\/\/www.tcuido.es\/#\/schema\/logo\/image\/\",\"url\":\"https:\/\/www.tcuido.es\/wp-content\/uploads\/2024\/03\/TCUIDO-facturas.png\",\"contentUrl\":\"https:\/\/www.tcuido.es\/wp-content\/uploads\/2024\/03\/TCUIDO-facturas.png\",\"width\":1600,\"height\":361,\"caption\":\"Tcuido Servicios Integrales a la Dependencia\"},\"image\":{\"@id\":\"https:\/\/www.tcuido.es\/#\/schema\/logo\/image\/\"}}]}<\/script>\n<!-- \/ Yoast SEO Premium plugin. -->","yoast_head_json":{"title":"Asientos abatibles compactos y acolchados MAXI - Tcuido","robots":{"index":"index","follow":"follow","max-snippet":"max-snippet:-1","max-image-preview":"max-image-preview:large","max-video-preview":"max-video-preview:-1"},"canonical":"https:\/\/www.tcuido.es\/en\/product\/asientos-abatibles-compactos-y-acolchados\/","og_locale":"en_GB","og_type":"article","og_title":"Asientos abatibles compactos y acolchados MAXI","og_description":"Ofrecen una soluci\u00f3n econ\u00f3mica, compacta y confortable para el usuario en duchas de dimensiones reducidas. Fabricado en pl\u00e1stico de polipropileno y aluminio. Asiento acolchado de tacto suave que se puede desmontar para facilitar su limpieza. Ajuste de precisi\u00f3n en una pata para compensar cualquier irregularidad en la superficie de la ducha (+\/- 13 mm). Disponibles en dos medidas.   Kg m\u00e1ximo: 150  Aluminio  Producto inoxidable","og_url":"https:\/\/www.tcuido.es\/en\/product\/asientos-abatibles-compactos-y-acolchados\/","og_site_name":"Tcuido","article_modified_time":"2025-09-23T17:28:18+00:00","og_image":[{"width":1200,"height":1200,"url":"https:\/\/www.tcuido.es\/wp-content\/uploads\/2025\/06\/M02_C03-01_P03_01.jpg","type":"image\/jpeg"}],"twitter_card":"summary_large_image","twitter_misc":{"Estimated reading time":"1 minute"},"schema":{"@context":"https:\/\/schema.org","@graph":[{"@type":"WebPage","@id":"https:\/\/www.tcuido.es\/producto\/asientos-abatibles-compactos-y-acolchados\/","url":"https:\/\/www.tcuido.es\/producto\/asientos-abatibles-compactos-y-acolchados\/","name":"Asientos abatibles compactos y acolchados MAXI - Tcuido","isPartOf":{"@id":"https:\/\/www.tcuido.es\/#website"},"primaryImageOfPage":{"@id":"https:\/\/www.tcuido.es\/producto\/asientos-abatibles-compactos-y-acolchados\/#primaryimage"},"image":{"@id":"https:\/\/www.tcuido.es\/producto\/asientos-abatibles-compactos-y-acolchados\/#primaryimage"},"thumbnailUrl":"https:\/\/www.tcuido.es\/wp-content\/uploads\/2025\/06\/M02_C03-01_P03_01.jpg","datePublished":"2025-06-25T18:10:22+00:00","dateModified":"2025-09-23T17:28:18+00:00","breadcrumb":{"@id":"https:\/\/www.tcuido.es\/producto\/asientos-abatibles-compactos-y-acolchados\/#breadcrumb"},"inLanguage":"en-GB","potentialAction":[{"@type":"ReadAction","target":["https:\/\/www.tcuido.es\/producto\/asientos-abatibles-compactos-y-acolchados\/"]}]},{"@type":"ImageObject","inLanguage":"en-GB","@id":"https:\/\/www.tcuido.es\/producto\/asientos-abatibles-compactos-y-acolchados\/#primaryimage","url":"https:\/\/www.tcuido.es\/wp-content\/uploads\/2025\/06\/M02_C03-01_P03_01.jpg","contentUrl":"https:\/\/www.tcuido.es\/wp-content\/uploads\/2025\/06\/M02_C03-01_P03_01.jpg","width":1200,"height":1200},{"@type":"BreadcrumbList","@id":"https:\/\/www.tcuido.es\/producto\/asientos-abatibles-compactos-y-acolchados\/#breadcrumb","itemListElement":[{"@type":"ListItem","position":1,"name":"Inicio","item":"https:\/\/www.tcuido.es\/"},{"@type":"ListItem","position":2,"name":"Tienda","item":"https:\/\/www.tcuido.es\/tienda\/"},{"@type":"ListItem","position":3,"name":"Asientos abatibles compactos y acolchados MAXI"}]},{"@type":"WebSite","@id":"https:\/\/www.tcuido.es\/#website","url":"https:\/\/www.tcuido.es\/","name":"I take care","description":"Comprehensive Dependency Services","publisher":{"@id":"https:\/\/www.tcuido.es\/#organization"},"potentialAction":[{"@type":"SearchAction","target":{"@type":"EntryPoint","urlTemplate":"https:\/\/www.tcuido.es\/?s={search_term_string}"},"query-input":{"@type":"PropertyValueSpecification","valueRequired":true,"valueName":"search_term_string"}}],"inLanguage":"en-GB"},{"@type":"Organization","@id":"https:\/\/www.tcuido.es\/#organization","name":"Tcuido Comprehensive Dependency Services","url":"https:\/\/www.tcuido.es\/","logo":{"@type":"ImageObject","inLanguage":"en-GB","@id":"https:\/\/www.tcuido.es\/#\/schema\/logo\/image\/","url":"https:\/\/www.tcuido.es\/wp-content\/uploads\/2024\/03\/TCUIDO-facturas.png","contentUrl":"https:\/\/www.tcuido.es\/wp-content\/uploads\/2024\/03\/TCUIDO-facturas.png","width":1600,"height":361,"caption":"Tcuido Servicios Integrales a la Dependencia"},"image":{"@id":"https:\/\/www.tcuido.es\/#\/schema\/logo\/image\/"}}]}},"_links":{"self":[{"href":"https:\/\/www.tcuido.es\/en\/wp-json\/wp\/v2\/product\/4128","targetHints":{"allow":["GET"]}}],"collection":[{"href":"https:\/\/www.tcuido.es\/en\/wp-json\/wp\/v2\/product"}],"about":[{"href":"https:\/\/www.tcuido.es\/en\/wp-json\/wp\/v2\/types\/product"}],"wp:featuredmedia":[{"embeddable":true,"href":"https:\/\/www.tcuido.es\/en\/wp-json\/wp\/v2\/media\/4141"}],"wp:attachment":[{"href":"https:\/\/www.tcuido.es\/en\/wp-json\/wp\/v2\/media?parent=4128"}],"wp:term":[{"taxonomy":"product_brand","embeddable":true,"href":"https:\/\/www.tcuido.es\/en\/wp-json\/wp\/v2\/product_brand?post=4128"},{"taxonomy":"product_cat","embeddable":true,"href":"https:\/\/www.tcuido.es\/en\/wp-json\/wp\/v2\/product_cat?post=4128"},{"taxonomy":"product_tag","embeddable":true,"href":"https:\/\/www.tcuido.es\/en\/wp-json\/wp\/v2\/product_tag?post=4128"}],"curies":[{"name":"wp","href":"https:\/\/api.w.org\/{rel}","templated":true}]}}